{"id":2498,"date":"2015-05-21T09:42:35","date_gmt":"2015-05-21T08:42:35","guid":{"rendered":"http:\/\/www.ntf.uni-lj.si\/ntf\/?page_id=2498"},"modified":"2025-10-27T08:07:02","modified_gmt":"2025-10-27T07:07:02","slug":"zaloznistvo-otgo","status":"publish","type":"page","link":"https:\/\/www.ntf.uni-lj.si\/ntf\/zaloznistvo\/zaloznistvo-otgo\/","title":{"rendered":"Podro\u010dje tekstilstva, grafike in oblikovanja"},"content":{"rendered":"<p>Oddelek za tekstilstvo, grafiko in oblikovanje ima od leta 1991 organizirano tudi zalo\u017eni\u0161ko dejavnost. Do sedaj je bilo v tiskani ali digitalni obliki izdanih preko 100 del s podro\u010dja tekstilstva, grafike in tekstilnega oblikovanja. Zalo\u017eni\u0161ka dejavnost Oddelka za tekstilstvo, grafiko in oblikovanje je namenjena izdaji monografij, u\u010dbenikov in drugega u\u010dnega gradiva, zbornikov prispevkov z znanstvenih in strokovnih simpozijev ter \u0161tudijskega gradiva, pripravljenega v okviru seminarjev.<\/p>\n<h3>Naro\u010danje<\/h3>\n<p>Omenjeno literaturo je mogo\u010de kupiti v knji\u017enici\u00a0(Sne\u017eni\u0161ka 5, 2. nadstropje).\u00a0U\u010dna gradiva lahko naro\u010dite tudi z naro\u010dilnico, ki jo po\u0161ljete na kontaktni elektronski naslov\u00a0<a href=\"mailto:library@ntf.uni-lj.si\" target=\"_blank\" rel=\"noopener noreferrer\">library@ntf.uni-lj.si<\/a>. Naro\u010dilnica je na voljo za prenos na dnu strani.<\/p>\n<h3>Revije<\/h3>\n","protected":false},"excerpt":{"rendered":"Oddelek za tekstilstvo, grafiko in oblikovanje ima od leta 1991 organizirano tudi zalo\u017eni\u0161ko dejavnost. Do sedaj je bilo v tiskani ali digitalni obliki izdanih preko 100 del s podro\u010dja tekstilstva, grafike in tekstilnega oblikovanja. Zalo\u017eni\u0161ka dejavnost Oddelka za tekstilstvo, grafiko in oblikovanje je namenjena izdaji monografij, u\u010dbenikov in drugega u\u010dnega gradiva, zbornikov prispevkov z znanstvenih &#8230; <a class=\"view-article\" href=\"https:\/\/www.ntf.uni-lj.si\/ntf\/zaloznistvo\/zaloznistvo-otgo\/\">Read more<\/a>","protected":false},"author":15,"featured_media":0,"parent":2486,"menu_order":469,"comment_status":"closed","ping_status":"closed","template":"","meta":[],"acf":[],"yoast_head":"<!-- This site is optimized with the Yoast SEO plugin v17.0 - https:\/\/yoast.com\/wordpress\/plugins\/seo\/ -->\n<meta name=\"robots\" content=\"index, follow, max-snippet:-1, max-image-preview:large, max-video-preview:-1\" \/>\n<link rel=\"canonical\" href=\"https:\/\/www.ntf.uni-lj.si\/ntf\/zaloznistvo\/zaloznistvo-otgo\/\" \/>\n<meta property=\"og:locale\" content=\"en_US\" \/>\n<meta property=\"og:type\" content=\"article\" \/>\n<meta property=\"og:title\" content=\"Podro\u010dje tekstilstva, grafike in oblikovanja - NTF\" \/>\n<meta property=\"og:description\" content=\"Oddelek za tekstilstvo, grafiko in oblikovanje ima od leta 1991 organizirano tudi zalo\u017eni\u0161ko dejavnost. Do sedaj je bilo v tiskani ali digitalni obliki izdanih preko 100 del s podro\u010dja tekstilstva, grafike in tekstilnega oblikovanja. Zalo\u017eni\u0161ka dejavnost Oddelka za tekstilstvo, grafiko in oblikovanje je namenjena izdaji monografij, u\u010dbenikov in drugega u\u010dnega gradiva, zbornikov prispevkov z znanstvenih ... Read more\" \/>\n<meta property=\"og:url\" content=\"https:\/\/www.ntf.uni-lj.si\/ntf\/zaloznistvo\/zaloznistvo-otgo\/\" \/>\n<meta property=\"og:site_name\" content=\"NTF\" \/>\n<meta property=\"article:modified_time\" content=\"2025-10-27T07:07:02+00:00\" \/>\n<meta property=\"og:image\" content=\"https:\/\/www.ntf.uni-lj.si\/ntf\/wp-content\/uploads\/sites\/2\/2025\/10\/Naslovnica-priroc\u030cnik-298x300.png\" \/>\n<meta name=\"twitter:label1\" content=\"Est. reading time\" \/>\n\t<meta name=\"twitter:data1\" content=\"1 minute\" \/>\n<script type=\"application\/ld+json\" class=\"yoast-schema-graph\">{\"@context\":\"https:\/\/schema.org\",\"@graph\":[{\"@type\":\"WebSite\",\"@id\":\"https:\/\/www.ntf.uni-lj.si\/ntf\/#website\",\"url\":\"https:\/\/www.ntf.uni-lj.si\/ntf\/\",\"name\":\"NTF\",\"description\":\"Naravoslovnotehni\\u0161ka fakulteta\",\"potentialAction\":[{\"@type\":\"SearchAction\",\"target\":{\"@type\":\"EntryPoint\",\"urlTemplate\":\"https:\/\/www.ntf.uni-lj.si\/ntf\/?s={search_term_string}\"},\"query-input\":\"required name=search_term_string\"}],\"inLanguage\":\"en-US\"},{\"@type\":\"WebPage\",\"@id\":\"https:\/\/www.ntf.uni-lj.si\/ntf\/zaloznistvo\/zaloznistvo-otgo\/#webpage\",\"url\":\"https:\/\/www.ntf.uni-lj.si\/ntf\/zaloznistvo\/zaloznistvo-otgo\/\",\"name\":\"Podro\\u010dje tekstilstva, grafike in oblikovanja - NTF\",\"isPartOf\":{\"@id\":\"https:\/\/www.ntf.uni-lj.si\/ntf\/#website\"},\"datePublished\":\"2015-05-21T08:42:35+00:00\",\"dateModified\":\"2025-10-27T07:07:02+00:00\",\"breadcrumb\":{\"@id\":\"https:\/\/www.ntf.uni-lj.si\/ntf\/zaloznistvo\/zaloznistvo-otgo\/#breadcrumb\"},\"inLanguage\":\"en-US\",\"potentialAction\":[{\"@type\":\"ReadAction\",\"target\":[\"https:\/\/www.ntf.uni-lj.si\/ntf\/zaloznistvo\/zaloznistvo-otgo\/\"]}]},{\"@type\":\"BreadcrumbList\",\"@id\":\"https:\/\/www.ntf.uni-lj.si\/ntf\/zaloznistvo\/zaloznistvo-otgo\/#breadcrumb\",\"itemListElement\":[{\"@type\":\"ListItem\",\"position\":1,\"name\":\"Domov\",\"item\":\"https:\/\/www.ntf.uni-lj.si\/ntf\/\"},{\"@type\":\"ListItem\",\"position\":2,\"name\":\"Zalo\\u017eni\\u0161tvo\",\"item\":\"https:\/\/www.ntf.uni-lj.si\/ntf\/zaloznistvo\/\"},{\"@type\":\"ListItem\",\"position\":3,\"name\":\"Podro\\u010dje tekstilstva, grafike in oblikovanja\"}]}]}<\/script>\n<!-- \/ Yoast SEO plugin. -->","yoast_head_json":{"robots":{"index":"index","follow":"follow","max-snippet":"max-snippet:-1","max-image-preview":"max-image-preview:large","max-video-preview":"max-video-preview:-1"},"canonical":"https:\/\/www.ntf.uni-lj.si\/ntf\/zaloznistvo\/zaloznistvo-otgo\/","og_locale":"en_US","og_type":"article","og_title":"Podro\u010dje tekstilstva, grafike in oblikovanja - NTF","og_description":"Oddelek za tekstilstvo, grafiko in oblikovanje ima od leta 1991 organizirano tudi zalo\u017eni\u0161ko dejavnost. Do sedaj je bilo v tiskani ali digitalni obliki izdanih preko 100 del s podro\u010dja tekstilstva, grafike in tekstilnega oblikovanja. Zalo\u017eni\u0161ka dejavnost Oddelka za tekstilstvo, grafiko in oblikovanje je namenjena izdaji monografij, u\u010dbenikov in drugega u\u010dnega gradiva, zbornikov prispevkov z znanstvenih ... Read more","og_url":"https:\/\/www.ntf.uni-lj.si\/ntf\/zaloznistvo\/zaloznistvo-otgo\/","og_site_name":"NTF","article_modified_time":"2025-10-27T07:07:02+00:00","og_image":[{"url":"https:\/\/www.ntf.uni-lj.si\/ntf\/wp-content\/uploads\/sites\/2\/2025\/10\/Naslovnica-priroc\u030cnik-298x300.png"}],"twitter_misc":{"Est. reading time":"1 minute"},"schema":{"@context":"https:\/\/schema.org","@graph":[{"@type":"WebSite","@id":"https:\/\/www.ntf.uni-lj.si\/ntf\/#website","url":"https:\/\/www.ntf.uni-lj.si\/ntf\/","name":"NTF","description":"Naravoslovnotehni\u0161ka fakulteta","potentialAction":[{"@type":"SearchAction","target":{"@type":"EntryPoint","urlTemplate":"https:\/\/www.ntf.uni-lj.si\/ntf\/?s={search_term_string}"},"query-input":"required name=search_term_string"}],"inLanguage":"en-US"},{"@type":"WebPage","@id":"https:\/\/www.ntf.uni-lj.si\/ntf\/zaloznistvo\/zaloznistvo-otgo\/#webpage","url":"https:\/\/www.ntf.uni-lj.si\/ntf\/zaloznistvo\/zaloznistvo-otgo\/","name":"Podro\u010dje tekstilstva, grafike in oblikovanja - NTF","isPartOf":{"@id":"https:\/\/www.ntf.uni-lj.si\/ntf\/#website"},"datePublished":"2015-05-21T08:42:35+00:00","dateModified":"2025-10-27T07:07:02+00:00","breadcrumb":{"@id":"https:\/\/www.ntf.uni-lj.si\/ntf\/zaloznistvo\/zaloznistvo-otgo\/#breadcrumb"},"inLanguage":"en-US","potentialAction":[{"@type":"ReadAction","target":["https:\/\/www.ntf.uni-lj.si\/ntf\/zaloznistvo\/zaloznistvo-otgo\/"]}]},{"@type":"BreadcrumbList","@id":"https:\/\/www.ntf.uni-lj.si\/ntf\/zaloznistvo\/zaloznistvo-otgo\/#breadcrumb","itemListElement":[{"@type":"ListItem","position":1,"name":"Domov","item":"https:\/\/www.ntf.uni-lj.si\/ntf\/"},{"@type":"ListItem","position":2,"name":"Zalo\u017eni\u0161tvo","item":"https:\/\/www.ntf.uni-lj.si\/ntf\/zaloznistvo\/"},{"@type":"ListItem","position":3,"name":"Podro\u010dje tekstilstva, grafike in oblikovanja"}]}]}},"_links":{"self":[{"href":"https:\/\/www.ntf.uni-lj.si\/ntf\/wp-json\/wp\/v2\/pages\/2498"}],"collection":[{"href":"https:\/\/www.ntf.uni-lj.si\/ntf\/wp-json\/wp\/v2\/pages"}],"about":[{"href":"https:\/\/www.ntf.uni-lj.si\/ntf\/wp-json\/wp\/v2\/types\/page"}],"author":[{"embeddable":true,"href":"https:\/\/www.ntf.uni-lj.si\/ntf\/wp-json\/wp\/v2\/users\/15"}],"replies":[{"embeddable":true,"href":"https:\/\/www.ntf.uni-lj.si\/ntf\/wp-json\/wp\/v2\/comments?post=2498"}],"version-history":[{"count":91,"href":"https:\/\/www.ntf.uni-lj.si\/ntf\/wp-json\/wp\/v2\/pages\/2498\/revisions"}],"predecessor-version":[{"id":31507,"href":"https:\/\/www.ntf.uni-lj.si\/ntf\/wp-json\/wp\/v2\/pages\/2498\/revisions\/31507"}],"up":[{"embeddable":true,"href":"https:\/\/www.ntf.uni-lj.si\/ntf\/wp-json\/wp\/v2\/pages\/2486"}],"wp:attachment":[{"href":"https:\/\/www.ntf.uni-lj.si\/ntf\/wp-json\/wp\/v2\/media?parent=2498"}],"curies":[{"name":"wp","href":"https:\/\/api.w.org\/{rel}","templated":true}]}}