{"id":27535,"date":"2024-07-10T14:28:10","date_gmt":"2024-07-10T12:28:10","guid":{"rendered":"https:\/\/www.ntf.uni-lj.si\/ntf\/?page_id=27535"},"modified":"2024-07-11T10:29:37","modified_gmt":"2024-07-11T08:29:37","slug":"promocijski-izdelki-ntf","status":"publish","type":"page","link":"https:\/\/www.ntf.uni-lj.si\/ntf\/o-fakulteti\/promocijski-izdelki-ntf\/","title":{"rendered":"MR\u010c NTF &#8211; Promocijski izdelki NTF"},"content":{"rendered":"<p>V knji\u017enici Oddelka za tekstilstvo, grafiko in oblikovanje vam nudimo mo\u017enost nakupa NTF puloverja, majice in\/ali bidona, ki so odli\u010dna prilo\u017enost za graditev NTF skupnosti in soustvarjanje pripadnosti.<\/p>\n<h3>Na voljo so naslednji izdelki:<\/h3>\n<div class=\"col-sm-6 no-padding no-padding\">\n<a href=\"https:\/\/www.ntf.uni-lj.si\/ntf\/wp-content\/uploads\/sites\/2\/2024\/07\/pulover_240ppi.png\"><img loading=\"lazy\" class=\"alignnone wp-image-27539\" src=\"https:\/\/www.ntf.uni-lj.si\/ntf\/wp-content\/uploads\/sites\/2\/2024\/07\/pulover_240ppi-300x300.png\" alt=\"\" width=\"199\" height=\"199\" srcset=\"https:\/\/www.ntf.uni-lj.si\/ntf\/wp-content\/uploads\/sites\/2\/2024\/07\/pulover_240ppi-300x300.png 300w, https:\/\/www.ntf.uni-lj.si\/ntf\/wp-content\/uploads\/sites\/2\/2024\/07\/pulover_240ppi-1024x1024.png 1024w, https:\/\/www.ntf.uni-lj.si\/ntf\/wp-content\/uploads\/sites\/2\/2024\/07\/pulover_240ppi-150x150.png 150w, https:\/\/www.ntf.uni-lj.si\/ntf\/wp-content\/uploads\/sites\/2\/2024\/07\/pulover_240ppi-768x768.png 768w, https:\/\/www.ntf.uni-lj.si\/ntf\/wp-content\/uploads\/sites\/2\/2024\/07\/pulover_240ppi-1536x1536.png 1536w, https:\/\/www.ntf.uni-lj.si\/ntf\/wp-content\/uploads\/sites\/2\/2024\/07\/pulover_240ppi-2048x2048.png 2048w\" sizes=\"(max-width: 199px) 100vw, 199px\" \/><\/a>\n<\/div>\n<div class=\"col-sm-13 no-padding no-padding\">\n<p>Na\u0161 pulover s kapuco (raven kroj, kapuca ima plo\u0161\u010dato vrvico za zatezanje s kovinskimi zaklju\u010dki) je izdelan iz visoko kakovostnih materialov (80 % bomba\u017ea, 20 % poliestra), ki zagotavljajo udobje in toploto. Na voljo je v razli\u010dnih velikostih, tako da lahko vsak najde svojega. Pulover je idealen za hladnej\u0161e dni in predstavlja odli\u010den na\u010din, kako pokazati pripadnost NTF.<\/p>\n<p>Cena: 29,50 EUR<\/p>\n<\/div>\n<div class=\"clearfix\"><\/div>\n<div class=\"col-sm-6 no-padding no-padding\">\n<a href=\"https:\/\/www.ntf.uni-lj.si\/ntf\/wp-content\/uploads\/sites\/2\/2024\/07\/majica_240ppi-scaled.jpg\"><img loading=\"lazy\" class=\"alignnone wp-image-27540\" src=\"https:\/\/www.ntf.uni-lj.si\/ntf\/wp-content\/uploads\/sites\/2\/2024\/07\/majica_240ppi-300x300.jpg\" alt=\"\" width=\"188\" height=\"188\" srcset=\"https:\/\/www.ntf.uni-lj.si\/ntf\/wp-content\/uploads\/sites\/2\/2024\/07\/majica_240ppi-300x300.jpg 300w, https:\/\/www.ntf.uni-lj.si\/ntf\/wp-content\/uploads\/sites\/2\/2024\/07\/majica_240ppi-1024x1024.jpg 1024w, https:\/\/www.ntf.uni-lj.si\/ntf\/wp-content\/uploads\/sites\/2\/2024\/07\/majica_240ppi-150x150.jpg 150w, https:\/\/www.ntf.uni-lj.si\/ntf\/wp-content\/uploads\/sites\/2\/2024\/07\/majica_240ppi-768x768.jpg 768w, https:\/\/www.ntf.uni-lj.si\/ntf\/wp-content\/uploads\/sites\/2\/2024\/07\/majica_240ppi-1536x1536.jpg 1536w, https:\/\/www.ntf.uni-lj.si\/ntf\/wp-content\/uploads\/sites\/2\/2024\/07\/majica_240ppi-2048x2048.jpg 2048w\" sizes=\"(max-width: 188px) 100vw, 188px\" \/><\/a>\n<\/div>\n<div class=\"col-sm-13 no-padding no-padding\">\n<p>Majica je narejena iz mehkega in zra\u010dnega bomba\u017ea (100 % bomba\u017e), ki zagotavlja udobje skozi celoten dan. Na voljo sta \u017eenski in mo\u0161ki model v razli\u010dnih velikostih. Majica je odli\u010dna za vsakodnevno no\u0161enje ali kot del \u0161portne opreme.<\/p>\n<p>Cena: 10,00 EUR<\/p>\n<\/div>\n<div class=\"clearfix\"><\/div>\n<div class=\"col-sm-6 no-padding no-padding\">\n<a href=\"https:\/\/www.ntf.uni-lj.si\/ntf\/wp-content\/uploads\/sites\/2\/2024\/07\/bidon_240ppi.jpg\"><img loading=\"lazy\" class=\"alignnone wp-image-27542\" src=\"https:\/\/www.ntf.uni-lj.si\/ntf\/wp-content\/uploads\/sites\/2\/2024\/07\/bidon_240ppi-200x300.jpg\" alt=\"\" width=\"115\" height=\"173\" srcset=\"https:\/\/www.ntf.uni-lj.si\/ntf\/wp-content\/uploads\/sites\/2\/2024\/07\/bidon_240ppi-200x300.jpg 200w, https:\/\/www.ntf.uni-lj.si\/ntf\/wp-content\/uploads\/sites\/2\/2024\/07\/bidon_240ppi.jpg 631w\" sizes=\"(max-width: 115px) 100vw, 115px\" \/><\/a>\n<\/div>\n<div class=\"col-sm-13 no-padding no-padding\">\n<p>Bidon z dvojno steno je narejen iz nerjave\u010dega jekla s pokrovom iz bambusa in ro\u010dajem, je kot nala\u0161\u010d za vse, ki so vedno na poti. Ohranja teko\u010dino sve\u017eo in je enostaven za \u010di\u0161\u010denje. Bidon je prakti\u010den in hkrati eleganten, z NTF logotipom pa bo va\u0161 zvesti spremljevalec pri \u0161portnih aktivnostih ali v slu\u017ebi. Prostornina: 500 ml.<\/p>\n<p>Cena: 9,50 EUR<\/p>\n<\/div>\n<div class=\"clearfix\"><\/div>\n<p>&nbsp;<\/p>\n<h3>Kje lahko kupite?<\/h3>\n<p>Vabimo vas, da obi\u0161\u010dete knji\u017enico OTGO in si izberete svoj najljub\u0161i kos. Prodaja poteka v delovnem \u010dasu knji\u017enice. Pla\u010dilo je mo\u017eno z gotovino ali s kartico.<\/p>\n<h3>Zakaj kupiti na\u0161e izdelke?<\/h3>\n<p>Promocijski izdelki NTF so ve\u010d kot le obla\u010dila in dodatki. So izraz va\u0161e pripadnosti in ponosa na na\u0161o fakulteto. Z nakupom teh izdelkov podpirate NTF skupnost in pomagate pri ustvarjanju povezanosti med \u0161tudenti, zaposlenimi in alumni.<\/p>\n<p>Ne zamudite prilo\u017enosti, da postanete del na\u0161e zgodbe. Obi\u0161\u010dite nas v knji\u017enici OTGO in si zagotovite svoj kos NTF!<\/p>\n<p>&nbsp;<\/p>\n","protected":false},"excerpt":{"rendered":"V knji\u017enici Oddelka za tekstilstvo, grafiko in oblikovanje vam nudimo mo\u017enost nakupa NTF puloverja, majice in\/ali bidona, ki so odli\u010dna prilo\u017enost za graditev NTF skupnosti in soustvarjanje pripadnosti. Na voljo so naslednji izdelki: &nbsp; Kje lahko kupite? Vabimo vas, da obi\u0161\u010dete knji\u017enico OTGO in si izberete svoj najljub\u0161i kos. Prodaja poteka v delovnem \u010dasu knji\u017enice. &#8230; <a class=\"view-article\" href=\"https:\/\/www.ntf.uni-lj.si\/ntf\/o-fakulteti\/promocijski-izdelki-ntf\/\">Read more<\/a>","protected":false},"author":221,"featured_media":0,"parent":1900,"menu_order":221,"comment_status":"closed","ping_status":"closed","template":"","meta":[],"acf":[],"yoast_head":"<!-- This site is optimized with the Yoast SEO plugin v17.0 - https:\/\/yoast.com\/wordpress\/plugins\/seo\/ -->\n<meta name=\"robots\" content=\"index, follow, max-snippet:-1, max-image-preview:large, max-video-preview:-1\" \/>\n<link rel=\"canonical\" href=\"https:\/\/www.ntf.uni-lj.si\/ntf\/o-fakulteti\/promocijski-izdelki-ntf\/\" \/>\n<meta property=\"og:locale\" content=\"en_US\" \/>\n<meta property=\"og:type\" content=\"article\" \/>\n<meta property=\"og:title\" content=\"MR\u010c NTF - Promocijski izdelki NTF - NTF\" \/>\n<meta property=\"og:description\" content=\"V knji\u017enici Oddelka za tekstilstvo, grafiko in oblikovanje vam nudimo mo\u017enost nakupa NTF puloverja, majice in\/ali bidona, ki so odli\u010dna prilo\u017enost za graditev NTF skupnosti in soustvarjanje pripadnosti. Na voljo so naslednji izdelki: &nbsp; Kje lahko kupite? Vabimo vas, da obi\u0161\u010dete knji\u017enico OTGO in si izberete svoj najljub\u0161i kos. Prodaja poteka v delovnem \u010dasu knji\u017enice. ... Read more\" \/>\n<meta property=\"og:url\" content=\"https:\/\/www.ntf.uni-lj.si\/ntf\/o-fakulteti\/promocijski-izdelki-ntf\/\" \/>\n<meta property=\"og:site_name\" content=\"NTF\" \/>\n<meta property=\"article:modified_time\" content=\"2024-07-11T08:29:37+00:00\" \/>\n<meta property=\"og:image\" content=\"https:\/\/www.ntf.uni-lj.si\/ntf\/wp-content\/uploads\/sites\/2\/2024\/07\/pulover_240ppi-300x300.png\" \/>\n<meta name=\"twitter:label1\" content=\"Est. reading time\" \/>\n\t<meta name=\"twitter:data1\" content=\"2 minutes\" \/>\n<script type=\"application\/ld+json\" class=\"yoast-schema-graph\">{\"@context\":\"https:\/\/schema.org\",\"@graph\":[{\"@type\":\"WebSite\",\"@id\":\"https:\/\/www.ntf.uni-lj.si\/ntf\/#website\",\"url\":\"https:\/\/www.ntf.uni-lj.si\/ntf\/\",\"name\":\"NTF\",\"description\":\"Naravoslovnotehni\\u0161ka fakulteta\",\"potentialAction\":[{\"@type\":\"SearchAction\",\"target\":{\"@type\":\"EntryPoint\",\"urlTemplate\":\"https:\/\/www.ntf.uni-lj.si\/ntf\/?s={search_term_string}\"},\"query-input\":\"required name=search_term_string\"}],\"inLanguage\":\"en-US\"},{\"@type\":\"ImageObject\",\"@id\":\"https:\/\/www.ntf.uni-lj.si\/ntf\/o-fakulteti\/promocijski-izdelki-ntf\/#primaryimage\",\"inLanguage\":\"en-US\",\"url\":\"https:\/\/www.ntf.uni-lj.si\/ntf\/wp-content\/uploads\/sites\/2\/2024\/07\/pulover_240ppi.png\",\"contentUrl\":\"https:\/\/www.ntf.uni-lj.si\/ntf\/wp-content\/uploads\/sites\/2\/2024\/07\/pulover_240ppi.png\",\"width\":3213,\"height\":3213},{\"@type\":\"WebPage\",\"@id\":\"https:\/\/www.ntf.uni-lj.si\/ntf\/o-fakulteti\/promocijski-izdelki-ntf\/#webpage\",\"url\":\"https:\/\/www.ntf.uni-lj.si\/ntf\/o-fakulteti\/promocijski-izdelki-ntf\/\",\"name\":\"MR\\u010c NTF - Promocijski izdelki NTF - NTF\",\"isPartOf\":{\"@id\":\"https:\/\/www.ntf.uni-lj.si\/ntf\/#website\"},\"primaryImageOfPage\":{\"@id\":\"https:\/\/www.ntf.uni-lj.si\/ntf\/o-fakulteti\/promocijski-izdelki-ntf\/#primaryimage\"},\"datePublished\":\"2024-07-10T12:28:10+00:00\",\"dateModified\":\"2024-07-11T08:29:37+00:00\",\"breadcrumb\":{\"@id\":\"https:\/\/www.ntf.uni-lj.si\/ntf\/o-fakulteti\/promocijski-izdelki-ntf\/#breadcrumb\"},\"inLanguage\":\"en-US\",\"potentialAction\":[{\"@type\":\"ReadAction\",\"target\":[\"https:\/\/www.ntf.uni-lj.si\/ntf\/o-fakulteti\/promocijski-izdelki-ntf\/\"]}]},{\"@type\":\"BreadcrumbList\",\"@id\":\"https:\/\/www.ntf.uni-lj.si\/ntf\/o-fakulteti\/promocijski-izdelki-ntf\/#breadcrumb\",\"itemListElement\":[{\"@type\":\"ListItem\",\"position\":1,\"name\":\"Domov\",\"item\":\"https:\/\/www.ntf.uni-lj.si\/ntf\/\"},{\"@type\":\"ListItem\",\"position\":2,\"name\":\"O fakulteti\",\"item\":\"https:\/\/www.ntf.uni-lj.si\/ntf\/o-fakulteti\/\"},{\"@type\":\"ListItem\",\"position\":3,\"name\":\"MR\\u010c NTF - Promocijski izdelki NTF\"}]}]}<\/script>\n<!-- \/ Yoast SEO plugin. -->","yoast_head_json":{"robots":{"index":"index","follow":"follow","max-snippet":"max-snippet:-1","max-image-preview":"max-image-preview:large","max-video-preview":"max-video-preview:-1"},"canonical":"https:\/\/www.ntf.uni-lj.si\/ntf\/o-fakulteti\/promocijski-izdelki-ntf\/","og_locale":"en_US","og_type":"article","og_title":"MR\u010c NTF - Promocijski izdelki NTF - NTF","og_description":"V knji\u017enici Oddelka za tekstilstvo, grafiko in oblikovanje vam nudimo mo\u017enost nakupa NTF puloverja, majice in\/ali bidona, ki so odli\u010dna prilo\u017enost za graditev NTF skupnosti in soustvarjanje pripadnosti. Na voljo so naslednji izdelki: &nbsp; Kje lahko kupite? Vabimo vas, da obi\u0161\u010dete knji\u017enico OTGO in si izberete svoj najljub\u0161i kos. Prodaja poteka v delovnem \u010dasu knji\u017enice. ... Read more","og_url":"https:\/\/www.ntf.uni-lj.si\/ntf\/o-fakulteti\/promocijski-izdelki-ntf\/","og_site_name":"NTF","article_modified_time":"2024-07-11T08:29:37+00:00","og_image":[{"url":"https:\/\/www.ntf.uni-lj.si\/ntf\/wp-content\/uploads\/sites\/2\/2024\/07\/pulover_240ppi-300x300.png"}],"twitter_misc":{"Est. reading time":"2 minutes"},"schema":{"@context":"https:\/\/schema.org","@graph":[{"@type":"WebSite","@id":"https:\/\/www.ntf.uni-lj.si\/ntf\/#website","url":"https:\/\/www.ntf.uni-lj.si\/ntf\/","name":"NTF","description":"Naravoslovnotehni\u0161ka fakulteta","potentialAction":[{"@type":"SearchAction","target":{"@type":"EntryPoint","urlTemplate":"https:\/\/www.ntf.uni-lj.si\/ntf\/?s={search_term_string}"},"query-input":"required name=search_term_string"}],"inLanguage":"en-US"},{"@type":"ImageObject","@id":"https:\/\/www.ntf.uni-lj.si\/ntf\/o-fakulteti\/promocijski-izdelki-ntf\/#primaryimage","inLanguage":"en-US","url":"https:\/\/www.ntf.uni-lj.si\/ntf\/wp-content\/uploads\/sites\/2\/2024\/07\/pulover_240ppi.png","contentUrl":"https:\/\/www.ntf.uni-lj.si\/ntf\/wp-content\/uploads\/sites\/2\/2024\/07\/pulover_240ppi.png","width":3213,"height":3213},{"@type":"WebPage","@id":"https:\/\/www.ntf.uni-lj.si\/ntf\/o-fakulteti\/promocijski-izdelki-ntf\/#webpage","url":"https:\/\/www.ntf.uni-lj.si\/ntf\/o-fakulteti\/promocijski-izdelki-ntf\/","name":"MR\u010c NTF - Promocijski izdelki NTF - NTF","isPartOf":{"@id":"https:\/\/www.ntf.uni-lj.si\/ntf\/#website"},"primaryImageOfPage":{"@id":"https:\/\/www.ntf.uni-lj.si\/ntf\/o-fakulteti\/promocijski-izdelki-ntf\/#primaryimage"},"datePublished":"2024-07-10T12:28:10+00:00","dateModified":"2024-07-11T08:29:37+00:00","breadcrumb":{"@id":"https:\/\/www.ntf.uni-lj.si\/ntf\/o-fakulteti\/promocijski-izdelki-ntf\/#breadcrumb"},"inLanguage":"en-US","potentialAction":[{"@type":"ReadAction","target":["https:\/\/www.ntf.uni-lj.si\/ntf\/o-fakulteti\/promocijski-izdelki-ntf\/"]}]},{"@type":"BreadcrumbList","@id":"https:\/\/www.ntf.uni-lj.si\/ntf\/o-fakulteti\/promocijski-izdelki-ntf\/#breadcrumb","itemListElement":[{"@type":"ListItem","position":1,"name":"Domov","item":"https:\/\/www.ntf.uni-lj.si\/ntf\/"},{"@type":"ListItem","position":2,"name":"O fakulteti","item":"https:\/\/www.ntf.uni-lj.si\/ntf\/o-fakulteti\/"},{"@type":"ListItem","position":3,"name":"MR\u010c NTF - Promocijski izdelki NTF"}]}]}},"_links":{"self":[{"href":"https:\/\/www.ntf.uni-lj.si\/ntf\/wp-json\/wp\/v2\/pages\/27535"}],"collection":[{"href":"https:\/\/www.ntf.uni-lj.si\/ntf\/wp-json\/wp\/v2\/pages"}],"about":[{"href":"https:\/\/www.ntf.uni-lj.si\/ntf\/wp-json\/wp\/v2\/types\/page"}],"author":[{"embeddable":true,"href":"https:\/\/www.ntf.uni-lj.si\/ntf\/wp-json\/wp\/v2\/users\/221"}],"replies":[{"embeddable":true,"href":"https:\/\/www.ntf.uni-lj.si\/ntf\/wp-json\/wp\/v2\/comments?post=27535"}],"version-history":[{"count":10,"href":"https:\/\/www.ntf.uni-lj.si\/ntf\/wp-json\/wp\/v2\/pages\/27535\/revisions"}],"predecessor-version":[{"id":27553,"href":"https:\/\/www.ntf.uni-lj.si\/ntf\/wp-json\/wp\/v2\/pages\/27535\/revisions\/27553"}],"up":[{"embeddable":true,"href":"https:\/\/www.ntf.uni-lj.si\/ntf\/wp-json\/wp\/v2\/pages\/1900"}],"wp:attachment":[{"href":"https:\/\/www.ntf.uni-lj.si\/ntf\/wp-json\/wp\/v2\/media?parent=27535"}],"curies":[{"name":"wp","href":"https:\/\/api.w.org\/{rel}","templated":true}]}}