{"id":307,"date":"2015-04-03T07:21:27","date_gmt":"2015-04-03T07:21:27","guid":{"rendered":"http:\/\/www.ntf.uni-lj.si\/ntf\/?page_id=307"},"modified":"2024-02-06T10:31:07","modified_gmt":"2024-02-06T09:31:07","slug":"vis","status":"publish","type":"page","link":"https:\/\/www.ntf.uni-lj.si\/ntf\/studij\/referat\/vis\/","title":{"rendered":"VIS"},"content":{"rendered":"<p><strong>Prijava v \u0161tudentski informacijski sistem VIS<\/strong><\/p>\n<h2><a href=\"https:\/\/visntf.uni-lj.si\/\"><strong>https:\/\/visntf.uni-lj.si\/<\/strong><\/a><\/h2>\n<p>Uporabni\u0161ko ime za vstop v spletni referat je va\u0161a digitalna identiteta:<\/p>\n<ul>\n<li><strong>\u0160tudenti<\/strong>, va\u0161a digitalna identiteta je videti tako: ab1234@student.uni-lj.si. Uporabljate jo \u017ee za prijavo v brez\u017ei\u010dno omre\u017eje Eduroam. Ne spreglejte: Pri prijavi v spletni referat morate za uporabni\u0161kim imenom vedno napisati tudi @student.uni-lj.si. \u010ce digitalne identitete \u0161e nimate, jo lahko prevzamete na ID-portalu Univerze\u00a0<a href=\"http:\/\/id.uni-lj.si\/\" target=\"_blank\" rel=\"noopener noreferrer\">http:\/\/id.uni-lj.si\/<\/a>.<\/li>\n<li><strong>Zaposleni<\/strong>, uporabni\u0161ki ra\u010dun so vam ustvarili na \u010dlanici, kjer ste zaposleni.<\/li>\n<\/ul>\n<p>V primeru pozabljenega gesla ga lahko ponovno nastavite na ID-portalu UL:\u00a0<a href=\"https:\/\/sts.uni-lj.si\/adfs\/portal\/updatepassword\/\">https:\/\/sts.uni-lj.si\/adfs\/portal\/updatepassword\/<\/a><\/p>\n<p>&nbsp;<\/p>\n<div id=\"gtx-trans\"><\/div>\n","protected":false},"excerpt":{"rendered":"Prijava v \u0161tudentski informacijski sistem VIS https:\/\/visntf.uni-lj.si\/ Uporabni\u0161ko ime za vstop v spletni referat je va\u0161a digitalna identiteta: \u0160tudenti, va\u0161a digitalna identiteta je videti tako: ab1234@student.uni-lj.si. Uporabljate jo \u017ee za prijavo v brez\u017ei\u010dno omre\u017eje Eduroam. Ne spreglejte: Pri prijavi v spletni referat morate za uporabni\u0161kim imenom vedno napisati tudi @student.uni-lj.si. \u010ce digitalne identitete \u0161e nimate, &#8230; <a class=\"view-article\" href=\"https:\/\/www.ntf.uni-lj.si\/ntf\/studij\/referat\/vis\/\">Read more<\/a>","protected":false},"author":15,"featured_media":0,"parent":742,"menu_order":420,"comment_status":"closed","ping_status":"closed","template":"","meta":[],"acf":[],"yoast_head":"<!-- This site is optimized with the Yoast SEO plugin v17.0 - https:\/\/yoast.com\/wordpress\/plugins\/seo\/ -->\n<meta name=\"robots\" content=\"index, follow, max-snippet:-1, max-image-preview:large, max-video-preview:-1\" \/>\n<link rel=\"canonical\" href=\"https:\/\/www.ntf.uni-lj.si\/ntf\/studij\/referat\/vis\/\" \/>\n<meta property=\"og:locale\" content=\"en_US\" \/>\n<meta property=\"og:type\" content=\"article\" \/>\n<meta property=\"og:title\" content=\"VIS - NTF\" \/>\n<meta property=\"og:description\" content=\"Prijava v \u0161tudentski informacijski sistem VIS https:\/\/visntf.uni-lj.si\/ Uporabni\u0161ko ime za vstop v spletni referat je va\u0161a digitalna identiteta: \u0160tudenti, va\u0161a digitalna identiteta je videti tako: ab1234@student.uni-lj.si. Uporabljate jo \u017ee za prijavo v brez\u017ei\u010dno omre\u017eje Eduroam. Ne spreglejte: Pri prijavi v spletni referat morate za uporabni\u0161kim imenom vedno napisati tudi @student.uni-lj.si. \u010ce digitalne identitete \u0161e nimate, ... Read more\" \/>\n<meta property=\"og:url\" content=\"https:\/\/www.ntf.uni-lj.si\/ntf\/studij\/referat\/vis\/\" \/>\n<meta property=\"og:site_name\" content=\"NTF\" \/>\n<meta property=\"article:modified_time\" content=\"2024-02-06T09:31:07+00:00\" \/>\n<meta name=\"twitter:label1\" content=\"Est. reading time\" \/>\n\t<meta name=\"twitter:data1\" content=\"1 minute\" \/>\n<script type=\"application\/ld+json\" class=\"yoast-schema-graph\">{\"@context\":\"https:\/\/schema.org\",\"@graph\":[{\"@type\":\"WebSite\",\"@id\":\"https:\/\/www.ntf.uni-lj.si\/ntf\/#website\",\"url\":\"https:\/\/www.ntf.uni-lj.si\/ntf\/\",\"name\":\"NTF\",\"description\":\"Naravoslovnotehni\\u0161ka fakulteta\",\"potentialAction\":[{\"@type\":\"SearchAction\",\"target\":{\"@type\":\"EntryPoint\",\"urlTemplate\":\"https:\/\/www.ntf.uni-lj.si\/ntf\/?s={search_term_string}\"},\"query-input\":\"required name=search_term_string\"}],\"inLanguage\":\"en-US\"},{\"@type\":\"WebPage\",\"@id\":\"https:\/\/www.ntf.uni-lj.si\/ntf\/studij\/referat\/vis\/#webpage\",\"url\":\"https:\/\/www.ntf.uni-lj.si\/ntf\/studij\/referat\/vis\/\",\"name\":\"VIS - NTF\",\"isPartOf\":{\"@id\":\"https:\/\/www.ntf.uni-lj.si\/ntf\/#website\"},\"datePublished\":\"2015-04-03T07:21:27+00:00\",\"dateModified\":\"2024-02-06T09:31:07+00:00\",\"breadcrumb\":{\"@id\":\"https:\/\/www.ntf.uni-lj.si\/ntf\/studij\/referat\/vis\/#breadcrumb\"},\"inLanguage\":\"en-US\",\"potentialAction\":[{\"@type\":\"ReadAction\",\"target\":[\"https:\/\/www.ntf.uni-lj.si\/ntf\/studij\/referat\/vis\/\"]}]},{\"@type\":\"BreadcrumbList\",\"@id\":\"https:\/\/www.ntf.uni-lj.si\/ntf\/studij\/referat\/vis\/#breadcrumb\",\"itemListElement\":[{\"@type\":\"ListItem\",\"position\":1,\"name\":\"Domov\",\"item\":\"https:\/\/www.ntf.uni-lj.si\/ntf\/\"},{\"@type\":\"ListItem\",\"position\":2,\"name\":\"\\u0160tudij\",\"item\":\"https:\/\/www.ntf.uni-lj.si\/ntf\/studij\/\"},{\"@type\":\"ListItem\",\"position\":3,\"name\":\"Referat\",\"item\":\"https:\/\/www.ntf.uni-lj.si\/ntf\/studij\/referat\/\"},{\"@type\":\"ListItem\",\"position\":4,\"name\":\"VIS\"}]}]}<\/script>\n<!-- \/ Yoast SEO plugin. -->","yoast_head_json":{"robots":{"index":"index","follow":"follow","max-snippet":"max-snippet:-1","max-image-preview":"max-image-preview:large","max-video-preview":"max-video-preview:-1"},"canonical":"https:\/\/www.ntf.uni-lj.si\/ntf\/studij\/referat\/vis\/","og_locale":"en_US","og_type":"article","og_title":"VIS - NTF","og_description":"Prijava v \u0161tudentski informacijski sistem VIS https:\/\/visntf.uni-lj.si\/ Uporabni\u0161ko ime za vstop v spletni referat je va\u0161a digitalna identiteta: \u0160tudenti, va\u0161a digitalna identiteta je videti tako: ab1234@student.uni-lj.si. Uporabljate jo \u017ee za prijavo v brez\u017ei\u010dno omre\u017eje Eduroam. Ne spreglejte: Pri prijavi v spletni referat morate za uporabni\u0161kim imenom vedno napisati tudi @student.uni-lj.si. \u010ce digitalne identitete \u0161e nimate, ... Read more","og_url":"https:\/\/www.ntf.uni-lj.si\/ntf\/studij\/referat\/vis\/","og_site_name":"NTF","article_modified_time":"2024-02-06T09:31:07+00:00","twitter_misc":{"Est. reading time":"1 minute"},"schema":{"@context":"https:\/\/schema.org","@graph":[{"@type":"WebSite","@id":"https:\/\/www.ntf.uni-lj.si\/ntf\/#website","url":"https:\/\/www.ntf.uni-lj.si\/ntf\/","name":"NTF","description":"Naravoslovnotehni\u0161ka fakulteta","potentialAction":[{"@type":"SearchAction","target":{"@type":"EntryPoint","urlTemplate":"https:\/\/www.ntf.uni-lj.si\/ntf\/?s={search_term_string}"},"query-input":"required name=search_term_string"}],"inLanguage":"en-US"},{"@type":"WebPage","@id":"https:\/\/www.ntf.uni-lj.si\/ntf\/studij\/referat\/vis\/#webpage","url":"https:\/\/www.ntf.uni-lj.si\/ntf\/studij\/referat\/vis\/","name":"VIS - NTF","isPartOf":{"@id":"https:\/\/www.ntf.uni-lj.si\/ntf\/#website"},"datePublished":"2015-04-03T07:21:27+00:00","dateModified":"2024-02-06T09:31:07+00:00","breadcrumb":{"@id":"https:\/\/www.ntf.uni-lj.si\/ntf\/studij\/referat\/vis\/#breadcrumb"},"inLanguage":"en-US","potentialAction":[{"@type":"ReadAction","target":["https:\/\/www.ntf.uni-lj.si\/ntf\/studij\/referat\/vis\/"]}]},{"@type":"BreadcrumbList","@id":"https:\/\/www.ntf.uni-lj.si\/ntf\/studij\/referat\/vis\/#breadcrumb","itemListElement":[{"@type":"ListItem","position":1,"name":"Domov","item":"https:\/\/www.ntf.uni-lj.si\/ntf\/"},{"@type":"ListItem","position":2,"name":"\u0160tudij","item":"https:\/\/www.ntf.uni-lj.si\/ntf\/studij\/"},{"@type":"ListItem","position":3,"name":"Referat","item":"https:\/\/www.ntf.uni-lj.si\/ntf\/studij\/referat\/"},{"@type":"ListItem","position":4,"name":"VIS"}]}]}},"_links":{"self":[{"href":"https:\/\/www.ntf.uni-lj.si\/ntf\/wp-json\/wp\/v2\/pages\/307"}],"collection":[{"href":"https:\/\/www.ntf.uni-lj.si\/ntf\/wp-json\/wp\/v2\/pages"}],"about":[{"href":"https:\/\/www.ntf.uni-lj.si\/ntf\/wp-json\/wp\/v2\/types\/page"}],"author":[{"embeddable":true,"href":"https:\/\/www.ntf.uni-lj.si\/ntf\/wp-json\/wp\/v2\/users\/15"}],"replies":[{"embeddable":true,"href":"https:\/\/www.ntf.uni-lj.si\/ntf\/wp-json\/wp\/v2\/comments?post=307"}],"version-history":[{"count":12,"href":"https:\/\/www.ntf.uni-lj.si\/ntf\/wp-json\/wp\/v2\/pages\/307\/revisions"}],"predecessor-version":[{"id":26140,"href":"https:\/\/www.ntf.uni-lj.si\/ntf\/wp-json\/wp\/v2\/pages\/307\/revisions\/26140"}],"up":[{"embeddable":true,"href":"https:\/\/www.ntf.uni-lj.si\/ntf\/wp-json\/wp\/v2\/pages\/742"}],"wp:attachment":[{"href":"https:\/\/www.ntf.uni-lj.si\/ntf\/wp-json\/wp\/v2\/media?parent=307"}],"curies":[{"name":"wp","href":"https:\/\/api.w.org\/{rel}","templated":true}]}}