{"id":31440,"date":"2025-10-21T15:10:18","date_gmt":"2025-10-21T13:10:18","guid":{"rendered":"https:\/\/www.ntf.uni-lj.si\/ntf\/?page_id=31440"},"modified":"2025-10-24T13:52:24","modified_gmt":"2025-10-24T11:52:24","slug":"studentska-konferenca","status":"publish","type":"page","link":"https:\/\/www.ntf.uni-lj.si\/ntf\/studij\/projekti\/studentska-konferenca\/","title":{"rendered":"\u0160tudentska konferenca"},"content":{"rendered":"<p data-start=\"304\" data-end=\"521\">Na Naravoslovnotehni\u0161ki fakulteti Univerze v Ljubljani je 24. oktobra 2024 potekala <strong data-start=\"388\" data-end=\"454\">1. \u0161tudentska konferenca \u203a\u203aSestavljamo trajnostno prihodnost\u2039\u2039<\/strong>, ki je zdru\u017eila \u0161tudentke in \u0161tudente vseh smeri na\u0161e fakultete.<\/p>\n<p data-start=\"523\" data-end=\"841\">Dogodek je bil ve\u010d kot uspe\u0161en \u2014 predstavljeni so bili <strong data-start=\"578\" data-end=\"646\">11 predavanj in 16 posterjev mladih raziskovalk in raziskovalcev<\/strong>, ki so s svojimi prispevki osvetlili <strong data-start=\"684\" data-end=\"727\">inovativne re\u0161itve za trajnostni razvoj<\/strong>. Konferenca je bila tudi prilo\u017enost za <strong data-start=\"767\" data-end=\"795\">mre\u017eenje, izmenjavo idej<\/strong> in povezovanje med razli\u010dnimi podro\u010dji NTF.<\/p>\n<p data-start=\"843\" data-end=\"996\">Ve\u010d informacij, zbornik in foto utrinke z dogodka najdete na <a class=\"decorated-link\" href=\"https:\/\/www.ntf.uni-lj.si\/ntf\/event\/studentskakonferenca\/\" target=\"_new\" rel=\"noopener\" data-start=\"907\" data-end=\"996\">1. \u0161tudentska konferenca NTF<\/a>.<\/p>\n","protected":false},"excerpt":{"rendered":"Na Naravoslovnotehni\u0161ki fakulteti Univerze v Ljubljani je 24. oktobra 2024 potekala 1. \u0161tudentska konferenca \u203a\u203aSestavljamo trajnostno prihodnost\u2039\u2039, ki je zdru\u017eila \u0161tudentke in \u0161tudente vseh smeri na\u0161e fakultete. Dogodek je bil ve\u010d kot uspe\u0161en \u2014 predstavljeni so bili 11 predavanj in 16 posterjev mladih raziskovalk in raziskovalcev, ki so s svojimi prispevki osvetlili inovativne re\u0161itve za &#8230; <a class=\"view-article\" href=\"https:\/\/www.ntf.uni-lj.si\/ntf\/studij\/projekti\/studentska-konferenca\/\">Read more<\/a>","protected":false},"author":21,"featured_media":0,"parent":2071,"menu_order":488,"comment_status":"closed","ping_status":"closed","template":"","meta":[],"acf":[],"yoast_head":"<!-- This site is optimized with the Yoast SEO plugin v17.0 - https:\/\/yoast.com\/wordpress\/plugins\/seo\/ -->\n<meta name=\"robots\" content=\"index, follow, max-snippet:-1, max-image-preview:large, max-video-preview:-1\" \/>\n<link rel=\"canonical\" href=\"https:\/\/www.ntf.uni-lj.si\/ntf\/studij\/projekti\/studentska-konferenca\/\" \/>\n<meta property=\"og:locale\" content=\"en_US\" \/>\n<meta property=\"og:type\" content=\"article\" \/>\n<meta property=\"og:title\" content=\"\u0160tudentska konferenca - NTF\" \/>\n<meta property=\"og:description\" content=\"Na Naravoslovnotehni\u0161ki fakulteti Univerze v Ljubljani je 24. oktobra 2024 potekala 1. \u0161tudentska konferenca \u203a\u203aSestavljamo trajnostno prihodnost\u2039\u2039, ki je zdru\u017eila \u0161tudentke in \u0161tudente vseh smeri na\u0161e fakultete. Dogodek je bil ve\u010d kot uspe\u0161en \u2014 predstavljeni so bili 11 predavanj in 16 posterjev mladih raziskovalk in raziskovalcev, ki so s svojimi prispevki osvetlili inovativne re\u0161itve za ... Read more\" \/>\n<meta property=\"og:url\" content=\"https:\/\/www.ntf.uni-lj.si\/ntf\/studij\/projekti\/studentska-konferenca\/\" \/>\n<meta property=\"og:site_name\" content=\"NTF\" \/>\n<meta property=\"article:modified_time\" content=\"2025-10-24T11:52:24+00:00\" \/>\n<script type=\"application\/ld+json\" class=\"yoast-schema-graph\">{\"@context\":\"https:\/\/schema.org\",\"@graph\":[{\"@type\":\"WebSite\",\"@id\":\"https:\/\/www.ntf.uni-lj.si\/ntf\/#website\",\"url\":\"https:\/\/www.ntf.uni-lj.si\/ntf\/\",\"name\":\"NTF\",\"description\":\"Naravoslovnotehni\\u0161ka fakulteta\",\"potentialAction\":[{\"@type\":\"SearchAction\",\"target\":{\"@type\":\"EntryPoint\",\"urlTemplate\":\"https:\/\/www.ntf.uni-lj.si\/ntf\/?s={search_term_string}\"},\"query-input\":\"required name=search_term_string\"}],\"inLanguage\":\"en-US\"},{\"@type\":\"WebPage\",\"@id\":\"https:\/\/www.ntf.uni-lj.si\/ntf\/studij\/projekti\/studentska-konferenca\/#webpage\",\"url\":\"https:\/\/www.ntf.uni-lj.si\/ntf\/studij\/projekti\/studentska-konferenca\/\",\"name\":\"\\u0160tudentska konferenca - NTF\",\"isPartOf\":{\"@id\":\"https:\/\/www.ntf.uni-lj.si\/ntf\/#website\"},\"datePublished\":\"2025-10-21T13:10:18+00:00\",\"dateModified\":\"2025-10-24T11:52:24+00:00\",\"breadcrumb\":{\"@id\":\"https:\/\/www.ntf.uni-lj.si\/ntf\/studij\/projekti\/studentska-konferenca\/#breadcrumb\"},\"inLanguage\":\"en-US\",\"potentialAction\":[{\"@type\":\"ReadAction\",\"target\":[\"https:\/\/www.ntf.uni-lj.si\/ntf\/studij\/projekti\/studentska-konferenca\/\"]}]},{\"@type\":\"BreadcrumbList\",\"@id\":\"https:\/\/www.ntf.uni-lj.si\/ntf\/studij\/projekti\/studentska-konferenca\/#breadcrumb\",\"itemListElement\":[{\"@type\":\"ListItem\",\"position\":1,\"name\":\"Domov\",\"item\":\"https:\/\/www.ntf.uni-lj.si\/ntf\/\"},{\"@type\":\"ListItem\",\"position\":2,\"name\":\"\\u0160tudij\",\"item\":\"https:\/\/www.ntf.uni-lj.si\/ntf\/studij\/\"},{\"@type\":\"ListItem\",\"position\":3,\"name\":\"Projekti\",\"item\":\"https:\/\/www.ntf.uni-lj.si\/ntf\/studij\/projekti\/\"},{\"@type\":\"ListItem\",\"position\":4,\"name\":\"\\u0160tudentska konferenca\"}]}]}<\/script>\n<!-- \/ Yoast SEO plugin. -->","yoast_head_json":{"robots":{"index":"index","follow":"follow","max-snippet":"max-snippet:-1","max-image-preview":"max-image-preview:large","max-video-preview":"max-video-preview:-1"},"canonical":"https:\/\/www.ntf.uni-lj.si\/ntf\/studij\/projekti\/studentska-konferenca\/","og_locale":"en_US","og_type":"article","og_title":"\u0160tudentska konferenca - NTF","og_description":"Na Naravoslovnotehni\u0161ki fakulteti Univerze v Ljubljani je 24. oktobra 2024 potekala 1. \u0161tudentska konferenca \u203a\u203aSestavljamo trajnostno prihodnost\u2039\u2039, ki je zdru\u017eila \u0161tudentke in \u0161tudente vseh smeri na\u0161e fakultete. Dogodek je bil ve\u010d kot uspe\u0161en \u2014 predstavljeni so bili 11 predavanj in 16 posterjev mladih raziskovalk in raziskovalcev, ki so s svojimi prispevki osvetlili inovativne re\u0161itve za ... Read more","og_url":"https:\/\/www.ntf.uni-lj.si\/ntf\/studij\/projekti\/studentska-konferenca\/","og_site_name":"NTF","article_modified_time":"2025-10-24T11:52:24+00:00","schema":{"@context":"https:\/\/schema.org","@graph":[{"@type":"WebSite","@id":"https:\/\/www.ntf.uni-lj.si\/ntf\/#website","url":"https:\/\/www.ntf.uni-lj.si\/ntf\/","name":"NTF","description":"Naravoslovnotehni\u0161ka fakulteta","potentialAction":[{"@type":"SearchAction","target":{"@type":"EntryPoint","urlTemplate":"https:\/\/www.ntf.uni-lj.si\/ntf\/?s={search_term_string}"},"query-input":"required name=search_term_string"}],"inLanguage":"en-US"},{"@type":"WebPage","@id":"https:\/\/www.ntf.uni-lj.si\/ntf\/studij\/projekti\/studentska-konferenca\/#webpage","url":"https:\/\/www.ntf.uni-lj.si\/ntf\/studij\/projekti\/studentska-konferenca\/","name":"\u0160tudentska konferenca - NTF","isPartOf":{"@id":"https:\/\/www.ntf.uni-lj.si\/ntf\/#website"},"datePublished":"2025-10-21T13:10:18+00:00","dateModified":"2025-10-24T11:52:24+00:00","breadcrumb":{"@id":"https:\/\/www.ntf.uni-lj.si\/ntf\/studij\/projekti\/studentska-konferenca\/#breadcrumb"},"inLanguage":"en-US","potentialAction":[{"@type":"ReadAction","target":["https:\/\/www.ntf.uni-lj.si\/ntf\/studij\/projekti\/studentska-konferenca\/"]}]},{"@type":"BreadcrumbList","@id":"https:\/\/www.ntf.uni-lj.si\/ntf\/studij\/projekti\/studentska-konferenca\/#breadcrumb","itemListElement":[{"@type":"ListItem","position":1,"name":"Domov","item":"https:\/\/www.ntf.uni-lj.si\/ntf\/"},{"@type":"ListItem","position":2,"name":"\u0160tudij","item":"https:\/\/www.ntf.uni-lj.si\/ntf\/studij\/"},{"@type":"ListItem","position":3,"name":"Projekti","item":"https:\/\/www.ntf.uni-lj.si\/ntf\/studij\/projekti\/"},{"@type":"ListItem","position":4,"name":"\u0160tudentska konferenca"}]}]}},"_links":{"self":[{"href":"https:\/\/www.ntf.uni-lj.si\/ntf\/wp-json\/wp\/v2\/pages\/31440"}],"collection":[{"href":"https:\/\/www.ntf.uni-lj.si\/ntf\/wp-json\/wp\/v2\/pages"}],"about":[{"href":"https:\/\/www.ntf.uni-lj.si\/ntf\/wp-json\/wp\/v2\/types\/page"}],"author":[{"embeddable":true,"href":"https:\/\/www.ntf.uni-lj.si\/ntf\/wp-json\/wp\/v2\/users\/21"}],"replies":[{"embeddable":true,"href":"https:\/\/www.ntf.uni-lj.si\/ntf\/wp-json\/wp\/v2\/comments?post=31440"}],"version-history":[{"count":3,"href":"https:\/\/www.ntf.uni-lj.si\/ntf\/wp-json\/wp\/v2\/pages\/31440\/revisions"}],"predecessor-version":[{"id":31470,"href":"https:\/\/www.ntf.uni-lj.si\/ntf\/wp-json\/wp\/v2\/pages\/31440\/revisions\/31470"}],"up":[{"embeddable":true,"href":"https:\/\/www.ntf.uni-lj.si\/ntf\/wp-json\/wp\/v2\/pages\/2071"}],"wp:attachment":[{"href":"https:\/\/www.ntf.uni-lj.si\/ntf\/wp-json\/wp\/v2\/media?parent=31440"}],"curies":[{"name":"wp","href":"https:\/\/api.w.org\/{rel}","templated":true}]}}