{"id":32933,"date":"2026-03-31T13:14:59","date_gmt":"2026-03-31T11:14:59","guid":{"rendered":"https:\/\/www.ntf.uni-lj.si\/ntf\/?page_id=32933"},"modified":"2026-04-21T09:52:26","modified_gmt":"2026-04-21T07:52:26","slug":"mednarodna-dejavnost","status":"publish","type":"page","link":"https:\/\/www.ntf.uni-lj.si\/ntf\/raziskovanje\/mednarodna-dejavnost\/","title":{"rendered":"Mednarodna dejavnost"},"content":{"rendered":"<h3>Od mre\u017eenja do sve\u017eih idej: odkrijte potencial COST akcij<\/h3>\n<p class=\"x_MsoNormal\"><span data-olk-copy-source=\"MessageBody\">Univerzitetna slu\u017eba za raziskovalno dejavnost vabi na informativni dogodek \u00bb<b>Od mre\u017eenja do sve\u017eih idej: odkrijte potencial COST akcij\u00ab<\/b>, ki bo potekal v\u00a0<b>torek, 19. maja 2026, od 10. ure dalje<\/b>\u00a0v \u017eivo\u00a0v Centru Rog (Trubarjeva cesta 72, Univerzitetna soba, 2. nadstropje).<\/span><\/p>\n<p class=\"x_MsoNormal\">Na dogodku bomo predstavili nov razpis za COST akcije, ki v letu 2026 prina\u0161a nekaj novosti, ter prilo\u017enosti, ki jih COST akcije ponujajo za raziskovalce in raziskovalke.<\/p>\n<p class=\"x_MsoNormal\">Na dogodku bo sodelovala\u00a0<b>Blanka Mekinda Vidmar iz ARIS<\/b>. Prejeli boste odgovore na naslednja vpra\u0161anja:<\/p>\n<ul type=\"disc\">\n<li class=\"x_MsoListParagraph\">kaj so COST akcije in kako se vanje vklju\u010diti,<\/li>\n<li class=\"x_MsoListParagraph\">katere so bistvene spremembe\/novosti v letu 2026,<\/li>\n<li class=\"x_MsoListParagraph\">katere aktivnosti so financirane,<\/li>\n<li class=\"x_MsoListParagraph\">kak\u0161ne so prednosti sodelovanja v COST akcijah,<\/li>\n<li class=\"x_MsoListParagraph\">na kaj biti pozoren pri pripravi projektnega predloga,<\/li>\n<li class=\"x_MsoListParagraph\">kako poiskati potencialne partnerje\u2026<\/li>\n<\/ul>\n<p class=\"x_MsoNormal\"><b><u>Obvezne so predhodne prijave prek\u00a0<a title=\"https:\/\/forms.office.com\/e\/XkDNAeB2yt\" href=\"https:\/\/forms.office.com\/e\/XkDNAeB2yt\" data-auth=\"NotApplicable\" data-linkindex=\"0\">spletnega obrazca<\/a>.<\/u><\/b><\/p>\n<p class=\"x_MsoNormal\"><u><span data-olk-copy-source=\"MessageBody\">Na kratko o COST akcijah:<\/span><\/u><\/p>\n<p class=\"x_MsoNormal\">Cilj COST akcij je omogo\u010diti povezovanje raziskovalcev, industrije in oblikovalcev politik z namenom razvoja novih konceptov in idej ter krepitvijo sektorja raziskav in razvoja. V COST akcije se lahko vklju\u010dijo\u00a0<b>raziskovalci na vseh stopnjah raziskovalne kariere<\/b>, \u0161e posebej pa k udele\u017ebi spodbujajo mlade raziskovalce.\u00a0Razpis je odprt za\u00a0<b>vsa znanstvena podro\u010dja<\/b>, pri \u010demer so med prioritetami interdisciplinarne raziskave.<\/p>\n<h3><\/h3>\n<h3>Webinar &#8211; Raziskovalne prilo\u017enosti v ZDA: 21. aprila ob 18h<\/h3>\n<div>\n<div>\n<p><span lang=\"en-US\">V<\/span> sodelovanju z EducationUSA centrom in dru\u0161tvom VTIS bo\u00a0 <b>v torek, 21. aprila, ob 18.00<\/b>\u00a0organizirali\u00a0<b>spletni seminar\u00a0<\/b>na temo\u00a0<i>\u201c<b>Raziskovalne prilo\u017enosti v ZDA\u201d<\/b>.<\/i><\/p>\n<\/div>\n<div>\n<p><span lang=\"en-US\">Informacije so namenjene <b>magistrskim\u00a0<\/b>in<b>\u00a0doktorskim \u0161tudentom<\/b>,<b>\u00a0mladim raziskovalcem\u00a0<\/b>ter<b>\u00a0kariernim svetovalcem\u00a0<\/b>in<b>\u00a0strokovnim delavcem za mednarodno sodelovanje<\/b>.<\/span><span lang=\"en-US\">\u00a0<\/span><\/p>\n<p><span lang=\"en-US\">Predstavili bomo mo<\/span>\u017enosti\u00a0<span lang=\"en-US\">za<b>\u00a0PhD \u0161tudij,\u00a0<\/b>programe\u00a0<b>Fulbright in ASEF\u00a0<\/b>ter<b>\u00a0postdoktorsko gostovanja v ZDA.\u00a0<\/b>Poseben poudarek bo na izku\u0161njah slovenskih raziskovalcev.<\/span><span lang=\"en-US\">\u00a0<\/span><\/p>\n<p><span lang=\"en-US\">Obvezna je predhodna\u00a0<a title=\"https:\/\/www.eventbrite.se\/e\/raziskovalne-priloznosti-v-zda-phd-raziskovalni-obiski-in-postdoc-poti-tickets-1985677992328\" href=\"https:\/\/www.eventbrite.se\/e\/raziskovalne-priloznosti-v-zda-phd-raziskovalni-obiski-in-postdoc-poti-tickets-1985677992328\" data-auth=\"NotApplicable\" data-linkindex=\"0\">prijava<\/a>.\u00a0\u00a0<\/span><\/p>\n<\/div>\n<\/div>\n<p>&nbsp;<\/p>\n<p>&nbsp;<\/p>\n<h3><strong>MSCA DN delavnica, 29.5.2026, center Rog<\/strong><\/h3>\n<p>V Univerzitetni slu\u017ebi za raziskovalno dejavnost,\u00a0Enoti za mednarodno raziskovalno sodelovanje, v sodelovanju z Ministrstvom za visoko \u0161olstvo, znanost in inovacije, Medicinsko fakulteta in Biotehni\u0161ko fakulteto\u00a0<b>29. maja 2026<\/b>\u00a0<b>(09.00-13.30), Center Rog<\/b> delavnico z naslovom\u00a0<b><i><\/i><\/b><b><i>MSCA Doctoral Networks.<\/i><\/b><i><\/i><\/p>\n<p>Delavnico bodo vodili doc. dr. Sabina Berne, izr. prof. dr. Tadeja Re\u017een in dr. Stojan Sor\u010dan. Delavnica bo potekala v angle\u0161kem jeziku.<\/p>\n<p>Vabilo in program se nahajata v priponki.<\/p>\n<p><a href=\"https:\/\/www.ntf.uni-lj.si\/ntf\/wp-content\/uploads\/sites\/2\/2026\/04\/Vabilo-in-program_delavnica-MSCA-DN.pdf\">Vabilo in program_delavnica MSCA DN<\/a> <a href=\"https:\/\/www.ntf.uni-lj.si\/ntf\/wp-content\/uploads\/sites\/2\/2026\/04\/Invitation-and-agenda_MSCA-DN.pdf\">Invitation and agenda_MSCA DN<\/a><\/p>\n<p><a href=\"https:\/\/www.ntf.uni-lj.si\/ntf\/wp-content\/uploads\/sites\/2\/2026\/04\/Invitation-and-agenda_MSCA-DN.pdf\">Invitation and agenda_MSCA DN<\/a><\/p>\n<p><b>Prijave<\/b>:\u00a0<a title=\"https:\/\/forms.office.com\/e\/CQD3JXU50Q\" href=\"https:\/\/forms.office.com\/e\/CQD3JXU50Q\" data-auth=\"NotApplicable\" data-linkindex=\"0\">preko elektronske prijavnice<\/a>\u00a0do\u00a0<b>22.4.2026<\/b><\/p>\n<p>Vljudno vabljeni k prijavi in udele\u017ebi!<\/p>\n<p><b><i><u>Dodatno:<\/u><\/i><\/b><\/p>\n<p>Dan prej, tj.\u00a0<b>28.5.2026<\/b>\u00a0bo dr. Stojan Sor\u010dan organiziral spletni nacionalni info dan za razpis MSCA DN 2026. Evropska komisija bo info dan organizirala\u00a0<b>3.6.2026.<\/b>\u00a0Ve\u010d informacij\u00a0<a title=\"https:\/\/research-innovation-community.ec.europa.eu\/events\/2XY6YtKZvqh6A65ty9isjR\/overview\" href=\"https:\/\/research-innovation-community.ec.europa.eu\/events\/2XY6YtKZvqh6A65ty9isjR\/overview\" data-auth=\"NotApplicable\" data-linkindex=\"1\">tukaj<\/a>.<\/p>\n<p>&nbsp;<\/p>\n<p>&nbsp;<\/p>\n<p>&nbsp;<\/p>\n<p class=\"x_x_x_MsoNormal\"><span data-olk-copy-source=\"MessageBody\"><strong>Razpis<\/strong> <b>COST (European Cooperation in Science and Technology)<\/b>\u00a0<\/span><\/p>\n<p class=\"x_x_x_MsoNormal\"><b>COST (European Cooperation in Science and Technology)<\/b>\u00a0je evropski program, ki podpira vzpostavljanje raziskovalnih mre\u017e (t. i. COST akcij). Namenjen je povezovanju raziskovalcev in inovatorjev iz razli\u010dnih dr\u017eav ter podro\u010dij, pri \u010demer financira predvsem aktivnosti mre\u017eenja, izmenjave znanja in usposabljanja, ne pa raziskovalnega dela samega.<\/p>\n<p class=\"x_x_x_MsoNormal\">\ud83d\udce2Leto\u0161nji razpis prina\u0161a nekaj novosti oziroma sprememb:<\/p>\n<ul type=\"disc\">\n<li class=\"x_x_x_MsoNormal\">Poleg zahteve, da COST akcijo sestavlja\u00a0<b>najmanj 7 dr\u017eav, od tega najmanj 50 % t. i. COST Inclusiveness Target Countries<\/b>\u00a0(kamor spada tudi Slovenija), mora biti pri novih projektnih predlogih upo\u0161tevano \u0161e, da je\u00a0<b>vsaj 40 % vklju\u010denih posameznikov iz skupine mladih raziskovalcev in inovatorjev<\/b>. Mladi so po definiciji vsi, mlaj\u0161i od 40 let v letu oddaje projektnega predloga, ne glede na delovne izku\u0161nje.<\/li>\n<li class=\"x_x_x_MsoNormal\">Vsak\u00a0<b>posameznik je lahko vklju\u010den le v eno projektno prijavo<\/b>, ne glede na vlogo (kot glavni pobudnik ali kot sodelujo\u010di).<\/li>\n<li class=\"x_x_x_MsoNormal\">Zagotovljen je\u00a0<b>ve\u010dji prora\u010dun<\/b>, kar bo omogo\u010dilo financiranje pribli\u017eno 80 akcij. V preteklih letih je bilo financiranih pribli\u017eno 70 akcij letno.<\/li>\n<li class=\"x_x_x_MsoNormal\">Celotna prijava poteka prek portala\u00a0<a title=\"https:\/\/e-services.cost.eu\/user\/login\" href=\"https:\/\/e-services.cost.eu\/user\/login\" data-auth=\"NotApplicable\" data-linkindex=\"6\">e-COST<\/a>.<\/li>\n<\/ul>\n<p class=\"x_x_x_MsoNormal\"><b>\ud83d\udccc<\/b>Ostali pomembni poudarki za oddajo predlogov:<\/p>\n<ul type=\"disc\">\n<li class=\"x_x_x_MsoNormal\">Predlogi temeljijo na principu\u00a0<b>\u00bbod spodaj navzgor\u00ab (bottom-up)<\/b>, kar pomeni, da teme niso vnaprej dolo\u010dene, temve\u010d jih predlagatelji oblikujejo sami. Spodbujajo se multi-, inter- in transdisciplinarni pristopi.<\/li>\n<li class=\"x_x_x_MsoNormal\">Financirane so\u00a0<b>aktivnosti mre\u017eenja in izobra\u017eevanja<\/b>: sestanki, delavnice, kratkoro\u010dne znanstvene misije, usposabljanja ter diseminacijski dogodki. COST akcije ne financirajo raziskav ali zaposlitev.<\/li>\n<li class=\"x_x_x_MsoNormal\">Ob oddaji predloga se\u00a0<b>prora\u010dun ne oddaja<\/b>. Ta se dolo\u010di po odobritvi akcije; okvirno zna\u0161a financiranje 150.000 \u20ac za prvo leto izvajanja in po 180.000 \u20ac za naslednje tri leta.<\/li>\n<\/ul>\n<p class=\"x_x_x_MsoNormal\"><b>\ud83d\udcc5<\/b><b>\u00a0<\/b>Pomembni datumi:<\/p>\n<ul type=\"disc\">\n<li class=\"x_x_x_MsoNormal\">Odprtje prijavnih obrazov: 31. julij 2026 ob 12.00<\/li>\n<li class=\"x_x_x_MsoNormal\" style=\"text-align: left\">Rok za oddajo:\u00a0<b><b><u>28. oktober 2026 ob 12.00<\/u><\/b><\/b><a href=\"https:\/\/www.ntf.uni-lj.si\/ntf\/wp-content\/uploads\/sites\/2\/2026\/04\/OC2026-infographic-scaled-1-scaled.jpg\"><img loading=\"lazy\" width=\"212\" height=\"300\" class=\"alignnone size-medium wp-image-32999\" src=\"https:\/\/www.ntf.uni-lj.si\/ntf\/wp-content\/uploads\/sites\/2\/2026\/04\/OC2026-infographic-scaled-1-212x300.jpg\" alt=\"\" srcset=\"https:\/\/www.ntf.uni-lj.si\/ntf\/wp-content\/uploads\/sites\/2\/2026\/04\/OC2026-infographic-scaled-1-212x300.jpg 212w, https:\/\/www.ntf.uni-lj.si\/ntf\/wp-content\/uploads\/sites\/2\/2026\/04\/OC2026-infographic-scaled-1-723x1024.jpg 723w, https:\/\/www.ntf.uni-lj.si\/ntf\/wp-content\/uploads\/sites\/2\/2026\/04\/OC2026-infographic-scaled-1-768x1087.jpg 768w, https:\/\/www.ntf.uni-lj.si\/ntf\/wp-content\/uploads\/sites\/2\/2026\/04\/OC2026-infographic-scaled-1-1085x1536.jpg 1085w, https:\/\/www.ntf.uni-lj.si\/ntf\/wp-content\/uploads\/sites\/2\/2026\/04\/OC2026-infographic-scaled-1-1446x2048.jpg 1446w, https:\/\/www.ntf.uni-lj.si\/ntf\/wp-content\/uploads\/sites\/2\/2026\/04\/OC2026-infographic-scaled-1-scaled.jpg 1808w\" sizes=\"(max-width: 212px) 100vw, 212px\" \/><\/a><span data-olk-copy-source=\"MessageBody\">\ud83d\udd0d<\/span>Informativni dan, ki ga organizira zdru\u017eenje COST, bo\u00a0<b><u>16. junija 2026 med 10.00 in 12.00<\/u><\/b>. Prijava je mo\u017ena prek\u00a0<a title=\"https:\/\/www.cost.eu\/cost-events\/online-cost-info-day-2026\/\" href=\"https:\/\/www.cost.eu\/cost-events\/online-cost-info-day-2026\/\" data-auth=\"NotApplicable\" data-linkindex=\"7\">uradne spletne strani COST<\/a>.<\/li>\n<\/ul>\n","protected":false},"excerpt":{"rendered":"Od mre\u017eenja do sve\u017eih idej: odkrijte potencial COST akcij Univerzitetna slu\u017eba za raziskovalno dejavnost vabi na informativni dogodek \u00bbOd mre\u017eenja do sve\u017eih idej: odkrijte potencial COST akcij\u00ab, ki bo potekal v\u00a0torek, 19. maja 2026, od 10. ure dalje\u00a0v \u017eivo\u00a0v Centru Rog (Trubarjeva cesta 72, Univerzitetna soba, 2. nadstropje). Na dogodku bomo predstavili nov razpis za &#8230; <a class=\"view-article\" href=\"https:\/\/www.ntf.uni-lj.si\/ntf\/raziskovanje\/mednarodna-dejavnost\/\">Read more<\/a>","protected":false},"author":37,"featured_media":0,"parent":2412,"menu_order":1,"comment_status":"closed","ping_status":"closed","template":"","meta":[],"acf":[],"yoast_head":"<!-- This site is optimized with the Yoast SEO plugin v17.0 - https:\/\/yoast.com\/wordpress\/plugins\/seo\/ -->\n<meta name=\"robots\" content=\"index, follow, max-snippet:-1, max-image-preview:large, max-video-preview:-1\" \/>\n<link rel=\"canonical\" href=\"https:\/\/www.ntf.uni-lj.si\/ntf\/raziskovanje\/mednarodna-dejavnost\/\" \/>\n<meta property=\"og:locale\" content=\"en_US\" \/>\n<meta property=\"og:type\" content=\"article\" \/>\n<meta property=\"og:title\" content=\"Mednarodna dejavnost - NTF\" \/>\n<meta property=\"og:description\" content=\"Od mre\u017eenja do sve\u017eih idej: odkrijte potencial COST akcij Univerzitetna slu\u017eba za raziskovalno dejavnost vabi na informativni dogodek \u00bbOd mre\u017eenja do sve\u017eih idej: odkrijte potencial COST akcij\u00ab, ki bo potekal v\u00a0torek, 19. maja 2026, od 10. ure dalje\u00a0v \u017eivo\u00a0v Centru Rog (Trubarjeva cesta 72, Univerzitetna soba, 2. nadstropje). Na dogodku bomo predstavili nov razpis za ... Read more\" \/>\n<meta property=\"og:url\" content=\"https:\/\/www.ntf.uni-lj.si\/ntf\/raziskovanje\/mednarodna-dejavnost\/\" \/>\n<meta property=\"og:site_name\" content=\"NTF\" \/>\n<meta property=\"article:modified_time\" content=\"2026-04-21T07:52:26+00:00\" \/>\n<meta property=\"og:image\" content=\"https:\/\/www.ntf.uni-lj.si\/ntf\/wp-content\/uploads\/sites\/2\/2026\/04\/OC2026-infographic-scaled-1-212x300.jpg\" \/>\n<meta name=\"twitter:label1\" content=\"Est. reading time\" \/>\n\t<meta name=\"twitter:data1\" content=\"4 minutes\" \/>\n<script type=\"application\/ld+json\" class=\"yoast-schema-graph\">{\"@context\":\"https:\/\/schema.org\",\"@graph\":[{\"@type\":\"WebSite\",\"@id\":\"https:\/\/www.ntf.uni-lj.si\/ntf\/#website\",\"url\":\"https:\/\/www.ntf.uni-lj.si\/ntf\/\",\"name\":\"NTF\",\"description\":\"Naravoslovnotehni\\u0161ka fakulteta\",\"potentialAction\":[{\"@type\":\"SearchAction\",\"target\":{\"@type\":\"EntryPoint\",\"urlTemplate\":\"https:\/\/www.ntf.uni-lj.si\/ntf\/?s={search_term_string}\"},\"query-input\":\"required name=search_term_string\"}],\"inLanguage\":\"en-US\"},{\"@type\":\"ImageObject\",\"@id\":\"https:\/\/www.ntf.uni-lj.si\/ntf\/raziskovanje\/mednarodna-dejavnost\/#primaryimage\",\"inLanguage\":\"en-US\",\"url\":\"https:\/\/www.ntf.uni-lj.si\/ntf\/wp-content\/uploads\/sites\/2\/2026\/04\/OC2026-infographic-scaled-1-scaled.jpg\",\"contentUrl\":\"https:\/\/www.ntf.uni-lj.si\/ntf\/wp-content\/uploads\/sites\/2\/2026\/04\/OC2026-infographic-scaled-1-scaled.jpg\",\"width\":1808,\"height\":2560},{\"@type\":\"WebPage\",\"@id\":\"https:\/\/www.ntf.uni-lj.si\/ntf\/raziskovanje\/mednarodna-dejavnost\/#webpage\",\"url\":\"https:\/\/www.ntf.uni-lj.si\/ntf\/raziskovanje\/mednarodna-dejavnost\/\",\"name\":\"Mednarodna dejavnost - NTF\",\"isPartOf\":{\"@id\":\"https:\/\/www.ntf.uni-lj.si\/ntf\/#website\"},\"primaryImageOfPage\":{\"@id\":\"https:\/\/www.ntf.uni-lj.si\/ntf\/raziskovanje\/mednarodna-dejavnost\/#primaryimage\"},\"datePublished\":\"2026-03-31T11:14:59+00:00\",\"dateModified\":\"2026-04-21T07:52:26+00:00\",\"breadcrumb\":{\"@id\":\"https:\/\/www.ntf.uni-lj.si\/ntf\/raziskovanje\/mednarodna-dejavnost\/#breadcrumb\"},\"inLanguage\":\"en-US\",\"potentialAction\":[{\"@type\":\"ReadAction\",\"target\":[\"https:\/\/www.ntf.uni-lj.si\/ntf\/raziskovanje\/mednarodna-dejavnost\/\"]}]},{\"@type\":\"BreadcrumbList\",\"@id\":\"https:\/\/www.ntf.uni-lj.si\/ntf\/raziskovanje\/mednarodna-dejavnost\/#breadcrumb\",\"itemListElement\":[{\"@type\":\"ListItem\",\"position\":1,\"name\":\"Domov\",\"item\":\"https:\/\/www.ntf.uni-lj.si\/ntf\/\"},{\"@type\":\"ListItem\",\"position\":2,\"name\":\"Raziskovanje\",\"item\":\"https:\/\/www.ntf.uni-lj.si\/ntf\/raziskovanje\/\"},{\"@type\":\"ListItem\",\"position\":3,\"name\":\"Mednarodna dejavnost\"}]}]}<\/script>\n<!-- \/ Yoast SEO plugin. -->","yoast_head_json":{"robots":{"index":"index","follow":"follow","max-snippet":"max-snippet:-1","max-image-preview":"max-image-preview:large","max-video-preview":"max-video-preview:-1"},"canonical":"https:\/\/www.ntf.uni-lj.si\/ntf\/raziskovanje\/mednarodna-dejavnost\/","og_locale":"en_US","og_type":"article","og_title":"Mednarodna dejavnost - NTF","og_description":"Od mre\u017eenja do sve\u017eih idej: odkrijte potencial COST akcij Univerzitetna slu\u017eba za raziskovalno dejavnost vabi na informativni dogodek \u00bbOd mre\u017eenja do sve\u017eih idej: odkrijte potencial COST akcij\u00ab, ki bo potekal v\u00a0torek, 19. maja 2026, od 10. ure dalje\u00a0v \u017eivo\u00a0v Centru Rog (Trubarjeva cesta 72, Univerzitetna soba, 2. nadstropje). Na dogodku bomo predstavili nov razpis za ... Read more","og_url":"https:\/\/www.ntf.uni-lj.si\/ntf\/raziskovanje\/mednarodna-dejavnost\/","og_site_name":"NTF","article_modified_time":"2026-04-21T07:52:26+00:00","og_image":[{"url":"https:\/\/www.ntf.uni-lj.si\/ntf\/wp-content\/uploads\/sites\/2\/2026\/04\/OC2026-infographic-scaled-1-212x300.jpg"}],"twitter_misc":{"Est. reading time":"4 minutes"},"schema":{"@context":"https:\/\/schema.org","@graph":[{"@type":"WebSite","@id":"https:\/\/www.ntf.uni-lj.si\/ntf\/#website","url":"https:\/\/www.ntf.uni-lj.si\/ntf\/","name":"NTF","description":"Naravoslovnotehni\u0161ka fakulteta","potentialAction":[{"@type":"SearchAction","target":{"@type":"EntryPoint","urlTemplate":"https:\/\/www.ntf.uni-lj.si\/ntf\/?s={search_term_string}"},"query-input":"required name=search_term_string"}],"inLanguage":"en-US"},{"@type":"ImageObject","@id":"https:\/\/www.ntf.uni-lj.si\/ntf\/raziskovanje\/mednarodna-dejavnost\/#primaryimage","inLanguage":"en-US","url":"https:\/\/www.ntf.uni-lj.si\/ntf\/wp-content\/uploads\/sites\/2\/2026\/04\/OC2026-infographic-scaled-1-scaled.jpg","contentUrl":"https:\/\/www.ntf.uni-lj.si\/ntf\/wp-content\/uploads\/sites\/2\/2026\/04\/OC2026-infographic-scaled-1-scaled.jpg","width":1808,"height":2560},{"@type":"WebPage","@id":"https:\/\/www.ntf.uni-lj.si\/ntf\/raziskovanje\/mednarodna-dejavnost\/#webpage","url":"https:\/\/www.ntf.uni-lj.si\/ntf\/raziskovanje\/mednarodna-dejavnost\/","name":"Mednarodna dejavnost - NTF","isPartOf":{"@id":"https:\/\/www.ntf.uni-lj.si\/ntf\/#website"},"primaryImageOfPage":{"@id":"https:\/\/www.ntf.uni-lj.si\/ntf\/raziskovanje\/mednarodna-dejavnost\/#primaryimage"},"datePublished":"2026-03-31T11:14:59+00:00","dateModified":"2026-04-21T07:52:26+00:00","breadcrumb":{"@id":"https:\/\/www.ntf.uni-lj.si\/ntf\/raziskovanje\/mednarodna-dejavnost\/#breadcrumb"},"inLanguage":"en-US","potentialAction":[{"@type":"ReadAction","target":["https:\/\/www.ntf.uni-lj.si\/ntf\/raziskovanje\/mednarodna-dejavnost\/"]}]},{"@type":"BreadcrumbList","@id":"https:\/\/www.ntf.uni-lj.si\/ntf\/raziskovanje\/mednarodna-dejavnost\/#breadcrumb","itemListElement":[{"@type":"ListItem","position":1,"name":"Domov","item":"https:\/\/www.ntf.uni-lj.si\/ntf\/"},{"@type":"ListItem","position":2,"name":"Raziskovanje","item":"https:\/\/www.ntf.uni-lj.si\/ntf\/raziskovanje\/"},{"@type":"ListItem","position":3,"name":"Mednarodna dejavnost"}]}]}},"_links":{"self":[{"href":"https:\/\/www.ntf.uni-lj.si\/ntf\/wp-json\/wp\/v2\/pages\/32933"}],"collection":[{"href":"https:\/\/www.ntf.uni-lj.si\/ntf\/wp-json\/wp\/v2\/pages"}],"about":[{"href":"https:\/\/www.ntf.uni-lj.si\/ntf\/wp-json\/wp\/v2\/types\/page"}],"author":[{"embeddable":true,"href":"https:\/\/www.ntf.uni-lj.si\/ntf\/wp-json\/wp\/v2\/users\/37"}],"replies":[{"embeddable":true,"href":"https:\/\/www.ntf.uni-lj.si\/ntf\/wp-json\/wp\/v2\/comments?post=32933"}],"version-history":[{"count":16,"href":"https:\/\/www.ntf.uni-lj.si\/ntf\/wp-json\/wp\/v2\/pages\/32933\/revisions"}],"predecessor-version":[{"id":33142,"href":"https:\/\/www.ntf.uni-lj.si\/ntf\/wp-json\/wp\/v2\/pages\/32933\/revisions\/33142"}],"up":[{"embeddable":true,"href":"https:\/\/www.ntf.uni-lj.si\/ntf\/wp-json\/wp\/v2\/pages\/2412"}],"wp:attachment":[{"href":"https:\/\/www.ntf.uni-lj.si\/ntf\/wp-json\/wp\/v2\/media?parent=32933"}],"curies":[{"name":"wp","href":"https:\/\/api.w.org\/{rel}","templated":true}]}}