{"id":3905,"date":"2015-07-28T13:41:25","date_gmt":"2015-07-28T11:41:25","guid":{"rendered":"http:\/\/www.ntf.uni-lj.si\/ntf\/?page_id=3905"},"modified":"2025-08-25T09:38:40","modified_gmt":"2025-08-25T07:38:40","slug":"vpis-2-stopnja-in-3-stopnja","status":"publish","type":"page","link":"https:\/\/www.ntf.uni-lj.si\/ntf\/studij\/referat\/referat-mont\/vpis\/vpis-2-stopnja-in-3-stopnja\/","title":{"rendered":"Vpis na 2. in 3. stopnjo &#8211; navodila za prijavo v prvi in vi\u0161je letnike"},"content":{"rendered":"<h3>Vpisne informacije<\/h3>\n<p>Razpis za vpis na \u0161tudijske programe <strong>druge stopnje<\/strong> najdete na <a href=\"https:\/\/www.uni-lj.si\/studij\/prijavno-sprejemni-postopki\/magistrski\/\">tej strani<\/a>.<\/p>\n<p>Razpis za vpis na \u0161tudijske programe\u00a0<b>tretjo stopnje <\/b>\u00a0najdete na <a href=\"https:\/\/www.uni-lj.si\/studij\/doktorski\/razpis2122\">tej strani<\/a>.<\/p>\n<p><b>Rok za prijavo na drugo in tretjo stopnjo bo odprt do 1. septembra 2025.<\/b><\/p>\n<p><strong>Prijavo za vpis v prvi letnik <\/strong>magistrskega in doktorskega \u0161tudija (na tej strani najdete <a href=\"http:\/\/portal.evs.gov.si\/\">navodila za izpolnjevanje prijave)<\/a> oddate preko spletne strani eV\u0160: <a href=\"https:\/\/portal.evs.gov.si\/prijava\/\">http:\/\/portal.evs.gov.si\/prijava\/.<\/a><\/p>\n<p>Tam nalo\u017eite tudi vse zahtevane priloge. <strong>Ni\u010desar se ne po\u0161ilja ve\u010d fizi\u010dno po po\u0161ti.<\/strong><\/p>\n<p>Obvestilo o tem, ali ste sprejeti na \u017eeleni program in navodila za vpis boste prejeli najkasneje do 20. 9. 2025.<\/p>\n<p>Tehni\u010dna pomo\u010d za te\u017eave z digitalnim potrdilom in elektronskim podpisovanjem ter pomo\u010d pri te\u017eavah z izpolnjevanjem elektronske vloge: <a href=\"mailto:ekc@gov.si\">ekc@gov.si<\/a><\/p>\n<p><strong>Navodila za \u017ee vpisane \u0161tudente za vpis v vi\u0161je letnike \u0161tudija<\/strong>\u00a0najdete\u00a0v\u00a0nadaljevanju te strani.<\/p>\n<p>&nbsp;<\/p>\n","protected":false},"excerpt":{"rendered":"Vpisne informacije Razpis za vpis na \u0161tudijske programe druge stopnje najdete na tej strani. Razpis za vpis na \u0161tudijske programe\u00a0tretjo stopnje \u00a0najdete na tej strani. Rok za prijavo na drugo in tretjo stopnjo bo odprt do 1. septembra 2025. Prijavo za vpis v prvi letnik magistrskega in doktorskega \u0161tudija (na tej strani najdete navodila za &#8230; <a class=\"view-article\" href=\"https:\/\/www.ntf.uni-lj.si\/ntf\/studij\/referat\/referat-mont\/vpis\/vpis-2-stopnja-in-3-stopnja\/\">Read more<\/a>","protected":false},"author":34,"featured_media":0,"parent":632,"menu_order":396,"comment_status":"closed","ping_status":"closed","template":"","meta":[],"acf":[],"yoast_head":"<!-- This site is optimized with the Yoast SEO plugin v17.0 - https:\/\/yoast.com\/wordpress\/plugins\/seo\/ -->\n<meta name=\"robots\" content=\"index, follow, max-snippet:-1, max-image-preview:large, max-video-preview:-1\" \/>\n<link rel=\"canonical\" href=\"https:\/\/www.ntf.uni-lj.si\/ntf\/studij\/referat\/referat-mont\/vpis\/vpis-2-stopnja-in-3-stopnja\/\" \/>\n<meta property=\"og:locale\" content=\"en_US\" \/>\n<meta property=\"og:type\" content=\"article\" \/>\n<meta property=\"og:title\" content=\"Vpis na 2. in 3. stopnjo - navodila za prijavo v prvi in vi\u0161je letnike - NTF\" \/>\n<meta property=\"og:description\" content=\"Vpisne informacije Razpis za vpis na \u0161tudijske programe druge stopnje najdete na tej strani. Razpis za vpis na \u0161tudijske programe\u00a0tretjo stopnje \u00a0najdete na tej strani. Rok za prijavo na drugo in tretjo stopnjo bo odprt do 1. septembra 2025. Prijavo za vpis v prvi letnik magistrskega in doktorskega \u0161tudija (na tej strani najdete navodila za ... Read more\" \/>\n<meta property=\"og:url\" content=\"https:\/\/www.ntf.uni-lj.si\/ntf\/studij\/referat\/referat-mont\/vpis\/vpis-2-stopnja-in-3-stopnja\/\" \/>\n<meta property=\"og:site_name\" content=\"NTF\" \/>\n<meta property=\"article:modified_time\" content=\"2025-08-25T07:38:40+00:00\" \/>\n<meta name=\"twitter:label1\" content=\"Est. reading time\" \/>\n\t<meta name=\"twitter:data1\" content=\"1 minute\" \/>\n<script type=\"application\/ld+json\" class=\"yoast-schema-graph\">{\"@context\":\"https:\/\/schema.org\",\"@graph\":[{\"@type\":\"WebSite\",\"@id\":\"https:\/\/www.ntf.uni-lj.si\/ntf\/#website\",\"url\":\"https:\/\/www.ntf.uni-lj.si\/ntf\/\",\"name\":\"NTF\",\"description\":\"Naravoslovnotehni\\u0161ka fakulteta\",\"potentialAction\":[{\"@type\":\"SearchAction\",\"target\":{\"@type\":\"EntryPoint\",\"urlTemplate\":\"https:\/\/www.ntf.uni-lj.si\/ntf\/?s={search_term_string}\"},\"query-input\":\"required name=search_term_string\"}],\"inLanguage\":\"en-US\"},{\"@type\":\"WebPage\",\"@id\":\"https:\/\/www.ntf.uni-lj.si\/ntf\/studij\/referat\/referat-mont\/vpis\/vpis-2-stopnja-in-3-stopnja\/#webpage\",\"url\":\"https:\/\/www.ntf.uni-lj.si\/ntf\/studij\/referat\/referat-mont\/vpis\/vpis-2-stopnja-in-3-stopnja\/\",\"name\":\"Vpis na 2. in 3. stopnjo - navodila za prijavo v prvi in vi\\u0161je letnike - NTF\",\"isPartOf\":{\"@id\":\"https:\/\/www.ntf.uni-lj.si\/ntf\/#website\"},\"datePublished\":\"2015-07-28T11:41:25+00:00\",\"dateModified\":\"2025-08-25T07:38:40+00:00\",\"breadcrumb\":{\"@id\":\"https:\/\/www.ntf.uni-lj.si\/ntf\/studij\/referat\/referat-mont\/vpis\/vpis-2-stopnja-in-3-stopnja\/#breadcrumb\"},\"inLanguage\":\"en-US\",\"potentialAction\":[{\"@type\":\"ReadAction\",\"target\":[\"https:\/\/www.ntf.uni-lj.si\/ntf\/studij\/referat\/referat-mont\/vpis\/vpis-2-stopnja-in-3-stopnja\/\"]}]},{\"@type\":\"BreadcrumbList\",\"@id\":\"https:\/\/www.ntf.uni-lj.si\/ntf\/studij\/referat\/referat-mont\/vpis\/vpis-2-stopnja-in-3-stopnja\/#breadcrumb\",\"itemListElement\":[{\"@type\":\"ListItem\",\"position\":1,\"name\":\"Domov\",\"item\":\"https:\/\/www.ntf.uni-lj.si\/ntf\/\"},{\"@type\":\"ListItem\",\"position\":2,\"name\":\"\\u0160tudij\",\"item\":\"https:\/\/www.ntf.uni-lj.si\/ntf\/studij\/\"},{\"@type\":\"ListItem\",\"position\":3,\"name\":\"Referat\",\"item\":\"https:\/\/www.ntf.uni-lj.si\/ntf\/studij\/referat\/\"},{\"@type\":\"ListItem\",\"position\":4,\"name\":\"Referat MONT\",\"item\":\"https:\/\/www.ntf.uni-lj.si\/ntf\/studij\/referat\/referat-mont\/\"},{\"@type\":\"ListItem\",\"position\":5,\"name\":\"Vpis\",\"item\":\"https:\/\/www.ntf.uni-lj.si\/ntf\/studij\/referat\/referat-mont\/vpis\/\"},{\"@type\":\"ListItem\",\"position\":6,\"name\":\"Vpis na 2. in 3. stopnjo - navodila za prijavo v prvi in vi\\u0161je letnike\"}]}]}<\/script>\n<!-- \/ Yoast SEO plugin. -->","yoast_head_json":{"robots":{"index":"index","follow":"follow","max-snippet":"max-snippet:-1","max-image-preview":"max-image-preview:large","max-video-preview":"max-video-preview:-1"},"canonical":"https:\/\/www.ntf.uni-lj.si\/ntf\/studij\/referat\/referat-mont\/vpis\/vpis-2-stopnja-in-3-stopnja\/","og_locale":"en_US","og_type":"article","og_title":"Vpis na 2. in 3. stopnjo - navodila za prijavo v prvi in vi\u0161je letnike - NTF","og_description":"Vpisne informacije Razpis za vpis na \u0161tudijske programe druge stopnje najdete na tej strani. Razpis za vpis na \u0161tudijske programe\u00a0tretjo stopnje \u00a0najdete na tej strani. Rok za prijavo na drugo in tretjo stopnjo bo odprt do 1. septembra 2025. Prijavo za vpis v prvi letnik magistrskega in doktorskega \u0161tudija (na tej strani najdete navodila za ... Read more","og_url":"https:\/\/www.ntf.uni-lj.si\/ntf\/studij\/referat\/referat-mont\/vpis\/vpis-2-stopnja-in-3-stopnja\/","og_site_name":"NTF","article_modified_time":"2025-08-25T07:38:40+00:00","twitter_misc":{"Est. reading time":"1 minute"},"schema":{"@context":"https:\/\/schema.org","@graph":[{"@type":"WebSite","@id":"https:\/\/www.ntf.uni-lj.si\/ntf\/#website","url":"https:\/\/www.ntf.uni-lj.si\/ntf\/","name":"NTF","description":"Naravoslovnotehni\u0161ka fakulteta","potentialAction":[{"@type":"SearchAction","target":{"@type":"EntryPoint","urlTemplate":"https:\/\/www.ntf.uni-lj.si\/ntf\/?s={search_term_string}"},"query-input":"required name=search_term_string"}],"inLanguage":"en-US"},{"@type":"WebPage","@id":"https:\/\/www.ntf.uni-lj.si\/ntf\/studij\/referat\/referat-mont\/vpis\/vpis-2-stopnja-in-3-stopnja\/#webpage","url":"https:\/\/www.ntf.uni-lj.si\/ntf\/studij\/referat\/referat-mont\/vpis\/vpis-2-stopnja-in-3-stopnja\/","name":"Vpis na 2. in 3. stopnjo - navodila za prijavo v prvi in vi\u0161je letnike - NTF","isPartOf":{"@id":"https:\/\/www.ntf.uni-lj.si\/ntf\/#website"},"datePublished":"2015-07-28T11:41:25+00:00","dateModified":"2025-08-25T07:38:40+00:00","breadcrumb":{"@id":"https:\/\/www.ntf.uni-lj.si\/ntf\/studij\/referat\/referat-mont\/vpis\/vpis-2-stopnja-in-3-stopnja\/#breadcrumb"},"inLanguage":"en-US","potentialAction":[{"@type":"ReadAction","target":["https:\/\/www.ntf.uni-lj.si\/ntf\/studij\/referat\/referat-mont\/vpis\/vpis-2-stopnja-in-3-stopnja\/"]}]},{"@type":"BreadcrumbList","@id":"https:\/\/www.ntf.uni-lj.si\/ntf\/studij\/referat\/referat-mont\/vpis\/vpis-2-stopnja-in-3-stopnja\/#breadcrumb","itemListElement":[{"@type":"ListItem","position":1,"name":"Domov","item":"https:\/\/www.ntf.uni-lj.si\/ntf\/"},{"@type":"ListItem","position":2,"name":"\u0160tudij","item":"https:\/\/www.ntf.uni-lj.si\/ntf\/studij\/"},{"@type":"ListItem","position":3,"name":"Referat","item":"https:\/\/www.ntf.uni-lj.si\/ntf\/studij\/referat\/"},{"@type":"ListItem","position":4,"name":"Referat MONT","item":"https:\/\/www.ntf.uni-lj.si\/ntf\/studij\/referat\/referat-mont\/"},{"@type":"ListItem","position":5,"name":"Vpis","item":"https:\/\/www.ntf.uni-lj.si\/ntf\/studij\/referat\/referat-mont\/vpis\/"},{"@type":"ListItem","position":6,"name":"Vpis na 2. in 3. stopnjo - navodila za prijavo v prvi in vi\u0161je letnike"}]}]}},"_links":{"self":[{"href":"https:\/\/www.ntf.uni-lj.si\/ntf\/wp-json\/wp\/v2\/pages\/3905"}],"collection":[{"href":"https:\/\/www.ntf.uni-lj.si\/ntf\/wp-json\/wp\/v2\/pages"}],"about":[{"href":"https:\/\/www.ntf.uni-lj.si\/ntf\/wp-json\/wp\/v2\/types\/page"}],"author":[{"embeddable":true,"href":"https:\/\/www.ntf.uni-lj.si\/ntf\/wp-json\/wp\/v2\/users\/34"}],"replies":[{"embeddable":true,"href":"https:\/\/www.ntf.uni-lj.si\/ntf\/wp-json\/wp\/v2\/comments?post=3905"}],"version-history":[{"count":88,"href":"https:\/\/www.ntf.uni-lj.si\/ntf\/wp-json\/wp\/v2\/pages\/3905\/revisions"}],"predecessor-version":[{"id":30876,"href":"https:\/\/www.ntf.uni-lj.si\/ntf\/wp-json\/wp\/v2\/pages\/3905\/revisions\/30876"}],"up":[{"embeddable":true,"href":"https:\/\/www.ntf.uni-lj.si\/ntf\/wp-json\/wp\/v2\/pages\/632"}],"wp:attachment":[{"href":"https:\/\/www.ntf.uni-lj.si\/ntf\/wp-json\/wp\/v2\/media?parent=3905"}],"curies":[{"name":"wp","href":"https:\/\/api.w.org\/{rel}","templated":true}]}}