{"id":639,"date":"2015-04-03T09:19:53","date_gmt":"2015-04-03T09:19:53","guid":{"rendered":"http:\/\/www.ntf.uni-lj.si\/ntf\/?page_id=639"},"modified":"2026-02-03T09:31:22","modified_gmt":"2026-02-03T08:31:22","slug":"vpis-za-bruce","status":"publish","type":"page","link":"https:\/\/www.ntf.uni-lj.si\/ntf\/studij\/referat\/referat-mont\/vpis\/vpis-za-bruce\/","title":{"rendered":"Vpis na 1. stopnjo v 2026\/27"},"content":{"rendered":"<p>Na Naravoslovnotehni\u0161ki fakulteti izvajamo \u0161tudijske programe vseh treh bolonjskih stopenj. <strong>Ve\u010d informacij<\/strong> <strong>o \u0161tudijskih programih najdete v zavihkih<\/strong> <strong><a href=\"https:\/\/www.ntf.uni-lj.si\/ntf\/studij\/referat\/referat-mont\/1-stopnja\/\">prva<\/a><\/strong>, <strong><a href=\"https:\/\/www.ntf.uni-lj.si\/ntf\/studij\/referat\/referat-mont\/2-stopnja\/\">druga <\/a><\/strong>oz. <a href=\"https:\/\/www.ntf.uni-lj.si\/ntf\/studij\/referat\/referat-mont\/3-stopnja\/\"><strong>tretja<\/strong> <\/a>stopnja.<\/p>\n<p><strong>Navodila<\/strong> za prijavo in vpis na <strong>prvo stopnjo<\/strong> najdete v <strong>nadaljevanju te strani.<br \/>\n<\/strong><span style=\"color: #ff6600\"><strong>Pri izpolnjevanju prijave bodite pozorni, da izpolnjujete pogoje za vpis v \u0161tudijski program, saj se vam druga\u010de \u0161tudijska \u017eelja ne bo upo\u0161tevala!<\/strong><\/span><\/p>\n<p><strong>Navodila<\/strong> za prijavo in vpis na <strong>drugo in tretjo stopnjo<\/strong> najdete na <a href=\"https:\/\/www.ntf.uni-lj.si\/ntf\/studij\/referat\/referat-mont\/vpis\/vpis-2-stopnja-in-3-stopnja\/\">tej strani<\/a>.<\/p>\n<p><strong>Razpis<\/strong> Ministrstva za izobra\u017eevanje, znanost in \u0161port <strong>za prvo stopnjo<\/strong> za \u0161tudijsko leto 2026\/27 je <strong>objavljen<\/strong> na <strong><a href=\"https:\/\/www.gov.si\/zbirke\/javne-objave\/razpis-za-vpis-v-dodiplomske-in-enovite-magistrske-studijske-programe-v-studijskem-letu-2026-2027\/\" target=\"_blank\" rel=\"noopener noreferrer\">strani MIZ\u0160<\/a><\/strong>.<\/p>\n<p><strong>Prijavite se na <a href=\"https:\/\/portal.evs.gov.si\/prijava\/\" target=\"_blank\" rel=\"noopener noreferrer\">strani MIZ\u0160<\/a><\/strong> preko spletnega portala eV\u0161<strong>. <\/strong>Po uspe\u0161no zaklju\u010deni prijavi boste o tem dobili obvestilo na e- naslov, ki ste ga navedli ob prijavi.<br \/>\n<strong>Tehni\u010dna pomo\u010d<\/strong> za te\u017eave z digitalnim potrdilom in elektronskim podpisovanjem ter pomo\u010d pri te\u017eavah z izpolnjevanjem elektronske vloge: <a href=\"mailto:ekc@gov.si\">ekc@gov.si<\/a><\/p>\n<h2><strong>NAVODILA ZA VPIS<\/strong><\/h2>\n","protected":false},"excerpt":{"rendered":"Na Naravoslovnotehni\u0161ki fakulteti izvajamo \u0161tudijske programe vseh treh bolonjskih stopenj. Ve\u010d informacij o \u0161tudijskih programih najdete v zavihkih prva, druga oz. tretja stopnja. Navodila za prijavo in vpis na prvo stopnjo najdete v nadaljevanju te strani. Pri izpolnjevanju prijave bodite pozorni, da izpolnjujete pogoje za vpis v \u0161tudijski program, saj se vam druga\u010de \u0161tudijska \u017eelja &#8230; <a class=\"view-article\" href=\"https:\/\/www.ntf.uni-lj.si\/ntf\/studij\/referat\/referat-mont\/vpis\/vpis-za-bruce\/\">Read more<\/a>","protected":false},"author":15,"featured_media":0,"parent":632,"menu_order":395,"comment_status":"closed","ping_status":"closed","template":"","meta":[],"acf":[],"yoast_head":"<!-- This site is optimized with the Yoast SEO plugin v17.0 - https:\/\/yoast.com\/wordpress\/plugins\/seo\/ -->\n<meta name=\"robots\" content=\"index, follow, max-snippet:-1, max-image-preview:large, max-video-preview:-1\" \/>\n<link rel=\"canonical\" href=\"https:\/\/www.ntf.uni-lj.si\/ntf\/studij\/referat\/referat-mont\/vpis\/vpis-za-bruce\/\" \/>\n<meta property=\"og:locale\" content=\"en_US\" \/>\n<meta property=\"og:type\" content=\"article\" \/>\n<meta property=\"og:title\" content=\"Vpis na 1. stopnjo v 2026\/27 - NTF\" \/>\n<meta property=\"og:description\" content=\"Na Naravoslovnotehni\u0161ki fakulteti izvajamo \u0161tudijske programe vseh treh bolonjskih stopenj. Ve\u010d informacij o \u0161tudijskih programih najdete v zavihkih prva, druga oz. tretja stopnja. Navodila za prijavo in vpis na prvo stopnjo najdete v nadaljevanju te strani. Pri izpolnjevanju prijave bodite pozorni, da izpolnjujete pogoje za vpis v \u0161tudijski program, saj se vam druga\u010de \u0161tudijska \u017eelja ... Read more\" \/>\n<meta property=\"og:url\" content=\"https:\/\/www.ntf.uni-lj.si\/ntf\/studij\/referat\/referat-mont\/vpis\/vpis-za-bruce\/\" \/>\n<meta property=\"og:site_name\" content=\"NTF\" \/>\n<meta property=\"article:modified_time\" content=\"2026-02-03T08:31:22+00:00\" \/>\n<meta name=\"twitter:label1\" content=\"Est. reading time\" \/>\n\t<meta name=\"twitter:data1\" content=\"1 minute\" \/>\n<script type=\"application\/ld+json\" class=\"yoast-schema-graph\">{\"@context\":\"https:\/\/schema.org\",\"@graph\":[{\"@type\":\"WebSite\",\"@id\":\"https:\/\/www.ntf.uni-lj.si\/ntf\/#website\",\"url\":\"https:\/\/www.ntf.uni-lj.si\/ntf\/\",\"name\":\"NTF\",\"description\":\"Naravoslovnotehni\\u0161ka fakulteta\",\"potentialAction\":[{\"@type\":\"SearchAction\",\"target\":{\"@type\":\"EntryPoint\",\"urlTemplate\":\"https:\/\/www.ntf.uni-lj.si\/ntf\/?s={search_term_string}\"},\"query-input\":\"required name=search_term_string\"}],\"inLanguage\":\"en-US\"},{\"@type\":\"WebPage\",\"@id\":\"https:\/\/www.ntf.uni-lj.si\/ntf\/studij\/referat\/referat-mont\/vpis\/vpis-za-bruce\/#webpage\",\"url\":\"https:\/\/www.ntf.uni-lj.si\/ntf\/studij\/referat\/referat-mont\/vpis\/vpis-za-bruce\/\",\"name\":\"Vpis na 1. stopnjo v 2026\/27 - NTF\",\"isPartOf\":{\"@id\":\"https:\/\/www.ntf.uni-lj.si\/ntf\/#website\"},\"datePublished\":\"2015-04-03T09:19:53+00:00\",\"dateModified\":\"2026-02-03T08:31:22+00:00\",\"breadcrumb\":{\"@id\":\"https:\/\/www.ntf.uni-lj.si\/ntf\/studij\/referat\/referat-mont\/vpis\/vpis-za-bruce\/#breadcrumb\"},\"inLanguage\":\"en-US\",\"potentialAction\":[{\"@type\":\"ReadAction\",\"target\":[\"https:\/\/www.ntf.uni-lj.si\/ntf\/studij\/referat\/referat-mont\/vpis\/vpis-za-bruce\/\"]}]},{\"@type\":\"BreadcrumbList\",\"@id\":\"https:\/\/www.ntf.uni-lj.si\/ntf\/studij\/referat\/referat-mont\/vpis\/vpis-za-bruce\/#breadcrumb\",\"itemListElement\":[{\"@type\":\"ListItem\",\"position\":1,\"name\":\"Domov\",\"item\":\"https:\/\/www.ntf.uni-lj.si\/ntf\/\"},{\"@type\":\"ListItem\",\"position\":2,\"name\":\"\\u0160tudij\",\"item\":\"https:\/\/www.ntf.uni-lj.si\/ntf\/studij\/\"},{\"@type\":\"ListItem\",\"position\":3,\"name\":\"Referat\",\"item\":\"https:\/\/www.ntf.uni-lj.si\/ntf\/studij\/referat\/\"},{\"@type\":\"ListItem\",\"position\":4,\"name\":\"Referat MONT\",\"item\":\"https:\/\/www.ntf.uni-lj.si\/ntf\/studij\/referat\/referat-mont\/\"},{\"@type\":\"ListItem\",\"position\":5,\"name\":\"Vpis\",\"item\":\"https:\/\/www.ntf.uni-lj.si\/ntf\/studij\/referat\/referat-mont\/vpis\/\"},{\"@type\":\"ListItem\",\"position\":6,\"name\":\"Vpis na 1. stopnjo v 2026\/27\"}]}]}<\/script>\n<!-- \/ Yoast SEO plugin. -->","yoast_head_json":{"robots":{"index":"index","follow":"follow","max-snippet":"max-snippet:-1","max-image-preview":"max-image-preview:large","max-video-preview":"max-video-preview:-1"},"canonical":"https:\/\/www.ntf.uni-lj.si\/ntf\/studij\/referat\/referat-mont\/vpis\/vpis-za-bruce\/","og_locale":"en_US","og_type":"article","og_title":"Vpis na 1. stopnjo v 2026\/27 - NTF","og_description":"Na Naravoslovnotehni\u0161ki fakulteti izvajamo \u0161tudijske programe vseh treh bolonjskih stopenj. Ve\u010d informacij o \u0161tudijskih programih najdete v zavihkih prva, druga oz. tretja stopnja. Navodila za prijavo in vpis na prvo stopnjo najdete v nadaljevanju te strani. Pri izpolnjevanju prijave bodite pozorni, da izpolnjujete pogoje za vpis v \u0161tudijski program, saj se vam druga\u010de \u0161tudijska \u017eelja ... Read more","og_url":"https:\/\/www.ntf.uni-lj.si\/ntf\/studij\/referat\/referat-mont\/vpis\/vpis-za-bruce\/","og_site_name":"NTF","article_modified_time":"2026-02-03T08:31:22+00:00","twitter_misc":{"Est. reading time":"1 minute"},"schema":{"@context":"https:\/\/schema.org","@graph":[{"@type":"WebSite","@id":"https:\/\/www.ntf.uni-lj.si\/ntf\/#website","url":"https:\/\/www.ntf.uni-lj.si\/ntf\/","name":"NTF","description":"Naravoslovnotehni\u0161ka fakulteta","potentialAction":[{"@type":"SearchAction","target":{"@type":"EntryPoint","urlTemplate":"https:\/\/www.ntf.uni-lj.si\/ntf\/?s={search_term_string}"},"query-input":"required name=search_term_string"}],"inLanguage":"en-US"},{"@type":"WebPage","@id":"https:\/\/www.ntf.uni-lj.si\/ntf\/studij\/referat\/referat-mont\/vpis\/vpis-za-bruce\/#webpage","url":"https:\/\/www.ntf.uni-lj.si\/ntf\/studij\/referat\/referat-mont\/vpis\/vpis-za-bruce\/","name":"Vpis na 1. stopnjo v 2026\/27 - NTF","isPartOf":{"@id":"https:\/\/www.ntf.uni-lj.si\/ntf\/#website"},"datePublished":"2015-04-03T09:19:53+00:00","dateModified":"2026-02-03T08:31:22+00:00","breadcrumb":{"@id":"https:\/\/www.ntf.uni-lj.si\/ntf\/studij\/referat\/referat-mont\/vpis\/vpis-za-bruce\/#breadcrumb"},"inLanguage":"en-US","potentialAction":[{"@type":"ReadAction","target":["https:\/\/www.ntf.uni-lj.si\/ntf\/studij\/referat\/referat-mont\/vpis\/vpis-za-bruce\/"]}]},{"@type":"BreadcrumbList","@id":"https:\/\/www.ntf.uni-lj.si\/ntf\/studij\/referat\/referat-mont\/vpis\/vpis-za-bruce\/#breadcrumb","itemListElement":[{"@type":"ListItem","position":1,"name":"Domov","item":"https:\/\/www.ntf.uni-lj.si\/ntf\/"},{"@type":"ListItem","position":2,"name":"\u0160tudij","item":"https:\/\/www.ntf.uni-lj.si\/ntf\/studij\/"},{"@type":"ListItem","position":3,"name":"Referat","item":"https:\/\/www.ntf.uni-lj.si\/ntf\/studij\/referat\/"},{"@type":"ListItem","position":4,"name":"Referat MONT","item":"https:\/\/www.ntf.uni-lj.si\/ntf\/studij\/referat\/referat-mont\/"},{"@type":"ListItem","position":5,"name":"Vpis","item":"https:\/\/www.ntf.uni-lj.si\/ntf\/studij\/referat\/referat-mont\/vpis\/"},{"@type":"ListItem","position":6,"name":"Vpis na 1. stopnjo v 2026\/27"}]}]}},"_links":{"self":[{"href":"https:\/\/www.ntf.uni-lj.si\/ntf\/wp-json\/wp\/v2\/pages\/639"}],"collection":[{"href":"https:\/\/www.ntf.uni-lj.si\/ntf\/wp-json\/wp\/v2\/pages"}],"about":[{"href":"https:\/\/www.ntf.uni-lj.si\/ntf\/wp-json\/wp\/v2\/types\/page"}],"author":[{"embeddable":true,"href":"https:\/\/www.ntf.uni-lj.si\/ntf\/wp-json\/wp\/v2\/users\/15"}],"replies":[{"embeddable":true,"href":"https:\/\/www.ntf.uni-lj.si\/ntf\/wp-json\/wp\/v2\/comments?post=639"}],"version-history":[{"count":110,"href":"https:\/\/www.ntf.uni-lj.si\/ntf\/wp-json\/wp\/v2\/pages\/639\/revisions"}],"predecessor-version":[{"id":32340,"href":"https:\/\/www.ntf.uni-lj.si\/ntf\/wp-json\/wp\/v2\/pages\/639\/revisions\/32340"}],"up":[{"embeddable":true,"href":"https:\/\/www.ntf.uni-lj.si\/ntf\/wp-json\/wp\/v2\/pages\/632"}],"wp:attachment":[{"href":"https:\/\/www.ntf.uni-lj.si\/ntf\/wp-json\/wp\/v2\/media?parent=639"}],"curies":[{"name":"wp","href":"https:\/\/api.w.org\/{rel}","templated":true}]}}