{"id":645,"date":"2015-04-03T09:21:06","date_gmt":"2015-04-03T09:21:06","guid":{"rendered":"http:\/\/www.ntf.uni-lj.si\/ntf\/?page_id=645"},"modified":"2026-02-24T09:08:52","modified_gmt":"2026-02-24T08:08:52","slug":"vpis-v-visji-letnik","status":"publish","type":"page","link":"https:\/\/www.ntf.uni-lj.si\/ntf\/studij\/referat\/referat-mont\/vpis\/vpis-v-visji-letnik\/","title":{"rendered":"Vpis v \u0161tudijskem letu 2026\/27 za \u0161tudente vi\u0161jih letnikov prve stopnje"},"content":{"rendered":"<h3><strong>Na tej strani najdete navodila za vpis v \u0161tudijsko leto 2026\/27.<\/strong><\/h3>\n","protected":false},"excerpt":{"rendered":"Na tej strani najdete navodila za vpis v \u0161tudijsko leto 2026\/27.","protected":false},"author":15,"featured_media":0,"parent":632,"menu_order":399,"comment_status":"closed","ping_status":"closed","template":"","meta":[],"acf":[],"yoast_head":"<!-- This site is optimized with the Yoast SEO plugin v17.0 - https:\/\/yoast.com\/wordpress\/plugins\/seo\/ -->\n<meta name=\"robots\" content=\"index, follow, max-snippet:-1, max-image-preview:large, max-video-preview:-1\" \/>\n<link rel=\"canonical\" href=\"https:\/\/www.ntf.uni-lj.si\/ntf\/studij\/referat\/referat-mont\/vpis\/vpis-v-visji-letnik\/\" \/>\n<meta property=\"og:locale\" content=\"en_US\" \/>\n<meta property=\"og:type\" content=\"article\" \/>\n<meta property=\"og:title\" content=\"Vpis v \u0161tudijskem letu 2026\/27 za \u0161tudente vi\u0161jih letnikov prve stopnje - NTF\" \/>\n<meta property=\"og:description\" content=\"Na tej strani najdete navodila za vpis v \u0161tudijsko leto 2026\/27.\" \/>\n<meta property=\"og:url\" content=\"https:\/\/www.ntf.uni-lj.si\/ntf\/studij\/referat\/referat-mont\/vpis\/vpis-v-visji-letnik\/\" \/>\n<meta property=\"og:site_name\" content=\"NTF\" \/>\n<meta property=\"article:modified_time\" content=\"2026-02-24T08:08:52+00:00\" \/>\n<script type=\"application\/ld+json\" class=\"yoast-schema-graph\">{\"@context\":\"https:\/\/schema.org\",\"@graph\":[{\"@type\":\"WebSite\",\"@id\":\"https:\/\/www.ntf.uni-lj.si\/ntf\/#website\",\"url\":\"https:\/\/www.ntf.uni-lj.si\/ntf\/\",\"name\":\"NTF\",\"description\":\"Naravoslovnotehni\\u0161ka fakulteta\",\"potentialAction\":[{\"@type\":\"SearchAction\",\"target\":{\"@type\":\"EntryPoint\",\"urlTemplate\":\"https:\/\/www.ntf.uni-lj.si\/ntf\/?s={search_term_string}\"},\"query-input\":\"required name=search_term_string\"}],\"inLanguage\":\"en-US\"},{\"@type\":\"WebPage\",\"@id\":\"https:\/\/www.ntf.uni-lj.si\/ntf\/studij\/referat\/referat-mont\/vpis\/vpis-v-visji-letnik\/#webpage\",\"url\":\"https:\/\/www.ntf.uni-lj.si\/ntf\/studij\/referat\/referat-mont\/vpis\/vpis-v-visji-letnik\/\",\"name\":\"Vpis v \\u0161tudijskem letu 2026\/27 za \\u0161tudente vi\\u0161jih letnikov prve stopnje - NTF\",\"isPartOf\":{\"@id\":\"https:\/\/www.ntf.uni-lj.si\/ntf\/#website\"},\"datePublished\":\"2015-04-03T09:21:06+00:00\",\"dateModified\":\"2026-02-24T08:08:52+00:00\",\"breadcrumb\":{\"@id\":\"https:\/\/www.ntf.uni-lj.si\/ntf\/studij\/referat\/referat-mont\/vpis\/vpis-v-visji-letnik\/#breadcrumb\"},\"inLanguage\":\"en-US\",\"potentialAction\":[{\"@type\":\"ReadAction\",\"target\":[\"https:\/\/www.ntf.uni-lj.si\/ntf\/studij\/referat\/referat-mont\/vpis\/vpis-v-visji-letnik\/\"]}]},{\"@type\":\"BreadcrumbList\",\"@id\":\"https:\/\/www.ntf.uni-lj.si\/ntf\/studij\/referat\/referat-mont\/vpis\/vpis-v-visji-letnik\/#breadcrumb\",\"itemListElement\":[{\"@type\":\"ListItem\",\"position\":1,\"name\":\"Domov\",\"item\":\"https:\/\/www.ntf.uni-lj.si\/ntf\/\"},{\"@type\":\"ListItem\",\"position\":2,\"name\":\"\\u0160tudij\",\"item\":\"https:\/\/www.ntf.uni-lj.si\/ntf\/studij\/\"},{\"@type\":\"ListItem\",\"position\":3,\"name\":\"Referat\",\"item\":\"https:\/\/www.ntf.uni-lj.si\/ntf\/studij\/referat\/\"},{\"@type\":\"ListItem\",\"position\":4,\"name\":\"Referat MONT\",\"item\":\"https:\/\/www.ntf.uni-lj.si\/ntf\/studij\/referat\/referat-mont\/\"},{\"@type\":\"ListItem\",\"position\":5,\"name\":\"Vpis\",\"item\":\"https:\/\/www.ntf.uni-lj.si\/ntf\/studij\/referat\/referat-mont\/vpis\/\"},{\"@type\":\"ListItem\",\"position\":6,\"name\":\"Vpis v \\u0161tudijskem letu 2026\/27 za \\u0161tudente vi\\u0161jih letnikov prve stopnje\"}]}]}<\/script>\n<!-- \/ Yoast SEO plugin. -->","yoast_head_json":{"robots":{"index":"index","follow":"follow","max-snippet":"max-snippet:-1","max-image-preview":"max-image-preview:large","max-video-preview":"max-video-preview:-1"},"canonical":"https:\/\/www.ntf.uni-lj.si\/ntf\/studij\/referat\/referat-mont\/vpis\/vpis-v-visji-letnik\/","og_locale":"en_US","og_type":"article","og_title":"Vpis v \u0161tudijskem letu 2026\/27 za \u0161tudente vi\u0161jih letnikov prve stopnje - NTF","og_description":"Na tej strani najdete navodila za vpis v \u0161tudijsko leto 2026\/27.","og_url":"https:\/\/www.ntf.uni-lj.si\/ntf\/studij\/referat\/referat-mont\/vpis\/vpis-v-visji-letnik\/","og_site_name":"NTF","article_modified_time":"2026-02-24T08:08:52+00:00","schema":{"@context":"https:\/\/schema.org","@graph":[{"@type":"WebSite","@id":"https:\/\/www.ntf.uni-lj.si\/ntf\/#website","url":"https:\/\/www.ntf.uni-lj.si\/ntf\/","name":"NTF","description":"Naravoslovnotehni\u0161ka fakulteta","potentialAction":[{"@type":"SearchAction","target":{"@type":"EntryPoint","urlTemplate":"https:\/\/www.ntf.uni-lj.si\/ntf\/?s={search_term_string}"},"query-input":"required name=search_term_string"}],"inLanguage":"en-US"},{"@type":"WebPage","@id":"https:\/\/www.ntf.uni-lj.si\/ntf\/studij\/referat\/referat-mont\/vpis\/vpis-v-visji-letnik\/#webpage","url":"https:\/\/www.ntf.uni-lj.si\/ntf\/studij\/referat\/referat-mont\/vpis\/vpis-v-visji-letnik\/","name":"Vpis v \u0161tudijskem letu 2026\/27 za \u0161tudente vi\u0161jih letnikov prve stopnje - NTF","isPartOf":{"@id":"https:\/\/www.ntf.uni-lj.si\/ntf\/#website"},"datePublished":"2015-04-03T09:21:06+00:00","dateModified":"2026-02-24T08:08:52+00:00","breadcrumb":{"@id":"https:\/\/www.ntf.uni-lj.si\/ntf\/studij\/referat\/referat-mont\/vpis\/vpis-v-visji-letnik\/#breadcrumb"},"inLanguage":"en-US","potentialAction":[{"@type":"ReadAction","target":["https:\/\/www.ntf.uni-lj.si\/ntf\/studij\/referat\/referat-mont\/vpis\/vpis-v-visji-letnik\/"]}]},{"@type":"BreadcrumbList","@id":"https:\/\/www.ntf.uni-lj.si\/ntf\/studij\/referat\/referat-mont\/vpis\/vpis-v-visji-letnik\/#breadcrumb","itemListElement":[{"@type":"ListItem","position":1,"name":"Domov","item":"https:\/\/www.ntf.uni-lj.si\/ntf\/"},{"@type":"ListItem","position":2,"name":"\u0160tudij","item":"https:\/\/www.ntf.uni-lj.si\/ntf\/studij\/"},{"@type":"ListItem","position":3,"name":"Referat","item":"https:\/\/www.ntf.uni-lj.si\/ntf\/studij\/referat\/"},{"@type":"ListItem","position":4,"name":"Referat MONT","item":"https:\/\/www.ntf.uni-lj.si\/ntf\/studij\/referat\/referat-mont\/"},{"@type":"ListItem","position":5,"name":"Vpis","item":"https:\/\/www.ntf.uni-lj.si\/ntf\/studij\/referat\/referat-mont\/vpis\/"},{"@type":"ListItem","position":6,"name":"Vpis v \u0161tudijskem letu 2026\/27 za \u0161tudente vi\u0161jih letnikov prve stopnje"}]}]}},"_links":{"self":[{"href":"https:\/\/www.ntf.uni-lj.si\/ntf\/wp-json\/wp\/v2\/pages\/645"}],"collection":[{"href":"https:\/\/www.ntf.uni-lj.si\/ntf\/wp-json\/wp\/v2\/pages"}],"about":[{"href":"https:\/\/www.ntf.uni-lj.si\/ntf\/wp-json\/wp\/v2\/types\/page"}],"author":[{"embeddable":true,"href":"https:\/\/www.ntf.uni-lj.si\/ntf\/wp-json\/wp\/v2\/users\/15"}],"replies":[{"embeddable":true,"href":"https:\/\/www.ntf.uni-lj.si\/ntf\/wp-json\/wp\/v2\/comments?post=645"}],"version-history":[{"count":88,"href":"https:\/\/www.ntf.uni-lj.si\/ntf\/wp-json\/wp\/v2\/pages\/645\/revisions"}],"predecessor-version":[{"id":32519,"href":"https:\/\/www.ntf.uni-lj.si\/ntf\/wp-json\/wp\/v2\/pages\/645\/revisions\/32519"}],"up":[{"embeddable":true,"href":"https:\/\/www.ntf.uni-lj.si\/ntf\/wp-json\/wp\/v2\/pages\/632"}],"wp:attachment":[{"href":"https:\/\/www.ntf.uni-lj.si\/ntf\/wp-json\/wp\/v2\/media?parent=645"}],"curies":[{"name":"wp","href":"https:\/\/api.w.org\/{rel}","templated":true}]}}