{"id":6602,"date":"2016-12-01T10:04:59","date_gmt":"2016-12-01T09:04:59","guid":{"rendered":"http:\/\/www.ntf.uni-lj.si\/ntf\/?page_id=6602"},"modified":"2026-01-13T11:06:01","modified_gmt":"2026-01-13T10:06:01","slug":"mednarodna-izmenjava","status":"publish","type":"page","link":"https:\/\/www.ntf.uni-lj.si\/ntf\/studij\/mednarodna-izmenjava\/","title":{"rendered":"Mednarodna izmenjava"},"content":{"rendered":"<p><a href=\"https:\/\/erasmus-plus.ec.europa.eu\/opportunities\/opportunities-for-individuals\"><img loading=\"lazy\" class=\" wp-image-20067 aligncenter\" src=\"https:\/\/www.ntf.uni-lj.si\/ntf\/wp-content\/uploads\/sites\/2\/2022\/01\/erasmus--300x191.jpg\" alt=\"\" width=\"425\" height=\"271\" srcset=\"https:\/\/www.ntf.uni-lj.si\/ntf\/wp-content\/uploads\/sites\/2\/2022\/01\/erasmus--300x191.jpg 300w, https:\/\/www.ntf.uni-lj.si\/ntf\/wp-content\/uploads\/sites\/2\/2022\/01\/erasmus--768x488.jpg 768w, https:\/\/www.ntf.uni-lj.si\/ntf\/wp-content\/uploads\/sites\/2\/2022\/01\/erasmus-.jpg 850w\" sizes=\"(max-width: 425px) 100vw, 425px\" \/><\/a><\/p>\n<p><strong>Mednarodne izmenjave<\/strong><\/p>\n<p>Mednarodne izmenjave so namenjene tako \u0161tudentom, kot tudi predavateljem in strokovnim sodelavcem zaposlenim na fakulteti.<\/p>\n<p><strong><a href=\"https:\/\/www.cmepius.si\/mednarodno-sodelovanje\/moznosti-sodelovanja\/erasmus\/\">ERASMUS+ <\/a><\/strong>program omogo\u010da \u0161tudentu, da del rednih \u0161tudijskih obveznosti (vklju\u010dujo\u010d pripravo diplomskih, magistrskih ali doktorskih nalog) namesto na mati\u010dni fakulteti opravi na partnerski instituciji v tujini ali pa opravljanje prakse v podjetjih in ostalih institucijah v tujini. Sodelujo\u010de dr\u017eave Erasmus+ so dr\u017eave \u010dlanice Evropske unije, Islandija, Liechtenstein, Norve\u0161ka, Tur\u010dija, Severna Makedonija in Srbija.<\/p>\n<p><strong><a href=\"https:\/\/www.cmepius.si\/mednarodno-sodelovanje\/moznosti-sodelovanja\/ceepus\/\">CEEPUS <\/a><\/strong>mre\u017ee pa omogo\u010dajo mednarodno mobilnost \u0161tudentov in profesorjev ter skupne projekte mednarodnega sodelovanja v dr\u017eavah srednje in vzhodne Evrope (Albanija, Avstrija, Bolgarija, Bosna in Hercegovina, \u010ce\u0161ka, \u010crna gora, Hrva\u0161ka, Kosovo, Mad\u017earska, Severna Makedonija, Moldavija, Poljska, Romunija, Slova\u0161ka, Slovenija in Srbija).<\/p>\n<p>Ve\u010d informacij o mednarodnem sodelovanju in izmenjavah najdete tudi na spletni strani <a href=\"https:\/\/www.uni-lj.si\/mednarodno_sodelovanje_in_izmenjave\/\">Univerze v Ljubljani<\/a>.<\/p>\n<p><a href=\"https:\/\/www.uni-lj.si\/mednarodno_sodelovanje_in_izmenjave\/erasmus_plus_mobilnost_studentov_za_studij\/pogosta_vprasanja_in_odgovori\/\">Tukaj<\/a> najdete odgovore na najpogostej\u0161a vpra\u0161anja glede mobilnosti za \u0161tudij.<\/p>\n<p>Na <a href=\"https:\/\/www.uni-lj.si\/mednarodno_sodelovanje_in_izmenjave\/erasmus_kratkotrajne_mobilnosti_doktorskih_studentov\/pogosta_vprasanja_in_odgovori\/\">tej strani<\/a> najdete odgovore na najpogostej\u0161a vpra\u0161anja v zvezi s kratkoro\u010dnimi doktorskimi mobilnostmi.<\/p>\n<p>Strategija internacionalizacije Univerze v Ljubljani se nahaja na\u00a0<a href=\"https:\/\/www.uni-lj.si\/o_univerzi_v_ljubljani\/strategija_ul\/\">tej strani<\/a>.<\/p>\n<p><strong>Koordinatorka programa Erasmus+ in CEEPUS na Naravoslovnotehni\u0161ki fakulteti:<\/strong><\/p>\n<p>Tadeja de Queiroz Santos<br \/>\nE-po\u0161ta: <a href=\"mailto:tadeja.dequeirozsantos@ntf.uni-lj.si\">tadeja.dequeirozsantos@ntf.uni-lj.si<\/a><br \/>\nTel.: 01\/20 03 216<\/p>\n","protected":false},"excerpt":{"rendered":"Mednarodne izmenjave Mednarodne izmenjave so namenjene tako \u0161tudentom, kot tudi predavateljem in strokovnim sodelavcem zaposlenim na fakulteti. ERASMUS+ program omogo\u010da \u0161tudentu, da del rednih \u0161tudijskih obveznosti (vklju\u010dujo\u010d pripravo diplomskih, magistrskih ali doktorskih nalog) namesto na mati\u010dni fakulteti opravi na partnerski instituciji v tujini ali pa opravljanje prakse v podjetjih in ostalih institucijah v tujini. Sodelujo\u010de &#8230; <a class=\"view-article\" href=\"https:\/\/www.ntf.uni-lj.si\/ntf\/studij\/mednarodna-izmenjava\/\">Read more<\/a>","protected":false},"author":21,"featured_media":0,"parent":2224,"menu_order":201,"comment_status":"closed","ping_status":"closed","template":"","meta":[],"acf":[],"yoast_head":"<!-- This site is optimized with the Yoast SEO plugin v17.0 - https:\/\/yoast.com\/wordpress\/plugins\/seo\/ -->\n<meta name=\"robots\" content=\"index, follow, max-snippet:-1, max-image-preview:large, max-video-preview:-1\" \/>\n<link rel=\"canonical\" href=\"https:\/\/www.ntf.uni-lj.si\/ntf\/studij\/mednarodna-izmenjava\/\" \/>\n<meta property=\"og:locale\" content=\"en_US\" \/>\n<meta property=\"og:type\" content=\"article\" \/>\n<meta property=\"og:title\" content=\"Mednarodna izmenjava - NTF\" \/>\n<meta property=\"og:description\" content=\"Mednarodne izmenjave Mednarodne izmenjave so namenjene tako \u0161tudentom, kot tudi predavateljem in strokovnim sodelavcem zaposlenim na fakulteti. ERASMUS+ program omogo\u010da \u0161tudentu, da del rednih \u0161tudijskih obveznosti (vklju\u010dujo\u010d pripravo diplomskih, magistrskih ali doktorskih nalog) namesto na mati\u010dni fakulteti opravi na partnerski instituciji v tujini ali pa opravljanje prakse v podjetjih in ostalih institucijah v tujini. Sodelujo\u010de ... Read more\" \/>\n<meta property=\"og:url\" content=\"https:\/\/www.ntf.uni-lj.si\/ntf\/studij\/mednarodna-izmenjava\/\" \/>\n<meta property=\"og:site_name\" content=\"NTF\" \/>\n<meta property=\"article:modified_time\" content=\"2026-01-13T10:06:01+00:00\" \/>\n<meta property=\"og:image\" content=\"https:\/\/www.ntf.uni-lj.si\/ntf\/wp-content\/uploads\/sites\/2\/2022\/01\/erasmus--300x191.jpg\" \/>\n<meta name=\"twitter:label1\" content=\"Est. reading time\" \/>\n\t<meta name=\"twitter:data1\" content=\"1 minute\" \/>\n<script type=\"application\/ld+json\" class=\"yoast-schema-graph\">{\"@context\":\"https:\/\/schema.org\",\"@graph\":[{\"@type\":\"WebSite\",\"@id\":\"https:\/\/www.ntf.uni-lj.si\/ntf\/#website\",\"url\":\"https:\/\/www.ntf.uni-lj.si\/ntf\/\",\"name\":\"NTF\",\"description\":\"Naravoslovnotehni\\u0161ka fakulteta\",\"potentialAction\":[{\"@type\":\"SearchAction\",\"target\":{\"@type\":\"EntryPoint\",\"urlTemplate\":\"https:\/\/www.ntf.uni-lj.si\/ntf\/?s={search_term_string}\"},\"query-input\":\"required name=search_term_string\"}],\"inLanguage\":\"en-US\"},{\"@type\":\"ImageObject\",\"@id\":\"https:\/\/www.ntf.uni-lj.si\/ntf\/studij\/mednarodna-izmenjava\/#primaryimage\",\"inLanguage\":\"en-US\",\"url\":\"https:\/\/www.ntf.uni-lj.si\/ntf\/wp-content\/uploads\/sites\/2\/2022\/01\/erasmus-.jpg\",\"contentUrl\":\"https:\/\/www.ntf.uni-lj.si\/ntf\/wp-content\/uploads\/sites\/2\/2022\/01\/erasmus-.jpg\",\"width\":850,\"height\":540},{\"@type\":\"WebPage\",\"@id\":\"https:\/\/www.ntf.uni-lj.si\/ntf\/studij\/mednarodna-izmenjava\/#webpage\",\"url\":\"https:\/\/www.ntf.uni-lj.si\/ntf\/studij\/mednarodna-izmenjava\/\",\"name\":\"Mednarodna izmenjava - NTF\",\"isPartOf\":{\"@id\":\"https:\/\/www.ntf.uni-lj.si\/ntf\/#website\"},\"primaryImageOfPage\":{\"@id\":\"https:\/\/www.ntf.uni-lj.si\/ntf\/studij\/mednarodna-izmenjava\/#primaryimage\"},\"datePublished\":\"2016-12-01T09:04:59+00:00\",\"dateModified\":\"2026-01-13T10:06:01+00:00\",\"breadcrumb\":{\"@id\":\"https:\/\/www.ntf.uni-lj.si\/ntf\/studij\/mednarodna-izmenjava\/#breadcrumb\"},\"inLanguage\":\"en-US\",\"potentialAction\":[{\"@type\":\"ReadAction\",\"target\":[\"https:\/\/www.ntf.uni-lj.si\/ntf\/studij\/mednarodna-izmenjava\/\"]}]},{\"@type\":\"BreadcrumbList\",\"@id\":\"https:\/\/www.ntf.uni-lj.si\/ntf\/studij\/mednarodna-izmenjava\/#breadcrumb\",\"itemListElement\":[{\"@type\":\"ListItem\",\"position\":1,\"name\":\"Domov\",\"item\":\"https:\/\/www.ntf.uni-lj.si\/ntf\/\"},{\"@type\":\"ListItem\",\"position\":2,\"name\":\"\\u0160tudij\",\"item\":\"https:\/\/www.ntf.uni-lj.si\/ntf\/studij\/\"},{\"@type\":\"ListItem\",\"position\":3,\"name\":\"Mednarodna izmenjava\"}]}]}<\/script>\n<!-- \/ Yoast SEO plugin. -->","yoast_head_json":{"robots":{"index":"index","follow":"follow","max-snippet":"max-snippet:-1","max-image-preview":"max-image-preview:large","max-video-preview":"max-video-preview:-1"},"canonical":"https:\/\/www.ntf.uni-lj.si\/ntf\/studij\/mednarodna-izmenjava\/","og_locale":"en_US","og_type":"article","og_title":"Mednarodna izmenjava - NTF","og_description":"Mednarodne izmenjave Mednarodne izmenjave so namenjene tako \u0161tudentom, kot tudi predavateljem in strokovnim sodelavcem zaposlenim na fakulteti. ERASMUS+ program omogo\u010da \u0161tudentu, da del rednih \u0161tudijskih obveznosti (vklju\u010dujo\u010d pripravo diplomskih, magistrskih ali doktorskih nalog) namesto na mati\u010dni fakulteti opravi na partnerski instituciji v tujini ali pa opravljanje prakse v podjetjih in ostalih institucijah v tujini. Sodelujo\u010de ... Read more","og_url":"https:\/\/www.ntf.uni-lj.si\/ntf\/studij\/mednarodna-izmenjava\/","og_site_name":"NTF","article_modified_time":"2026-01-13T10:06:01+00:00","og_image":[{"url":"https:\/\/www.ntf.uni-lj.si\/ntf\/wp-content\/uploads\/sites\/2\/2022\/01\/erasmus--300x191.jpg"}],"twitter_misc":{"Est. reading time":"1 minute"},"schema":{"@context":"https:\/\/schema.org","@graph":[{"@type":"WebSite","@id":"https:\/\/www.ntf.uni-lj.si\/ntf\/#website","url":"https:\/\/www.ntf.uni-lj.si\/ntf\/","name":"NTF","description":"Naravoslovnotehni\u0161ka fakulteta","potentialAction":[{"@type":"SearchAction","target":{"@type":"EntryPoint","urlTemplate":"https:\/\/www.ntf.uni-lj.si\/ntf\/?s={search_term_string}"},"query-input":"required name=search_term_string"}],"inLanguage":"en-US"},{"@type":"ImageObject","@id":"https:\/\/www.ntf.uni-lj.si\/ntf\/studij\/mednarodna-izmenjava\/#primaryimage","inLanguage":"en-US","url":"https:\/\/www.ntf.uni-lj.si\/ntf\/wp-content\/uploads\/sites\/2\/2022\/01\/erasmus-.jpg","contentUrl":"https:\/\/www.ntf.uni-lj.si\/ntf\/wp-content\/uploads\/sites\/2\/2022\/01\/erasmus-.jpg","width":850,"height":540},{"@type":"WebPage","@id":"https:\/\/www.ntf.uni-lj.si\/ntf\/studij\/mednarodna-izmenjava\/#webpage","url":"https:\/\/www.ntf.uni-lj.si\/ntf\/studij\/mednarodna-izmenjava\/","name":"Mednarodna izmenjava - NTF","isPartOf":{"@id":"https:\/\/www.ntf.uni-lj.si\/ntf\/#website"},"primaryImageOfPage":{"@id":"https:\/\/www.ntf.uni-lj.si\/ntf\/studij\/mednarodna-izmenjava\/#primaryimage"},"datePublished":"2016-12-01T09:04:59+00:00","dateModified":"2026-01-13T10:06:01+00:00","breadcrumb":{"@id":"https:\/\/www.ntf.uni-lj.si\/ntf\/studij\/mednarodna-izmenjava\/#breadcrumb"},"inLanguage":"en-US","potentialAction":[{"@type":"ReadAction","target":["https:\/\/www.ntf.uni-lj.si\/ntf\/studij\/mednarodna-izmenjava\/"]}]},{"@type":"BreadcrumbList","@id":"https:\/\/www.ntf.uni-lj.si\/ntf\/studij\/mednarodna-izmenjava\/#breadcrumb","itemListElement":[{"@type":"ListItem","position":1,"name":"Domov","item":"https:\/\/www.ntf.uni-lj.si\/ntf\/"},{"@type":"ListItem","position":2,"name":"\u0160tudij","item":"https:\/\/www.ntf.uni-lj.si\/ntf\/studij\/"},{"@type":"ListItem","position":3,"name":"Mednarodna izmenjava"}]}]}},"_links":{"self":[{"href":"https:\/\/www.ntf.uni-lj.si\/ntf\/wp-json\/wp\/v2\/pages\/6602"}],"collection":[{"href":"https:\/\/www.ntf.uni-lj.si\/ntf\/wp-json\/wp\/v2\/pages"}],"about":[{"href":"https:\/\/www.ntf.uni-lj.si\/ntf\/wp-json\/wp\/v2\/types\/page"}],"author":[{"embeddable":true,"href":"https:\/\/www.ntf.uni-lj.si\/ntf\/wp-json\/wp\/v2\/users\/21"}],"replies":[{"embeddable":true,"href":"https:\/\/www.ntf.uni-lj.si\/ntf\/wp-json\/wp\/v2\/comments?post=6602"}],"version-history":[{"count":45,"href":"https:\/\/www.ntf.uni-lj.si\/ntf\/wp-json\/wp\/v2\/pages\/6602\/revisions"}],"predecessor-version":[{"id":32074,"href":"https:\/\/www.ntf.uni-lj.si\/ntf\/wp-json\/wp\/v2\/pages\/6602\/revisions\/32074"}],"up":[{"embeddable":true,"href":"https:\/\/www.ntf.uni-lj.si\/ntf\/wp-json\/wp\/v2\/pages\/2224"}],"wp:attachment":[{"href":"https:\/\/www.ntf.uni-lj.si\/ntf\/wp-json\/wp\/v2\/media?parent=6602"}],"curies":[{"name":"wp","href":"https:\/\/api.w.org\/{rel}","templated":true}]}}