{"id":663,"date":"2015-04-03T09:25:21","date_gmt":"2015-04-03T09:25:21","guid":{"rendered":"http:\/\/www.ntf.uni-lj.si\/ntf\/?page_id=663"},"modified":"2024-07-18T14:11:03","modified_gmt":"2024-07-18T12:11:03","slug":"bolonjski-programi","status":"publish","type":"page","link":"https:\/\/www.ntf.uni-lj.si\/ntf\/studij\/referat\/referat-mont\/bolonjski-programi\/","title":{"rendered":"Nadaljevanje in dokon\u010danje \u0161tudija"},"content":{"rendered":"<p><strong>DOKON\u010cANJE \u0160TUDIJA\u00a0<\/strong><\/p>\n<p>\u010ce sta minili ve\u010d kot dve leti, odkar je \u0161tudent prekinil \u0161tudij, mora v skladu s Statutom UL za nadaljevanje \u0161tudija vlo\u017eiti pro\u0161njo. Prekinitev \u0161tudija se ra\u010duna od dne, ko je \u0161tudent izgubil status \u0161tudenta. Obi\u010dajno je to 30. septembra.<\/p>\n<p><strong>OPIS POSTOPKA ZA DOKON\u010cANJE \u0160TUDIJA<\/strong><\/p>\n<ul>\n<li>Izpolnite obrazec\u00a0Pro\u0161nja_za_nadaljevanje_\u0161tudija_po_prekinitvi, ki ga najdete na koncu te strani<\/li>\n<li>Izpolnjen obrazec natisnite in podpi\u0161ite.<\/li>\n<li>Oddajte v referat ali priporo\u010deno po\u0161ljite na naslov:<\/li>\n<\/ul>\n<p>Naravoslovnotehni\u0161ka fakulteta<br \/>\n\u0160tudentski referat<br \/>\nA\u0161ker\u010deva cesta 12<br \/>\n1000 Ljubljana<\/p>\n<ul>\n<li>Vloge se obravnavajo enkrat mese\u010dno, sklep\u00a0o odobritvi boste prejeli na va\u0161 elektronski naslov v VIS-u.<\/li>\n<li>Poleg sklepa boste prejeli \u0161e polo\u017enico za pla\u010dilo le-tega (po ceniku UL). Potrdilo o pla\u010dilu sklepa po\u0161ljite kot priponko po elektronski po\u0161ti ali prinesite v referat, da uredimo dostop do VIS-a (Visoko\u0161olski informacijski sistem za prijavo ali odjavo od izpita, prijavo teme zaklju\u010dnega dela).<\/li>\n<\/ul>\n","protected":false},"excerpt":{"rendered":"DOKON\u010cANJE \u0160TUDIJA\u00a0 \u010ce sta minili ve\u010d kot dve leti, odkar je \u0161tudent prekinil \u0161tudij, mora v skladu s Statutom UL za nadaljevanje \u0161tudija vlo\u017eiti pro\u0161njo. Prekinitev \u0161tudija se ra\u010duna od dne, ko je \u0161tudent izgubil status \u0161tudenta. Obi\u010dajno je to 30. septembra. OPIS POSTOPKA ZA DOKON\u010cANJE \u0160TUDIJA Izpolnite obrazec\u00a0Pro\u0161nja_za_nadaljevanje_\u0161tudija_po_prekinitvi, ki ga najdete na koncu te &#8230; <a class=\"view-article\" href=\"https:\/\/www.ntf.uni-lj.si\/ntf\/studij\/referat\/referat-mont\/bolonjski-programi\/\">Read more<\/a>","protected":false},"author":15,"featured_media":0,"parent":414,"menu_order":346,"comment_status":"closed","ping_status":"closed","template":"","meta":[],"acf":[],"yoast_head":"<!-- This site is optimized with the Yoast SEO plugin v17.0 - https:\/\/yoast.com\/wordpress\/plugins\/seo\/ -->\n<meta name=\"robots\" content=\"index, follow, max-snippet:-1, max-image-preview:large, max-video-preview:-1\" \/>\n<link rel=\"canonical\" href=\"https:\/\/www.ntf.uni-lj.si\/ntf\/studij\/referat\/referat-mont\/bolonjski-programi\/\" \/>\n<meta property=\"og:locale\" content=\"en_US\" \/>\n<meta property=\"og:type\" content=\"article\" \/>\n<meta property=\"og:title\" content=\"Nadaljevanje in dokon\u010danje \u0161tudija - NTF\" \/>\n<meta property=\"og:description\" content=\"DOKON\u010cANJE \u0160TUDIJA\u00a0 \u010ce sta minili ve\u010d kot dve leti, odkar je \u0161tudent prekinil \u0161tudij, mora v skladu s Statutom UL za nadaljevanje \u0161tudija vlo\u017eiti pro\u0161njo. Prekinitev \u0161tudija se ra\u010duna od dne, ko je \u0161tudent izgubil status \u0161tudenta. Obi\u010dajno je to 30. septembra. OPIS POSTOPKA ZA DOKON\u010cANJE \u0160TUDIJA Izpolnite obrazec\u00a0Pro\u0161nja_za_nadaljevanje_\u0161tudija_po_prekinitvi, ki ga najdete na koncu te ... Read more\" \/>\n<meta property=\"og:url\" content=\"https:\/\/www.ntf.uni-lj.si\/ntf\/studij\/referat\/referat-mont\/bolonjski-programi\/\" \/>\n<meta property=\"og:site_name\" content=\"NTF\" \/>\n<meta property=\"article:modified_time\" content=\"2024-07-18T12:11:03+00:00\" \/>\n<meta name=\"twitter:label1\" content=\"Est. reading time\" \/>\n\t<meta name=\"twitter:data1\" content=\"1 minute\" \/>\n<script type=\"application\/ld+json\" class=\"yoast-schema-graph\">{\"@context\":\"https:\/\/schema.org\",\"@graph\":[{\"@type\":\"WebSite\",\"@id\":\"https:\/\/www.ntf.uni-lj.si\/ntf\/#website\",\"url\":\"https:\/\/www.ntf.uni-lj.si\/ntf\/\",\"name\":\"NTF\",\"description\":\"Naravoslovnotehni\\u0161ka fakulteta\",\"potentialAction\":[{\"@type\":\"SearchAction\",\"target\":{\"@type\":\"EntryPoint\",\"urlTemplate\":\"https:\/\/www.ntf.uni-lj.si\/ntf\/?s={search_term_string}\"},\"query-input\":\"required name=search_term_string\"}],\"inLanguage\":\"en-US\"},{\"@type\":\"WebPage\",\"@id\":\"https:\/\/www.ntf.uni-lj.si\/ntf\/studij\/referat\/referat-mont\/bolonjski-programi\/#webpage\",\"url\":\"https:\/\/www.ntf.uni-lj.si\/ntf\/studij\/referat\/referat-mont\/bolonjski-programi\/\",\"name\":\"Nadaljevanje in dokon\\u010danje \\u0161tudija - NTF\",\"isPartOf\":{\"@id\":\"https:\/\/www.ntf.uni-lj.si\/ntf\/#website\"},\"datePublished\":\"2015-04-03T09:25:21+00:00\",\"dateModified\":\"2024-07-18T12:11:03+00:00\",\"breadcrumb\":{\"@id\":\"https:\/\/www.ntf.uni-lj.si\/ntf\/studij\/referat\/referat-mont\/bolonjski-programi\/#breadcrumb\"},\"inLanguage\":\"en-US\",\"potentialAction\":[{\"@type\":\"ReadAction\",\"target\":[\"https:\/\/www.ntf.uni-lj.si\/ntf\/studij\/referat\/referat-mont\/bolonjski-programi\/\"]}]},{\"@type\":\"BreadcrumbList\",\"@id\":\"https:\/\/www.ntf.uni-lj.si\/ntf\/studij\/referat\/referat-mont\/bolonjski-programi\/#breadcrumb\",\"itemListElement\":[{\"@type\":\"ListItem\",\"position\":1,\"name\":\"Domov\",\"item\":\"https:\/\/www.ntf.uni-lj.si\/ntf\/\"},{\"@type\":\"ListItem\",\"position\":2,\"name\":\"\\u0160tudij\",\"item\":\"https:\/\/www.ntf.uni-lj.si\/ntf\/studij\/\"},{\"@type\":\"ListItem\",\"position\":3,\"name\":\"Referat\",\"item\":\"https:\/\/www.ntf.uni-lj.si\/ntf\/studij\/referat\/\"},{\"@type\":\"ListItem\",\"position\":4,\"name\":\"Referat MONT\",\"item\":\"https:\/\/www.ntf.uni-lj.si\/ntf\/studij\/referat\/referat-mont\/\"},{\"@type\":\"ListItem\",\"position\":5,\"name\":\"Nadaljevanje in dokon\\u010danje \\u0161tudija\"}]}]}<\/script>\n<!-- \/ Yoast SEO plugin. -->","yoast_head_json":{"robots":{"index":"index","follow":"follow","max-snippet":"max-snippet:-1","max-image-preview":"max-image-preview:large","max-video-preview":"max-video-preview:-1"},"canonical":"https:\/\/www.ntf.uni-lj.si\/ntf\/studij\/referat\/referat-mont\/bolonjski-programi\/","og_locale":"en_US","og_type":"article","og_title":"Nadaljevanje in dokon\u010danje \u0161tudija - NTF","og_description":"DOKON\u010cANJE \u0160TUDIJA\u00a0 \u010ce sta minili ve\u010d kot dve leti, odkar je \u0161tudent prekinil \u0161tudij, mora v skladu s Statutom UL za nadaljevanje \u0161tudija vlo\u017eiti pro\u0161njo. Prekinitev \u0161tudija se ra\u010duna od dne, ko je \u0161tudent izgubil status \u0161tudenta. Obi\u010dajno je to 30. septembra. OPIS POSTOPKA ZA DOKON\u010cANJE \u0160TUDIJA Izpolnite obrazec\u00a0Pro\u0161nja_za_nadaljevanje_\u0161tudija_po_prekinitvi, ki ga najdete na koncu te ... Read more","og_url":"https:\/\/www.ntf.uni-lj.si\/ntf\/studij\/referat\/referat-mont\/bolonjski-programi\/","og_site_name":"NTF","article_modified_time":"2024-07-18T12:11:03+00:00","twitter_misc":{"Est. reading time":"1 minute"},"schema":{"@context":"https:\/\/schema.org","@graph":[{"@type":"WebSite","@id":"https:\/\/www.ntf.uni-lj.si\/ntf\/#website","url":"https:\/\/www.ntf.uni-lj.si\/ntf\/","name":"NTF","description":"Naravoslovnotehni\u0161ka fakulteta","potentialAction":[{"@type":"SearchAction","target":{"@type":"EntryPoint","urlTemplate":"https:\/\/www.ntf.uni-lj.si\/ntf\/?s={search_term_string}"},"query-input":"required name=search_term_string"}],"inLanguage":"en-US"},{"@type":"WebPage","@id":"https:\/\/www.ntf.uni-lj.si\/ntf\/studij\/referat\/referat-mont\/bolonjski-programi\/#webpage","url":"https:\/\/www.ntf.uni-lj.si\/ntf\/studij\/referat\/referat-mont\/bolonjski-programi\/","name":"Nadaljevanje in dokon\u010danje \u0161tudija - NTF","isPartOf":{"@id":"https:\/\/www.ntf.uni-lj.si\/ntf\/#website"},"datePublished":"2015-04-03T09:25:21+00:00","dateModified":"2024-07-18T12:11:03+00:00","breadcrumb":{"@id":"https:\/\/www.ntf.uni-lj.si\/ntf\/studij\/referat\/referat-mont\/bolonjski-programi\/#breadcrumb"},"inLanguage":"en-US","potentialAction":[{"@type":"ReadAction","target":["https:\/\/www.ntf.uni-lj.si\/ntf\/studij\/referat\/referat-mont\/bolonjski-programi\/"]}]},{"@type":"BreadcrumbList","@id":"https:\/\/www.ntf.uni-lj.si\/ntf\/studij\/referat\/referat-mont\/bolonjski-programi\/#breadcrumb","itemListElement":[{"@type":"ListItem","position":1,"name":"Domov","item":"https:\/\/www.ntf.uni-lj.si\/ntf\/"},{"@type":"ListItem","position":2,"name":"\u0160tudij","item":"https:\/\/www.ntf.uni-lj.si\/ntf\/studij\/"},{"@type":"ListItem","position":3,"name":"Referat","item":"https:\/\/www.ntf.uni-lj.si\/ntf\/studij\/referat\/"},{"@type":"ListItem","position":4,"name":"Referat MONT","item":"https:\/\/www.ntf.uni-lj.si\/ntf\/studij\/referat\/referat-mont\/"},{"@type":"ListItem","position":5,"name":"Nadaljevanje in dokon\u010danje \u0161tudija"}]}]}},"_links":{"self":[{"href":"https:\/\/www.ntf.uni-lj.si\/ntf\/wp-json\/wp\/v2\/pages\/663"}],"collection":[{"href":"https:\/\/www.ntf.uni-lj.si\/ntf\/wp-json\/wp\/v2\/pages"}],"about":[{"href":"https:\/\/www.ntf.uni-lj.si\/ntf\/wp-json\/wp\/v2\/types\/page"}],"author":[{"embeddable":true,"href":"https:\/\/www.ntf.uni-lj.si\/ntf\/wp-json\/wp\/v2\/users\/15"}],"replies":[{"embeddable":true,"href":"https:\/\/www.ntf.uni-lj.si\/ntf\/wp-json\/wp\/v2\/comments?post=663"}],"version-history":[{"count":14,"href":"https:\/\/www.ntf.uni-lj.si\/ntf\/wp-json\/wp\/v2\/pages\/663\/revisions"}],"predecessor-version":[{"id":27646,"href":"https:\/\/www.ntf.uni-lj.si\/ntf\/wp-json\/wp\/v2\/pages\/663\/revisions\/27646"}],"up":[{"embeddable":true,"href":"https:\/\/www.ntf.uni-lj.si\/ntf\/wp-json\/wp\/v2\/pages\/414"}],"wp:attachment":[{"href":"https:\/\/www.ntf.uni-lj.si\/ntf\/wp-json\/wp\/v2\/media?parent=663"}],"curies":[{"name":"wp","href":"https:\/\/api.w.org\/{rel}","templated":true}]}}