{"id":6672,"date":"2016-12-16T14:06:05","date_gmt":"2016-12-16T13:06:05","guid":{"rendered":"http:\/\/www.ntf.uni-lj.si\/ntf\/?page_id=6672"},"modified":"2024-02-03T10:02:52","modified_gmt":"2024-02-03T09:02:52","slug":"student","status":"publish","type":"page","link":"https:\/\/www.ntf.uni-lj.si\/ntf\/studij\/mednarodna-izmenjava\/student\/","title":{"rendered":"\u0160tudent"},"content":{"rendered":"<h3><strong>Razpisi za \u0161tudij v tujini<\/strong><\/h3>\n<p>Preverite razpise (Ad futura) na <a href=\"https:\/\/www.srips-rs.si\/sl\/vsi-razpisi\/studenti?tag=studenti&amp;page=1\">Javni \u0161tipendijski, razvojni, invalidski in pre\u017eivninski sklad RS.<\/a><\/p>\n<p>Ve\u010d o Ad futura razpisih najdete <a href=\"https:\/\/www.srips-rs.si\/stipendije\/stipendije-ad-futura\">tukaj<\/a>.<\/p>\n<p>&nbsp;<\/p>\n<h3><strong>Aktualni razpisi in \u0161tipendiranje<\/strong><\/h3>\n<div class=\"notification\">\n<div class=\"date-wrap\">\n<div class=\"date \">\n<div class=\"num\">28<\/div>\n<div class=\"txt\">Nov<\/div>\n<\/div>\n<\/div>\n<div class=\"content\">\n<div class=\"title\"><a href=\"https:\/\/www.ntf.uni-lj.si\/ntf\/news\/stipendije-montauniversitat-leoben-in-2026-27\/\" class=\"\"><\/p>\n<h2>\u0160tipendije Montauniversit\u00e4t Leoben in 2026-27<\/h2>\n<p><\/a><small class=\"date-author\">28. 11. 2025, at 10.36<\/small><small class=\"date-author\">, written by Alenka \u0160alej Lah<\/small><\/div>\n<div class=\"text multisite-text\">Posredujemo informacije o \u0161tipendiji: The call for the\u00a0Best of South-East scholarship for the academic year 2026\/27\u00a0is still open. Best of South-East (BOSE) is a scholarship-program initiated by the\u00a0Steierm\u00e4rkische Sparkasse, and is a training and education program for talented and dedicated students from\u00a0Slovenia, Croatia, Bosnia &amp; Herzegovina, Serbia, Montenegro and North Macedonia. The scholarship program lasts ... <a class=\"view-article\" href=\"https:\/\/www.ntf.uni-lj.si\/ntf\/news\/stipendije-montauniversitat-leoben-in-2026-27\/\">Read more<\/a><\/div>\n<\/div>\n<div class=\"clearfix\"><\/div>\n<\/div>\n<div class=\"notification\">\n<div class=\"date-wrap\">\n<div class=\"date \">\n<div class=\"num\">19<\/div>\n<div class=\"txt\">Aug<\/div>\n<\/div>\n<\/div>\n<div class=\"content\">\n<div class=\"title\"><a href=\"https:\/\/www.ntf.uni-lj.si\/ntf\/news\/razpis-za-raziskovalne-stipendije-go-styria-za-poletni-semester-25-26\/\" class=\"\"><\/p>\n<h2>Razpis za raziskovalne \u0161tipendije Go Styria za poletni semester 2025\/2026<\/h2>\n<p><\/a><small class=\"date-author\">19. 8. 2025, at 11.12<\/small><small class=\"date-author\">, written by Alenka \u0160alej Lah<\/small><\/div>\n<div class=\"text multisite-text\">Odprt je razpis za raziskovalne \u0161tipendije Go Styria za poletni semester 25\/26, ki so namenjene \u0161tudentom 2. in 3. stopnje ter podoktorske raziskovalce za raziskovanje (maks. 4 mesece) na Univerzi v Grazu. GO STYRIA RESEARCH GRANT for summer semester 2026 \u2013 call open now! Go Styria is open for master and doctoral students as well ... <a class=\"view-article\" href=\"https:\/\/www.ntf.uni-lj.si\/ntf\/news\/razpis-za-raziskovalne-stipendije-go-styria-za-poletni-semester-25-26\/\">Read more<\/a><\/div>\n<\/div>\n<div class=\"clearfix\"><\/div>\n<\/div>\n<div class=\"notification\">\n<div class=\"date-wrap\">\n<div class=\"date \">\n<div class=\"num\">19<\/div>\n<div class=\"txt\">Aug<\/div>\n<\/div>\n<\/div>\n<div class=\"content\">\n<div class=\"title\"><a href=\"https:\/\/www.ntf.uni-lj.si\/ntf\/news\/razpis-stipendij-svicarske-vlade-za-studijsko-leto-2026-2027\/\" class=\"\"><\/p>\n<h2>Razpis \u0161tipendij \u0160vicarske vlade za \u0161tudijsko leto 2026\/2027<\/h2>\n<p><\/a><small class=\"date-author\">19. 8. 2025, at 11.06<\/small><small class=\"date-author\">, written by Alenka \u0160alej Lah<\/small><\/div>\n<div class=\"text multisite-text\">Obve\u0161\u010dam vas, da je odprt razpis \u0161tipendij \u0160vicarske vlade za \u0161tudijsko leto 2026\/27. Ve\u010d informacij najdete v razpisnih dokumentih: Swiss Government Excllence Scholarship offer for the academic year 2026-2027 Note Nr. 36. 2025 Copie &nbsp; &nbsp;<\/div>\n<\/div>\n<div class=\"clearfix\"><\/div>\n<\/div>\n<div class=\"notification\">\n<div class=\"date-wrap\">\n<div class=\"date \">\n<div class=\"num\">10<\/div>\n<div class=\"txt\">Jan<\/div>\n<\/div>\n<\/div>\n<div class=\"content\">\n<div class=\"title\"><a href=\"https:\/\/www.ntf.uni-lj.si\/ntf\/news\/razpis-studentskih-izmenjav-za-studijsko-leto-2025-26-s-konzorciji-univerz-aen-avstralija-maui-zda-in-reari-rj-brazilija\/\" class=\"\"><\/p>\n<h2>Razpis \u0161tudentskih izmenjav za \u0161tudijsko leto 2025-26 s konzorciji univerz AEN (Avstralija), MAUI (ZDA) in REARI-RJ (Brazilija)<\/h2>\n<p><\/a><small class=\"date-author\">10. 1. 2025, at 10.47<\/small><small class=\"date-author\">, written by Alenka \u0160alej Lah<\/small><\/div>\n<div class=\"text multisite-text\">Objavljeni so razpisi \u0161tudentskih izmenjav za \u0161tudijsko leto 2025-26 s konzorciji univerz AEN (Avstralija), MAUI (ZDA) in REARI-RJ (Brazilija). Rok za prijavo je 10.2.2025. Razpisi bodo \u0161e danes objavljeni tudi na spletni strani\u00a0https:\/\/www.uni-lj.si\/univerza\/javne-objave\u00a0. Prijave zbiramo v na\u0161i slu\u017ebi. Kontaktni elektronski naslov:\u00a0intern.office@uni-lj.si. Razpisi: Razpis_REARI-RJ_2025-26 Razpis_MAUI_2025-26 Razpis_AEN_2025-26 Prijave: Prijava REARI-RJ 2025-2026 Prijava MAUI 2025-2026 Prijava AEN 2025-2026 ... <a class=\"view-article\" href=\"https:\/\/www.ntf.uni-lj.si\/ntf\/news\/razpis-studentskih-izmenjav-za-studijsko-leto-2025-26-s-konzorciji-univerz-aen-avstralija-maui-zda-in-reari-rj-brazilija\/\">Read more<\/a><\/div>\n<\/div>\n<div class=\"clearfix\"><\/div>\n<\/div>\n<div class=\"notification\">\n<div class=\"date-wrap\">\n<div class=\"date \">\n<div class=\"num\">10<\/div>\n<div class=\"txt\">Jan<\/div>\n<\/div>\n<\/div>\n<div class=\"content\">\n<div class=\"title\"><a href=\"https:\/\/www.ntf.uni-lj.si\/ntf\/news\/stipendije-utrechtske-mreze-za-studente-in-mlade-raziskovalce-univerze-v-ljubljani-2025\/\" class=\"\"><\/p>\n<h2>\u0160tipendije Utrechtske mre\u017ee za \u0161tudente in  mlade raziskovalce Univerze v Ljubljani 2025<\/h2>\n<p><\/a><small class=\"date-author\">10. 1. 2025, at 10.41<\/small><small class=\"date-author\">, written by Alenka \u0160alej Lah<\/small><\/div>\n<div class=\"text multisite-text\">Tudi v prihajajo\u010dem letu Utrechtska mre\u017ea razpisuje \u0161tipendije za kratkoro\u010dne raziskovalne mobilnosti (na univerzah UN). \u0160tipendija se izklju\u010duje s \u0161tipendijami programa Erasmus+. \u0160TIPENDIJE UTRECHTSKE MRE\u017dE ZA \u0160TUDENTE IN \u00a0MLADE RAZISKOVALCE UNIVERZE V LJUBLJANI \u00a0Utrechtska mre\u017ea podeljuje 20 \u0161tipendij v vi\u0161ini 1200 \u20ac za kratkoro\u010dne raziskovalne mobilnosti, \u0161tudentom ali mladim raziskovalcem, ki niso upravi\u010deni do financiranja ... <a class=\"view-article\" href=\"https:\/\/www.ntf.uni-lj.si\/ntf\/news\/stipendije-utrechtske-mreze-za-studente-in-mlade-raziskovalce-univerze-v-ljubljani-2025\/\">Read more<\/a><\/div>\n<\/div>\n<div class=\"clearfix\"><\/div>\n<\/div>\n<div class=\"notification\">\n<div class=\"date-wrap\">\n<div class=\"date \">\n<div class=\"num\">10<\/div>\n<div class=\"txt\">Dec<\/div>\n<\/div>\n<\/div>\n<div class=\"content\">\n<div class=\"title\"><a href=\"https:\/\/www.ntf.uni-lj.si\/ntf\/news\/bose-stipendija-na-montanuniversitat-leoben-za-1-leto-odprt\/\" class=\"\"><\/p>\n<h2>BOSE \u0161tipendija na Montanuniversit\u00e4t Leoben za 1. leto- ODPRT<\/h2>\n<p><\/a><small class=\"date-author\">10. 12. 2024, at 10.43<\/small><small class=\"date-author\">, written by Alenka \u0160alej Lah<\/small><\/div>\n<div class=\"text multisite-text\">BOSE Scholarship for one year at Montanuniversit\u00e4t Leoben DEADLINE EXTENDED TO JANUARY 30 I would like to inform you that the application deadline for the Best of South-East scholarship for the academic year 2025\/26\u00a0is still open until\u00a0January 30, 2025.. Best of South-East (BOSE) is a scholarship-program initiated by the\u00a0Steierm\u00e4rkische Sparkasse, and is a training and ... <a class=\"view-article\" href=\"https:\/\/www.ntf.uni-lj.si\/ntf\/news\/bose-stipendija-na-montanuniversitat-leoben-za-1-leto-odprt\/\">Read more<\/a><\/div>\n<\/div>\n<div class=\"clearfix\"><\/div>\n<\/div>\n<div class=\"notification\">\n<div class=\"date-wrap\">\n<div class=\"date \">\n<div class=\"num\">10<\/div>\n<div class=\"txt\">Dec<\/div>\n<\/div>\n<\/div>\n<div class=\"content\">\n<div class=\"title\"><a href=\"https:\/\/www.ntf.uni-lj.si\/ntf\/news\/stipendije-likarjevega-sklada-na-tehniski-univerzi-munchen-tum-odprt-2\/\" class=\"\"><\/p>\n<h2>\u0160tipendije Likarjevega sklada na Tehni\u0161ki Univerzi M\u00fcnchen (TUM)- ODPRT<\/h2>\n<p><\/a><small class=\"date-author\">10. 12. 2024, at 10.35<\/small><small class=\"date-author\">, written by Alenka \u0160alej Lah<\/small><\/div>\n<div class=\"text multisite-text\">Odprt je razpis za \u0161tudij na Tehni\u0161ki Univerzi M\u00fcnchen (TUM) za \u0161olsko leto 2025\/2026. Letne \u0161tipendije se lahko podelijo za dobo najve\u010d 10 mesecev z mo\u017enostjo podalj\u0161anja v naslednjem \u0161tudijskem letu. Pri\u010detek \u0161tudija bo predvidoma v zimskem semestru (oktobra 2025). \u0160tipendije so namenjene vsem \u0161tudentom Univerze v Ljubljani za celotno podro\u010dje in\u017eenirskih znanosti na TUM. ... <a class=\"view-article\" href=\"https:\/\/www.ntf.uni-lj.si\/ntf\/news\/stipendije-likarjevega-sklada-na-tehniski-univerzi-munchen-tum-odprt-2\/\">Read more<\/a><\/div>\n<\/div>\n<div class=\"clearfix\"><\/div>\n<\/div>\n<div class=\"notification\">\n<div class=\"date-wrap\">\n<div class=\"date \">\n<div class=\"num\">3<\/div>\n<div class=\"txt\">Dec<\/div>\n<\/div>\n<\/div>\n<div class=\"content\">\n<div class=\"title\"><a href=\"https:\/\/www.ntf.uni-lj.si\/ntf\/news\/vabilo-na-geolosko-predavanje-in-predstavitev-sodelovanja-z-university-of-guam\/\" class=\"\"><\/p>\n<h2>Vabilo na geolo\u0161ko predavanje in predstavitev sodelovanja z University of Guam<\/h2>\n<p><\/a><small class=\"date-author\">3. 12. 2024, at 10.11<\/small><small class=\"date-author\">, written by Alenka \u0160alej Lah<\/small><\/div>\n<div class=\"text multisite-text\">Vabimo na predavanje dr. Bla\u017ea Miklavi\u010da, prof. dr. Bo\u0161tjana Ro\u017ei\u010da in doc. dr. Petre \u017dvab Ro\u017ei\u010d z naslovom \u00bbGeologija na periferiji najglobje to\u010dke planeta\u00ab. Predavanje bo potekalo v sredo, 18.12.2024, ob 15 uri, v predavalnici 209 na Oddelku za geologijo NTF, A\u0161ker\u010deva 12 v Ljubljani. Predavanje bo tudi del sklopa niza predavanj v okviru Slovenskega ... <a class=\"view-article\" href=\"https:\/\/www.ntf.uni-lj.si\/ntf\/news\/vabilo-na-geolosko-predavanje-in-predstavitev-sodelovanja-z-university-of-guam\/\">Read more<\/a><\/div>\n<\/div>\n<div class=\"clearfix\"><\/div>\n<\/div>\n<div class=\"notification\">\n<div class=\"date-wrap\">\n<div class=\"date \">\n<div class=\"num\">11<\/div>\n<div class=\"txt\">Nov<\/div>\n<\/div>\n<\/div>\n<div class=\"content\">\n<div class=\"title\"><a href=\"https:\/\/www.ntf.uni-lj.si\/ntf\/news\/bose-scholarship-for-one-year-at-montanuniversitat-leoben-application-open\/\" class=\"\"><\/p>\n<h2>BOSE Scholarship for one year at Montanuniversit\u00e4t Leoben, APPLICATION OPEN<\/h2>\n<p><\/a><small class=\"date-author\">11. 11. 2024, at 10.47<\/small><small class=\"date-author\">, written by Alenka \u0160alej Lah<\/small><\/div>\n<div class=\"text multisite-text\">The call for the Best of South-East scholarship for the academic year 2025\/26\u00a0is now open. Best of South-East (BOSE) is a scholarship-program initiated by the\u00a0Steierm\u00e4rkische Sparkasse, and is a training and education program for talented and dedicated students from\u00a0Slovenia, Croatia, Bosnia &amp; Herzegovina, Serbia, Montenegro and North Macedonia. The scholarship program lasts 12 months and ... <a class=\"view-article\" href=\"https:\/\/www.ntf.uni-lj.si\/ntf\/news\/bose-scholarship-for-one-year-at-montanuniversitat-leoben-application-open\/\">Read more<\/a><\/div>\n<\/div>\n<div class=\"clearfix\"><\/div>\n<\/div>\n<div class=\"notification\">\n<div class=\"date-wrap\">\n<div class=\"date \">\n<div class=\"num\">8<\/div>\n<div class=\"txt\">Oct<\/div>\n<\/div>\n<\/div>\n<div class=\"content\">\n<div class=\"title\"><a href=\"https:\/\/www.ntf.uni-lj.si\/ntf\/news\/call-open-best-of-south-east-scholarship-2025-26-at-montanuniversitat-leoben-austria\/\" class=\"\"><\/p>\n<h2>CALL OPEN: Best of South-East Scholarship 2025-26 at Montanuniversit\u00e4t Leoben, Austria<\/h2>\n<p><\/a><small class=\"date-author\">8. 10. 2024, at 8.06<\/small><small class=\"date-author\">, written by Alenka \u0160alej Lah<\/small><\/div>\n<div class=\"text multisite-text\">Dear colleagues and partners, we are pleased to announce that the new call for the\u00a0Best of South-East scholarship for the academic year 2025\/26\u00a0is now open. Best of South-East (BOSE) is a scholarship-program initiated by the\u00a0Steierm\u00e4rkische Sparkasse, and is a training and education program for talented and dedicated students from\u00a0Slovenia, Croatia, Bosnia &amp; Herzegovina, Serbia, Montenegro ... <a class=\"view-article\" href=\"https:\/\/www.ntf.uni-lj.si\/ntf\/news\/call-open-best-of-south-east-scholarship-2025-26-at-montanuniversitat-leoben-austria\/\">Read more<\/a><\/div>\n<\/div>\n<div class=\"clearfix\"><\/div>\n<\/div>\n<div class=\"notification\">\n<div class=\"date-wrap\">\n<div class=\"date \">\n<div class=\"num\">26<\/div>\n<div class=\"txt\">Sep<\/div>\n<\/div>\n<\/div>\n<div class=\"content\">\n<div class=\"title\"><a href=\"https:\/\/www.ntf.uni-lj.si\/ntf\/news\/razpis-za-stipendije-v-regionalni-mrezi-centrov-za-napredne-studije-v-jugovzhodni-evropi-recas\/\" class=\"\"><\/p>\n<h2>Razpis za \u0161tipendije v regionalni mre\u017ei Centrov za napredne \u0161tudije v jugovzhodni Evropi (RECAS)<\/h2>\n<p><\/a><small class=\"date-author\">26. 9. 2024, at 11.21<\/small><small class=\"date-author\">, written by Alenka \u0160alej Lah<\/small><\/div>\n<div class=\"text multisite-text\">Posredujemo vam informacijo o razpisu za \u0161tipendije, ki jih razpisuje regionalna mre\u017ea Centrov za napredne \u0161tudije v jugovzhodni Evropi (RECAS): https:\/\/cas.uniri.hr\/. S \u0161tipendijami se \u017eeli spodbujati \u0161tipendiste k izvajanju in predstavitvam svojih raziskav v regionalnih centrih Jugovzhodne Evrope. \u0160tipendistom bo na voljo podpora gostiteljev na univerzah na Reki in v Beogradu, po lastni izbiri pa ... <a class=\"view-article\" href=\"https:\/\/www.ntf.uni-lj.si\/ntf\/news\/razpis-za-stipendije-v-regionalni-mrezi-centrov-za-napredne-studije-v-jugovzhodni-evropi-recas\/\">Read more<\/a><\/div>\n<\/div>\n<div class=\"clearfix\"><\/div>\n<\/div>\n<div class=\"notification\">\n<div class=\"date-wrap\">\n<div class=\"date \">\n<div class=\"num\">13<\/div>\n<div class=\"txt\">Mar<\/div>\n<\/div>\n<\/div>\n<div class=\"content\">\n<div class=\"title\"><a href=\"https:\/\/www.ntf.uni-lj.si\/ntf\/news\/zveza-eutopia-kratkotrajne-mobilnosti-studentk-in-studentov-vseh-studijskih-smeri-1-in-2-stopnje\/\" class=\"\"><\/p>\n<h2>Zveza EUTOPIA- kratkotrajne mobilnosti \u0161tudentk in \u0161tudentov vseh \u0161tudijskih smeri 1. in 2. stopnje<\/h2>\n<p><\/a><small class=\"date-author\">13. 3. 2024, at 14.21<\/small><small class=\"date-author\">, written by Alenka \u0160alej Lah<\/small><\/div>\n<div class=\"text multisite-text\">Prijavite se lahko na dve kratkotrajni mobilnosti znotraj zveze EUTOPIA: Prva je na vrsti \u017ee \u010dez dober mesec, in sicer bodo na\u00a05-dnevnem dogodku\u00a0na romunski\u00a0Univerzi Babes-Bolyai v Cluju\u00a0\u0161tudenti in \u0161tudentke z 10 univerz \u010dlanic zveze EUTOPIA\u00a0med 15. in 19. aprilom 2024\u00a0v \u017eivo\u00a0re\u0161evali izzive s podro\u010dij: trajnosti in modelov kro\u017enega gospodarstva, varnosti na spletu za mala in ... <a class=\"view-article\" href=\"https:\/\/www.ntf.uni-lj.si\/ntf\/news\/zveza-eutopia-kratkotrajne-mobilnosti-studentk-in-studentov-vseh-studijskih-smeri-1-in-2-stopnje\/\">Read more<\/a><\/div>\n<\/div>\n<div class=\"clearfix\"><\/div>\n<\/div>\n<div class=\"notification\">\n<div class=\"date-wrap\">\n<div class=\"date \">\n<div class=\"num\">7<\/div>\n<div class=\"txt\">Feb<\/div>\n<\/div>\n<\/div>\n<div class=\"content\">\n<div class=\"title\"><a href=\"https:\/\/www.ntf.uni-lj.si\/ntf\/news\/razpis-eutopia-razpis-za-studentske-individualne-raziskovalne-projekte-sirp-odprt\/\" class=\"\"><\/p>\n<h2>RAZPIS EUTOPIA &#8211; Razpis za \u0161tudentske individualne raziskovalne projekte (\u0160IRP)<\/h2>\n<p><\/a><small class=\"date-author\">7. 2. 2024, at 11.47<\/small><small class=\"date-author\">, written by Alenka \u0160alej Lah<\/small><\/div>\n<div class=\"text multisite-text\">Obve\u0161\u010dam vas, da je na\u00a0spletni strani UL objavljen interni razpis\u00a0za \u0161tudente za mednarodne\u00a0\u0160tudentske individualne raziskovalne projekte (\u0160IRP)\u00a0s finan\u010dno spodbudo za mobilnost za \u0161tudijsko leto 2023\/2024. Razpis koordinira Univerzitetna slu\u017eba za mednarodno sodelovanje s pomo\u010djo Univerzitetne slu\u017ebe za \u0161tudente in alumne. Na razpis se prijavljajo \u0161tudenti posami\u010dno in ne \u010dlanica (tukaj ni dodeljenih sredstev), zato je ... <a class=\"view-article\" href=\"https:\/\/www.ntf.uni-lj.si\/ntf\/news\/razpis-eutopia-razpis-za-studentske-individualne-raziskovalne-projekte-sirp-odprt\/\">Read more<\/a><\/div>\n<\/div>\n<div class=\"clearfix\"><\/div>\n<\/div>\n<div class=\"notification\">\n<div class=\"date-wrap\">\n<div class=\"date \">\n<div class=\"num\">3<\/div>\n<div class=\"txt\">Feb<\/div>\n<\/div>\n<\/div>\n<div class=\"content\">\n<div class=\"title\"><a href=\"https:\/\/www.ntf.uni-lj.si\/ntf\/news\/stipendije-ad-futura-za-studij-v-tujini-odprto\/\" class=\"\"><\/p>\n<h2>\u0160tipendije Ad futura za \u0161tudij v tujini<\/h2>\n<p><\/a><small class=\"date-author\">3. 2. 2024, at 9.54<\/small><small class=\"date-author\">, written by Alenka \u0160alej Lah<\/small><\/div>\n<div class=\"text multisite-text\">Zunaj sta razpisa Ad futura za \u0161tudij v tujini. Vabljeni k prijavi: \u0160tipendije Ad futura za \u0161tudij v tujini za leto 2024 \u0160tipendija Ad futura za \u0161tudijske obiske dijakov in \u0161tudentov v tujini za leto 2023 V kolikor se boste prijavili na razpis, prosim kontaktirajte tudi dr. Alenko \u0160alej Lah.<\/div>\n<\/div>\n<div class=\"clearfix\"><\/div>\n<\/div>\n<div class=\"notification\">\n<div class=\"date-wrap\">\n<div class=\"date \">\n<div class=\"num\">31<\/div>\n<div class=\"txt\">Jan<\/div>\n<\/div>\n<\/div>\n<div class=\"content\">\n<div class=\"title\"><a href=\"https:\/\/www.ntf.uni-lj.si\/ntf\/news\/predstavitev-dbu-stipendijskega-sklada-nemska-zvezna-fundacija-za-okolje\/\" class=\"\"><\/p>\n<h2>Predstavitev DBU \u0161tipendijskega sklada- Nem\u0161ka zvezna fundacija za okolje<\/h2>\n<p><\/a><small class=\"date-author\">31. 1. 2024, at 9.28<\/small><small class=\"date-author\">, written by Alenka \u0160alej Lah<\/small><\/div>\n<div class=\"text multisite-text\">\u0160tudentje, diplomanti in mladi raziskovalci, vabljeni na spletno predstavitev DBU (Deutsche Bundesstiftung Umwelt)\u00a0\u0161tipendijskega programa v torek, 6.2.2024 ob 17.00.\u0160tipendijski program Nem\u0161ke zvezne fundacije za okolje magistrantom ponuja mo\u017enost pridobitve dodatne strokovne usposobljenosti za re\u0161evanje nalog varstva okolja in ohranjanja narave. \u0160tipendija vklju\u010duje \u0161est do dvanajst mesecev usposabljanja v Nem\u010diji, vklju\u010dno z ve\u010dtedenskim intenzivnim te\u010dajem nem\u0161\u010dine.\u00a0Najbolj\u0161i ... <a class=\"view-article\" href=\"https:\/\/www.ntf.uni-lj.si\/ntf\/news\/predstavitev-dbu-stipendijskega-sklada-nemska-zvezna-fundacija-za-okolje\/\">Read more<\/a><\/div>\n<\/div>\n<div class=\"clearfix\"><\/div>\n<\/div>\n","protected":false},"excerpt":{"rendered":"Razpisi za \u0161tudij v tujini Preverite razpise (Ad futura) na Javni \u0161tipendijski, razvojni, invalidski in pre\u017eivninski sklad RS. Ve\u010d o Ad futura razpisih najdete tukaj. &nbsp; Aktualni razpisi in \u0161tipendiranje","protected":false},"author":51,"featured_media":0,"parent":6602,"menu_order":349,"comment_status":"closed","ping_status":"closed","template":"","meta":[],"acf":[],"yoast_head":"<!-- This site is optimized with the Yoast SEO plugin v17.0 - https:\/\/yoast.com\/wordpress\/plugins\/seo\/ -->\n<meta name=\"robots\" content=\"index, follow, max-snippet:-1, max-image-preview:large, max-video-preview:-1\" \/>\n<link rel=\"canonical\" href=\"https:\/\/www.ntf.uni-lj.si\/ntf\/studij\/mednarodna-izmenjava\/student\/\" \/>\n<meta property=\"og:locale\" content=\"en_US\" \/>\n<meta property=\"og:type\" content=\"article\" \/>\n<meta property=\"og:title\" content=\"\u0160tudent - NTF\" \/>\n<meta property=\"og:description\" content=\"Razpisi za \u0161tudij v tujini Preverite razpise (Ad futura) na Javni \u0161tipendijski, razvojni, invalidski in pre\u017eivninski sklad RS. Ve\u010d o Ad futura razpisih najdete tukaj. &nbsp; Aktualni razpisi in \u0161tipendiranje\" \/>\n<meta property=\"og:url\" content=\"https:\/\/www.ntf.uni-lj.si\/ntf\/studij\/mednarodna-izmenjava\/student\/\" \/>\n<meta property=\"og:site_name\" content=\"NTF\" \/>\n<meta property=\"article:modified_time\" content=\"2024-02-03T09:02:52+00:00\" \/>\n<meta name=\"twitter:label1\" content=\"Est. reading time\" \/>\n\t<meta name=\"twitter:data1\" content=\"1 minute\" \/>\n<script type=\"application\/ld+json\" class=\"yoast-schema-graph\">{\"@context\":\"https:\/\/schema.org\",\"@graph\":[{\"@type\":\"WebSite\",\"@id\":\"https:\/\/www.ntf.uni-lj.si\/ntf\/#website\",\"url\":\"https:\/\/www.ntf.uni-lj.si\/ntf\/\",\"name\":\"NTF\",\"description\":\"Naravoslovnotehni\\u0161ka fakulteta\",\"potentialAction\":[{\"@type\":\"SearchAction\",\"target\":{\"@type\":\"EntryPoint\",\"urlTemplate\":\"https:\/\/www.ntf.uni-lj.si\/ntf\/?s={search_term_string}\"},\"query-input\":\"required name=search_term_string\"}],\"inLanguage\":\"en-US\"},{\"@type\":\"WebPage\",\"@id\":\"https:\/\/www.ntf.uni-lj.si\/ntf\/studij\/mednarodna-izmenjava\/student\/#webpage\",\"url\":\"https:\/\/www.ntf.uni-lj.si\/ntf\/studij\/mednarodna-izmenjava\/student\/\",\"name\":\"\\u0160tudent - NTF\",\"isPartOf\":{\"@id\":\"https:\/\/www.ntf.uni-lj.si\/ntf\/#website\"},\"datePublished\":\"2016-12-16T13:06:05+00:00\",\"dateModified\":\"2024-02-03T09:02:52+00:00\",\"breadcrumb\":{\"@id\":\"https:\/\/www.ntf.uni-lj.si\/ntf\/studij\/mednarodna-izmenjava\/student\/#breadcrumb\"},\"inLanguage\":\"en-US\",\"potentialAction\":[{\"@type\":\"ReadAction\",\"target\":[\"https:\/\/www.ntf.uni-lj.si\/ntf\/studij\/mednarodna-izmenjava\/student\/\"]}]},{\"@type\":\"BreadcrumbList\",\"@id\":\"https:\/\/www.ntf.uni-lj.si\/ntf\/studij\/mednarodna-izmenjava\/student\/#breadcrumb\",\"itemListElement\":[{\"@type\":\"ListItem\",\"position\":1,\"name\":\"Domov\",\"item\":\"https:\/\/www.ntf.uni-lj.si\/ntf\/\"},{\"@type\":\"ListItem\",\"position\":2,\"name\":\"\\u0160tudij\",\"item\":\"https:\/\/www.ntf.uni-lj.si\/ntf\/studij\/\"},{\"@type\":\"ListItem\",\"position\":3,\"name\":\"Mednarodna izmenjava\",\"item\":\"https:\/\/www.ntf.uni-lj.si\/ntf\/studij\/mednarodna-izmenjava\/\"},{\"@type\":\"ListItem\",\"position\":4,\"name\":\"\\u0160tudent\"}]}]}<\/script>\n<!-- \/ Yoast SEO plugin. -->","yoast_head_json":{"robots":{"index":"index","follow":"follow","max-snippet":"max-snippet:-1","max-image-preview":"max-image-preview:large","max-video-preview":"max-video-preview:-1"},"canonical":"https:\/\/www.ntf.uni-lj.si\/ntf\/studij\/mednarodna-izmenjava\/student\/","og_locale":"en_US","og_type":"article","og_title":"\u0160tudent - NTF","og_description":"Razpisi za \u0161tudij v tujini Preverite razpise (Ad futura) na Javni \u0161tipendijski, razvojni, invalidski in pre\u017eivninski sklad RS. Ve\u010d o Ad futura razpisih najdete tukaj. &nbsp; Aktualni razpisi in \u0161tipendiranje","og_url":"https:\/\/www.ntf.uni-lj.si\/ntf\/studij\/mednarodna-izmenjava\/student\/","og_site_name":"NTF","article_modified_time":"2024-02-03T09:02:52+00:00","twitter_misc":{"Est. reading time":"1 minute"},"schema":{"@context":"https:\/\/schema.org","@graph":[{"@type":"WebSite","@id":"https:\/\/www.ntf.uni-lj.si\/ntf\/#website","url":"https:\/\/www.ntf.uni-lj.si\/ntf\/","name":"NTF","description":"Naravoslovnotehni\u0161ka fakulteta","potentialAction":[{"@type":"SearchAction","target":{"@type":"EntryPoint","urlTemplate":"https:\/\/www.ntf.uni-lj.si\/ntf\/?s={search_term_string}"},"query-input":"required name=search_term_string"}],"inLanguage":"en-US"},{"@type":"WebPage","@id":"https:\/\/www.ntf.uni-lj.si\/ntf\/studij\/mednarodna-izmenjava\/student\/#webpage","url":"https:\/\/www.ntf.uni-lj.si\/ntf\/studij\/mednarodna-izmenjava\/student\/","name":"\u0160tudent - NTF","isPartOf":{"@id":"https:\/\/www.ntf.uni-lj.si\/ntf\/#website"},"datePublished":"2016-12-16T13:06:05+00:00","dateModified":"2024-02-03T09:02:52+00:00","breadcrumb":{"@id":"https:\/\/www.ntf.uni-lj.si\/ntf\/studij\/mednarodna-izmenjava\/student\/#breadcrumb"},"inLanguage":"en-US","potentialAction":[{"@type":"ReadAction","target":["https:\/\/www.ntf.uni-lj.si\/ntf\/studij\/mednarodna-izmenjava\/student\/"]}]},{"@type":"BreadcrumbList","@id":"https:\/\/www.ntf.uni-lj.si\/ntf\/studij\/mednarodna-izmenjava\/student\/#breadcrumb","itemListElement":[{"@type":"ListItem","position":1,"name":"Domov","item":"https:\/\/www.ntf.uni-lj.si\/ntf\/"},{"@type":"ListItem","position":2,"name":"\u0160tudij","item":"https:\/\/www.ntf.uni-lj.si\/ntf\/studij\/"},{"@type":"ListItem","position":3,"name":"Mednarodna izmenjava","item":"https:\/\/www.ntf.uni-lj.si\/ntf\/studij\/mednarodna-izmenjava\/"},{"@type":"ListItem","position":4,"name":"\u0160tudent"}]}]}},"_links":{"self":[{"href":"https:\/\/www.ntf.uni-lj.si\/ntf\/wp-json\/wp\/v2\/pages\/6672"}],"collection":[{"href":"https:\/\/www.ntf.uni-lj.si\/ntf\/wp-json\/wp\/v2\/pages"}],"about":[{"href":"https:\/\/www.ntf.uni-lj.si\/ntf\/wp-json\/wp\/v2\/types\/page"}],"author":[{"embeddable":true,"href":"https:\/\/www.ntf.uni-lj.si\/ntf\/wp-json\/wp\/v2\/users\/51"}],"replies":[{"embeddable":true,"href":"https:\/\/www.ntf.uni-lj.si\/ntf\/wp-json\/wp\/v2\/comments?post=6672"}],"version-history":[{"count":37,"href":"https:\/\/www.ntf.uni-lj.si\/ntf\/wp-json\/wp\/v2\/pages\/6672\/revisions"}],"predecessor-version":[{"id":26087,"href":"https:\/\/www.ntf.uni-lj.si\/ntf\/wp-json\/wp\/v2\/pages\/6672\/revisions\/26087"}],"up":[{"embeddable":true,"href":"https:\/\/www.ntf.uni-lj.si\/ntf\/wp-json\/wp\/v2\/pages\/6602"}],"wp:attachment":[{"href":"https:\/\/www.ntf.uni-lj.si\/ntf\/wp-json\/wp\/v2\/media?parent=6672"}],"curies":[{"name":"wp","href":"https:\/\/api.w.org\/{rel}","templated":true}]}}