{"id":6755,"date":"2016-12-20T13:24:46","date_gmt":"2016-12-20T12:24:46","guid":{"rendered":"http:\/\/www.ntf.uni-lj.si\/ntf\/?page_id=6755"},"modified":"2025-07-17T11:34:10","modified_gmt":"2025-07-17T09:34:10","slug":"erasmus-razpis","status":"publish","type":"page","link":"https:\/\/www.ntf.uni-lj.si\/ntf\/studij\/mednarodna-izmenjava\/zaposleni\/erasmus-razpis\/","title":{"rendered":"Erasmus+ razpis"},"content":{"rendered":"<h3>Na tej strani najdete razpise za mobilnost osebja.<\/h3>\n<p>Teko\u010de Erasmus+ razpise najdete spodaj.<\/p>\n<p><strong>Aktualne Erasmus+ pogodbe po smereh \u0161tudija za mobilnosti osebja za pou\u010devanje (STA in STA\/STT partnerske in\u0161titucije NTF):<\/strong><\/p>\n<ul>\n<li><a href=\"https:\/\/www.ntf.uni-lj.si\/ntf\/wp-content\/uploads\/sites\/2\/2023\/11\/KIGT-SMER-TEKSTILSTVO-Erasmus-pogodbe.pdf\">OTGO <\/a><a href=\"https:\/\/www.ntf.uni-lj.si\/ntf\/wp-content\/uploads\/sites\/2\/2024\/12\/KIGT_-SMER-TEKSTILSTVO-Erasmus-pogodbe.pdf\">SMER TEKSTILSTVO Erasmus+ pogodbe<\/a><\/li>\n<li><a href=\"https:\/\/www.ntf.uni-lj.si\/ntf\/wp-content\/uploads\/sites\/2\/2024\/12\/KIGT_SMER-OBLIKOVANJE-Erasums-pogodbe-24.pdf\">OTGO <\/a><a href=\"https:\/\/www.ntf.uni-lj.si\/ntf\/wp-content\/uploads\/sites\/2\/2024\/12\/KIGT_SMER-OBLIKOVANJE-Erasums-pogodbe-1-1.pdf\">SMER OBLIKOVANJE Erasums+ pogodbe <\/a><\/li>\n<li><a href=\"https:\/\/www.ntf.uni-lj.si\/ntf\/wp-content\/uploads\/sites\/2\/2024\/12\/KIGT_SMER-GRAFIKA-Erasmus-pogodbe-24.pdf\">OTGO <\/a><a href=\"https:\/\/www.ntf.uni-lj.si\/ntf\/wp-content\/uploads\/sites\/2\/2024\/12\/KIGT_SMER-GRAFIKA-Erasmus-pogodbe-24-dec.pdf\">SMER GRAFIKA Erasmus+ pogodbe<\/a><\/li>\n<li><a href=\"https:\/\/www.ntf.uni-lj.si\/ntf\/wp-content\/uploads\/sites\/2\/2024\/12\/OG-Erasmus-pogodbe.pdf\">OG Erasmus+ pogodbe<\/a><\/li>\n<li><a href=\"https:\/\/www.ntf.uni-lj.si\/ntf\/wp-content\/uploads\/sites\/2\/2023\/11\/OGRO-Erasmus-pogodbe.pdf\">OGRO Erasmus+ pogodbe<\/a><\/li>\n<li><a href=\"https:\/\/www.ntf.uni-lj.si\/ntf\/wp-content\/uploads\/sites\/2\/2024\/12\/OMM-Erasmus-pogodbe.pdf\">OMM Erasmus+ pogodbe<\/a><\/li>\n<\/ul>\n<p>Aktualne internetne strani za iskanje mo\u017enosti izmenjav za mobilnost osebja za prakso (STT):<\/p>\n<ul>\n<li><a href=\"https:\/\/www.international.zcu.cz\/en\/Cooperation\/Events\/staff_week.html\">https:\/\/www.international.zcu.cz\/en\/Cooperation\/Events\/staff_week.html<\/a><\/li>\n<li><a href=\"https:\/\/en.uit.no\/ub\/about\/erasmus-week\">https:\/\/en.uit.no\/ub\/about\/erasmus-week<\/a><\/li>\n<li><a href=\"https:\/\/www.fau.eu\/files\/2024\/07\/Flyer_Staff-Week_2025.pdf\">https:\/\/www.fau.eu\/files\/2024\/07\/Flyer_Staff-Week_2025.pdf<\/a><\/li>\n<li><a href=\"https:\/\/www.helsinki.fi\/en\/innovations-and-cooperation\/international-cooperation\/international-staff-exchange-events\">https:\/\/www.helsinki.fi\/en\/innovations-and-cooperation\/international-cooperation\/international-staff-exchange-events<\/a><\/li>\n<li><a href=\"https:\/\/www.uva.nl\/en\/education\/exchange\/information-for-partner-universities\/international-staff-week\/international-staff-week.html\">https:\/\/www.uva.nl\/en\/education\/exchange\/information-for-partner-universities\/international-staff-week\/international-staff-week.html<\/a><\/li>\n<li><a href=\"https:\/\/www.uma.es\/international-hub\/noticias\/14th-staff-week\/\">https:\/\/www.uma.es\/international-hub\/noticias\/14th-staff-week\/<\/a><\/li>\n<li><a href=\"https:\/\/www.tuwien.at\/fileadmin\/Assets\/dienstleister\/international_office\/staff_news\/IMT_Staff_Week_Managing_Across_Cultures_20240516.pdf\">https:\/\/www.tuwien.at\/fileadmin\/Assets\/dienstleister\/international_office\/staff_news\/IMT_Staff_Week_Managing_Across_Cultures_20240516.pdf<\/a><\/li>\n<li><a href=\"https:\/\/sway.cloud.microsoft\/lkp36EzCSBR5L0SM?ref=Link\">https:\/\/sway.cloud.microsoft\/lkp36EzCSBR5L0SM?ref=Link<\/a><\/li>\n<\/ul>\n<div class=\"notification\">\n<div class=\"date-wrap\">\n<div class=\"date \">\n<div class=\"num\">1<\/div>\n<div class=\"txt\">Sep<\/div>\n<\/div>\n<\/div>\n<div class=\"content\">\n<div class=\"title\"><a href=\"https:\/\/www.ntf.uni-lj.si\/ntf\/news\/odprt-razpis-razvojnega-sklada-ul-v-podporo-internacionalizaciji-na-podrocju-raziskovalne-odlicnosti-zaposleni\/\" class=\"\"><\/p>\n<h2>Odprt razpis Razvojnega sklada UL v podporo internacionalizaciji na podro\u010dju raziskovalne odli\u010dnosti-ZAPOSLENI<\/h2>\n<p><\/a><small class=\"date-author\">1. 9. 2025, at 11.23<\/small><small class=\"date-author\">, written by Alenka \u0160alej Lah<\/small><\/div>\n<div class=\"text multisite-text\">Obve\u0161\u010damo vas, da se je odprl\u00a0interni razpis Razvojnega sklada Univerze v Ljubljani za sofinanciranje aktivnosti v podporo internacionalizaciji na podro\u010dju raziskovalne odli\u010dnosti. Rok za oddajo prijave je 9. oktober 2025. V okviru tega razpisa je mo\u017eno zaprositi za sofinanciranje stro\u0161kov gostovanja individualnih raziskovalcev iz tujine do najve\u010d 5.000 EUR, za lastni dele\u017e pa do vi\u0161ine ... <a class=\"view-article\" href=\"https:\/\/www.ntf.uni-lj.si\/ntf\/news\/odprt-razpis-razvojnega-sklada-ul-v-podporo-internacionalizaciji-na-podrocju-raziskovalne-odlicnosti-zaposleni\/\">Read more<\/a><\/div>\n<\/div>\n<div class=\"clearfix\"><\/div>\n<\/div>\n<div class=\"notification\">\n<div class=\"date-wrap\">\n<div class=\"date \">\n<div class=\"num\">17<\/div>\n<div class=\"txt\">Jul<\/div>\n<\/div>\n<\/div>\n<div class=\"content\">\n<div class=\"title\"><a href=\"https:\/\/www.ntf.uni-lj.si\/ntf\/news\/razpis-erasmus-stastat-2025-2026-odprt\/\" class=\"\"><\/p>\n<h2>Razpis Erasmus+ za zaposlene STA(STAT) 2025\/2026- ODPRT<\/h2>\n<p><\/a><small class=\"date-author\">17. 7. 2025, at 12.21<\/small><small class=\"date-author\">, written by Alenka \u0160alej Lah<\/small><\/div>\n<div class=\"text multisite-text\">ODPRT je razpis za mobilnost osebja Erasmus+ STA\/STAT 2025-26 (mobilnost osebja za namen pou\u010devanja (in usposabljanja) v programskih dr\u017eavah KA131 (EU, Islandija, Norve\u0161ka, Lihten\u0161tajn, Tur\u010dija, Severna Makedonija in Srbija) in partnerskih dr\u017eavah KA171 (druge dr\u017eave sveta), z upravi\u010denim obdobjem od 1.10.2025 do 30.9.2026. Prijave za ta\u00a0razpis\u00a0se bodo zbirale od 10. 9. 2025 dalje do porabe ... <a class=\"view-article\" href=\"https:\/\/www.ntf.uni-lj.si\/ntf\/news\/razpis-erasmus-stastat-2025-2026-odprt\/\">Read more<\/a><\/div>\n<\/div>\n<div class=\"clearfix\"><\/div>\n<\/div>\n<div class=\"notification\">\n<div class=\"date-wrap\">\n<div class=\"date \">\n<div class=\"num\">3<\/div>\n<div class=\"txt\">Mar<\/div>\n<\/div>\n<\/div>\n<div class=\"content\">\n<div class=\"title\"><a href=\"https:\/\/www.ntf.uni-lj.si\/ntf\/news\/razpis-smul-za-gostujoce-slovenske-strokovnjake-iz-tujine-in-znanstvenega-obiska-studentov-v-tujini-25-odprt\/\" class=\"\"><\/p>\n<h2>Razpis SMUL za gostujo\u010de slovenske strokovnjake iz tujine in znanstvenega obiska \u0161tudentov v tujini 25- ODPRT<\/h2>\n<p><\/a><small class=\"date-author\">3. 3. 2025, at 11.42<\/small><small class=\"date-author\">, written by Alenka \u0160alej Lah<\/small><\/div>\n<div class=\"text multisite-text\">Spo\u0161tovani, obve\u0161\u010dam vas, da je Javni \u0161tipendijski, razvojni, invalidski in pre\u017eivninski sklad Republike Slovenije objavil nov razpis za podporo internacionalizaciji visokega \u0161olstva:\u00a0Javni razpis za sofinanciranje gostovanj slovenskih strokovnjakov iz tujine na slovenskih visoko\u0161olskih zavodih in raziskovalnih organizacijah ter \u0161tudijskega oziroma znanstvenega obiska \u0161tudentov v tujini (367. javni razpis). Rok prijave je do do porabe sredstev ... <a class=\"view-article\" href=\"https:\/\/www.ntf.uni-lj.si\/ntf\/news\/razpis-smul-za-gostujoce-slovenske-strokovnjake-iz-tujine-in-znanstvenega-obiska-studentov-v-tujini-25-odprt\/\">Read more<\/a><\/div>\n<\/div>\n<div class=\"clearfix\"><\/div>\n<\/div>\n<div class=\"notification\">\n<div class=\"date-wrap\">\n<div class=\"date \">\n<div class=\"num\">3<\/div>\n<div class=\"txt\">Dec<\/div>\n<\/div>\n<\/div>\n<div class=\"content\">\n<div class=\"title\"><a href=\"https:\/\/www.ntf.uni-lj.si\/ntf\/news\/vabilo-na-geolosko-predavanje-in-predstavitev-sodelovanja-z-university-of-guam\/\" class=\"\"><\/p>\n<h2>Vabilo na geolo\u0161ko predavanje in predstavitev sodelovanja z University of Guam<\/h2>\n<p><\/a><small class=\"date-author\">3. 12. 2024, at 10.11<\/small><small class=\"date-author\">, written by Alenka \u0160alej Lah<\/small><\/div>\n<div class=\"text multisite-text\">Vabimo na predavanje dr. Bla\u017ea Miklavi\u010da, prof. dr. Bo\u0161tjana Ro\u017ei\u010da in doc. dr. Petre \u017dvab Ro\u017ei\u010d z naslovom \u00bbGeologija na periferiji najglobje to\u010dke planeta\u00ab. Predavanje bo potekalo v sredo, 18.12.2024, ob 15 uri, v predavalnici 209 na Oddelku za geologijo NTF, A\u0161ker\u010deva 12 v Ljubljani. Predavanje bo tudi del sklopa niza predavanj v okviru Slovenskega ... <a class=\"view-article\" href=\"https:\/\/www.ntf.uni-lj.si\/ntf\/news\/vabilo-na-geolosko-predavanje-in-predstavitev-sodelovanja-z-university-of-guam\/\">Read more<\/a><\/div>\n<\/div>\n<div class=\"clearfix\"><\/div>\n<\/div>\n<div class=\"notification\">\n<div class=\"date-wrap\">\n<div class=\"date \">\n<div class=\"num\">27<\/div>\n<div class=\"txt\">Nov<\/div>\n<\/div>\n<\/div>\n<div class=\"content\">\n<div class=\"title\"><a href=\"https:\/\/www.ntf.uni-lj.si\/ntf\/news\/poziv-za-sodelovanje-na-razpisu-erasmus-ka171-2025\/\" class=\"\"><\/p>\n<h2>Poziv za sodelovanje na razpisu Erasmus+ KA171 2025<\/h2>\n<p><\/a><small class=\"date-author\">27. 11. 2024, at 14.44<\/small><small class=\"date-author\">, written by Alenka \u0160alej Lah<\/small><\/div>\n<div class=\"text multisite-text\">Obve\u0161\u010damo vas, da bo UL tudi v letu 2025 sodelovala na\u00a0razpisu\u00a0Erasmus+ KA171.\u00a0Razpis\u00a0za leto 2025\u00a0je bil objavljen 20. novembra. Ve\u010d o pozivu najdete na na\u0161i spletni strani, na dnu strani, pod rubriko Poziv za sodelovanje na razpisu Erasmus+ KA171 2025.<\/div>\n<\/div>\n<div class=\"clearfix\"><\/div>\n<\/div>\n","protected":false},"excerpt":{"rendered":"Na tej strani najdete razpise za mobilnost osebja. Teko\u010de Erasmus+ razpise najdete spodaj. Aktualne Erasmus+ pogodbe po smereh \u0161tudija za mobilnosti osebja za pou\u010devanje (STA in STA\/STT partnerske in\u0161titucije NTF): OTGO SMER TEKSTILSTVO Erasmus+ pogodbe OTGO SMER OBLIKOVANJE Erasums+ pogodbe OTGO SMER GRAFIKA Erasmus+ pogodbe OG Erasmus+ pogodbe OGRO Erasmus+ pogodbe OMM Erasmus+ pogodbe Aktualne &#8230; <a class=\"view-article\" href=\"https:\/\/www.ntf.uni-lj.si\/ntf\/news\/poziv-za-sodelovanje-na-razpisu-erasmus-ka171-2025\/\">Read more<\/a>","protected":false},"author":51,"featured_media":0,"parent":8331,"menu_order":96,"comment_status":"closed","ping_status":"closed","template":"","meta":[],"acf":[],"yoast_head":"<!-- This site is optimized with the Yoast SEO plugin v17.0 - https:\/\/yoast.com\/wordpress\/plugins\/seo\/ -->\n<meta name=\"robots\" content=\"index, follow, max-snippet:-1, max-image-preview:large, max-video-preview:-1\" \/>\n<link rel=\"canonical\" href=\"https:\/\/www.ntf.uni-lj.si\/ntf\/studij\/mednarodna-izmenjava\/zaposleni\/erasmus-razpis\/\" \/>\n<meta property=\"og:locale\" content=\"en_US\" \/>\n<meta property=\"og:type\" content=\"article\" \/>\n<meta property=\"og:title\" content=\"Erasmus+ razpis - NTF\" \/>\n<meta property=\"og:description\" content=\"Na tej strani najdete razpise za mobilnost osebja. Teko\u010de Erasmus+ razpise najdete spodaj. Aktualne Erasmus+ pogodbe po smereh \u0161tudija za mobilnosti osebja za pou\u010devanje (STA in STA\/STT partnerske in\u0161titucije NTF): OTGO SMER TEKSTILSTVO Erasmus+ pogodbe OTGO SMER OBLIKOVANJE Erasums+ pogodbe OTGO SMER GRAFIKA Erasmus+ pogodbe OG Erasmus+ pogodbe OGRO Erasmus+ pogodbe OMM Erasmus+ pogodbe Aktualne ... Read more\" \/>\n<meta property=\"og:url\" content=\"https:\/\/www.ntf.uni-lj.si\/ntf\/studij\/mednarodna-izmenjava\/zaposleni\/erasmus-razpis\/\" \/>\n<meta property=\"og:site_name\" content=\"NTF\" \/>\n<meta property=\"article:modified_time\" content=\"2025-07-17T09:34:10+00:00\" \/>\n<meta name=\"twitter:label1\" content=\"Est. reading time\" \/>\n\t<meta name=\"twitter:data1\" content=\"1 minute\" \/>\n<script type=\"application\/ld+json\" class=\"yoast-schema-graph\">{\"@context\":\"https:\/\/schema.org\",\"@graph\":[{\"@type\":\"WebSite\",\"@id\":\"https:\/\/www.ntf.uni-lj.si\/ntf\/#website\",\"url\":\"https:\/\/www.ntf.uni-lj.si\/ntf\/\",\"name\":\"NTF\",\"description\":\"Naravoslovnotehni\\u0161ka fakulteta\",\"potentialAction\":[{\"@type\":\"SearchAction\",\"target\":{\"@type\":\"EntryPoint\",\"urlTemplate\":\"https:\/\/www.ntf.uni-lj.si\/ntf\/?s={search_term_string}\"},\"query-input\":\"required name=search_term_string\"}],\"inLanguage\":\"en-US\"},{\"@type\":\"WebPage\",\"@id\":\"https:\/\/www.ntf.uni-lj.si\/ntf\/studij\/mednarodna-izmenjava\/zaposleni\/erasmus-razpis\/#webpage\",\"url\":\"https:\/\/www.ntf.uni-lj.si\/ntf\/studij\/mednarodna-izmenjava\/zaposleni\/erasmus-razpis\/\",\"name\":\"Erasmus+ razpis - NTF\",\"isPartOf\":{\"@id\":\"https:\/\/www.ntf.uni-lj.si\/ntf\/#website\"},\"datePublished\":\"2016-12-20T12:24:46+00:00\",\"dateModified\":\"2025-07-17T09:34:10+00:00\",\"breadcrumb\":{\"@id\":\"https:\/\/www.ntf.uni-lj.si\/ntf\/studij\/mednarodna-izmenjava\/zaposleni\/erasmus-razpis\/#breadcrumb\"},\"inLanguage\":\"en-US\",\"potentialAction\":[{\"@type\":\"ReadAction\",\"target\":[\"https:\/\/www.ntf.uni-lj.si\/ntf\/studij\/mednarodna-izmenjava\/zaposleni\/erasmus-razpis\/\"]}]},{\"@type\":\"BreadcrumbList\",\"@id\":\"https:\/\/www.ntf.uni-lj.si\/ntf\/studij\/mednarodna-izmenjava\/zaposleni\/erasmus-razpis\/#breadcrumb\",\"itemListElement\":[{\"@type\":\"ListItem\",\"position\":1,\"name\":\"Domov\",\"item\":\"https:\/\/www.ntf.uni-lj.si\/ntf\/\"},{\"@type\":\"ListItem\",\"position\":2,\"name\":\"\\u0160tudij\",\"item\":\"https:\/\/www.ntf.uni-lj.si\/ntf\/studij\/\"},{\"@type\":\"ListItem\",\"position\":3,\"name\":\"Mednarodna izmenjava\",\"item\":\"https:\/\/www.ntf.uni-lj.si\/ntf\/studij\/mednarodna-izmenjava\/\"},{\"@type\":\"ListItem\",\"position\":4,\"name\":\"Zaposlen\",\"item\":\"https:\/\/www.ntf.uni-lj.si\/ntf\/studij\/mednarodna-izmenjava\/zaposleni\/\"},{\"@type\":\"ListItem\",\"position\":5,\"name\":\"Erasmus+ razpis\"}]}]}<\/script>\n<!-- \/ Yoast SEO plugin. -->","yoast_head_json":{"robots":{"index":"index","follow":"follow","max-snippet":"max-snippet:-1","max-image-preview":"max-image-preview:large","max-video-preview":"max-video-preview:-1"},"canonical":"https:\/\/www.ntf.uni-lj.si\/ntf\/studij\/mednarodna-izmenjava\/zaposleni\/erasmus-razpis\/","og_locale":"en_US","og_type":"article","og_title":"Erasmus+ razpis - NTF","og_description":"Na tej strani najdete razpise za mobilnost osebja. Teko\u010de Erasmus+ razpise najdete spodaj. Aktualne Erasmus+ pogodbe po smereh \u0161tudija za mobilnosti osebja za pou\u010devanje (STA in STA\/STT partnerske in\u0161titucije NTF): OTGO SMER TEKSTILSTVO Erasmus+ pogodbe OTGO SMER OBLIKOVANJE Erasums+ pogodbe OTGO SMER GRAFIKA Erasmus+ pogodbe OG Erasmus+ pogodbe OGRO Erasmus+ pogodbe OMM Erasmus+ pogodbe Aktualne ... Read more","og_url":"https:\/\/www.ntf.uni-lj.si\/ntf\/studij\/mednarodna-izmenjava\/zaposleni\/erasmus-razpis\/","og_site_name":"NTF","article_modified_time":"2025-07-17T09:34:10+00:00","twitter_misc":{"Est. reading time":"1 minute"},"schema":{"@context":"https:\/\/schema.org","@graph":[{"@type":"WebSite","@id":"https:\/\/www.ntf.uni-lj.si\/ntf\/#website","url":"https:\/\/www.ntf.uni-lj.si\/ntf\/","name":"NTF","description":"Naravoslovnotehni\u0161ka fakulteta","potentialAction":[{"@type":"SearchAction","target":{"@type":"EntryPoint","urlTemplate":"https:\/\/www.ntf.uni-lj.si\/ntf\/?s={search_term_string}"},"query-input":"required name=search_term_string"}],"inLanguage":"en-US"},{"@type":"WebPage","@id":"https:\/\/www.ntf.uni-lj.si\/ntf\/studij\/mednarodna-izmenjava\/zaposleni\/erasmus-razpis\/#webpage","url":"https:\/\/www.ntf.uni-lj.si\/ntf\/studij\/mednarodna-izmenjava\/zaposleni\/erasmus-razpis\/","name":"Erasmus+ razpis - NTF","isPartOf":{"@id":"https:\/\/www.ntf.uni-lj.si\/ntf\/#website"},"datePublished":"2016-12-20T12:24:46+00:00","dateModified":"2025-07-17T09:34:10+00:00","breadcrumb":{"@id":"https:\/\/www.ntf.uni-lj.si\/ntf\/studij\/mednarodna-izmenjava\/zaposleni\/erasmus-razpis\/#breadcrumb"},"inLanguage":"en-US","potentialAction":[{"@type":"ReadAction","target":["https:\/\/www.ntf.uni-lj.si\/ntf\/studij\/mednarodna-izmenjava\/zaposleni\/erasmus-razpis\/"]}]},{"@type":"BreadcrumbList","@id":"https:\/\/www.ntf.uni-lj.si\/ntf\/studij\/mednarodna-izmenjava\/zaposleni\/erasmus-razpis\/#breadcrumb","itemListElement":[{"@type":"ListItem","position":1,"name":"Domov","item":"https:\/\/www.ntf.uni-lj.si\/ntf\/"},{"@type":"ListItem","position":2,"name":"\u0160tudij","item":"https:\/\/www.ntf.uni-lj.si\/ntf\/studij\/"},{"@type":"ListItem","position":3,"name":"Mednarodna izmenjava","item":"https:\/\/www.ntf.uni-lj.si\/ntf\/studij\/mednarodna-izmenjava\/"},{"@type":"ListItem","position":4,"name":"Zaposlen","item":"https:\/\/www.ntf.uni-lj.si\/ntf\/studij\/mednarodna-izmenjava\/zaposleni\/"},{"@type":"ListItem","position":5,"name":"Erasmus+ razpis"}]}]}},"_links":{"self":[{"href":"https:\/\/www.ntf.uni-lj.si\/ntf\/wp-json\/wp\/v2\/pages\/6755"}],"collection":[{"href":"https:\/\/www.ntf.uni-lj.si\/ntf\/wp-json\/wp\/v2\/pages"}],"about":[{"href":"https:\/\/www.ntf.uni-lj.si\/ntf\/wp-json\/wp\/v2\/types\/page"}],"author":[{"embeddable":true,"href":"https:\/\/www.ntf.uni-lj.si\/ntf\/wp-json\/wp\/v2\/users\/51"}],"replies":[{"embeddable":true,"href":"https:\/\/www.ntf.uni-lj.si\/ntf\/wp-json\/wp\/v2\/comments?post=6755"}],"version-history":[{"count":99,"href":"https:\/\/www.ntf.uni-lj.si\/ntf\/wp-json\/wp\/v2\/pages\/6755\/revisions"}],"predecessor-version":[{"id":30689,"href":"https:\/\/www.ntf.uni-lj.si\/ntf\/wp-json\/wp\/v2\/pages\/6755\/revisions\/30689"}],"up":[{"embeddable":true,"href":"https:\/\/www.ntf.uni-lj.si\/ntf\/wp-json\/wp\/v2\/pages\/8331"}],"wp:attachment":[{"href":"https:\/\/www.ntf.uni-lj.si\/ntf\/wp-json\/wp\/v2\/media?parent=6755"}],"curies":[{"name":"wp","href":"https:\/\/api.w.org\/{rel}","templated":true}]}}