{"id":681,"date":"2015-04-03T09:33:49","date_gmt":"2015-04-03T09:33:49","guid":{"rendered":"http:\/\/www.ntf.uni-lj.si\/ntf\/?page_id=681"},"modified":"2016-01-27T09:34:29","modified_gmt":"2016-01-27T08:34:29","slug":"sodelovanje","status":"publish","type":"page","link":"https:\/\/www.ntf.uni-lj.si\/ntf\/raziskovanje\/ric-ul-ntf\/sodelovanje\/","title":{"rendered":"Sodelovanje"},"content":{"rendered":"<p><strong>Sodelovanje<\/strong> RIC UL NTF z razli\u010dnimi infrastrukturnimi centri <strong>v Sloveniji<\/strong>:<\/p>\n<ul>\n<li>na Univerzi v Ljubljani:\n<ul>\n<li>Fakulteta za strojni\u0161tvo<\/li>\n<li>Fakulteta za kemijo in kemijsko tehnologijo in njen infrastrukturni center NMR<\/li>\n<li>Pedago\u0161ka fakulteta<\/li>\n<li>Fakulteta za farmacijo<\/li>\n<li>Fakulteta za matematiko in fiziko<\/li>\n<li>Biotehni\u0161ka fakulteta<\/li>\n<li>Zdravstvena fakulteta<\/li>\n<\/ul>\n<\/li>\n<li>na Univerzi v Mariboru:\n<ul>\n<li>In\u0161titut za tekstilno kemijo in Center za senzorsko tehniko Oddelka za tekstilstvo, grafiko in oblikovanje, Fakulteta za strojni\u0161tvo<\/li>\n<\/ul>\n<\/li>\n<li>Institut Jo\u017eef Stefan, Ljubljana<\/li>\n<li>RIC Kemijskega in\u0161tituta, Ljubljana<\/li>\n<li>IP Kmetijskega in\u0161tituta Slovenije, Ljubljana<\/li>\n<li>In\u0161titut za celulozo in papir<\/li>\n<li>In\u0161titut za kovinske materiale in tehnologije, Ljubljana<\/li>\n<li>In\u0161titut za metalne konstrukcije, Ljubljana<\/li>\n<li>Zavod za raziskavo materialov in konstrukcij, Ljubljana<\/li>\n<li>Muzej in galerije mesta Ljubljane<\/li>\n<li>Pokrajinski muzej Ptuj<\/li>\n<li>IRSPIN<\/li>\n<\/ul>\n<p><strong>Sodelovanje<\/strong> RIC UL NTF z razli\u010dnimi infrastrukturnimi centri <strong>v tujini<\/strong>:<\/p>\n<ul>\n<li>Kaunas University of Technology, Department of Textile Technology, Litva<\/li>\n<li>Univerza Minho, Largo do Paco, Braga, Portugalska<\/li>\n<li>Budapest University of Technology and Economics, Department of Physical Chemistry and Materials, Science Laboratory of Plastics and Rubber Technology, Mad\u017earska<\/li>\n<li>EMPA, Swiss Federal Laboratories for Materials Testing and Research, St. Gallen, Martin Amber, \u0160vica<\/li>\n<li>Institut za fiziku, Beograd (Zemun), Srbija<\/li>\n<li>Univerza v Beogradu, Fakulteta za tehnologijo in metalurgijo, Srbija<\/li>\n<li>Institut Visokomolekulskih spojin (IVS), Ruska Akademija Znanosti (RAN), Bolshoj prospekt 31. 199 004 Sankt Petersburg, Rusija<\/li>\n<li>Univerza v Tomsku, Fakulteta za kemijo, Tomsk, Rusija<\/li>\n<li>Sveu\u010dili\u0161te u Zagrebu, Tekstilno-tehnolo\u0161ki fakultet, Zagreb, Hrva\u0161ka<\/li>\n<li>The University of North Carolina, College of Textiles, Zdru\u017eene dr\u017eave Amerike<\/li>\n<li>Evropska tekstilna tehnolo\u0161ka platforma, \u010dlanstvo v ekspertnih skupinah evropske tekstilne tehnolo\u0161ke platforme<\/li>\n<li>University of Leeds, School of Design, Centre for Technical Textiles, Velika Britanija<\/li>\n<li>Budapest Tech Rejto Sandor Faculty of Light Industry and Environmental Engineering, Mad\u017earska<\/li>\n<li>Univerzitet Banja Luka, Tehnolo\u0161ki fakultet, Bosna in Hercegovina<\/li>\n<li>Max-Planck-Institut fuer Eisenforschung, Nem\u010dija<\/li>\n<li>MU Leoben, Avstrija<\/li>\n<li>Norvegian University of Science and Technology, Norve\u0161ka<\/li>\n<li>Politechnika Slaska, Poljska<\/li>\n<li>RWTH Aachen, Nem\u010dija<\/li>\n<li>Silesian University of Technology, Poljska<\/li>\n<li>Sveu\u010dili\u0161te u Zagrebu, Metalur\u0161ki fakultet Sisak, Hrva\u0161ka<\/li>\n<li>Sveu\u010dili\u0161te u Osijeku, Strojarski fakultet, Slavonski Brod, Hrva\u0161ka<\/li>\n<li>TU Brno, \u010ce\u0161ka<\/li>\n<li>TU Leoben, Avstrija<\/li>\n<li>TU Wien, Avstrija<\/li>\n<li>TU Clausthal, Nem\u010dija<\/li>\n<li>Universitat de Catalunya Barcelona, \u0160panija<\/li>\n<li>Universitaet Erlangen-Nuernberg, Nem\u010dija<\/li>\n<li>University of Limerick, Irska<\/li>\n<li>Univerzita degli Studi di Trento, Italija<\/li>\n<li>Univerzitet u Banja Luci, Bosna in Hercegovina<\/li>\n<li>Univerzitet u Novem Sadu, Srbija<\/li>\n<li>Univerzitet u Zenici, Bosna in Hercegovina<\/li>\n<\/ul>\n","protected":false},"excerpt":{"rendered":"Sodelovanje RIC UL NTF z razli\u010dnimi infrastrukturnimi centri v Sloveniji: na Univerzi v Ljubljani: Fakulteta za strojni\u0161tvo Fakulteta za kemijo in kemijsko tehnologijo in njen infrastrukturni center NMR Pedago\u0161ka fakulteta Fakulteta za farmacijo Fakulteta za matematiko in fiziko Biotehni\u0161ka fakulteta Zdravstvena fakulteta na Univerzi v Mariboru: In\u0161titut za tekstilno kemijo in Center za senzorsko tehniko &#8230; <a class=\"view-article\" href=\"https:\/\/www.ntf.uni-lj.si\/ntf\/raziskovanje\/ric-ul-ntf\/sodelovanje\/\">Read more<\/a>","protected":false},"author":39,"featured_media":0,"parent":2442,"menu_order":254,"comment_status":"closed","ping_status":"closed","template":"","meta":[],"acf":[],"yoast_head":"<!-- This site is optimized with the Yoast SEO plugin v17.0 - https:\/\/yoast.com\/wordpress\/plugins\/seo\/ -->\n<meta name=\"robots\" content=\"index, follow, max-snippet:-1, max-image-preview:large, max-video-preview:-1\" \/>\n<link rel=\"canonical\" href=\"https:\/\/www.ntf.uni-lj.si\/ntf\/raziskovanje\/ric-ul-ntf\/sodelovanje\/\" \/>\n<meta property=\"og:locale\" content=\"en_US\" \/>\n<meta property=\"og:type\" content=\"article\" \/>\n<meta property=\"og:title\" content=\"Sodelovanje - NTF\" \/>\n<meta property=\"og:description\" content=\"Sodelovanje RIC UL NTF z razli\u010dnimi infrastrukturnimi centri v Sloveniji: na Univerzi v Ljubljani: Fakulteta za strojni\u0161tvo Fakulteta za kemijo in kemijsko tehnologijo in njen infrastrukturni center NMR Pedago\u0161ka fakulteta Fakulteta za farmacijo Fakulteta za matematiko in fiziko Biotehni\u0161ka fakulteta Zdravstvena fakulteta na Univerzi v Mariboru: In\u0161titut za tekstilno kemijo in Center za senzorsko tehniko ... Read more\" \/>\n<meta property=\"og:url\" content=\"https:\/\/www.ntf.uni-lj.si\/ntf\/raziskovanje\/ric-ul-ntf\/sodelovanje\/\" \/>\n<meta property=\"og:site_name\" content=\"NTF\" \/>\n<meta property=\"article:modified_time\" content=\"2016-01-27T08:34:29+00:00\" \/>\n<meta name=\"twitter:label1\" content=\"Est. reading time\" \/>\n\t<meta name=\"twitter:data1\" content=\"2 minutes\" \/>\n<script type=\"application\/ld+json\" class=\"yoast-schema-graph\">{\"@context\":\"https:\/\/schema.org\",\"@graph\":[{\"@type\":\"WebSite\",\"@id\":\"https:\/\/www.ntf.uni-lj.si\/ntf\/#website\",\"url\":\"https:\/\/www.ntf.uni-lj.si\/ntf\/\",\"name\":\"NTF\",\"description\":\"Naravoslovnotehni\\u0161ka fakulteta\",\"potentialAction\":[{\"@type\":\"SearchAction\",\"target\":{\"@type\":\"EntryPoint\",\"urlTemplate\":\"https:\/\/www.ntf.uni-lj.si\/ntf\/?s={search_term_string}\"},\"query-input\":\"required name=search_term_string\"}],\"inLanguage\":\"en-US\"},{\"@type\":\"WebPage\",\"@id\":\"https:\/\/www.ntf.uni-lj.si\/ntf\/raziskovanje\/ric-ul-ntf\/sodelovanje\/#webpage\",\"url\":\"https:\/\/www.ntf.uni-lj.si\/ntf\/raziskovanje\/ric-ul-ntf\/sodelovanje\/\",\"name\":\"Sodelovanje - NTF\",\"isPartOf\":{\"@id\":\"https:\/\/www.ntf.uni-lj.si\/ntf\/#website\"},\"datePublished\":\"2015-04-03T09:33:49+00:00\",\"dateModified\":\"2016-01-27T08:34:29+00:00\",\"breadcrumb\":{\"@id\":\"https:\/\/www.ntf.uni-lj.si\/ntf\/raziskovanje\/ric-ul-ntf\/sodelovanje\/#breadcrumb\"},\"inLanguage\":\"en-US\",\"potentialAction\":[{\"@type\":\"ReadAction\",\"target\":[\"https:\/\/www.ntf.uni-lj.si\/ntf\/raziskovanje\/ric-ul-ntf\/sodelovanje\/\"]}]},{\"@type\":\"BreadcrumbList\",\"@id\":\"https:\/\/www.ntf.uni-lj.si\/ntf\/raziskovanje\/ric-ul-ntf\/sodelovanje\/#breadcrumb\",\"itemListElement\":[{\"@type\":\"ListItem\",\"position\":1,\"name\":\"Domov\",\"item\":\"https:\/\/www.ntf.uni-lj.si\/ntf\/\"},{\"@type\":\"ListItem\",\"position\":2,\"name\":\"Raziskovanje\",\"item\":\"https:\/\/www.ntf.uni-lj.si\/ntf\/raziskovanje\/\"},{\"@type\":\"ListItem\",\"position\":3,\"name\":\"Raziskovalni infrastrukturni center (RIC UL-NTF)\",\"item\":\"https:\/\/www.ntf.uni-lj.si\/ntf\/raziskovanje\/ric-ul-ntf\/\"},{\"@type\":\"ListItem\",\"position\":4,\"name\":\"Sodelovanje\"}]}]}<\/script>\n<!-- \/ Yoast SEO plugin. -->","yoast_head_json":{"robots":{"index":"index","follow":"follow","max-snippet":"max-snippet:-1","max-image-preview":"max-image-preview:large","max-video-preview":"max-video-preview:-1"},"canonical":"https:\/\/www.ntf.uni-lj.si\/ntf\/raziskovanje\/ric-ul-ntf\/sodelovanje\/","og_locale":"en_US","og_type":"article","og_title":"Sodelovanje - NTF","og_description":"Sodelovanje RIC UL NTF z razli\u010dnimi infrastrukturnimi centri v Sloveniji: na Univerzi v Ljubljani: Fakulteta za strojni\u0161tvo Fakulteta za kemijo in kemijsko tehnologijo in njen infrastrukturni center NMR Pedago\u0161ka fakulteta Fakulteta za farmacijo Fakulteta za matematiko in fiziko Biotehni\u0161ka fakulteta Zdravstvena fakulteta na Univerzi v Mariboru: In\u0161titut za tekstilno kemijo in Center za senzorsko tehniko ... Read more","og_url":"https:\/\/www.ntf.uni-lj.si\/ntf\/raziskovanje\/ric-ul-ntf\/sodelovanje\/","og_site_name":"NTF","article_modified_time":"2016-01-27T08:34:29+00:00","twitter_misc":{"Est. reading time":"2 minutes"},"schema":{"@context":"https:\/\/schema.org","@graph":[{"@type":"WebSite","@id":"https:\/\/www.ntf.uni-lj.si\/ntf\/#website","url":"https:\/\/www.ntf.uni-lj.si\/ntf\/","name":"NTF","description":"Naravoslovnotehni\u0161ka fakulteta","potentialAction":[{"@type":"SearchAction","target":{"@type":"EntryPoint","urlTemplate":"https:\/\/www.ntf.uni-lj.si\/ntf\/?s={search_term_string}"},"query-input":"required name=search_term_string"}],"inLanguage":"en-US"},{"@type":"WebPage","@id":"https:\/\/www.ntf.uni-lj.si\/ntf\/raziskovanje\/ric-ul-ntf\/sodelovanje\/#webpage","url":"https:\/\/www.ntf.uni-lj.si\/ntf\/raziskovanje\/ric-ul-ntf\/sodelovanje\/","name":"Sodelovanje - NTF","isPartOf":{"@id":"https:\/\/www.ntf.uni-lj.si\/ntf\/#website"},"datePublished":"2015-04-03T09:33:49+00:00","dateModified":"2016-01-27T08:34:29+00:00","breadcrumb":{"@id":"https:\/\/www.ntf.uni-lj.si\/ntf\/raziskovanje\/ric-ul-ntf\/sodelovanje\/#breadcrumb"},"inLanguage":"en-US","potentialAction":[{"@type":"ReadAction","target":["https:\/\/www.ntf.uni-lj.si\/ntf\/raziskovanje\/ric-ul-ntf\/sodelovanje\/"]}]},{"@type":"BreadcrumbList","@id":"https:\/\/www.ntf.uni-lj.si\/ntf\/raziskovanje\/ric-ul-ntf\/sodelovanje\/#breadcrumb","itemListElement":[{"@type":"ListItem","position":1,"name":"Domov","item":"https:\/\/www.ntf.uni-lj.si\/ntf\/"},{"@type":"ListItem","position":2,"name":"Raziskovanje","item":"https:\/\/www.ntf.uni-lj.si\/ntf\/raziskovanje\/"},{"@type":"ListItem","position":3,"name":"Raziskovalni infrastrukturni center (RIC UL-NTF)","item":"https:\/\/www.ntf.uni-lj.si\/ntf\/raziskovanje\/ric-ul-ntf\/"},{"@type":"ListItem","position":4,"name":"Sodelovanje"}]}]}},"_links":{"self":[{"href":"https:\/\/www.ntf.uni-lj.si\/ntf\/wp-json\/wp\/v2\/pages\/681"}],"collection":[{"href":"https:\/\/www.ntf.uni-lj.si\/ntf\/wp-json\/wp\/v2\/pages"}],"about":[{"href":"https:\/\/www.ntf.uni-lj.si\/ntf\/wp-json\/wp\/v2\/types\/page"}],"author":[{"embeddable":true,"href":"https:\/\/www.ntf.uni-lj.si\/ntf\/wp-json\/wp\/v2\/users\/39"}],"replies":[{"embeddable":true,"href":"https:\/\/www.ntf.uni-lj.si\/ntf\/wp-json\/wp\/v2\/comments?post=681"}],"version-history":[{"count":5,"href":"https:\/\/www.ntf.uni-lj.si\/ntf\/wp-json\/wp\/v2\/pages\/681\/revisions"}],"predecessor-version":[{"id":1243,"href":"https:\/\/www.ntf.uni-lj.si\/ntf\/wp-json\/wp\/v2\/pages\/681\/revisions\/1243"}],"up":[{"embeddable":true,"href":"https:\/\/www.ntf.uni-lj.si\/ntf\/wp-json\/wp\/v2\/pages\/2442"}],"wp:attachment":[{"href":"https:\/\/www.ntf.uni-lj.si\/ntf\/wp-json\/wp\/v2\/media?parent=681"}],"curies":[{"name":"wp","href":"https:\/\/api.w.org\/{rel}","templated":true}]}}