{"id":684,"date":"2015-04-03T09:34:16","date_gmt":"2015-04-03T09:34:16","guid":{"rendered":"http:\/\/www.ntf.uni-lj.si\/ntf\/?page_id=684"},"modified":"2015-06-15T11:53:41","modified_gmt":"2015-06-15T09:53:41","slug":"cooperation","status":"publish","type":"page","link":"https:\/\/www.ntf.uni-lj.si\/ntf\/en\/research\/ric-ul-ntf\/cooperation\/","title":{"rendered":"Cooperation"},"content":{"rendered":"<p><strong>Collaboration<\/strong> between the RIC UL-FNSE and various <strong>Slovenian<\/strong> infrastructure centres:<\/p>\n<ul>\n<li>At the University of Ljubljana:\n<ul>\n<li>Faculty of Mechanical Engineering,<\/li>\n<li>Faculty of Chemistry and Chemical Technology and its NMR Infrastructure Centre,<\/li>\n<li>Faculty of Education,<\/li>\n<li>Faculty of Pharmacy,<\/li>\n<li>Faculty of Mathematics and Physics,<\/li>\n<li>Biotechnical Faculty,<\/li>\n<li>Faculty of Health Sciences<\/li>\n<\/ul>\n<\/li>\n<li>At the University of Maribor:\n<ul>\n<li>Institute for Textile Chemistry and the Centre for Sensor Technology at the Department of Textiles, Graphic Arts and Design, Faculty of Mechanical Engineering<\/li>\n<\/ul>\n<\/li>\n<li>Jo\u017eef Stefan Institute, Ljubljana<\/li>\n<li>RIC at the National Institute of Chemistry, Ljubljana<\/li>\n<li>IP at the Agricultural Institute of Slovenia, Ljubljana<\/li>\n<li>Pulp and Paper Institute<\/li>\n<li>Institute of Metals and Technology, Ljubljana<\/li>\n<li>Institute of Metal Constructions, Ljubljana<\/li>\n<li>Institute for Research in Materials and Constructions, Ljubljana<\/li>\n<li>Museum and Galleries of Ljubljana<\/li>\n<li>Ptuj Regional Museum<\/li>\n<li>IRSPIN<\/li>\n<\/ul>\n<p><strong>Collaboration<\/strong> between the RIC UL-FNSE and various infrastructure centres <strong>abroad<\/strong>:<\/p>\n<ul>\n<li>Kaunas University of Technology, Department of Textile Technology, Lithuania<\/li>\n<li>Minho University, Largo do Paco, Braga, Portugal<\/li>\n<li>Budapest University of Technology and Economics, Department of Physical Chemistry and Materials, Science Laboratory of Plastics and Rubber Technology, Hungary<\/li>\n<li>EMPA, Swiss Federal Laboratories for Materials Testing and Research, St. Gallen, Martin Amber, Switzerland<\/li>\n<li>Institut za fiziku, Beograd (Zemun), Serbia<\/li>\n<li>University of Belgrade, Faculty of Technology and Metallurgy, Serbia<\/li>\n<li>Institute of Macromolecular Compounds (IVS), Russian Academy of Sciences (RAN), Bolshoj prospekt 31. 199 004 Saint Petersburg, Russia<\/li>\n<li>University of Tomsk, Faculty of Chemistry, Tomsk, Russia<\/li>\n<li>Sveu\u010dili\u0161te u Zagrebu, Tekstilno-tehnolo\u0161ki fakultet, Zagreb, Croatia<\/li>\n<li>The University of North Carolina, College of Textiles, United States of America<\/li>\n<li>European Textile Technology Platform; membership in expert groups of the European Textile Technology Platform<\/li>\n<li>University of Leeds, School of Design, Centre for Technical Textiles, Great Britain<\/li>\n<li>Budapest Tech Rejto Sandor Faculty of Light Industry and Environmental Engineering, Hungary<\/li>\n<li>Univerzitet Banja Luka, Tehnolo\u0161ki fakultet, Bosnia and Herzegovina<\/li>\n<li>Max-Planck-Institut fuer Eisenforschung, Germany<\/li>\n<li>MU Leoben, Austria<\/li>\n<li>Norwegian University of Science and Technology, Norway<\/li>\n<li>Politechnika Slaska, Poland<\/li>\n<li>RWTH Aachen, Germany<\/li>\n<li>Silesian University of Technology, Poland<\/li>\n<li>Sveu\u010dili\u0161te u Zagrebu, Metalur\u0161ki fakultet Sisak, Croatia<\/li>\n<li>Sveu\u010dili\u0161te u Osijeku, Strojarski fakultet, Slavonski Brod, Croatia<\/li>\n<li>TU Brno, Czech Republic<\/li>\n<li>TU Leoben, Austria<\/li>\n<li>TU Wien, Austria<\/li>\n<li>TU Clausthal, Germany<\/li>\n<li>Universitat de Catalunya Barcelona, Spain<\/li>\n<li>Universitaet Erlangen-Nuernberg, Germany<\/li>\n<li>University of Limerick, Ireland<\/li>\n<li>Univerzita degli Studi di Trento, Italy<\/li>\n<li>Univerzitet u Banja Luci, Bosnia and Herzegovina<\/li>\n<li>Univerzitet u Novem Sadu, Serbia<\/li>\n<li>Univerzitet u Zenici, Bosnia and Herzegovina<\/li>\n<\/ul>\n","protected":false},"excerpt":{"rendered":"Collaboration between the RIC UL-FNSE and various Slovenian infrastructure centres: At the University of Ljubljana: Faculty of Mechanical Engineering, Faculty of Chemistry and Chemical Technology and its NMR Infrastructure Centre, Faculty of Education, Faculty of Pharmacy, Faculty of Mathematics and Physics, Biotechnical Faculty, Faculty of Health Sciences At the University of Maribor: Institute for Textile &#8230; <a class=\"view-article\" href=\"https:\/\/www.ntf.uni-lj.si\/ntf\/en\/research\/ric-ul-ntf\/cooperation\/\">Read more<\/a>","protected":false},"author":39,"featured_media":0,"parent":2445,"menu_order":73,"comment_status":"closed","ping_status":"closed","template":"","meta":[],"acf":[],"yoast_head":"<!-- This site is optimized with the Yoast SEO plugin v17.0 - https:\/\/yoast.com\/wordpress\/plugins\/seo\/ -->\n<meta name=\"robots\" content=\"index, follow, max-snippet:-1, max-image-preview:large, max-video-preview:-1\" \/>\n<link rel=\"canonical\" href=\"https:\/\/www.ntf.uni-lj.si\/ntf\/en\/research\/ric-ul-ntf\/cooperation\/\" \/>\n<meta property=\"og:locale\" content=\"en_US\" \/>\n<meta property=\"og:type\" content=\"article\" \/>\n<meta property=\"og:title\" content=\"Cooperation - NTF\" \/>\n<meta property=\"og:description\" content=\"Collaboration between the RIC UL-FNSE and various Slovenian infrastructure centres: At the University of Ljubljana: Faculty of Mechanical Engineering, Faculty of Chemistry and Chemical Technology and its NMR Infrastructure Centre, Faculty of Education, Faculty of Pharmacy, Faculty of Mathematics and Physics, Biotechnical Faculty, Faculty of Health Sciences At the University of Maribor: Institute for Textile ... Read more\" \/>\n<meta property=\"og:url\" content=\"https:\/\/www.ntf.uni-lj.si\/ntf\/en\/research\/ric-ul-ntf\/cooperation\/\" \/>\n<meta property=\"og:site_name\" content=\"NTF\" \/>\n<meta property=\"article:modified_time\" content=\"2015-06-15T09:53:41+00:00\" \/>\n<meta name=\"twitter:label1\" content=\"Est. reading time\" \/>\n\t<meta name=\"twitter:data1\" content=\"2 minutes\" \/>\n<script type=\"application\/ld+json\" class=\"yoast-schema-graph\">{\"@context\":\"https:\/\/schema.org\",\"@graph\":[{\"@type\":\"WebSite\",\"@id\":\"https:\/\/www.ntf.uni-lj.si\/ntf\/#website\",\"url\":\"https:\/\/www.ntf.uni-lj.si\/ntf\/\",\"name\":\"NTF\",\"description\":\"Naravoslovnotehni\\u0161ka fakulteta\",\"potentialAction\":[{\"@type\":\"SearchAction\",\"target\":{\"@type\":\"EntryPoint\",\"urlTemplate\":\"https:\/\/www.ntf.uni-lj.si\/ntf\/?s={search_term_string}\"},\"query-input\":\"required name=search_term_string\"}],\"inLanguage\":\"en-US\"},{\"@type\":\"WebPage\",\"@id\":\"https:\/\/www.ntf.uni-lj.si\/ntf\/en\/research\/ric-ul-ntf\/cooperation\/#webpage\",\"url\":\"https:\/\/www.ntf.uni-lj.si\/ntf\/en\/research\/ric-ul-ntf\/cooperation\/\",\"name\":\"Cooperation - NTF\",\"isPartOf\":{\"@id\":\"https:\/\/www.ntf.uni-lj.si\/ntf\/#website\"},\"datePublished\":\"2015-04-03T09:34:16+00:00\",\"dateModified\":\"2015-06-15T09:53:41+00:00\",\"breadcrumb\":{\"@id\":\"https:\/\/www.ntf.uni-lj.si\/ntf\/en\/research\/ric-ul-ntf\/cooperation\/#breadcrumb\"},\"inLanguage\":\"en-US\",\"potentialAction\":[{\"@type\":\"ReadAction\",\"target\":[\"https:\/\/www.ntf.uni-lj.si\/ntf\/en\/research\/ric-ul-ntf\/cooperation\/\"]}]},{\"@type\":\"BreadcrumbList\",\"@id\":\"https:\/\/www.ntf.uni-lj.si\/ntf\/en\/research\/ric-ul-ntf\/cooperation\/#breadcrumb\",\"itemListElement\":[{\"@type\":\"ListItem\",\"position\":1,\"name\":\"Domov\",\"item\":\"https:\/\/www.ntf.uni-lj.si\/ntf\/\"},{\"@type\":\"ListItem\",\"position\":2,\"name\":\"Research\",\"item\":\"https:\/\/www.ntf.uni-lj.si\/ntf\/en\/research\/\"},{\"@type\":\"ListItem\",\"position\":3,\"name\":\"Research Infrastructure Centre (RIC UL-NTF)\",\"item\":\"https:\/\/www.ntf.uni-lj.si\/ntf\/en\/research\/ric-ul-ntf\/\"},{\"@type\":\"ListItem\",\"position\":4,\"name\":\"Cooperation\"}]}]}<\/script>\n<!-- \/ Yoast SEO plugin. -->","yoast_head_json":{"robots":{"index":"index","follow":"follow","max-snippet":"max-snippet:-1","max-image-preview":"max-image-preview:large","max-video-preview":"max-video-preview:-1"},"canonical":"https:\/\/www.ntf.uni-lj.si\/ntf\/en\/research\/ric-ul-ntf\/cooperation\/","og_locale":"en_US","og_type":"article","og_title":"Cooperation - NTF","og_description":"Collaboration between the RIC UL-FNSE and various Slovenian infrastructure centres: At the University of Ljubljana: Faculty of Mechanical Engineering, Faculty of Chemistry and Chemical Technology and its NMR Infrastructure Centre, Faculty of Education, Faculty of Pharmacy, Faculty of Mathematics and Physics, Biotechnical Faculty, Faculty of Health Sciences At the University of Maribor: Institute for Textile ... Read more","og_url":"https:\/\/www.ntf.uni-lj.si\/ntf\/en\/research\/ric-ul-ntf\/cooperation\/","og_site_name":"NTF","article_modified_time":"2015-06-15T09:53:41+00:00","twitter_misc":{"Est. reading time":"2 minutes"},"schema":{"@context":"https:\/\/schema.org","@graph":[{"@type":"WebSite","@id":"https:\/\/www.ntf.uni-lj.si\/ntf\/#website","url":"https:\/\/www.ntf.uni-lj.si\/ntf\/","name":"NTF","description":"Naravoslovnotehni\u0161ka fakulteta","potentialAction":[{"@type":"SearchAction","target":{"@type":"EntryPoint","urlTemplate":"https:\/\/www.ntf.uni-lj.si\/ntf\/?s={search_term_string}"},"query-input":"required name=search_term_string"}],"inLanguage":"en-US"},{"@type":"WebPage","@id":"https:\/\/www.ntf.uni-lj.si\/ntf\/en\/research\/ric-ul-ntf\/cooperation\/#webpage","url":"https:\/\/www.ntf.uni-lj.si\/ntf\/en\/research\/ric-ul-ntf\/cooperation\/","name":"Cooperation - NTF","isPartOf":{"@id":"https:\/\/www.ntf.uni-lj.si\/ntf\/#website"},"datePublished":"2015-04-03T09:34:16+00:00","dateModified":"2015-06-15T09:53:41+00:00","breadcrumb":{"@id":"https:\/\/www.ntf.uni-lj.si\/ntf\/en\/research\/ric-ul-ntf\/cooperation\/#breadcrumb"},"inLanguage":"en-US","potentialAction":[{"@type":"ReadAction","target":["https:\/\/www.ntf.uni-lj.si\/ntf\/en\/research\/ric-ul-ntf\/cooperation\/"]}]},{"@type":"BreadcrumbList","@id":"https:\/\/www.ntf.uni-lj.si\/ntf\/en\/research\/ric-ul-ntf\/cooperation\/#breadcrumb","itemListElement":[{"@type":"ListItem","position":1,"name":"Domov","item":"https:\/\/www.ntf.uni-lj.si\/ntf\/"},{"@type":"ListItem","position":2,"name":"Research","item":"https:\/\/www.ntf.uni-lj.si\/ntf\/en\/research\/"},{"@type":"ListItem","position":3,"name":"Research Infrastructure Centre (RIC UL-NTF)","item":"https:\/\/www.ntf.uni-lj.si\/ntf\/en\/research\/ric-ul-ntf\/"},{"@type":"ListItem","position":4,"name":"Cooperation"}]}]}},"_links":{"self":[{"href":"https:\/\/www.ntf.uni-lj.si\/ntf\/wp-json\/wp\/v2\/pages\/684"}],"collection":[{"href":"https:\/\/www.ntf.uni-lj.si\/ntf\/wp-json\/wp\/v2\/pages"}],"about":[{"href":"https:\/\/www.ntf.uni-lj.si\/ntf\/wp-json\/wp\/v2\/types\/page"}],"author":[{"embeddable":true,"href":"https:\/\/www.ntf.uni-lj.si\/ntf\/wp-json\/wp\/v2\/users\/39"}],"replies":[{"embeddable":true,"href":"https:\/\/www.ntf.uni-lj.si\/ntf\/wp-json\/wp\/v2\/comments?post=684"}],"version-history":[{"count":3,"href":"https:\/\/www.ntf.uni-lj.si\/ntf\/wp-json\/wp\/v2\/pages\/684\/revisions"}],"predecessor-version":[{"id":1247,"href":"https:\/\/www.ntf.uni-lj.si\/ntf\/wp-json\/wp\/v2\/pages\/684\/revisions\/1247"}],"up":[{"embeddable":true,"href":"https:\/\/www.ntf.uni-lj.si\/ntf\/wp-json\/wp\/v2\/pages\/2445"}],"wp:attachment":[{"href":"https:\/\/www.ntf.uni-lj.si\/ntf\/wp-json\/wp\/v2\/media?parent=684"}],"curies":[{"name":"wp","href":"https:\/\/api.w.org\/{rel}","templated":true}]}}