{"id":6841,"date":"2016-12-22T14:25:20","date_gmt":"2016-12-22T13:25:20","guid":{"rendered":"http:\/\/www.ntf.uni-lj.si\/ntf\/?page_id=6841"},"modified":"2026-01-27T19:13:22","modified_gmt":"2026-01-27T18:13:22","slug":"zunanja-izbirnost","status":"publish","type":"page","link":"https:\/\/www.ntf.uni-lj.si\/ntf\/studij\/zunanja-izbirnost\/","title":{"rendered":"Zunanja izbirnost"},"content":{"rendered":"<h2><strong>\u0160tudenti drugih fakultet<\/strong><\/h2>\n<p>\u0160tudenti, ki se odlo\u010dijo opravljati izbirni predmet na Naravoslovnotehni\u0161ki fakulteti, morajo do <strong>25. 9. 2025<\/strong>\u00a0 poslati po e-po\u0161ti na <a href=\"mailto:referat@ntf.uni-lj.si\">referat@ntf.uni-lj.si<\/a> ali prinesti v referat na Sne\u017eni\u0161ko 5, oz. A\u0161ker\u010devo 12 (odvisno od tega, na katerem \u0161tudijskem programu je predmet), izpolnjen spodaj prilo\u017eeni obrazec.<\/p>\n<p>Izbirni predmeti na NTF za zunanje \u0161tudente v \u0161tudijskem letu 2025\/26 na <strong>1. stopnji<\/strong> in <strong>2. stopnji<\/strong> so slede\u010di:<\/p>\n","protected":false},"excerpt":{"rendered":"\u0160tudenti drugih fakultet \u0160tudenti, ki se odlo\u010dijo opravljati izbirni predmet na Naravoslovnotehni\u0161ki fakulteti, morajo do 25. 9. 2025\u00a0 poslati po e-po\u0161ti na referat@ntf.uni-lj.si ali prinesti v referat na Sne\u017eni\u0161ko 5, oz. A\u0161ker\u010devo 12 (odvisno od tega, na katerem \u0161tudijskem programu je predmet), izpolnjen spodaj prilo\u017eeni obrazec. Izbirni predmeti na NTF za zunanje \u0161tudente v \u0161tudijskem &#8230; <a class=\"view-article\" href=\"https:\/\/www.ntf.uni-lj.si\/ntf\/studij\/zunanja-izbirnost\/\">Read more<\/a>","protected":false},"author":51,"featured_media":0,"parent":2224,"menu_order":480,"comment_status":"closed","ping_status":"closed","template":"","meta":[],"acf":[],"yoast_head":"<!-- This site is optimized with the Yoast SEO plugin v17.0 - https:\/\/yoast.com\/wordpress\/plugins\/seo\/ -->\n<meta name=\"robots\" content=\"index, follow, max-snippet:-1, max-image-preview:large, max-video-preview:-1\" \/>\n<link rel=\"canonical\" href=\"https:\/\/www.ntf.uni-lj.si\/ntf\/studij\/zunanja-izbirnost\/\" \/>\n<meta property=\"og:locale\" content=\"en_US\" \/>\n<meta property=\"og:type\" content=\"article\" \/>\n<meta property=\"og:title\" content=\"Zunanja izbirnost - NTF\" \/>\n<meta property=\"og:description\" content=\"\u0160tudenti drugih fakultet \u0160tudenti, ki se odlo\u010dijo opravljati izbirni predmet na Naravoslovnotehni\u0161ki fakulteti, morajo do 25. 9. 2025\u00a0 poslati po e-po\u0161ti na referat@ntf.uni-lj.si ali prinesti v referat na Sne\u017eni\u0161ko 5, oz. A\u0161ker\u010devo 12 (odvisno od tega, na katerem \u0161tudijskem programu je predmet), izpolnjen spodaj prilo\u017eeni obrazec. Izbirni predmeti na NTF za zunanje \u0161tudente v \u0161tudijskem ... Read more\" \/>\n<meta property=\"og:url\" content=\"https:\/\/www.ntf.uni-lj.si\/ntf\/studij\/zunanja-izbirnost\/\" \/>\n<meta property=\"og:site_name\" content=\"NTF\" \/>\n<meta property=\"article:modified_time\" content=\"2026-01-27T18:13:22+00:00\" \/>\n<script type=\"application\/ld+json\" class=\"yoast-schema-graph\">{\"@context\":\"https:\/\/schema.org\",\"@graph\":[{\"@type\":\"WebSite\",\"@id\":\"https:\/\/www.ntf.uni-lj.si\/ntf\/#website\",\"url\":\"https:\/\/www.ntf.uni-lj.si\/ntf\/\",\"name\":\"NTF\",\"description\":\"Naravoslovnotehni\\u0161ka fakulteta\",\"potentialAction\":[{\"@type\":\"SearchAction\",\"target\":{\"@type\":\"EntryPoint\",\"urlTemplate\":\"https:\/\/www.ntf.uni-lj.si\/ntf\/?s={search_term_string}\"},\"query-input\":\"required name=search_term_string\"}],\"inLanguage\":\"en-US\"},{\"@type\":\"WebPage\",\"@id\":\"https:\/\/www.ntf.uni-lj.si\/ntf\/studij\/zunanja-izbirnost\/#webpage\",\"url\":\"https:\/\/www.ntf.uni-lj.si\/ntf\/studij\/zunanja-izbirnost\/\",\"name\":\"Zunanja izbirnost - NTF\",\"isPartOf\":{\"@id\":\"https:\/\/www.ntf.uni-lj.si\/ntf\/#website\"},\"datePublished\":\"2016-12-22T13:25:20+00:00\",\"dateModified\":\"2026-01-27T18:13:22+00:00\",\"breadcrumb\":{\"@id\":\"https:\/\/www.ntf.uni-lj.si\/ntf\/studij\/zunanja-izbirnost\/#breadcrumb\"},\"inLanguage\":\"en-US\",\"potentialAction\":[{\"@type\":\"ReadAction\",\"target\":[\"https:\/\/www.ntf.uni-lj.si\/ntf\/studij\/zunanja-izbirnost\/\"]}]},{\"@type\":\"BreadcrumbList\",\"@id\":\"https:\/\/www.ntf.uni-lj.si\/ntf\/studij\/zunanja-izbirnost\/#breadcrumb\",\"itemListElement\":[{\"@type\":\"ListItem\",\"position\":1,\"name\":\"Domov\",\"item\":\"https:\/\/www.ntf.uni-lj.si\/ntf\/\"},{\"@type\":\"ListItem\",\"position\":2,\"name\":\"\\u0160tudij\",\"item\":\"https:\/\/www.ntf.uni-lj.si\/ntf\/studij\/\"},{\"@type\":\"ListItem\",\"position\":3,\"name\":\"Zunanja izbirnost\"}]}]}<\/script>\n<!-- \/ Yoast SEO plugin. -->","yoast_head_json":{"robots":{"index":"index","follow":"follow","max-snippet":"max-snippet:-1","max-image-preview":"max-image-preview:large","max-video-preview":"max-video-preview:-1"},"canonical":"https:\/\/www.ntf.uni-lj.si\/ntf\/studij\/zunanja-izbirnost\/","og_locale":"en_US","og_type":"article","og_title":"Zunanja izbirnost - NTF","og_description":"\u0160tudenti drugih fakultet \u0160tudenti, ki se odlo\u010dijo opravljati izbirni predmet na Naravoslovnotehni\u0161ki fakulteti, morajo do 25. 9. 2025\u00a0 poslati po e-po\u0161ti na referat@ntf.uni-lj.si ali prinesti v referat na Sne\u017eni\u0161ko 5, oz. A\u0161ker\u010devo 12 (odvisno od tega, na katerem \u0161tudijskem programu je predmet), izpolnjen spodaj prilo\u017eeni obrazec. Izbirni predmeti na NTF za zunanje \u0161tudente v \u0161tudijskem ... Read more","og_url":"https:\/\/www.ntf.uni-lj.si\/ntf\/studij\/zunanja-izbirnost\/","og_site_name":"NTF","article_modified_time":"2026-01-27T18:13:22+00:00","schema":{"@context":"https:\/\/schema.org","@graph":[{"@type":"WebSite","@id":"https:\/\/www.ntf.uni-lj.si\/ntf\/#website","url":"https:\/\/www.ntf.uni-lj.si\/ntf\/","name":"NTF","description":"Naravoslovnotehni\u0161ka fakulteta","potentialAction":[{"@type":"SearchAction","target":{"@type":"EntryPoint","urlTemplate":"https:\/\/www.ntf.uni-lj.si\/ntf\/?s={search_term_string}"},"query-input":"required name=search_term_string"}],"inLanguage":"en-US"},{"@type":"WebPage","@id":"https:\/\/www.ntf.uni-lj.si\/ntf\/studij\/zunanja-izbirnost\/#webpage","url":"https:\/\/www.ntf.uni-lj.si\/ntf\/studij\/zunanja-izbirnost\/","name":"Zunanja izbirnost - NTF","isPartOf":{"@id":"https:\/\/www.ntf.uni-lj.si\/ntf\/#website"},"datePublished":"2016-12-22T13:25:20+00:00","dateModified":"2026-01-27T18:13:22+00:00","breadcrumb":{"@id":"https:\/\/www.ntf.uni-lj.si\/ntf\/studij\/zunanja-izbirnost\/#breadcrumb"},"inLanguage":"en-US","potentialAction":[{"@type":"ReadAction","target":["https:\/\/www.ntf.uni-lj.si\/ntf\/studij\/zunanja-izbirnost\/"]}]},{"@type":"BreadcrumbList","@id":"https:\/\/www.ntf.uni-lj.si\/ntf\/studij\/zunanja-izbirnost\/#breadcrumb","itemListElement":[{"@type":"ListItem","position":1,"name":"Domov","item":"https:\/\/www.ntf.uni-lj.si\/ntf\/"},{"@type":"ListItem","position":2,"name":"\u0160tudij","item":"https:\/\/www.ntf.uni-lj.si\/ntf\/studij\/"},{"@type":"ListItem","position":3,"name":"Zunanja izbirnost"}]}]}},"_links":{"self":[{"href":"https:\/\/www.ntf.uni-lj.si\/ntf\/wp-json\/wp\/v2\/pages\/6841"}],"collection":[{"href":"https:\/\/www.ntf.uni-lj.si\/ntf\/wp-json\/wp\/v2\/pages"}],"about":[{"href":"https:\/\/www.ntf.uni-lj.si\/ntf\/wp-json\/wp\/v2\/types\/page"}],"author":[{"embeddable":true,"href":"https:\/\/www.ntf.uni-lj.si\/ntf\/wp-json\/wp\/v2\/users\/51"}],"replies":[{"embeddable":true,"href":"https:\/\/www.ntf.uni-lj.si\/ntf\/wp-json\/wp\/v2\/comments?post=6841"}],"version-history":[{"count":68,"href":"https:\/\/www.ntf.uni-lj.si\/ntf\/wp-json\/wp\/v2\/pages\/6841\/revisions"}],"predecessor-version":[{"id":32253,"href":"https:\/\/www.ntf.uni-lj.si\/ntf\/wp-json\/wp\/v2\/pages\/6841\/revisions\/32253"}],"up":[{"embeddable":true,"href":"https:\/\/www.ntf.uni-lj.si\/ntf\/wp-json\/wp\/v2\/pages\/2224"}],"wp:attachment":[{"href":"https:\/\/www.ntf.uni-lj.si\/ntf\/wp-json\/wp\/v2\/media?parent=6841"}],"curies":[{"name":"wp","href":"https:\/\/api.w.org\/{rel}","templated":true}]}}