{"id":6922,"date":"2017-01-02T20:01:24","date_gmt":"2017-01-02T19:01:24","guid":{"rendered":"http:\/\/www.ntf.uni-lj.si\/ntf\/?page_id=6922"},"modified":"2021-03-11T09:31:49","modified_gmt":"2021-03-11T08:31:49","slug":"izkusnje-studentov","status":"publish","type":"page","link":"https:\/\/www.ntf.uni-lj.si\/ntf\/studij\/mednarodna-izmenjava\/erasmus\/praksa\/izkusnje-studentov\/","title":{"rendered":"Izku\u0161nje \u0161tudentov"},"content":{"rendered":"<p><strong><\/p>\n<div class=\"col-sm-7 no-padding no-padding\"><\/strong><\/p>\n<p><img loading=\"lazy\" class=\"wp-image-17631 alignleft\" src=\"https:\/\/www.ntf.uni-lj.si\/ntf\/wp-content\/uploads\/sites\/2\/2017\/01\/jakob.png\" alt=\"\" width=\"250\" height=\"187\" srcset=\"https:\/\/www.ntf.uni-lj.si\/ntf\/wp-content\/uploads\/sites\/2\/2017\/01\/jakob.png 1280w, https:\/\/www.ntf.uni-lj.si\/ntf\/wp-content\/uploads\/sites\/2\/2017\/01\/jakob-300x225.png 300w, https:\/\/www.ntf.uni-lj.si\/ntf\/wp-content\/uploads\/sites\/2\/2017\/01\/jakob-768x576.png 768w, https:\/\/www.ntf.uni-lj.si\/ntf\/wp-content\/uploads\/sites\/2\/2017\/01\/jakob-1024x768.png 1024w\" sizes=\"(max-width: 250px) 100vw, 250px\" \/><\/p>\n<p><strong><\/div>\n<p><\/strong><\/p>\n<p><strong><\/p>\n<div class=\"col-sm-13 no-padding no-padding\"><\/strong><\/p>\n<p><em>\u00bbS \u0161tudentsko izmenjavo Erasmus+ praksa v Clausthalu (Nem\u010dija) sem pridobil \u0161tevilne izku\u0161nje na podro\u010dju dela v raziskovalni skupini, uporabljanja najnovej\u0161ih laboratorijskih naprav in sodelovanja z metalur\u0161ko-predelovalno industrijo. Dobil sem prilo\u017enost znanstveno-raziskovalnega udejstvovanja na projektih s svetovnimi korporacijami kot so Volkswagen, Lego, AcelorMittal in Benteler. Zahvaljujo\u010d izmenjavi sem do dobra izpilil svoje pogovorne, predvsem pa tehni\u010dne oz. strokovne ve\u0161\u010dine tako nem\u0161kega kot tudi angle\u0161kega jezika. Skoval sem nova prijateljstva, ki mi tako profesionalno kot tudi zasebno nudijo povezave \u0161irom sveta.\u00ab<\/em><\/p>\n<p>\u2013 Jakob (Nem\u010dija)<\/p>\n<p><strong><\/div>\n<p><\/strong><\/p>\n<p><strong><\/p>\n<div class=\"clearfix\"><\/div>\n<p><\/strong><\/p>\n<p><strong><\/p>\n<div class=\"col-sm-7 no-padding no-padding\"><\/strong><\/p>\n<p><img loading=\"lazy\" class=\"alignleft wp-image-17644\" src=\"https:\/\/www.ntf.uni-lj.si\/ntf\/wp-content\/uploads\/sites\/2\/2017\/01\/gradec.png\" alt=\"\" width=\"255\" height=\"189\" srcset=\"https:\/\/www.ntf.uni-lj.si\/ntf\/wp-content\/uploads\/sites\/2\/2017\/01\/gradec.png 1510w, https:\/\/www.ntf.uni-lj.si\/ntf\/wp-content\/uploads\/sites\/2\/2017\/01\/gradec-300x222.png 300w, https:\/\/www.ntf.uni-lj.si\/ntf\/wp-content\/uploads\/sites\/2\/2017\/01\/gradec-768x568.png 768w, https:\/\/www.ntf.uni-lj.si\/ntf\/wp-content\/uploads\/sites\/2\/2017\/01\/gradec-1024x757.png 1024w\" sizes=\"(max-width: 255px) 100vw, 255px\" \/><\/p>\n<p><strong><\/div>\n<p><\/strong><\/p>\n<p><strong><\/p>\n<div class=\"col-sm-13 no-padding no-padding\"><\/strong><\/p>\n<p><em>&#8220;Praksa v tujini je bila zagotovo super odlo\u010ditev, saj mi je podala ogromno \u0161e kako pomembnih izku\u0161enj. Svojo prakso sem opravljala v manj\u0161i ogla\u0161evalski agenciji v Gradcu (Avstrija), in sicer zlasti z namenom pobli\u017eje se spoznati z nem\u0161kim jezikom. Pri delu v ogla\u0161evalski agenciji mi je bila najbolj v\u0161e\u010d raznolikost dela in majhna ekipa. Delala sem na razli\u010dnih projektih in posledi\u010dno sem tako lahko nadgradila razli\u010dne ve\u0161\u010dine. Delo je bilo res pestro \u2013 od oblikovanja logotipov, tiskovin, oglasov pa vse do izdelave animacij in spletnih strani v WordPressu. Sodelavci so me lepo sprejeli in mi nudili vso podporo, prav tako pa so bili pripravljeni komunicirati v angle\u0161kem jeziku, saj je moje znanje nem\u0161\u010dine bilo bolj slabo. Menim, da je prakti\u010dno usposabljanje v tujini dobra odsko\u010dna deska za iskanje zaposlitve tako v Sloveniji, kot tudi v tujini.&#8221;<\/em><\/p>\n<p>\u2013 \u0160pela (Avstrija)<\/p>\n<p><strong><\/div>\n<p><\/strong><\/p>\n<p><strong><\/p>\n<div class=\"clearfix\"><\/div>\n<p><\/strong><\/p>\n<p><strong><\/p>\n<div class=\"col-sm-7 no-padding no-padding\"><\/strong><\/p>\n<p><img loading=\"lazy\" class=\"alignleft wp-image-17586\" src=\"https:\/\/www.ntf.uni-lj.si\/ntf\/wp-content\/uploads\/sites\/2\/2017\/01\/val.png\" alt=\"\" width=\"256\" height=\"189\" srcset=\"https:\/\/www.ntf.uni-lj.si\/ntf\/wp-content\/uploads\/sites\/2\/2017\/01\/val.png 1510w, https:\/\/www.ntf.uni-lj.si\/ntf\/wp-content\/uploads\/sites\/2\/2017\/01\/val-300x222.png 300w, https:\/\/www.ntf.uni-lj.si\/ntf\/wp-content\/uploads\/sites\/2\/2017\/01\/val-768x568.png 768w, https:\/\/www.ntf.uni-lj.si\/ntf\/wp-content\/uploads\/sites\/2\/2017\/01\/val-1024x757.png 1024w\" sizes=\"(max-width: 256px) 100vw, 256px\" \/><\/p>\n<p><strong><\/div>\n<p><\/strong><\/p>\n<p><strong><\/p>\n<div class=\"col-sm-13 no-padding no-padding\"><\/strong><\/p>\n<p><em>&#8220;Erasmus prakso priporo\u010dam res vsem! To pripravni\u0161tvo je bilo moje prvo delo v svetu grafi\u010dnega oblikovanja, kjer sem se ogromno nau\u010dila. V podjetju so me sprejeli odprtih rok in bili pripravljeni pomagati in izobra\u017eevati. Pokazali so mi kako se lotiti vsakega grafi\u010dnega projekta in izbolj\u0161ali poznavanje razli\u010dnih Adobe programov (Photoshop, InDesign, Illustrator) in WordPress-a. Dobila sem dober vpogled v kaj vse je mo\u017eno delati kot grafi\u010dni oblikovalec in tako tudi na\u0161la sebi najljub\u0161e poti.&#8221; <\/em><\/p>\n<p>\u2013 Katarina (\u0160panija)<\/p>\n<p>&nbsp;<\/p>\n<p><strong><\/div>\n<p><\/strong><\/p>\n<p><strong><\/p>\n<div class=\"clearfix\"><\/div>\n<p><\/strong><\/p>\n<p><strong><\/p>\n<div class=\"col-sm-7 no-padding no-padding\"><\/strong><\/p>\n<p><img loading=\"lazy\" class=\"alignleft wp-image-17588\" src=\"https:\/\/www.ntf.uni-lj.si\/ntf\/wp-content\/uploads\/sites\/2\/2017\/01\/berlin.png\" alt=\"\" width=\"256\" height=\"189\" srcset=\"https:\/\/www.ntf.uni-lj.si\/ntf\/wp-content\/uploads\/sites\/2\/2017\/01\/berlin.png 1510w, https:\/\/www.ntf.uni-lj.si\/ntf\/wp-content\/uploads\/sites\/2\/2017\/01\/berlin-300x222.png 300w, https:\/\/www.ntf.uni-lj.si\/ntf\/wp-content\/uploads\/sites\/2\/2017\/01\/berlin-768x568.png 768w, https:\/\/www.ntf.uni-lj.si\/ntf\/wp-content\/uploads\/sites\/2\/2017\/01\/berlin-1024x757.png 1024w\" sizes=\"(max-width: 256px) 100vw, 256px\" \/><\/p>\n<p><strong><\/div>\n<p><\/strong><\/p>\n<p><strong><\/p>\n<div class=\"col-sm-13 no-padding no-padding\"><\/strong><\/p>\n<div><em>&#8220;Erasmus prakti\u010dno usposabljanje v Berlinu je bila ena izmed bolj\u0161ih izku\u0161enj do sedaj, saj mi je bilo omogo\u010deno delati v oblikovalskem studiu rasto\u010de modne znamke Namilia. Tu sem se imela prilo\u017enost seznati s tem kako tr\u017eijo svoje izdelke, snujejo nove produkte, se pripravljajo na modno revijo in \u0161e z \u0161tevilnimi drugimi stvarmi. Prav tako pa sem imela prilo\u017enost \u0161e izbolj\u0161ati in osve\u017eiti angle\u0161ki in nem\u0161ki jezik. Menjava okolja, kjer si bolj kot ne odvisen od samega sebe, me je nekako prisilila v to, da sem postala bolj samostojna in obenem bolj odprta za nove prilo\u017enosti.&#8221;<\/em><\/div>\n<p>&#8211; Dominika (Berlin)<br \/>\n<strong><\/div>\n<p><\/strong><\/p>\n<p><strong><\/p>\n<div class=\"clearfix\"><\/div>\n<p><\/strong><\/p>\n<p>&nbsp;<\/p>\n<p><strong><\/p>\n<div class=\"col-sm-7 no-padding no-padding\"><\/strong><\/p>\n<p><img loading=\"lazy\" class=\"alignnone wp-image-17566\" src=\"https:\/\/www.ntf.uni-lj.si\/ntf\/wp-content\/uploads\/sites\/2\/2017\/01\/amster-1.png\" alt=\"\" width=\"256\" height=\"189\" srcset=\"https:\/\/www.ntf.uni-lj.si\/ntf\/wp-content\/uploads\/sites\/2\/2017\/01\/amster-1.png 1510w, https:\/\/www.ntf.uni-lj.si\/ntf\/wp-content\/uploads\/sites\/2\/2017\/01\/amster-1-300x222.png 300w, https:\/\/www.ntf.uni-lj.si\/ntf\/wp-content\/uploads\/sites\/2\/2017\/01\/amster-1-768x568.png 768w, https:\/\/www.ntf.uni-lj.si\/ntf\/wp-content\/uploads\/sites\/2\/2017\/01\/amster-1-1024x757.png 1024w\" sizes=\"(max-width: 256px) 100vw, 256px\" \/><\/p>\n<p><strong><\/div>\n<p><\/strong><\/p>\n<p><strong><\/p>\n<div class=\"col-sm-13 no-padding no-padding\"><\/strong><\/p>\n<p><em>\u201cV podjetju so me sprejeli odprtih rok in mi nudili potrebno podporo, ko sem jo pokeboval. Veliko sem se nau\u010dil o marketingu, poslovnih in osebnih odnosih, nadgradil sem \u017ee obstoje\u010da znanja Adobe programov (lllustrator, Premiere, Audition, lnDesign) ter sami organizaciji dela in razpolaganja s \u010dasom.\u201d<\/em><\/p>\n<p>\u2013 Nejc (Nizozemska)<\/p>\n<p><strong><\/div>\n<p><\/strong><\/p>\n<p><strong><\/p>\n<div class=\"clearfix\"><\/div>\n<p><\/strong><\/p>\n<p>&nbsp;<\/p>\n<p><strong><\/p>\n<div class=\"col-sm-7 no-padding no-padding\"><\/strong><\/p>\n<p><img loading=\"lazy\" class=\"alignleft wp-image-17570\" src=\"https:\/\/www.ntf.uni-lj.si\/ntf\/wp-content\/uploads\/sites\/2\/2017\/01\/kop.png\" alt=\"\" width=\"256\" height=\"189\" srcset=\"https:\/\/www.ntf.uni-lj.si\/ntf\/wp-content\/uploads\/sites\/2\/2017\/01\/kop.png 1510w, https:\/\/www.ntf.uni-lj.si\/ntf\/wp-content\/uploads\/sites\/2\/2017\/01\/kop-300x222.png 300w, https:\/\/www.ntf.uni-lj.si\/ntf\/wp-content\/uploads\/sites\/2\/2017\/01\/kop-768x568.png 768w, https:\/\/www.ntf.uni-lj.si\/ntf\/wp-content\/uploads\/sites\/2\/2017\/01\/kop-1024x757.png 1024w\" sizes=\"(max-width: 256px) 100vw, 256px\" \/><\/p>\n<p>&nbsp;<\/p>\n<p>&nbsp;<\/p>\n<p>&nbsp;<\/p>\n<p>&nbsp;<\/p>\n<p>&nbsp;<\/p>\n<p>&nbsp;<\/p>\n<p><strong><\/div>\n<p><\/strong><\/p>\n<p><strong><\/p>\n<div class=\"col-sm-13 no-padding no-padding\"><\/strong><\/p>\n<p><em>\u201cOdli\u010dna delovna izku\u0161nja, ki me je konstantno gnala, da se nau\u010dim kaj novega, obnovim kar znam in to uporabim v realnem primeru. Kolektiv je bil ve\u010d kot prijazen, tako da sem se resni\u010dno po\u010dutila kot del studia. V kon\u010dni fazi nimam niti ene negativne besede v celotnem prakti\u010dnem usposabljanju.\u201d<\/em><\/p>\n<p>\u2013 Irena (Danska)<\/p>\n<p><strong><\/div>\n<p><\/strong><\/p>\n<p><strong><\/p>\n<div class=\"clearfix\"><\/div>\n<p><\/strong><\/p>\n","protected":false},"excerpt":{"rendered":"&nbsp; &nbsp;","protected":false},"author":51,"featured_media":0,"parent":7134,"menu_order":158,"comment_status":"closed","ping_status":"closed","template":"","meta":[],"acf":[],"yoast_head":"<!-- This site is optimized with the Yoast SEO plugin v17.0 - https:\/\/yoast.com\/wordpress\/plugins\/seo\/ -->\n<meta name=\"robots\" content=\"index, follow, max-snippet:-1, max-image-preview:large, max-video-preview:-1\" \/>\n<link rel=\"canonical\" href=\"https:\/\/www.ntf.uni-lj.si\/ntf\/studij\/mednarodna-izmenjava\/erasmus\/praksa\/izkusnje-studentov\/\" \/>\n<meta property=\"og:locale\" content=\"en_US\" \/>\n<meta property=\"og:type\" content=\"article\" \/>\n<meta property=\"og:title\" content=\"Izku\u0161nje \u0161tudentov - NTF\" \/>\n<meta property=\"og:description\" content=\"&nbsp; &nbsp;\" \/>\n<meta property=\"og:url\" content=\"https:\/\/www.ntf.uni-lj.si\/ntf\/studij\/mednarodna-izmenjava\/erasmus\/praksa\/izkusnje-studentov\/\" \/>\n<meta property=\"og:site_name\" content=\"NTF\" \/>\n<meta property=\"article:modified_time\" content=\"2021-03-11T08:31:49+00:00\" \/>\n<meta property=\"og:image\" content=\"https:\/\/www.ntf.uni-lj.si\/ntf\/wp-content\/uploads\/sites\/2\/2017\/01\/jakob.png\" \/>\n<meta name=\"twitter:label1\" content=\"Est. reading time\" \/>\n\t<meta name=\"twitter:data1\" content=\"3 minutes\" \/>\n<script type=\"application\/ld+json\" class=\"yoast-schema-graph\">{\"@context\":\"https:\/\/schema.org\",\"@graph\":[{\"@type\":\"WebSite\",\"@id\":\"https:\/\/www.ntf.uni-lj.si\/ntf\/#website\",\"url\":\"https:\/\/www.ntf.uni-lj.si\/ntf\/\",\"name\":\"NTF\",\"description\":\"Naravoslovnotehni\\u0161ka fakulteta\",\"potentialAction\":[{\"@type\":\"SearchAction\",\"target\":{\"@type\":\"EntryPoint\",\"urlTemplate\":\"https:\/\/www.ntf.uni-lj.si\/ntf\/?s={search_term_string}\"},\"query-input\":\"required name=search_term_string\"}],\"inLanguage\":\"en-US\"},{\"@type\":\"ImageObject\",\"@id\":\"https:\/\/www.ntf.uni-lj.si\/ntf\/studij\/mednarodna-izmenjava\/erasmus\/praksa\/izkusnje-studentov\/#primaryimage\",\"inLanguage\":\"en-US\",\"url\":\"https:\/\/www.ntf.uni-lj.si\/ntf\/wp-content\/uploads\/sites\/2\/2017\/01\/jakob.png\",\"contentUrl\":\"https:\/\/www.ntf.uni-lj.si\/ntf\/wp-content\/uploads\/sites\/2\/2017\/01\/jakob.png\",\"width\":1280,\"height\":960},{\"@type\":\"WebPage\",\"@id\":\"https:\/\/www.ntf.uni-lj.si\/ntf\/studij\/mednarodna-izmenjava\/erasmus\/praksa\/izkusnje-studentov\/#webpage\",\"url\":\"https:\/\/www.ntf.uni-lj.si\/ntf\/studij\/mednarodna-izmenjava\/erasmus\/praksa\/izkusnje-studentov\/\",\"name\":\"Izku\\u0161nje \\u0161tudentov - NTF\",\"isPartOf\":{\"@id\":\"https:\/\/www.ntf.uni-lj.si\/ntf\/#website\"},\"primaryImageOfPage\":{\"@id\":\"https:\/\/www.ntf.uni-lj.si\/ntf\/studij\/mednarodna-izmenjava\/erasmus\/praksa\/izkusnje-studentov\/#primaryimage\"},\"datePublished\":\"2017-01-02T19:01:24+00:00\",\"dateModified\":\"2021-03-11T08:31:49+00:00\",\"breadcrumb\":{\"@id\":\"https:\/\/www.ntf.uni-lj.si\/ntf\/studij\/mednarodna-izmenjava\/erasmus\/praksa\/izkusnje-studentov\/#breadcrumb\"},\"inLanguage\":\"en-US\",\"potentialAction\":[{\"@type\":\"ReadAction\",\"target\":[\"https:\/\/www.ntf.uni-lj.si\/ntf\/studij\/mednarodna-izmenjava\/erasmus\/praksa\/izkusnje-studentov\/\"]}]},{\"@type\":\"BreadcrumbList\",\"@id\":\"https:\/\/www.ntf.uni-lj.si\/ntf\/studij\/mednarodna-izmenjava\/erasmus\/praksa\/izkusnje-studentov\/#breadcrumb\",\"itemListElement\":[{\"@type\":\"ListItem\",\"position\":1,\"name\":\"Domov\",\"item\":\"https:\/\/www.ntf.uni-lj.si\/ntf\/\"},{\"@type\":\"ListItem\",\"position\":2,\"name\":\"\\u0160tudij\",\"item\":\"https:\/\/www.ntf.uni-lj.si\/ntf\/studij\/\"},{\"@type\":\"ListItem\",\"position\":3,\"name\":\"Mednarodna izmenjava\",\"item\":\"https:\/\/www.ntf.uni-lj.si\/ntf\/studij\/mednarodna-izmenjava\/\"},{\"@type\":\"ListItem\",\"position\":4,\"name\":\"Erasmus+\",\"item\":\"https:\/\/www.ntf.uni-lj.si\/ntf\/studij\/mednarodna-izmenjava\/erasmus\/\"},{\"@type\":\"ListItem\",\"position\":5,\"name\":\"Erasmus+ praksa\",\"item\":\"https:\/\/www.ntf.uni-lj.si\/ntf\/studij\/mednarodna-izmenjava\/erasmus\/praksa\/\"},{\"@type\":\"ListItem\",\"position\":6,\"name\":\"Izku\\u0161nje \\u0161tudentov\"}]}]}<\/script>\n<!-- \/ Yoast SEO plugin. -->","yoast_head_json":{"robots":{"index":"index","follow":"follow","max-snippet":"max-snippet:-1","max-image-preview":"max-image-preview:large","max-video-preview":"max-video-preview:-1"},"canonical":"https:\/\/www.ntf.uni-lj.si\/ntf\/studij\/mednarodna-izmenjava\/erasmus\/praksa\/izkusnje-studentov\/","og_locale":"en_US","og_type":"article","og_title":"Izku\u0161nje \u0161tudentov - NTF","og_description":"&nbsp; &nbsp;","og_url":"https:\/\/www.ntf.uni-lj.si\/ntf\/studij\/mednarodna-izmenjava\/erasmus\/praksa\/izkusnje-studentov\/","og_site_name":"NTF","article_modified_time":"2021-03-11T08:31:49+00:00","og_image":[{"url":"https:\/\/www.ntf.uni-lj.si\/ntf\/wp-content\/uploads\/sites\/2\/2017\/01\/jakob.png"}],"twitter_misc":{"Est. reading time":"3 minutes"},"schema":{"@context":"https:\/\/schema.org","@graph":[{"@type":"WebSite","@id":"https:\/\/www.ntf.uni-lj.si\/ntf\/#website","url":"https:\/\/www.ntf.uni-lj.si\/ntf\/","name":"NTF","description":"Naravoslovnotehni\u0161ka fakulteta","potentialAction":[{"@type":"SearchAction","target":{"@type":"EntryPoint","urlTemplate":"https:\/\/www.ntf.uni-lj.si\/ntf\/?s={search_term_string}"},"query-input":"required name=search_term_string"}],"inLanguage":"en-US"},{"@type":"ImageObject","@id":"https:\/\/www.ntf.uni-lj.si\/ntf\/studij\/mednarodna-izmenjava\/erasmus\/praksa\/izkusnje-studentov\/#primaryimage","inLanguage":"en-US","url":"https:\/\/www.ntf.uni-lj.si\/ntf\/wp-content\/uploads\/sites\/2\/2017\/01\/jakob.png","contentUrl":"https:\/\/www.ntf.uni-lj.si\/ntf\/wp-content\/uploads\/sites\/2\/2017\/01\/jakob.png","width":1280,"height":960},{"@type":"WebPage","@id":"https:\/\/www.ntf.uni-lj.si\/ntf\/studij\/mednarodna-izmenjava\/erasmus\/praksa\/izkusnje-studentov\/#webpage","url":"https:\/\/www.ntf.uni-lj.si\/ntf\/studij\/mednarodna-izmenjava\/erasmus\/praksa\/izkusnje-studentov\/","name":"Izku\u0161nje \u0161tudentov - NTF","isPartOf":{"@id":"https:\/\/www.ntf.uni-lj.si\/ntf\/#website"},"primaryImageOfPage":{"@id":"https:\/\/www.ntf.uni-lj.si\/ntf\/studij\/mednarodna-izmenjava\/erasmus\/praksa\/izkusnje-studentov\/#primaryimage"},"datePublished":"2017-01-02T19:01:24+00:00","dateModified":"2021-03-11T08:31:49+00:00","breadcrumb":{"@id":"https:\/\/www.ntf.uni-lj.si\/ntf\/studij\/mednarodna-izmenjava\/erasmus\/praksa\/izkusnje-studentov\/#breadcrumb"},"inLanguage":"en-US","potentialAction":[{"@type":"ReadAction","target":["https:\/\/www.ntf.uni-lj.si\/ntf\/studij\/mednarodna-izmenjava\/erasmus\/praksa\/izkusnje-studentov\/"]}]},{"@type":"BreadcrumbList","@id":"https:\/\/www.ntf.uni-lj.si\/ntf\/studij\/mednarodna-izmenjava\/erasmus\/praksa\/izkusnje-studentov\/#breadcrumb","itemListElement":[{"@type":"ListItem","position":1,"name":"Domov","item":"https:\/\/www.ntf.uni-lj.si\/ntf\/"},{"@type":"ListItem","position":2,"name":"\u0160tudij","item":"https:\/\/www.ntf.uni-lj.si\/ntf\/studij\/"},{"@type":"ListItem","position":3,"name":"Mednarodna izmenjava","item":"https:\/\/www.ntf.uni-lj.si\/ntf\/studij\/mednarodna-izmenjava\/"},{"@type":"ListItem","position":4,"name":"Erasmus+","item":"https:\/\/www.ntf.uni-lj.si\/ntf\/studij\/mednarodna-izmenjava\/erasmus\/"},{"@type":"ListItem","position":5,"name":"Erasmus+ praksa","item":"https:\/\/www.ntf.uni-lj.si\/ntf\/studij\/mednarodna-izmenjava\/erasmus\/praksa\/"},{"@type":"ListItem","position":6,"name":"Izku\u0161nje \u0161tudentov"}]}]}},"_links":{"self":[{"href":"https:\/\/www.ntf.uni-lj.si\/ntf\/wp-json\/wp\/v2\/pages\/6922"}],"collection":[{"href":"https:\/\/www.ntf.uni-lj.si\/ntf\/wp-json\/wp\/v2\/pages"}],"about":[{"href":"https:\/\/www.ntf.uni-lj.si\/ntf\/wp-json\/wp\/v2\/types\/page"}],"author":[{"embeddable":true,"href":"https:\/\/www.ntf.uni-lj.si\/ntf\/wp-json\/wp\/v2\/users\/51"}],"replies":[{"embeddable":true,"href":"https:\/\/www.ntf.uni-lj.si\/ntf\/wp-json\/wp\/v2\/comments?post=6922"}],"version-history":[{"count":15,"href":"https:\/\/www.ntf.uni-lj.si\/ntf\/wp-json\/wp\/v2\/pages\/6922\/revisions"}],"predecessor-version":[{"id":17710,"href":"https:\/\/www.ntf.uni-lj.si\/ntf\/wp-json\/wp\/v2\/pages\/6922\/revisions\/17710"}],"up":[{"embeddable":true,"href":"https:\/\/www.ntf.uni-lj.si\/ntf\/wp-json\/wp\/v2\/pages\/7134"}],"wp:attachment":[{"href":"https:\/\/www.ntf.uni-lj.si\/ntf\/wp-json\/wp\/v2\/media?parent=6922"}],"curies":[{"name":"wp","href":"https:\/\/api.w.org\/{rel}","templated":true}]}}