{"id":7041,"date":"2017-01-24T10:26:01","date_gmt":"2017-01-24T09:26:01","guid":{"rendered":"http:\/\/www.ntf.uni-lj.si\/ntf\/?page_id=7041"},"modified":"2017-01-24T10:26:11","modified_gmt":"2017-01-24T09:26:11","slug":"gostovanja","status":"publish","type":"page","link":"https:\/\/www.ntf.uni-lj.si\/ntf\/studij\/projekti\/gostovanja\/","title":{"rendered":"Gostovanja"},"content":{"rendered":"<h3>Kraj\u0161a in dalj\u0161a gostovanja tujih strokovnjakov in VIS u\u010diteljev<\/h3>\n<p>&nbsp;<\/p>\n<p>V \u0160L 2016\/17 bosta\u00a0na OG gostovala:<\/p>\n<ul>\n<li>dr. Jo\u0161t Valentin T. Lavri\u010d.<br \/>\nPredavanja bo izvedel v okviru predmetov Osnove geologije (1. stopnja) in Analiza sedimentacijskih okolij (2. stopnja)<\/li>\n<li>dr. Bal\u00e1zs Sz\u00e9kely.<br \/>\nPredavanja bo izvedel v okviru predmetov Geomorfologija, Geolo\u0161ko kartiranje (1. stopnja) in Tektonika (2. stopnja).<\/li>\n<\/ul>\n<p>V \u0160L 2016\/17 bo na OGRO gostoval:<\/p>\n<ul>\n<li>dr. Vladimir Malba\u0161i\u0107.<br \/>\nPredavanja bo izvedel v okviru predmetov Ocena rizika v geotehnologiji in Tehnologija in okolje I .<\/li>\n<\/ul>\n<p>V \u0160L 2016\/17 bo na OMM gostoval:<\/p>\n<ul>\n<li>dr. Gunter Borchardt.<br \/>\nPredavanja bo izvedel v okviru predmeta Termodinamika materialov II.<\/li>\n<\/ul>\n<p>V \u0160L 2016\/17 bo na OTGO gostovala:<\/p>\n<ul>\n<li>dr. Maja Radeti\u0107.\u017e<\/li>\n<li>Predavanja bo izvedela v okviru predmetov Ekologija v tekstilnih procesih (1. stopnja) in Napredni postopki plemenitenja (2. stopnja).<\/li>\n<\/ul>\n<p>V \u0160L 2017\/18 bosta na OG gostovala:<\/p>\n<ul>\n<li>dr. Mehmet Ali G\u00fclg\u00fcn.<br \/>\nPredavanja bo izvedel v okviru predmeta Tehni\u010dna mineralogija (2. stopnja).<\/li>\n<li>dr. Steffen Birk.<br \/>\nPredavanja bo izvedel v okviru predmeta Kvantitativna hidrogeologija.<\/li>\n<\/ul>\n<p>&nbsp;<\/p>\n<p>&nbsp;<\/p>\n<p>&nbsp;<\/p>\n","protected":false},"excerpt":{"rendered":"Kraj\u0161a in dalj\u0161a gostovanja tujih strokovnjakov in VIS u\u010diteljev &nbsp; V \u0160L 2016\/17 bosta\u00a0na OG gostovala: dr. Jo\u0161t Valentin T. Lavri\u010d. Predavanja bo izvedel v okviru predmetov Osnove geologije (1. stopnja) in Analiza sedimentacijskih okolij (2. stopnja) dr. Bal\u00e1zs Sz\u00e9kely. Predavanja bo izvedel v okviru predmetov Geomorfologija, Geolo\u0161ko kartiranje (1. stopnja) in Tektonika (2. stopnja). &#8230; <a class=\"view-article\" href=\"https:\/\/www.ntf.uni-lj.si\/ntf\/studij\/projekti\/gostovanja\/\">Read more<\/a>","protected":false},"author":21,"featured_media":0,"parent":2071,"menu_order":132,"comment_status":"closed","ping_status":"closed","template":"","meta":[],"acf":[],"yoast_head":"<!-- This site is optimized with the Yoast SEO plugin v17.0 - https:\/\/yoast.com\/wordpress\/plugins\/seo\/ -->\n<meta name=\"robots\" content=\"index, follow, max-snippet:-1, max-image-preview:large, max-video-preview:-1\" \/>\n<link rel=\"canonical\" href=\"https:\/\/www.ntf.uni-lj.si\/ntf\/studij\/projekti\/gostovanja\/\" \/>\n<meta property=\"og:locale\" content=\"en_US\" \/>\n<meta property=\"og:type\" content=\"article\" \/>\n<meta property=\"og:title\" content=\"Gostovanja - NTF\" \/>\n<meta property=\"og:description\" content=\"Kraj\u0161a in dalj\u0161a gostovanja tujih strokovnjakov in VIS u\u010diteljev &nbsp; V \u0160L 2016\/17 bosta\u00a0na OG gostovala: dr. Jo\u0161t Valentin T. Lavri\u010d. Predavanja bo izvedel v okviru predmetov Osnove geologije (1. stopnja) in Analiza sedimentacijskih okolij (2. stopnja) dr. Bal\u00e1zs Sz\u00e9kely. Predavanja bo izvedel v okviru predmetov Geomorfologija, Geolo\u0161ko kartiranje (1. stopnja) in Tektonika (2. stopnja). ... Read more\" \/>\n<meta property=\"og:url\" content=\"https:\/\/www.ntf.uni-lj.si\/ntf\/studij\/projekti\/gostovanja\/\" \/>\n<meta property=\"og:site_name\" content=\"NTF\" \/>\n<meta property=\"article:modified_time\" content=\"2017-01-24T09:26:11+00:00\" \/>\n<meta name=\"twitter:label1\" content=\"Est. reading time\" \/>\n\t<meta name=\"twitter:data1\" content=\"1 minute\" \/>\n<script type=\"application\/ld+json\" class=\"yoast-schema-graph\">{\"@context\":\"https:\/\/schema.org\",\"@graph\":[{\"@type\":\"WebSite\",\"@id\":\"https:\/\/www.ntf.uni-lj.si\/ntf\/#website\",\"url\":\"https:\/\/www.ntf.uni-lj.si\/ntf\/\",\"name\":\"NTF\",\"description\":\"Naravoslovnotehni\\u0161ka fakulteta\",\"potentialAction\":[{\"@type\":\"SearchAction\",\"target\":{\"@type\":\"EntryPoint\",\"urlTemplate\":\"https:\/\/www.ntf.uni-lj.si\/ntf\/?s={search_term_string}\"},\"query-input\":\"required name=search_term_string\"}],\"inLanguage\":\"en-US\"},{\"@type\":\"WebPage\",\"@id\":\"https:\/\/www.ntf.uni-lj.si\/ntf\/studij\/projekti\/gostovanja\/#webpage\",\"url\":\"https:\/\/www.ntf.uni-lj.si\/ntf\/studij\/projekti\/gostovanja\/\",\"name\":\"Gostovanja - NTF\",\"isPartOf\":{\"@id\":\"https:\/\/www.ntf.uni-lj.si\/ntf\/#website\"},\"datePublished\":\"2017-01-24T09:26:01+00:00\",\"dateModified\":\"2017-01-24T09:26:11+00:00\",\"breadcrumb\":{\"@id\":\"https:\/\/www.ntf.uni-lj.si\/ntf\/studij\/projekti\/gostovanja\/#breadcrumb\"},\"inLanguage\":\"en-US\",\"potentialAction\":[{\"@type\":\"ReadAction\",\"target\":[\"https:\/\/www.ntf.uni-lj.si\/ntf\/studij\/projekti\/gostovanja\/\"]}]},{\"@type\":\"BreadcrumbList\",\"@id\":\"https:\/\/www.ntf.uni-lj.si\/ntf\/studij\/projekti\/gostovanja\/#breadcrumb\",\"itemListElement\":[{\"@type\":\"ListItem\",\"position\":1,\"name\":\"Domov\",\"item\":\"https:\/\/www.ntf.uni-lj.si\/ntf\/\"},{\"@type\":\"ListItem\",\"position\":2,\"name\":\"\\u0160tudij\",\"item\":\"https:\/\/www.ntf.uni-lj.si\/ntf\/studij\/\"},{\"@type\":\"ListItem\",\"position\":3,\"name\":\"Projekti\",\"item\":\"https:\/\/www.ntf.uni-lj.si\/ntf\/studij\/projekti\/\"},{\"@type\":\"ListItem\",\"position\":4,\"name\":\"Gostovanja\"}]}]}<\/script>\n<!-- \/ Yoast SEO plugin. -->","yoast_head_json":{"robots":{"index":"index","follow":"follow","max-snippet":"max-snippet:-1","max-image-preview":"max-image-preview:large","max-video-preview":"max-video-preview:-1"},"canonical":"https:\/\/www.ntf.uni-lj.si\/ntf\/studij\/projekti\/gostovanja\/","og_locale":"en_US","og_type":"article","og_title":"Gostovanja - NTF","og_description":"Kraj\u0161a in dalj\u0161a gostovanja tujih strokovnjakov in VIS u\u010diteljev &nbsp; V \u0160L 2016\/17 bosta\u00a0na OG gostovala: dr. Jo\u0161t Valentin T. Lavri\u010d. Predavanja bo izvedel v okviru predmetov Osnove geologije (1. stopnja) in Analiza sedimentacijskih okolij (2. stopnja) dr. Bal\u00e1zs Sz\u00e9kely. Predavanja bo izvedel v okviru predmetov Geomorfologija, Geolo\u0161ko kartiranje (1. stopnja) in Tektonika (2. stopnja). ... Read more","og_url":"https:\/\/www.ntf.uni-lj.si\/ntf\/studij\/projekti\/gostovanja\/","og_site_name":"NTF","article_modified_time":"2017-01-24T09:26:11+00:00","twitter_misc":{"Est. reading time":"1 minute"},"schema":{"@context":"https:\/\/schema.org","@graph":[{"@type":"WebSite","@id":"https:\/\/www.ntf.uni-lj.si\/ntf\/#website","url":"https:\/\/www.ntf.uni-lj.si\/ntf\/","name":"NTF","description":"Naravoslovnotehni\u0161ka fakulteta","potentialAction":[{"@type":"SearchAction","target":{"@type":"EntryPoint","urlTemplate":"https:\/\/www.ntf.uni-lj.si\/ntf\/?s={search_term_string}"},"query-input":"required name=search_term_string"}],"inLanguage":"en-US"},{"@type":"WebPage","@id":"https:\/\/www.ntf.uni-lj.si\/ntf\/studij\/projekti\/gostovanja\/#webpage","url":"https:\/\/www.ntf.uni-lj.si\/ntf\/studij\/projekti\/gostovanja\/","name":"Gostovanja - NTF","isPartOf":{"@id":"https:\/\/www.ntf.uni-lj.si\/ntf\/#website"},"datePublished":"2017-01-24T09:26:01+00:00","dateModified":"2017-01-24T09:26:11+00:00","breadcrumb":{"@id":"https:\/\/www.ntf.uni-lj.si\/ntf\/studij\/projekti\/gostovanja\/#breadcrumb"},"inLanguage":"en-US","potentialAction":[{"@type":"ReadAction","target":["https:\/\/www.ntf.uni-lj.si\/ntf\/studij\/projekti\/gostovanja\/"]}]},{"@type":"BreadcrumbList","@id":"https:\/\/www.ntf.uni-lj.si\/ntf\/studij\/projekti\/gostovanja\/#breadcrumb","itemListElement":[{"@type":"ListItem","position":1,"name":"Domov","item":"https:\/\/www.ntf.uni-lj.si\/ntf\/"},{"@type":"ListItem","position":2,"name":"\u0160tudij","item":"https:\/\/www.ntf.uni-lj.si\/ntf\/studij\/"},{"@type":"ListItem","position":3,"name":"Projekti","item":"https:\/\/www.ntf.uni-lj.si\/ntf\/studij\/projekti\/"},{"@type":"ListItem","position":4,"name":"Gostovanja"}]}]}},"_links":{"self":[{"href":"https:\/\/www.ntf.uni-lj.si\/ntf\/wp-json\/wp\/v2\/pages\/7041"}],"collection":[{"href":"https:\/\/www.ntf.uni-lj.si\/ntf\/wp-json\/wp\/v2\/pages"}],"about":[{"href":"https:\/\/www.ntf.uni-lj.si\/ntf\/wp-json\/wp\/v2\/types\/page"}],"author":[{"embeddable":true,"href":"https:\/\/www.ntf.uni-lj.si\/ntf\/wp-json\/wp\/v2\/users\/21"}],"replies":[{"embeddable":true,"href":"https:\/\/www.ntf.uni-lj.si\/ntf\/wp-json\/wp\/v2\/comments?post=7041"}],"version-history":[{"count":2,"href":"https:\/\/www.ntf.uni-lj.si\/ntf\/wp-json\/wp\/v2\/pages\/7041\/revisions"}],"predecessor-version":[{"id":7043,"href":"https:\/\/www.ntf.uni-lj.si\/ntf\/wp-json\/wp\/v2\/pages\/7041\/revisions\/7043"}],"up":[{"embeddable":true,"href":"https:\/\/www.ntf.uni-lj.si\/ntf\/wp-json\/wp\/v2\/pages\/2071"}],"wp:attachment":[{"href":"https:\/\/www.ntf.uni-lj.si\/ntf\/wp-json\/wp\/v2\/media?parent=7041"}],"curies":[{"name":"wp","href":"https:\/\/api.w.org\/{rel}","templated":true}]}}