{"id":7051,"date":"2017-01-25T10:02:46","date_gmt":"2017-01-25T09:02:46","guid":{"rendered":"http:\/\/www.ntf.uni-lj.si\/ntf\/?page_id=7051"},"modified":"2025-08-21T14:58:15","modified_gmt":"2025-08-21T12:58:15","slug":"internacionalizacija","status":"publish","type":"page","link":"https:\/\/www.ntf.uni-lj.si\/ntf\/studij\/referat\/internacionalizacija\/","title":{"rendered":"Informacije za tuje \u0161tudente"},"content":{"rendered":"<p>Univerza v Ljubljani je pripravila navodila za tuje \u0161tudente, ki so redno vpisani v \u0161tudijske programe, ki se izvajajo na Univerzi v Ljubljani. \u0160tudenti lahko najdete ve\u010d informacij v <a href=\"https:\/\/www.uni-lj.si\/studij\/\">slovenskem<\/a> in <a href=\"https:\/\/www.uni-lj.si\/study\/\">angle\u0161kem<\/a> jeziku na strani Univerze v Ljubljani.<\/p>\n<p>Ve\u010d o pripravljalnem modulu Leto plus za tuje \u0161tudente, vpisane v prvi letnik \u0161tudija na Univerzi v Ljubljani, najdete v slovenskem jeziku na <a href=\"https:\/\/www.uni-lj.si\/studij\/dodiplomski-in-enoviti-magistrski-studij\/leto-plus\">tej strani<\/a>, v angle\u0161kem jeziku pa na <a href=\"https:\/\/www.uni-lj.si\/study\/year-plus\/\">tej strani<\/a>.<\/p>\n<p>Kontakt referata NTF: <a href=\"mailto:referat@ntf.uni-lj.si\">referat@ntf.uni-lj.si<\/a><\/p>\n","protected":false},"excerpt":{"rendered":"Univerza v Ljubljani je pripravila navodila za tuje \u0161tudente, ki so redno vpisani v \u0161tudijske programe, ki se izvajajo na Univerzi v Ljubljani. \u0160tudenti lahko najdete ve\u010d informacij v slovenskem in angle\u0161kem jeziku na strani Univerze v Ljubljani. Ve\u010d o pripravljalnem modulu Leto plus za tuje \u0161tudente, vpisane v prvi letnik \u0161tudija na Univerzi v &#8230; <a class=\"view-article\" href=\"https:\/\/www.ntf.uni-lj.si\/ntf\/studij\/referat\/internacionalizacija\/\">Read more<\/a>","protected":false},"author":21,"featured_media":0,"parent":742,"menu_order":300,"comment_status":"closed","ping_status":"closed","template":"","meta":[],"acf":[],"yoast_head":"<!-- This site is optimized with the Yoast SEO plugin v17.0 - https:\/\/yoast.com\/wordpress\/plugins\/seo\/ -->\n<meta name=\"robots\" content=\"index, follow, max-snippet:-1, max-image-preview:large, max-video-preview:-1\" \/>\n<link rel=\"canonical\" href=\"https:\/\/www.ntf.uni-lj.si\/ntf\/studij\/referat\/internacionalizacija\/\" \/>\n<meta property=\"og:locale\" content=\"en_US\" \/>\n<meta property=\"og:type\" content=\"article\" \/>\n<meta property=\"og:title\" content=\"Informacije za tuje \u0161tudente - NTF\" \/>\n<meta property=\"og:description\" content=\"Univerza v Ljubljani je pripravila navodila za tuje \u0161tudente, ki so redno vpisani v \u0161tudijske programe, ki se izvajajo na Univerzi v Ljubljani. \u0160tudenti lahko najdete ve\u010d informacij v slovenskem in angle\u0161kem jeziku na strani Univerze v Ljubljani. Ve\u010d o pripravljalnem modulu Leto plus za tuje \u0161tudente, vpisane v prvi letnik \u0161tudija na Univerzi v ... Read more\" \/>\n<meta property=\"og:url\" content=\"https:\/\/www.ntf.uni-lj.si\/ntf\/studij\/referat\/internacionalizacija\/\" \/>\n<meta property=\"og:site_name\" content=\"NTF\" \/>\n<meta property=\"article:modified_time\" content=\"2025-08-21T12:58:15+00:00\" \/>\n<script type=\"application\/ld+json\" class=\"yoast-schema-graph\">{\"@context\":\"https:\/\/schema.org\",\"@graph\":[{\"@type\":\"WebSite\",\"@id\":\"https:\/\/www.ntf.uni-lj.si\/ntf\/#website\",\"url\":\"https:\/\/www.ntf.uni-lj.si\/ntf\/\",\"name\":\"NTF\",\"description\":\"Naravoslovnotehni\\u0161ka fakulteta\",\"potentialAction\":[{\"@type\":\"SearchAction\",\"target\":{\"@type\":\"EntryPoint\",\"urlTemplate\":\"https:\/\/www.ntf.uni-lj.si\/ntf\/?s={search_term_string}\"},\"query-input\":\"required name=search_term_string\"}],\"inLanguage\":\"en-US\"},{\"@type\":\"WebPage\",\"@id\":\"https:\/\/www.ntf.uni-lj.si\/ntf\/studij\/referat\/internacionalizacija\/#webpage\",\"url\":\"https:\/\/www.ntf.uni-lj.si\/ntf\/studij\/referat\/internacionalizacija\/\",\"name\":\"Informacije za tuje \\u0161tudente - NTF\",\"isPartOf\":{\"@id\":\"https:\/\/www.ntf.uni-lj.si\/ntf\/#website\"},\"datePublished\":\"2017-01-25T09:02:46+00:00\",\"dateModified\":\"2025-08-21T12:58:15+00:00\",\"breadcrumb\":{\"@id\":\"https:\/\/www.ntf.uni-lj.si\/ntf\/studij\/referat\/internacionalizacija\/#breadcrumb\"},\"inLanguage\":\"en-US\",\"potentialAction\":[{\"@type\":\"ReadAction\",\"target\":[\"https:\/\/www.ntf.uni-lj.si\/ntf\/studij\/referat\/internacionalizacija\/\"]}]},{\"@type\":\"BreadcrumbList\",\"@id\":\"https:\/\/www.ntf.uni-lj.si\/ntf\/studij\/referat\/internacionalizacija\/#breadcrumb\",\"itemListElement\":[{\"@type\":\"ListItem\",\"position\":1,\"name\":\"Domov\",\"item\":\"https:\/\/www.ntf.uni-lj.si\/ntf\/\"},{\"@type\":\"ListItem\",\"position\":2,\"name\":\"\\u0160tudij\",\"item\":\"https:\/\/www.ntf.uni-lj.si\/ntf\/studij\/\"},{\"@type\":\"ListItem\",\"position\":3,\"name\":\"Referat\",\"item\":\"https:\/\/www.ntf.uni-lj.si\/ntf\/studij\/referat\/\"},{\"@type\":\"ListItem\",\"position\":4,\"name\":\"Informacije za tuje \\u0161tudente\"}]}]}<\/script>\n<!-- \/ Yoast SEO plugin. -->","yoast_head_json":{"robots":{"index":"index","follow":"follow","max-snippet":"max-snippet:-1","max-image-preview":"max-image-preview:large","max-video-preview":"max-video-preview:-1"},"canonical":"https:\/\/www.ntf.uni-lj.si\/ntf\/studij\/referat\/internacionalizacija\/","og_locale":"en_US","og_type":"article","og_title":"Informacije za tuje \u0161tudente - NTF","og_description":"Univerza v Ljubljani je pripravila navodila za tuje \u0161tudente, ki so redno vpisani v \u0161tudijske programe, ki se izvajajo na Univerzi v Ljubljani. \u0160tudenti lahko najdete ve\u010d informacij v slovenskem in angle\u0161kem jeziku na strani Univerze v Ljubljani. Ve\u010d o pripravljalnem modulu Leto plus za tuje \u0161tudente, vpisane v prvi letnik \u0161tudija na Univerzi v ... Read more","og_url":"https:\/\/www.ntf.uni-lj.si\/ntf\/studij\/referat\/internacionalizacija\/","og_site_name":"NTF","article_modified_time":"2025-08-21T12:58:15+00:00","schema":{"@context":"https:\/\/schema.org","@graph":[{"@type":"WebSite","@id":"https:\/\/www.ntf.uni-lj.si\/ntf\/#website","url":"https:\/\/www.ntf.uni-lj.si\/ntf\/","name":"NTF","description":"Naravoslovnotehni\u0161ka fakulteta","potentialAction":[{"@type":"SearchAction","target":{"@type":"EntryPoint","urlTemplate":"https:\/\/www.ntf.uni-lj.si\/ntf\/?s={search_term_string}"},"query-input":"required name=search_term_string"}],"inLanguage":"en-US"},{"@type":"WebPage","@id":"https:\/\/www.ntf.uni-lj.si\/ntf\/studij\/referat\/internacionalizacija\/#webpage","url":"https:\/\/www.ntf.uni-lj.si\/ntf\/studij\/referat\/internacionalizacija\/","name":"Informacije za tuje \u0161tudente - NTF","isPartOf":{"@id":"https:\/\/www.ntf.uni-lj.si\/ntf\/#website"},"datePublished":"2017-01-25T09:02:46+00:00","dateModified":"2025-08-21T12:58:15+00:00","breadcrumb":{"@id":"https:\/\/www.ntf.uni-lj.si\/ntf\/studij\/referat\/internacionalizacija\/#breadcrumb"},"inLanguage":"en-US","potentialAction":[{"@type":"ReadAction","target":["https:\/\/www.ntf.uni-lj.si\/ntf\/studij\/referat\/internacionalizacija\/"]}]},{"@type":"BreadcrumbList","@id":"https:\/\/www.ntf.uni-lj.si\/ntf\/studij\/referat\/internacionalizacija\/#breadcrumb","itemListElement":[{"@type":"ListItem","position":1,"name":"Domov","item":"https:\/\/www.ntf.uni-lj.si\/ntf\/"},{"@type":"ListItem","position":2,"name":"\u0160tudij","item":"https:\/\/www.ntf.uni-lj.si\/ntf\/studij\/"},{"@type":"ListItem","position":3,"name":"Referat","item":"https:\/\/www.ntf.uni-lj.si\/ntf\/studij\/referat\/"},{"@type":"ListItem","position":4,"name":"Informacije za tuje \u0161tudente"}]}]}},"_links":{"self":[{"href":"https:\/\/www.ntf.uni-lj.si\/ntf\/wp-json\/wp\/v2\/pages\/7051"}],"collection":[{"href":"https:\/\/www.ntf.uni-lj.si\/ntf\/wp-json\/wp\/v2\/pages"}],"about":[{"href":"https:\/\/www.ntf.uni-lj.si\/ntf\/wp-json\/wp\/v2\/types\/page"}],"author":[{"embeddable":true,"href":"https:\/\/www.ntf.uni-lj.si\/ntf\/wp-json\/wp\/v2\/users\/21"}],"replies":[{"embeddable":true,"href":"https:\/\/www.ntf.uni-lj.si\/ntf\/wp-json\/wp\/v2\/comments?post=7051"}],"version-history":[{"count":10,"href":"https:\/\/www.ntf.uni-lj.si\/ntf\/wp-json\/wp\/v2\/pages\/7051\/revisions"}],"predecessor-version":[{"id":30848,"href":"https:\/\/www.ntf.uni-lj.si\/ntf\/wp-json\/wp\/v2\/pages\/7051\/revisions\/30848"}],"up":[{"embeddable":true,"href":"https:\/\/www.ntf.uni-lj.si\/ntf\/wp-json\/wp\/v2\/pages\/742"}],"wp:attachment":[{"href":"https:\/\/www.ntf.uni-lj.si\/ntf\/wp-json\/wp\/v2\/media?parent=7051"}],"curies":[{"name":"wp","href":"https:\/\/api.w.org\/{rel}","templated":true}]}}