{"id":7136,"date":"2017-02-07T11:38:06","date_gmt":"2017-02-07T10:38:06","guid":{"rendered":"http:\/\/www.ntf.uni-lj.si\/ntf\/?page_id=7136"},"modified":"2025-12-11T11:18:32","modified_gmt":"2025-12-11T10:18:32","slug":"erasmus","status":"publish","type":"page","link":"https:\/\/www.ntf.uni-lj.si\/ntf\/studij\/mednarodna-izmenjava\/erasmus\/","title":{"rendered":"Erasmus+"},"content":{"rendered":"<h3>Kaj je program ERASMUS+ mobilnost?<\/h3>\n<p>Program Erasmus+ je sedemletni program Evropske unije, katerega glavno vodilo je pove\u010dati stopnjo izobrazbe, znanja in ve\u0161\u010din ter ustvarjalnosti, ki so potrebni v Evropski dru\u017ebi znanja. V sklopu programa Erasmus+\u00a0 \u0161tudenti v okviru \u0161tudija, usposabljanja ali prostovoljstva v tujini pridobijo izku\u0161nje in nove spretnosti. So\u010dasno program podpira sodelovanje med enakovrednimi institucijami in organizacijami v razli\u010dnih dr\u017eavah, da bi spodbudili inovacije in posodobili u\u010dne prakse ter mladinsko delo.<\/p>\n<h3>Zakaj na izmenjavo?<\/h3>\n<p>Zaradi samostojnosti, izbolj\u0161anja komunikacijskih ve\u0161\u010din, pove\u010danja samozavesti\u00a0in\u00a0samospo\u0161tovanja, bolj\u0161e zaposljivosti, spodbujanja samoiniciativnosti\u00a0in\u00a0podjetni\u0161tva, \u00a0izbolj\u0161anja u\u010dnih kompetenc, timskega dela in seveda znanja tujih jezikov. Poleg tega izmenjava v tujini omogo\u010di nova prijateljstva, potovanja in vam lahko odpre nove \u017eivljenjske prilo\u017enosti.<\/p>\n<div style=\"width: 640px;\" class=\"wp-video\"><!--[if lt IE 9]><script>document.createElement('video');<\/script><![endif]--><br \/>\n<video class=\"wp-video-shortcode\" id=\"video-7136-1\" width=\"640\" height=\"360\" preload=\"metadata\" controls=\"controls\"><source type=\"video\/mp4\" src=\"https:\/\/www.ntf.uni-lj.si\/ntf\/wp-content\/uploads\/sites\/2\/2025\/07\/2025_SI_Erasmus.mp4?_=1\" \/><a href=\"https:\/\/www.ntf.uni-lj.si\/ntf\/wp-content\/uploads\/sites\/2\/2025\/07\/2025_SI_Erasmus.mp4\">https:\/\/www.ntf.uni-lj.si\/ntf\/wp-content\/uploads\/sites\/2\/2025\/07\/2025_SI_Erasmus.mp4<\/a><\/video><\/div>\n<p>&nbsp;<\/p>\n<p><strong>Oglejte si prispevke na\u0161ih \u0161tudentov na Erasmus+ <a href=\"https:\/\/www.ntf.uni-lj.si\/ntf\/studij\/mednarodna-izmenjava\/erasmus\/studijska-izmenjava\/izkusnje-studentov\/\">\u0161tudijski izmenjavi<\/a> in <a href=\"https:\/\/www.ntf.uni-lj.si\/ntf\/studij\/mednarodna-izmenjava\/erasmus\/praksa\/izkusnje-studentov\/\">praksi<\/a> in se prijavite na razpis!<\/strong><\/p>\n<h3>Vse pomembne informacije najdete v predstavitvi.<\/h3>\n<h3><\/h3>\n<h3><strong><a href=\"https:\/\/www.ntf.uni-lj.si\/ntf\/wp-content\/uploads\/sites\/2\/2025\/12\/Predstavitev-Erasmusizmenjave-in-prakse-studentom-2026-27.pdf\">Predstavitev Erasmus+izmenjave in prakse studentom 2026 27<\/a><\/strong><\/h3>\n<p>&nbsp;<\/p>\n","protected":false},"excerpt":{"rendered":"Kaj je program ERASMUS+ mobilnost? Program Erasmus+ je sedemletni program Evropske unije, katerega glavno vodilo je pove\u010dati stopnjo izobrazbe, znanja in ve\u0161\u010din ter ustvarjalnosti, ki so potrebni v Evropski dru\u017ebi znanja. V sklopu programa Erasmus+\u00a0 \u0161tudenti v okviru \u0161tudija, usposabljanja ali prostovoljstva v tujini pridobijo izku\u0161nje in nove spretnosti. So\u010dasno program podpira sodelovanje med enakovrednimi &#8230; <a class=\"view-article\" href=\"https:\/\/www.ntf.uni-lj.si\/ntf\/studij\/mednarodna-izmenjava\/erasmus\/\">Read more<\/a>","protected":false},"author":51,"featured_media":0,"parent":6602,"menu_order":93,"comment_status":"closed","ping_status":"closed","template":"","meta":[],"acf":[],"yoast_head":"<!-- This site is optimized with the Yoast SEO plugin v17.0 - https:\/\/yoast.com\/wordpress\/plugins\/seo\/ -->\n<meta name=\"robots\" content=\"index, follow, max-snippet:-1, max-image-preview:large, max-video-preview:-1\" \/>\n<link rel=\"canonical\" href=\"https:\/\/www.ntf.uni-lj.si\/ntf\/studij\/mednarodna-izmenjava\/erasmus\/\" \/>\n<meta property=\"og:locale\" content=\"en_US\" \/>\n<meta property=\"og:type\" content=\"article\" \/>\n<meta property=\"og:title\" content=\"Erasmus+ - NTF\" \/>\n<meta property=\"og:description\" content=\"Kaj je program ERASMUS+ mobilnost? Program Erasmus+ je sedemletni program Evropske unije, katerega glavno vodilo je pove\u010dati stopnjo izobrazbe, znanja in ve\u0161\u010din ter ustvarjalnosti, ki so potrebni v Evropski dru\u017ebi znanja. V sklopu programa Erasmus+\u00a0 \u0161tudenti v okviru \u0161tudija, usposabljanja ali prostovoljstva v tujini pridobijo izku\u0161nje in nove spretnosti. So\u010dasno program podpira sodelovanje med enakovrednimi ... Read more\" \/>\n<meta property=\"og:url\" content=\"https:\/\/www.ntf.uni-lj.si\/ntf\/studij\/mednarodna-izmenjava\/erasmus\/\" \/>\n<meta property=\"og:site_name\" content=\"NTF\" \/>\n<meta property=\"article:modified_time\" content=\"2025-12-11T10:18:32+00:00\" \/>\n<meta name=\"twitter:label1\" content=\"Est. reading time\" \/>\n\t<meta name=\"twitter:data1\" content=\"1 minute\" \/>\n<script type=\"application\/ld+json\" class=\"yoast-schema-graph\">{\"@context\":\"https:\/\/schema.org\",\"@graph\":[{\"@type\":\"WebSite\",\"@id\":\"https:\/\/www.ntf.uni-lj.si\/ntf\/#website\",\"url\":\"https:\/\/www.ntf.uni-lj.si\/ntf\/\",\"name\":\"NTF\",\"description\":\"Naravoslovnotehni\\u0161ka fakulteta\",\"potentialAction\":[{\"@type\":\"SearchAction\",\"target\":{\"@type\":\"EntryPoint\",\"urlTemplate\":\"https:\/\/www.ntf.uni-lj.si\/ntf\/?s={search_term_string}\"},\"query-input\":\"required name=search_term_string\"}],\"inLanguage\":\"en-US\"},{\"@type\":\"WebPage\",\"@id\":\"https:\/\/www.ntf.uni-lj.si\/ntf\/studij\/mednarodna-izmenjava\/erasmus\/#webpage\",\"url\":\"https:\/\/www.ntf.uni-lj.si\/ntf\/studij\/mednarodna-izmenjava\/erasmus\/\",\"name\":\"Erasmus+ - NTF\",\"isPartOf\":{\"@id\":\"https:\/\/www.ntf.uni-lj.si\/ntf\/#website\"},\"datePublished\":\"2017-02-07T10:38:06+00:00\",\"dateModified\":\"2025-12-11T10:18:32+00:00\",\"breadcrumb\":{\"@id\":\"https:\/\/www.ntf.uni-lj.si\/ntf\/studij\/mednarodna-izmenjava\/erasmus\/#breadcrumb\"},\"inLanguage\":\"en-US\",\"potentialAction\":[{\"@type\":\"ReadAction\",\"target\":[\"https:\/\/www.ntf.uni-lj.si\/ntf\/studij\/mednarodna-izmenjava\/erasmus\/\"]}]},{\"@type\":\"BreadcrumbList\",\"@id\":\"https:\/\/www.ntf.uni-lj.si\/ntf\/studij\/mednarodna-izmenjava\/erasmus\/#breadcrumb\",\"itemListElement\":[{\"@type\":\"ListItem\",\"position\":1,\"name\":\"Domov\",\"item\":\"https:\/\/www.ntf.uni-lj.si\/ntf\/\"},{\"@type\":\"ListItem\",\"position\":2,\"name\":\"\\u0160tudij\",\"item\":\"https:\/\/www.ntf.uni-lj.si\/ntf\/studij\/\"},{\"@type\":\"ListItem\",\"position\":3,\"name\":\"Mednarodna izmenjava\",\"item\":\"https:\/\/www.ntf.uni-lj.si\/ntf\/studij\/mednarodna-izmenjava\/\"},{\"@type\":\"ListItem\",\"position\":4,\"name\":\"Erasmus+\"}]}]}<\/script>\n<!-- \/ Yoast SEO plugin. -->","yoast_head_json":{"robots":{"index":"index","follow":"follow","max-snippet":"max-snippet:-1","max-image-preview":"max-image-preview:large","max-video-preview":"max-video-preview:-1"},"canonical":"https:\/\/www.ntf.uni-lj.si\/ntf\/studij\/mednarodna-izmenjava\/erasmus\/","og_locale":"en_US","og_type":"article","og_title":"Erasmus+ - NTF","og_description":"Kaj je program ERASMUS+ mobilnost? Program Erasmus+ je sedemletni program Evropske unije, katerega glavno vodilo je pove\u010dati stopnjo izobrazbe, znanja in ve\u0161\u010din ter ustvarjalnosti, ki so potrebni v Evropski dru\u017ebi znanja. V sklopu programa Erasmus+\u00a0 \u0161tudenti v okviru \u0161tudija, usposabljanja ali prostovoljstva v tujini pridobijo izku\u0161nje in nove spretnosti. So\u010dasno program podpira sodelovanje med enakovrednimi ... Read more","og_url":"https:\/\/www.ntf.uni-lj.si\/ntf\/studij\/mednarodna-izmenjava\/erasmus\/","og_site_name":"NTF","article_modified_time":"2025-12-11T10:18:32+00:00","twitter_misc":{"Est. reading time":"1 minute"},"schema":{"@context":"https:\/\/schema.org","@graph":[{"@type":"WebSite","@id":"https:\/\/www.ntf.uni-lj.si\/ntf\/#website","url":"https:\/\/www.ntf.uni-lj.si\/ntf\/","name":"NTF","description":"Naravoslovnotehni\u0161ka fakulteta","potentialAction":[{"@type":"SearchAction","target":{"@type":"EntryPoint","urlTemplate":"https:\/\/www.ntf.uni-lj.si\/ntf\/?s={search_term_string}"},"query-input":"required name=search_term_string"}],"inLanguage":"en-US"},{"@type":"WebPage","@id":"https:\/\/www.ntf.uni-lj.si\/ntf\/studij\/mednarodna-izmenjava\/erasmus\/#webpage","url":"https:\/\/www.ntf.uni-lj.si\/ntf\/studij\/mednarodna-izmenjava\/erasmus\/","name":"Erasmus+ - NTF","isPartOf":{"@id":"https:\/\/www.ntf.uni-lj.si\/ntf\/#website"},"datePublished":"2017-02-07T10:38:06+00:00","dateModified":"2025-12-11T10:18:32+00:00","breadcrumb":{"@id":"https:\/\/www.ntf.uni-lj.si\/ntf\/studij\/mednarodna-izmenjava\/erasmus\/#breadcrumb"},"inLanguage":"en-US","potentialAction":[{"@type":"ReadAction","target":["https:\/\/www.ntf.uni-lj.si\/ntf\/studij\/mednarodna-izmenjava\/erasmus\/"]}]},{"@type":"BreadcrumbList","@id":"https:\/\/www.ntf.uni-lj.si\/ntf\/studij\/mednarodna-izmenjava\/erasmus\/#breadcrumb","itemListElement":[{"@type":"ListItem","position":1,"name":"Domov","item":"https:\/\/www.ntf.uni-lj.si\/ntf\/"},{"@type":"ListItem","position":2,"name":"\u0160tudij","item":"https:\/\/www.ntf.uni-lj.si\/ntf\/studij\/"},{"@type":"ListItem","position":3,"name":"Mednarodna izmenjava","item":"https:\/\/www.ntf.uni-lj.si\/ntf\/studij\/mednarodna-izmenjava\/"},{"@type":"ListItem","position":4,"name":"Erasmus+"}]}]}},"_links":{"self":[{"href":"https:\/\/www.ntf.uni-lj.si\/ntf\/wp-json\/wp\/v2\/pages\/7136"}],"collection":[{"href":"https:\/\/www.ntf.uni-lj.si\/ntf\/wp-json\/wp\/v2\/pages"}],"about":[{"href":"https:\/\/www.ntf.uni-lj.si\/ntf\/wp-json\/wp\/v2\/types\/page"}],"author":[{"embeddable":true,"href":"https:\/\/www.ntf.uni-lj.si\/ntf\/wp-json\/wp\/v2\/users\/51"}],"replies":[{"embeddable":true,"href":"https:\/\/www.ntf.uni-lj.si\/ntf\/wp-json\/wp\/v2\/comments?post=7136"}],"version-history":[{"count":88,"href":"https:\/\/www.ntf.uni-lj.si\/ntf\/wp-json\/wp\/v2\/pages\/7136\/revisions"}],"predecessor-version":[{"id":31912,"href":"https:\/\/www.ntf.uni-lj.si\/ntf\/wp-json\/wp\/v2\/pages\/7136\/revisions\/31912"}],"up":[{"embeddable":true,"href":"https:\/\/www.ntf.uni-lj.si\/ntf\/wp-json\/wp\/v2\/pages\/6602"}],"wp:attachment":[{"href":"https:\/\/www.ntf.uni-lj.si\/ntf\/wp-json\/wp\/v2\/media?parent=7136"}],"curies":[{"name":"wp","href":"https:\/\/api.w.org\/{rel}","templated":true}]}}