{"id":7139,"date":"2017-02-07T11:39:19","date_gmt":"2017-02-07T10:39:19","guid":{"rendered":"http:\/\/www.ntf.uni-lj.si\/ntf\/?page_id=7139"},"modified":"2024-01-24T09:53:16","modified_gmt":"2024-01-24T08:53:16","slug":"ceepus","status":"publish","type":"page","link":"https:\/\/www.ntf.uni-lj.si\/ntf\/studij\/mednarodna-izmenjava\/zaposleni\/ceepus\/","title":{"rendered":"CEEPUS razpis"},"content":{"rendered":"<p><img loading=\"lazy\" class=\"\" src=\"https:\/\/www.ceepus.info\/files\/asset\/svg\/logo.svg\" alt=\"CEEPUS Logo\" width=\"315\" height=\"300\" \/><\/p>\n<p>Prijave za <strong><a href=\"https:\/\/www.ceepus.info\/content\/home\">CEEPUS 2022-23<\/a><\/strong> izmenjave so odprte. Posamezniki se bodo lahko na izmenjavo preko mre\u017e, ki so letos v \u00bbumbrella\u00ab statusu prijavili v sredini junija. V programu CEEPUS sodelujejo visoko\u0161olske institucije iz naslednjih dr\u017eav: Albanija, Avstrija, Bolgarija, Bosna in Hercegovina, \u010ce\u0161ka, \u010crna gora, Hrva\u0161ka, Kosovo, Mad\u017earska, Severna Makedonija, Moldavija, Poljska, Romunija, Slova\u0161ka, Slovenija in Srbija.<\/p>\n<p>Prijava je mogo\u010da z registracijo na <strong><a href=\"https:\/\/www.ceepus.info\/login\/register_short.aspx#nbb\">spletnegnem portalu.<\/a><\/strong><\/p>\n<p>Ve\u010d informacij o programu CEEPUS si lahko preberete<strong> <a href=\"https:\/\/www.cmepius.si\/mednarodno-sodelovanje\/moznosti-sodelovanja\/ceepus\/?hilite=ceepus\">tukaj<\/a>.<\/strong><\/p>\n<p><b>Izmenjave za namen \u0161tudija<\/b><b>: BA in MA v \u010dasu <\/b><b>cikla<\/b> <b>\u0161tudija<\/b><b> 10 <\/b><b>mesecev<\/b><b>, <\/b><b>PhD<\/b><b> neomejeno<\/b><\/p>\n<ul>\n<li>Kratkoro\u010dna \u0161tudent\/Short term student &#8211; 1 ali 2 meseca (min. \u0161t. dni 21)<\/li>\n<li>Dolgoro\u010dna \u0161tudent- 3 mesece ali ve\u010d (min. \u0161t. dni v zadnjem mesecu 16)<\/li>\n<li>Poletna\/zimska\/spomladanska\/jesenska \u0161ola<\/li>\n<li>Kratkoro\u010dna-ekskurzija\/Short Term Excursion<\/li>\n<\/ul>\n<p><b>\u0160TUDENTJE <\/b><b>imajo<\/b> <b>tudi<\/b> <b>mo\u017enost<\/b> <b>FREEMOVER <\/b><b>mobilnosti<\/b><b>, <\/b><b>ki<\/b> <b>ni<\/b> <b>vezana<\/b> <b>na<\/b> <b>obstoje\u010de<\/b> <b>mre\u017ee<\/b><b>, <\/b><b>vendar<\/b> <b>nudi<\/b> <b>enake<\/b> <b>ugodnosti<\/b> <b>izmenjave<\/b><b>, <\/b><b>kot<\/b><b> je to <\/b><b>pri<\/b> <b>mre\u017enih<\/b> <b>izmenjavah<\/b><b>. <\/b><\/p>\n<p><strong>CEEPUS rok za prijavo za\u00a0 izmenjave \u0161tudentov:<\/strong><\/p>\n<ul>\n<li><strong>15. junij:<\/strong> za izmenjave za zimski,<\/li>\n<li><strong>30. oktober<\/strong>: za izmenjave za poletni semester,<\/li>\n<li><strong>30. november<\/strong>: freemoverji (izmenjave obi\u010dajno le v poletnem semestru).<\/li>\n<\/ul>\n<h4>ODDELEK ZA GEOLOGIJO<\/h4>\n<p><a href=\"https:\/\/ceepus.rgf.bg.ac.rs\/\">CEEPUS program RS-0038<\/a> je namenjen \u0161tudentom <strong>geologije<\/strong>, ki odhajajo na kraj\u0161e (enomese\u010dno) gostovanje v tujino, zlasti tistim, ki \u017eelijo izkoristiti tuje laboratorije, opremo ali znanje za dokon\u010danje zaklju\u010dnega (magistrskega ali doktorskega) dela. Prijave \u017eelja zbira koordinator na OG (doc. dr. Luka Gale) vsako leto do 15. decembra. \u0160tevilo mest je omejeno, zato naj \u0161tudent izbere ustrezno in\u0161titucijo po posvetovanju z mentorjem in koordinatorjem. Po potrditvi s strani glavnega koordinatorja mre\u017ee, se lahko \u0161tudent preko internetne prijavnice prijavi na gostovanje v zimskem semestru (do 15.6.) ali v poletnem semestru (do 30.10). \u0160tudentje se lahko na gostovanje prijavijo ve\u010dkrat. Poleg \u0161tipendije imajo urejeno in pla\u010dano tudi nastanitev.<\/p>\n<h4>ODDELEK ZA TEKSTILSTVO, GRAFIKO IN OBLIKOVANJE<\/h4>\n<p>CEEPUS program RS-0704 je namenjen predvsem podiplomskim \u0161tudentom <strong>grafike<\/strong>, ki odhajajo na kraj\u0161e (enomese\u010dno) gostovanje v tujino. Zlasti tistim, ki \u017eelijo izkoristiti tuje laboratorije, studie, opremo ali znanje za dokon\u010danje zaklju\u010dnega (magistrskega ali doktorskega) dela. Prijave \u017eelja zbira koordinator posamezne Ceepus mre\u017ee na KIGT. Poleg \u0161tipendije imajo \u0161tudentje urejeno in pla\u010dano \u0161e nastanitev.<\/p>\n<p>Ve\u010d informacij tudi na spletni strani <a href=\"https:\/\/www.ntf.uni-lj.si\/igt\/studij\/izmenjave\/\">KIGT.<\/a><\/p>\n<p><strong>ODDELEK ZA MATERIALE IN METALURGIJO<\/strong><\/p>\n<p>CEEPUS program PL-1705 02-2223 je namenjen \u0161tudentom materialov in metalurgije, ki odhajajo na kraj\u0161e (enomese\u010dno) gostovanje v tujino, zlasti tistim, ki \u017eelijo izkoristiti tuje laboratorije, opremo ali znanje za dokon\u010danje zaklju\u010dnega (magistrskega ali doktorskega) dela.<\/p>\n<p><strong>Vabljeni k prijavi, saj mednarodno sodelovanje prina\u0161a \u0161tevilne prednosti tako za posameznike kot za izobra\u017eevalne institucije.<\/strong><\/p>\n<p><strong><a href=\"https:\/\/www.ntf.uni-lj.si\/ntf\/wp-content\/uploads\/sites\/2\/2022\/06\/Ceepus-mreze_2022-23-za-splet_25.5.2022.pdf\">Ceepus mre\u017ee_2022-23<\/a><\/strong><\/p>\n<p>&nbsp;<\/p>\n","protected":false},"excerpt":{"rendered":"Prijave za CEEPUS 2022-23 izmenjave so odprte. Posamezniki se bodo lahko na izmenjavo preko mre\u017e, ki so letos v \u00bbumbrella\u00ab statusu prijavili v sredini junija. V programu CEEPUS sodelujejo visoko\u0161olske institucije iz naslednjih dr\u017eav: Albanija, Avstrija, Bolgarija, Bosna in Hercegovina, \u010ce\u0161ka, \u010crna gora, Hrva\u0161ka, Kosovo, Mad\u017earska, Severna Makedonija, Moldavija, Poljska, Romunija, Slova\u0161ka, Slovenija in Srbija. &#8230; <a class=\"view-article\" href=\"https:\/\/www.ntf.uni-lj.si\/ntf\/studij\/mednarodna-izmenjava\/zaposleni\/ceepus\/\">Read more<\/a>","protected":false},"author":51,"featured_media":0,"parent":8331,"menu_order":58,"comment_status":"closed","ping_status":"closed","template":"","meta":[],"acf":[],"yoast_head":"<!-- This site is optimized with the Yoast SEO plugin v17.0 - https:\/\/yoast.com\/wordpress\/plugins\/seo\/ -->\n<meta name=\"robots\" content=\"index, follow, max-snippet:-1, max-image-preview:large, max-video-preview:-1\" \/>\n<link rel=\"canonical\" href=\"https:\/\/www.ntf.uni-lj.si\/ntf\/studij\/mednarodna-izmenjava\/zaposleni\/ceepus\/\" \/>\n<meta property=\"og:locale\" content=\"en_US\" \/>\n<meta property=\"og:type\" content=\"article\" \/>\n<meta property=\"og:title\" content=\"CEEPUS razpis - NTF\" \/>\n<meta property=\"og:description\" content=\"Prijave za CEEPUS 2022-23 izmenjave so odprte. Posamezniki se bodo lahko na izmenjavo preko mre\u017e, ki so letos v \u00bbumbrella\u00ab statusu prijavili v sredini junija. V programu CEEPUS sodelujejo visoko\u0161olske institucije iz naslednjih dr\u017eav: Albanija, Avstrija, Bolgarija, Bosna in Hercegovina, \u010ce\u0161ka, \u010crna gora, Hrva\u0161ka, Kosovo, Mad\u017earska, Severna Makedonija, Moldavija, Poljska, Romunija, Slova\u0161ka, Slovenija in Srbija. ... Read more\" \/>\n<meta property=\"og:url\" content=\"https:\/\/www.ntf.uni-lj.si\/ntf\/studij\/mednarodna-izmenjava\/zaposleni\/ceepus\/\" \/>\n<meta property=\"og:site_name\" content=\"NTF\" \/>\n<meta property=\"article:modified_time\" content=\"2024-01-24T08:53:16+00:00\" \/>\n<meta property=\"og:image\" content=\"https:\/\/www.ceepus.info\/files\/asset\/svg\/logo.svg\" \/>\n<meta name=\"twitter:label1\" content=\"Est. reading time\" \/>\n\t<meta name=\"twitter:data1\" content=\"2 minutes\" \/>\n<script type=\"application\/ld+json\" class=\"yoast-schema-graph\">{\"@context\":\"https:\/\/schema.org\",\"@graph\":[{\"@type\":\"WebSite\",\"@id\":\"https:\/\/www.ntf.uni-lj.si\/ntf\/#website\",\"url\":\"https:\/\/www.ntf.uni-lj.si\/ntf\/\",\"name\":\"NTF\",\"description\":\"Naravoslovnotehni\\u0161ka fakulteta\",\"potentialAction\":[{\"@type\":\"SearchAction\",\"target\":{\"@type\":\"EntryPoint\",\"urlTemplate\":\"https:\/\/www.ntf.uni-lj.si\/ntf\/?s={search_term_string}\"},\"query-input\":\"required name=search_term_string\"}],\"inLanguage\":\"en-US\"},{\"@type\":\"ImageObject\",\"@id\":\"https:\/\/www.ntf.uni-lj.si\/ntf\/studij\/mednarodna-izmenjava\/zaposleni\/ceepus\/#primaryimage\",\"inLanguage\":\"en-US\",\"url\":\"https:\/\/www.ceepus.info\/files\/asset\/svg\/logo.svg\",\"contentUrl\":\"https:\/\/www.ceepus.info\/files\/asset\/svg\/logo.svg\"},{\"@type\":\"WebPage\",\"@id\":\"https:\/\/www.ntf.uni-lj.si\/ntf\/studij\/mednarodna-izmenjava\/zaposleni\/ceepus\/#webpage\",\"url\":\"https:\/\/www.ntf.uni-lj.si\/ntf\/studij\/mednarodna-izmenjava\/zaposleni\/ceepus\/\",\"name\":\"CEEPUS razpis - NTF\",\"isPartOf\":{\"@id\":\"https:\/\/www.ntf.uni-lj.si\/ntf\/#website\"},\"primaryImageOfPage\":{\"@id\":\"https:\/\/www.ntf.uni-lj.si\/ntf\/studij\/mednarodna-izmenjava\/zaposleni\/ceepus\/#primaryimage\"},\"datePublished\":\"2017-02-07T10:39:19+00:00\",\"dateModified\":\"2024-01-24T08:53:16+00:00\",\"breadcrumb\":{\"@id\":\"https:\/\/www.ntf.uni-lj.si\/ntf\/studij\/mednarodna-izmenjava\/zaposleni\/ceepus\/#breadcrumb\"},\"inLanguage\":\"en-US\",\"potentialAction\":[{\"@type\":\"ReadAction\",\"target\":[\"https:\/\/www.ntf.uni-lj.si\/ntf\/studij\/mednarodna-izmenjava\/zaposleni\/ceepus\/\"]}]},{\"@type\":\"BreadcrumbList\",\"@id\":\"https:\/\/www.ntf.uni-lj.si\/ntf\/studij\/mednarodna-izmenjava\/zaposleni\/ceepus\/#breadcrumb\",\"itemListElement\":[{\"@type\":\"ListItem\",\"position\":1,\"name\":\"Domov\",\"item\":\"https:\/\/www.ntf.uni-lj.si\/ntf\/\"},{\"@type\":\"ListItem\",\"position\":2,\"name\":\"\\u0160tudij\",\"item\":\"https:\/\/www.ntf.uni-lj.si\/ntf\/studij\/\"},{\"@type\":\"ListItem\",\"position\":3,\"name\":\"Mednarodna izmenjava\",\"item\":\"https:\/\/www.ntf.uni-lj.si\/ntf\/studij\/mednarodna-izmenjava\/\"},{\"@type\":\"ListItem\",\"position\":4,\"name\":\"Zaposlen\",\"item\":\"https:\/\/www.ntf.uni-lj.si\/ntf\/studij\/mednarodna-izmenjava\/zaposleni\/\"},{\"@type\":\"ListItem\",\"position\":5,\"name\":\"CEEPUS razpis\"}]}]}<\/script>\n<!-- \/ Yoast SEO plugin. -->","yoast_head_json":{"robots":{"index":"index","follow":"follow","max-snippet":"max-snippet:-1","max-image-preview":"max-image-preview:large","max-video-preview":"max-video-preview:-1"},"canonical":"https:\/\/www.ntf.uni-lj.si\/ntf\/studij\/mednarodna-izmenjava\/zaposleni\/ceepus\/","og_locale":"en_US","og_type":"article","og_title":"CEEPUS razpis - NTF","og_description":"Prijave za CEEPUS 2022-23 izmenjave so odprte. Posamezniki se bodo lahko na izmenjavo preko mre\u017e, ki so letos v \u00bbumbrella\u00ab statusu prijavili v sredini junija. V programu CEEPUS sodelujejo visoko\u0161olske institucije iz naslednjih dr\u017eav: Albanija, Avstrija, Bolgarija, Bosna in Hercegovina, \u010ce\u0161ka, \u010crna gora, Hrva\u0161ka, Kosovo, Mad\u017earska, Severna Makedonija, Moldavija, Poljska, Romunija, Slova\u0161ka, Slovenija in Srbija. ... Read more","og_url":"https:\/\/www.ntf.uni-lj.si\/ntf\/studij\/mednarodna-izmenjava\/zaposleni\/ceepus\/","og_site_name":"NTF","article_modified_time":"2024-01-24T08:53:16+00:00","og_image":[{"url":"https:\/\/www.ceepus.info\/files\/asset\/svg\/logo.svg"}],"twitter_misc":{"Est. reading time":"2 minutes"},"schema":{"@context":"https:\/\/schema.org","@graph":[{"@type":"WebSite","@id":"https:\/\/www.ntf.uni-lj.si\/ntf\/#website","url":"https:\/\/www.ntf.uni-lj.si\/ntf\/","name":"NTF","description":"Naravoslovnotehni\u0161ka fakulteta","potentialAction":[{"@type":"SearchAction","target":{"@type":"EntryPoint","urlTemplate":"https:\/\/www.ntf.uni-lj.si\/ntf\/?s={search_term_string}"},"query-input":"required name=search_term_string"}],"inLanguage":"en-US"},{"@type":"ImageObject","@id":"https:\/\/www.ntf.uni-lj.si\/ntf\/studij\/mednarodna-izmenjava\/zaposleni\/ceepus\/#primaryimage","inLanguage":"en-US","url":"https:\/\/www.ceepus.info\/files\/asset\/svg\/logo.svg","contentUrl":"https:\/\/www.ceepus.info\/files\/asset\/svg\/logo.svg"},{"@type":"WebPage","@id":"https:\/\/www.ntf.uni-lj.si\/ntf\/studij\/mednarodna-izmenjava\/zaposleni\/ceepus\/#webpage","url":"https:\/\/www.ntf.uni-lj.si\/ntf\/studij\/mednarodna-izmenjava\/zaposleni\/ceepus\/","name":"CEEPUS razpis - NTF","isPartOf":{"@id":"https:\/\/www.ntf.uni-lj.si\/ntf\/#website"},"primaryImageOfPage":{"@id":"https:\/\/www.ntf.uni-lj.si\/ntf\/studij\/mednarodna-izmenjava\/zaposleni\/ceepus\/#primaryimage"},"datePublished":"2017-02-07T10:39:19+00:00","dateModified":"2024-01-24T08:53:16+00:00","breadcrumb":{"@id":"https:\/\/www.ntf.uni-lj.si\/ntf\/studij\/mednarodna-izmenjava\/zaposleni\/ceepus\/#breadcrumb"},"inLanguage":"en-US","potentialAction":[{"@type":"ReadAction","target":["https:\/\/www.ntf.uni-lj.si\/ntf\/studij\/mednarodna-izmenjava\/zaposleni\/ceepus\/"]}]},{"@type":"BreadcrumbList","@id":"https:\/\/www.ntf.uni-lj.si\/ntf\/studij\/mednarodna-izmenjava\/zaposleni\/ceepus\/#breadcrumb","itemListElement":[{"@type":"ListItem","position":1,"name":"Domov","item":"https:\/\/www.ntf.uni-lj.si\/ntf\/"},{"@type":"ListItem","position":2,"name":"\u0160tudij","item":"https:\/\/www.ntf.uni-lj.si\/ntf\/studij\/"},{"@type":"ListItem","position":3,"name":"Mednarodna izmenjava","item":"https:\/\/www.ntf.uni-lj.si\/ntf\/studij\/mednarodna-izmenjava\/"},{"@type":"ListItem","position":4,"name":"Zaposlen","item":"https:\/\/www.ntf.uni-lj.si\/ntf\/studij\/mednarodna-izmenjava\/zaposleni\/"},{"@type":"ListItem","position":5,"name":"CEEPUS razpis"}]}]}},"_links":{"self":[{"href":"https:\/\/www.ntf.uni-lj.si\/ntf\/wp-json\/wp\/v2\/pages\/7139"}],"collection":[{"href":"https:\/\/www.ntf.uni-lj.si\/ntf\/wp-json\/wp\/v2\/pages"}],"about":[{"href":"https:\/\/www.ntf.uni-lj.si\/ntf\/wp-json\/wp\/v2\/types\/page"}],"author":[{"embeddable":true,"href":"https:\/\/www.ntf.uni-lj.si\/ntf\/wp-json\/wp\/v2\/users\/51"}],"replies":[{"embeddable":true,"href":"https:\/\/www.ntf.uni-lj.si\/ntf\/wp-json\/wp\/v2\/comments?post=7139"}],"version-history":[{"count":18,"href":"https:\/\/www.ntf.uni-lj.si\/ntf\/wp-json\/wp\/v2\/pages\/7139\/revisions"}],"predecessor-version":[{"id":25991,"href":"https:\/\/www.ntf.uni-lj.si\/ntf\/wp-json\/wp\/v2\/pages\/7139\/revisions\/25991"}],"up":[{"embeddable":true,"href":"https:\/\/www.ntf.uni-lj.si\/ntf\/wp-json\/wp\/v2\/pages\/8331"}],"wp:attachment":[{"href":"https:\/\/www.ntf.uni-lj.si\/ntf\/wp-json\/wp\/v2\/media?parent=7139"}],"curies":[{"name":"wp","href":"https:\/\/api.w.org\/{rel}","templated":true}]}}