{"id":8246,"date":"2017-10-05T13:46:14","date_gmt":"2017-10-05T11:46:14","guid":{"rendered":"http:\/\/www.ntf.uni-lj.si\/ntf\/?page_id=8246"},"modified":"2024-11-08T13:01:13","modified_gmt":"2024-11-08T12:01:13","slug":"sluzba-za-informatiko","status":"publish","type":"page","link":"https:\/\/www.ntf.uni-lj.si\/ntf\/o-fakulteti\/strokovne-sluzbe\/sluzba-za-informatiko\/","title":{"rendered":"Slu\u017eba za informatiko"},"content":{"rendered":"<p>V Slu\u017ebi za informatiko sva zaposlena <a href=\"https:\/\/www.ntf.uni-lj.si\/ntf\/employee\/matej-fister\/\">Matej Fister<\/a> in <a href=\"https:\/\/www.ntf.uni-lj.si\/ntf\/employee\/uros-lenarcic\/\">Uro\u0161 Lenar\u010di\u010d<\/a>.<\/p>\n<p>Naloge slu\u017ebe za informatiko:<\/p>\n<ul>\n<li>sporo\u010dila o napakah<\/li>\n<li>vpra\u0161anja za VIS, Eduroam, gesla uporabni\u0161kega profila&#8230;<\/li>\n<li>pomo\u010d za strojno opremo (tiskalnike, ra\u010dunalnike&#8230;)<\/li>\n<li>pomo\u010d pri uporabi omre\u017eja<\/li>\n<li>vpra\u0161anja o strojni\/programski opremi<\/li>\n<\/ul>\n<p>pi\u0161ite na naslov <a href=\"mailto:helpdesk@ntf.uni-lj.si\">helpdesk@ntf.uni-lj.si<\/a><br \/>\nV polje Zadeva\/Subject obvezno vpi\u0161ite namen va\u0161ega zahtevka. Spremembe statusa in vsa nadaljna komunikacija glede enega zahtevka potem poteka po mailu ali po posebnem linku.<br \/>\n<strong>Zaradi organizacije dela prosim, da uporabljate samo ta naslov, ne po\u0161iljajte zahtevkov na slu\u017ebene maile!<\/strong><\/p>\n<p>V kolikor \u017eelite sporo\u010diti, da ne deluje internet, boste te\u017eko poslali mail \ud83d\ude09 , zato v takem primeru pokli\u010dite telefonsko \u0161tevilko: 01 7772 733 ali 01 4704 622.<\/p>\n<p>V okviru skupne sheme email naslovov na UL obstaja tudi mail <a href=\"mailto:abuse@ntf.uni-lj.si\">abuse@ntf.uni-lj.si<\/a> kamor po\u0161ljete prijavo sumljivih email sporo\u010dil, oku\u017eb z virusom itd.<\/p>\n<p>Za naro\u010dila nabave opreme uporabite naslednji obrazec <a href=\"https:\/\/www.ntf.uni-lj.si\/ntf\/o-fakulteti\/strokovne-sluzbe\/sluzba-za-informatiko\/nabava-opreme\/\">povpra\u0161evanja za nabavo opreme<\/a><\/p>\n<p>Za izposojo prenosnika se oglasite osebno v \u0161tudentskem referatu<\/p>\n<p>Matej Fister, tel. 01 7772 733<br \/>\nA\u0161ker\u010deva 12, kabinet K23<\/p>\n<p>Uro\u0161 Lenar\u010di\u010d, tel. 01 4704 622<br \/>\nA\u0161ker\u010deva 12, kabinet K22<\/p>\n","protected":false},"excerpt":{"rendered":"V Slu\u017ebi za informatiko sva zaposlena Matej Fister in Uro\u0161 Lenar\u010di\u010d. Naloge slu\u017ebe za informatiko: sporo\u010dila o napakah vpra\u0161anja za VIS, Eduroam, gesla uporabni\u0161kega profila&#8230; pomo\u010d za strojno opremo (tiskalnike, ra\u010dunalnike&#8230;) pomo\u010d pri uporabi omre\u017eja vpra\u0161anja o strojni\/programski opremi pi\u0161ite na naslov helpdesk@ntf.uni-lj.si V polje Zadeva\/Subject obvezno vpi\u0161ite namen va\u0161ega zahtevka. Spremembe statusa in vsa &#8230; <a class=\"view-article\" href=\"https:\/\/www.ntf.uni-lj.si\/ntf\/o-fakulteti\/strokovne-sluzbe\/sluzba-za-informatiko\/\">Read more<\/a>","protected":false},"author":37,"featured_media":0,"parent":7927,"menu_order":145,"comment_status":"closed","ping_status":"closed","template":"","meta":[],"acf":[],"yoast_head":"<!-- This site is optimized with the Yoast SEO plugin v17.0 - https:\/\/yoast.com\/wordpress\/plugins\/seo\/ -->\n<meta name=\"robots\" content=\"index, follow, max-snippet:-1, max-image-preview:large, max-video-preview:-1\" \/>\n<link rel=\"canonical\" href=\"https:\/\/www.ntf.uni-lj.si\/ntf\/o-fakulteti\/strokovne-sluzbe\/sluzba-za-informatiko\/\" \/>\n<meta property=\"og:locale\" content=\"en_US\" \/>\n<meta property=\"og:type\" content=\"article\" \/>\n<meta property=\"og:title\" content=\"Slu\u017eba za informatiko - NTF\" \/>\n<meta property=\"og:description\" content=\"V Slu\u017ebi za informatiko sva zaposlena Matej Fister in Uro\u0161 Lenar\u010di\u010d. Naloge slu\u017ebe za informatiko: sporo\u010dila o napakah vpra\u0161anja za VIS, Eduroam, gesla uporabni\u0161kega profila&#8230; pomo\u010d za strojno opremo (tiskalnike, ra\u010dunalnike&#8230;) pomo\u010d pri uporabi omre\u017eja vpra\u0161anja o strojni\/programski opremi pi\u0161ite na naslov helpdesk@ntf.uni-lj.si V polje Zadeva\/Subject obvezno vpi\u0161ite namen va\u0161ega zahtevka. Spremembe statusa in vsa ... Read more\" \/>\n<meta property=\"og:url\" content=\"https:\/\/www.ntf.uni-lj.si\/ntf\/o-fakulteti\/strokovne-sluzbe\/sluzba-za-informatiko\/\" \/>\n<meta property=\"og:site_name\" content=\"NTF\" \/>\n<meta property=\"article:modified_time\" content=\"2024-11-08T12:01:13+00:00\" \/>\n<meta name=\"twitter:label1\" content=\"Est. reading time\" \/>\n\t<meta name=\"twitter:data1\" content=\"1 minute\" \/>\n<script type=\"application\/ld+json\" class=\"yoast-schema-graph\">{\"@context\":\"https:\/\/schema.org\",\"@graph\":[{\"@type\":\"WebSite\",\"@id\":\"https:\/\/www.ntf.uni-lj.si\/ntf\/#website\",\"url\":\"https:\/\/www.ntf.uni-lj.si\/ntf\/\",\"name\":\"NTF\",\"description\":\"Naravoslovnotehni\\u0161ka fakulteta\",\"potentialAction\":[{\"@type\":\"SearchAction\",\"target\":{\"@type\":\"EntryPoint\",\"urlTemplate\":\"https:\/\/www.ntf.uni-lj.si\/ntf\/?s={search_term_string}\"},\"query-input\":\"required name=search_term_string\"}],\"inLanguage\":\"en-US\"},{\"@type\":\"WebPage\",\"@id\":\"https:\/\/www.ntf.uni-lj.si\/ntf\/o-fakulteti\/strokovne-sluzbe\/sluzba-za-informatiko\/#webpage\",\"url\":\"https:\/\/www.ntf.uni-lj.si\/ntf\/o-fakulteti\/strokovne-sluzbe\/sluzba-za-informatiko\/\",\"name\":\"Slu\\u017eba za informatiko - NTF\",\"isPartOf\":{\"@id\":\"https:\/\/www.ntf.uni-lj.si\/ntf\/#website\"},\"datePublished\":\"2017-10-05T11:46:14+00:00\",\"dateModified\":\"2024-11-08T12:01:13+00:00\",\"breadcrumb\":{\"@id\":\"https:\/\/www.ntf.uni-lj.si\/ntf\/o-fakulteti\/strokovne-sluzbe\/sluzba-za-informatiko\/#breadcrumb\"},\"inLanguage\":\"en-US\",\"potentialAction\":[{\"@type\":\"ReadAction\",\"target\":[\"https:\/\/www.ntf.uni-lj.si\/ntf\/o-fakulteti\/strokovne-sluzbe\/sluzba-za-informatiko\/\"]}]},{\"@type\":\"BreadcrumbList\",\"@id\":\"https:\/\/www.ntf.uni-lj.si\/ntf\/o-fakulteti\/strokovne-sluzbe\/sluzba-za-informatiko\/#breadcrumb\",\"itemListElement\":[{\"@type\":\"ListItem\",\"position\":1,\"name\":\"Domov\",\"item\":\"https:\/\/www.ntf.uni-lj.si\/ntf\/\"},{\"@type\":\"ListItem\",\"position\":2,\"name\":\"O fakulteti\",\"item\":\"https:\/\/www.ntf.uni-lj.si\/ntf\/o-fakulteti\/\"},{\"@type\":\"ListItem\",\"position\":3,\"name\":\"Strokovne slu\\u017ebe\",\"item\":\"https:\/\/www.ntf.uni-lj.si\/ntf\/o-fakulteti\/strokovne-sluzbe\/\"},{\"@type\":\"ListItem\",\"position\":4,\"name\":\"Slu\\u017eba za informatiko\"}]}]}<\/script>\n<!-- \/ Yoast SEO plugin. -->","yoast_head_json":{"robots":{"index":"index","follow":"follow","max-snippet":"max-snippet:-1","max-image-preview":"max-image-preview:large","max-video-preview":"max-video-preview:-1"},"canonical":"https:\/\/www.ntf.uni-lj.si\/ntf\/o-fakulteti\/strokovne-sluzbe\/sluzba-za-informatiko\/","og_locale":"en_US","og_type":"article","og_title":"Slu\u017eba za informatiko - NTF","og_description":"V Slu\u017ebi za informatiko sva zaposlena Matej Fister in Uro\u0161 Lenar\u010di\u010d. Naloge slu\u017ebe za informatiko: sporo\u010dila o napakah vpra\u0161anja za VIS, Eduroam, gesla uporabni\u0161kega profila&#8230; pomo\u010d za strojno opremo (tiskalnike, ra\u010dunalnike&#8230;) pomo\u010d pri uporabi omre\u017eja vpra\u0161anja o strojni\/programski opremi pi\u0161ite na naslov helpdesk@ntf.uni-lj.si V polje Zadeva\/Subject obvezno vpi\u0161ite namen va\u0161ega zahtevka. Spremembe statusa in vsa ... Read more","og_url":"https:\/\/www.ntf.uni-lj.si\/ntf\/o-fakulteti\/strokovne-sluzbe\/sluzba-za-informatiko\/","og_site_name":"NTF","article_modified_time":"2024-11-08T12:01:13+00:00","twitter_misc":{"Est. reading time":"1 minute"},"schema":{"@context":"https:\/\/schema.org","@graph":[{"@type":"WebSite","@id":"https:\/\/www.ntf.uni-lj.si\/ntf\/#website","url":"https:\/\/www.ntf.uni-lj.si\/ntf\/","name":"NTF","description":"Naravoslovnotehni\u0161ka fakulteta","potentialAction":[{"@type":"SearchAction","target":{"@type":"EntryPoint","urlTemplate":"https:\/\/www.ntf.uni-lj.si\/ntf\/?s={search_term_string}"},"query-input":"required name=search_term_string"}],"inLanguage":"en-US"},{"@type":"WebPage","@id":"https:\/\/www.ntf.uni-lj.si\/ntf\/o-fakulteti\/strokovne-sluzbe\/sluzba-za-informatiko\/#webpage","url":"https:\/\/www.ntf.uni-lj.si\/ntf\/o-fakulteti\/strokovne-sluzbe\/sluzba-za-informatiko\/","name":"Slu\u017eba za informatiko - NTF","isPartOf":{"@id":"https:\/\/www.ntf.uni-lj.si\/ntf\/#website"},"datePublished":"2017-10-05T11:46:14+00:00","dateModified":"2024-11-08T12:01:13+00:00","breadcrumb":{"@id":"https:\/\/www.ntf.uni-lj.si\/ntf\/o-fakulteti\/strokovne-sluzbe\/sluzba-za-informatiko\/#breadcrumb"},"inLanguage":"en-US","potentialAction":[{"@type":"ReadAction","target":["https:\/\/www.ntf.uni-lj.si\/ntf\/o-fakulteti\/strokovne-sluzbe\/sluzba-za-informatiko\/"]}]},{"@type":"BreadcrumbList","@id":"https:\/\/www.ntf.uni-lj.si\/ntf\/o-fakulteti\/strokovne-sluzbe\/sluzba-za-informatiko\/#breadcrumb","itemListElement":[{"@type":"ListItem","position":1,"name":"Domov","item":"https:\/\/www.ntf.uni-lj.si\/ntf\/"},{"@type":"ListItem","position":2,"name":"O fakulteti","item":"https:\/\/www.ntf.uni-lj.si\/ntf\/o-fakulteti\/"},{"@type":"ListItem","position":3,"name":"Strokovne slu\u017ebe","item":"https:\/\/www.ntf.uni-lj.si\/ntf\/o-fakulteti\/strokovne-sluzbe\/"},{"@type":"ListItem","position":4,"name":"Slu\u017eba za informatiko"}]}]}},"_links":{"self":[{"href":"https:\/\/www.ntf.uni-lj.si\/ntf\/wp-json\/wp\/v2\/pages\/8246"}],"collection":[{"href":"https:\/\/www.ntf.uni-lj.si\/ntf\/wp-json\/wp\/v2\/pages"}],"about":[{"href":"https:\/\/www.ntf.uni-lj.si\/ntf\/wp-json\/wp\/v2\/types\/page"}],"author":[{"embeddable":true,"href":"https:\/\/www.ntf.uni-lj.si\/ntf\/wp-json\/wp\/v2\/users\/37"}],"replies":[{"embeddable":true,"href":"https:\/\/www.ntf.uni-lj.si\/ntf\/wp-json\/wp\/v2\/comments?post=8246"}],"version-history":[{"count":51,"href":"https:\/\/www.ntf.uni-lj.si\/ntf\/wp-json\/wp\/v2\/pages\/8246\/revisions"}],"predecessor-version":[{"id":28524,"href":"https:\/\/www.ntf.uni-lj.si\/ntf\/wp-json\/wp\/v2\/pages\/8246\/revisions\/28524"}],"up":[{"embeddable":true,"href":"https:\/\/www.ntf.uni-lj.si\/ntf\/wp-json\/wp\/v2\/pages\/7927"}],"wp:attachment":[{"href":"https:\/\/www.ntf.uni-lj.si\/ntf\/wp-json\/wp\/v2\/media?parent=8246"}],"curies":[{"name":"wp","href":"https:\/\/api.w.org\/{rel}","templated":true}]}}