{"id":8331,"date":"2017-10-18T21:06:41","date_gmt":"2017-10-18T19:06:41","guid":{"rendered":"http:\/\/www.ntf.uni-lj.si\/ntf\/?page_id=8331"},"modified":"2024-01-12T10:05:17","modified_gmt":"2024-01-12T09:05:17","slug":"zaposleni","status":"publish","type":"page","link":"https:\/\/www.ntf.uni-lj.si\/ntf\/studij\/mednarodna-izmenjava\/zaposleni\/","title":{"rendered":"Zaposlen"},"content":{"rendered":"<h3>ERASMUS+ MOBILNOST ZAPOSLENIH<\/h3>\n<ul>\n<li><a href=\"https:\/\/www.uni-lj.si\/mednarodno_sodelovanje_in_izmenjave\/erasmus_plus_mobilnost_osebja_za_usposabljanje\/\"><strong>Mobilnost zaposlenih z namenom pou\u010devanja (STA)<\/strong><\/a> (\u00bbStaff mobility for teaching\u00ab) se nana\u0161a na mobilnost u\u010dnega osebja visoko\u0161olskih institucij z namenom izvajanja pedago\u0161kih obveznosti na instituciji gostiteljici v tujini (<em>razpis je odprt 1x letno, sredina leta- maj<\/em>)<\/li>\n<li><a href=\"https:\/\/www.uni-lj.si\/mednarodno_sodelovanje_in_izmenjave\/erasmus_plus_mobilnost_osebja_za_usposabljanje\/\"><strong>Mobilnost zaposlenih z namenom usposabljanja (STT)<\/strong><\/a> (\u00bbStaff mobility for training\u00ab) se nana\u0161a na mobilnost (predvsem neakademskega) osebja visoko\u0161olskih institucij z namenom lastnega usposabljanja (<em>odprt razpis, sredina leta- september<\/em>).<\/li>\n<li><a href=\"https:\/\/www.uni-lj.si\/mednarodno_sodelovanje_in_izmenjave\/mednarodna_kreditna_mobilnost\/\"><strong>Mednarodna Kreditna Mobilnost (MKM) <\/strong><\/a>je program Erasmus+ v klju\u010dnem ukrepu KA1, v okviru akcije Mednarodna kreditna mobilnost (KA107), omogo\u010da projekte mobilnosti v visokem \u0161olstvu, ki potekajo med <a class=\"lipdf\" href=\"https:\/\/www.uni-lj.si\/mma\/e_drzave\/2019081309300261\/?m=1565681402\" target=\"_blank\" rel=\"ATTACH noopener\"><strong>Programskimi in Partnerskimi dr\u017eavam<\/strong><\/a>i. S to akcijo program Erasmus+ nadome\u0161\u010da program Erasmus Mundus Akcijo 2 in se odpira v svet. Program Erasmus+ v okviru te akcije omogo\u010da, da \u0161tudenti in osebje izvedejo mobilnost in prejmejo finan\u010dno podporo (<em>razpis je odprt 1x letno, konec leta- december<\/em>)<\/li>\n<\/ul>\n<h3>CEEPUS MOBILNOST ZAPOSLENIH<\/h3>\n<ul>\n<li><strong>Mobilnost profesorjev\u00a0<\/strong><\/li>\n<\/ul>\n<h3>OSTALI RAZPISI ZA ZAPOSLENE<\/h3>\n<ul>\n<li><b><a href=\"https:\/\/kc.uni-lj.si\/sl\/eutopia\/vec-o-zvezi-eutopia\/\">EUTOPIA<\/a> razpisi<\/b><\/li>\n<li><strong><a href=\"https:\/\/www.uni-lj.si\/mednarodno_sodelovanje_in_izmenjave\/razpis_rsf_za_mobilnost_pedagoskih_delavcev\/\">RSF<\/a> razpisi<\/strong><\/li>\n<li><strong><a href=\"https:\/\/www.uni-lj.si\/studij\/smul\/\">SVETOVNA MRE\u017dA UNIVERZE V LJUBLJANI (SMUL)<\/a> Razpisi<\/strong><\/li>\n<\/ul>\n<p>&nbsp;<\/p>\n","protected":false},"excerpt":{"rendered":"ERASMUS+ MOBILNOST ZAPOSLENIH Mobilnost zaposlenih z namenom pou\u010devanja (STA) (\u00bbStaff mobility for teaching\u00ab) se nana\u0161a na mobilnost u\u010dnega osebja visoko\u0161olskih institucij z namenom izvajanja pedago\u0161kih obveznosti na instituciji gostiteljici v tujini (razpis je odprt 1x letno, sredina leta- maj) Mobilnost zaposlenih z namenom usposabljanja (STT) (\u00bbStaff mobility for training\u00ab) se nana\u0161a na mobilnost (predvsem neakademskega) &#8230; <a class=\"view-article\" href=\"https:\/\/www.ntf.uni-lj.si\/ntf\/studij\/mednarodna-izmenjava\/zaposleni\/\">Read more<\/a>","protected":false},"author":51,"featured_media":0,"parent":6602,"menu_order":474,"comment_status":"closed","ping_status":"closed","template":"","meta":[],"acf":[],"yoast_head":"<!-- This site is optimized with the Yoast SEO plugin v17.0 - https:\/\/yoast.com\/wordpress\/plugins\/seo\/ -->\n<meta name=\"robots\" content=\"index, follow, max-snippet:-1, max-image-preview:large, max-video-preview:-1\" \/>\n<link rel=\"canonical\" href=\"https:\/\/www.ntf.uni-lj.si\/ntf\/studij\/mednarodna-izmenjava\/zaposleni\/\" \/>\n<meta property=\"og:locale\" content=\"en_US\" \/>\n<meta property=\"og:type\" content=\"article\" \/>\n<meta property=\"og:title\" content=\"Zaposlen - NTF\" \/>\n<meta property=\"og:description\" content=\"ERASMUS+ MOBILNOST ZAPOSLENIH Mobilnost zaposlenih z namenom pou\u010devanja (STA) (\u00bbStaff mobility for teaching\u00ab) se nana\u0161a na mobilnost u\u010dnega osebja visoko\u0161olskih institucij z namenom izvajanja pedago\u0161kih obveznosti na instituciji gostiteljici v tujini (razpis je odprt 1x letno, sredina leta- maj) Mobilnost zaposlenih z namenom usposabljanja (STT) (\u00bbStaff mobility for training\u00ab) se nana\u0161a na mobilnost (predvsem neakademskega) ... Read more\" \/>\n<meta property=\"og:url\" content=\"https:\/\/www.ntf.uni-lj.si\/ntf\/studij\/mednarodna-izmenjava\/zaposleni\/\" \/>\n<meta property=\"og:site_name\" content=\"NTF\" \/>\n<meta property=\"article:modified_time\" content=\"2024-01-12T09:05:17+00:00\" \/>\n<meta name=\"twitter:label1\" content=\"Est. reading time\" \/>\n\t<meta name=\"twitter:data1\" content=\"1 minute\" \/>\n<script type=\"application\/ld+json\" class=\"yoast-schema-graph\">{\"@context\":\"https:\/\/schema.org\",\"@graph\":[{\"@type\":\"WebSite\",\"@id\":\"https:\/\/www.ntf.uni-lj.si\/ntf\/#website\",\"url\":\"https:\/\/www.ntf.uni-lj.si\/ntf\/\",\"name\":\"NTF\",\"description\":\"Naravoslovnotehni\\u0161ka fakulteta\",\"potentialAction\":[{\"@type\":\"SearchAction\",\"target\":{\"@type\":\"EntryPoint\",\"urlTemplate\":\"https:\/\/www.ntf.uni-lj.si\/ntf\/?s={search_term_string}\"},\"query-input\":\"required name=search_term_string\"}],\"inLanguage\":\"en-US\"},{\"@type\":\"WebPage\",\"@id\":\"https:\/\/www.ntf.uni-lj.si\/ntf\/studij\/mednarodna-izmenjava\/zaposleni\/#webpage\",\"url\":\"https:\/\/www.ntf.uni-lj.si\/ntf\/studij\/mednarodna-izmenjava\/zaposleni\/\",\"name\":\"Zaposlen - NTF\",\"isPartOf\":{\"@id\":\"https:\/\/www.ntf.uni-lj.si\/ntf\/#website\"},\"datePublished\":\"2017-10-18T19:06:41+00:00\",\"dateModified\":\"2024-01-12T09:05:17+00:00\",\"breadcrumb\":{\"@id\":\"https:\/\/www.ntf.uni-lj.si\/ntf\/studij\/mednarodna-izmenjava\/zaposleni\/#breadcrumb\"},\"inLanguage\":\"en-US\",\"potentialAction\":[{\"@type\":\"ReadAction\",\"target\":[\"https:\/\/www.ntf.uni-lj.si\/ntf\/studij\/mednarodna-izmenjava\/zaposleni\/\"]}]},{\"@type\":\"BreadcrumbList\",\"@id\":\"https:\/\/www.ntf.uni-lj.si\/ntf\/studij\/mednarodna-izmenjava\/zaposleni\/#breadcrumb\",\"itemListElement\":[{\"@type\":\"ListItem\",\"position\":1,\"name\":\"Domov\",\"item\":\"https:\/\/www.ntf.uni-lj.si\/ntf\/\"},{\"@type\":\"ListItem\",\"position\":2,\"name\":\"\\u0160tudij\",\"item\":\"https:\/\/www.ntf.uni-lj.si\/ntf\/studij\/\"},{\"@type\":\"ListItem\",\"position\":3,\"name\":\"Mednarodna izmenjava\",\"item\":\"https:\/\/www.ntf.uni-lj.si\/ntf\/studij\/mednarodna-izmenjava\/\"},{\"@type\":\"ListItem\",\"position\":4,\"name\":\"Zaposlen\"}]}]}<\/script>\n<!-- \/ Yoast SEO plugin. -->","yoast_head_json":{"robots":{"index":"index","follow":"follow","max-snippet":"max-snippet:-1","max-image-preview":"max-image-preview:large","max-video-preview":"max-video-preview:-1"},"canonical":"https:\/\/www.ntf.uni-lj.si\/ntf\/studij\/mednarodna-izmenjava\/zaposleni\/","og_locale":"en_US","og_type":"article","og_title":"Zaposlen - NTF","og_description":"ERASMUS+ MOBILNOST ZAPOSLENIH Mobilnost zaposlenih z namenom pou\u010devanja (STA) (\u00bbStaff mobility for teaching\u00ab) se nana\u0161a na mobilnost u\u010dnega osebja visoko\u0161olskih institucij z namenom izvajanja pedago\u0161kih obveznosti na instituciji gostiteljici v tujini (razpis je odprt 1x letno, sredina leta- maj) Mobilnost zaposlenih z namenom usposabljanja (STT) (\u00bbStaff mobility for training\u00ab) se nana\u0161a na mobilnost (predvsem neakademskega) ... Read more","og_url":"https:\/\/www.ntf.uni-lj.si\/ntf\/studij\/mednarodna-izmenjava\/zaposleni\/","og_site_name":"NTF","article_modified_time":"2024-01-12T09:05:17+00:00","twitter_misc":{"Est. reading time":"1 minute"},"schema":{"@context":"https:\/\/schema.org","@graph":[{"@type":"WebSite","@id":"https:\/\/www.ntf.uni-lj.si\/ntf\/#website","url":"https:\/\/www.ntf.uni-lj.si\/ntf\/","name":"NTF","description":"Naravoslovnotehni\u0161ka fakulteta","potentialAction":[{"@type":"SearchAction","target":{"@type":"EntryPoint","urlTemplate":"https:\/\/www.ntf.uni-lj.si\/ntf\/?s={search_term_string}"},"query-input":"required name=search_term_string"}],"inLanguage":"en-US"},{"@type":"WebPage","@id":"https:\/\/www.ntf.uni-lj.si\/ntf\/studij\/mednarodna-izmenjava\/zaposleni\/#webpage","url":"https:\/\/www.ntf.uni-lj.si\/ntf\/studij\/mednarodna-izmenjava\/zaposleni\/","name":"Zaposlen - NTF","isPartOf":{"@id":"https:\/\/www.ntf.uni-lj.si\/ntf\/#website"},"datePublished":"2017-10-18T19:06:41+00:00","dateModified":"2024-01-12T09:05:17+00:00","breadcrumb":{"@id":"https:\/\/www.ntf.uni-lj.si\/ntf\/studij\/mednarodna-izmenjava\/zaposleni\/#breadcrumb"},"inLanguage":"en-US","potentialAction":[{"@type":"ReadAction","target":["https:\/\/www.ntf.uni-lj.si\/ntf\/studij\/mednarodna-izmenjava\/zaposleni\/"]}]},{"@type":"BreadcrumbList","@id":"https:\/\/www.ntf.uni-lj.si\/ntf\/studij\/mednarodna-izmenjava\/zaposleni\/#breadcrumb","itemListElement":[{"@type":"ListItem","position":1,"name":"Domov","item":"https:\/\/www.ntf.uni-lj.si\/ntf\/"},{"@type":"ListItem","position":2,"name":"\u0160tudij","item":"https:\/\/www.ntf.uni-lj.si\/ntf\/studij\/"},{"@type":"ListItem","position":3,"name":"Mednarodna izmenjava","item":"https:\/\/www.ntf.uni-lj.si\/ntf\/studij\/mednarodna-izmenjava\/"},{"@type":"ListItem","position":4,"name":"Zaposlen"}]}]}},"_links":{"self":[{"href":"https:\/\/www.ntf.uni-lj.si\/ntf\/wp-json\/wp\/v2\/pages\/8331"}],"collection":[{"href":"https:\/\/www.ntf.uni-lj.si\/ntf\/wp-json\/wp\/v2\/pages"}],"about":[{"href":"https:\/\/www.ntf.uni-lj.si\/ntf\/wp-json\/wp\/v2\/types\/page"}],"author":[{"embeddable":true,"href":"https:\/\/www.ntf.uni-lj.si\/ntf\/wp-json\/wp\/v2\/users\/51"}],"replies":[{"embeddable":true,"href":"https:\/\/www.ntf.uni-lj.si\/ntf\/wp-json\/wp\/v2\/comments?post=8331"}],"version-history":[{"count":32,"href":"https:\/\/www.ntf.uni-lj.si\/ntf\/wp-json\/wp\/v2\/pages\/8331\/revisions"}],"predecessor-version":[{"id":25890,"href":"https:\/\/www.ntf.uni-lj.si\/ntf\/wp-json\/wp\/v2\/pages\/8331\/revisions\/25890"}],"up":[{"embeddable":true,"href":"https:\/\/www.ntf.uni-lj.si\/ntf\/wp-json\/wp\/v2\/pages\/6602"}],"wp:attachment":[{"href":"https:\/\/www.ntf.uni-lj.si\/ntf\/wp-json\/wp\/v2\/media?parent=8331"}],"curies":[{"name":"wp","href":"https:\/\/api.w.org\/{rel}","templated":true}]}}