{"id":9603,"date":"2018-05-18T11:35:01","date_gmt":"2018-05-18T09:35:01","guid":{"rendered":"http:\/\/www.ntf.uni-lj.si\/ntf\/?page_id=9603"},"modified":"2025-04-30T09:25:03","modified_gmt":"2025-04-30T07:25:03","slug":"osnovne-informacije-za-studente-ul","status":"publish","type":"page","link":"https:\/\/www.ntf.uni-lj.si\/ntf\/studij\/osnovne-informacije-za-studente-ul\/","title":{"rendered":"Osnovne informacije za \u0161tudente NTF"},"content":{"rendered":"<p>Naravoslovnotehni\u0161ka fakulteta je nekak\u0161en unikat znotraj Univerze v Ljubljani, saj delujemo na podro\u010dju naravoslovja, tehnike in umetnosti. Kljub raznolikosti \u0161tudijskih programov, so nam skupni imenovalec materiali, saj se ukvarjamo z obdelavo skoraj vseh vrst surovin. Po starosti se lahko pohvalimo z enim od najstarej\u0161ih \u0161tudijskih programov Geotehnologija, rudarstvo in okolje, ki je skupaj z Univerzo v Ljubljani \u017ee leta 2019 praznoval 100 let.<\/p>\n<p>Na Naravoslovnotehni\u0161ki fakulteti izvajamo mednarodno primerljive in prakti\u010dno naravnane \u0161tudijske programe prve, druge in tretje stopnje \u0161tudija na podro\u010djih geologije, geotehnologije, rudarstva in okolja, materialov in metalurgije, tekstilstva, grafike ter oblikovanja tekstilij in obla\u010dil. \u0160tudentje so tekom \u0161tudija vklju\u010dujejo v razli\u010dne raziskovalne projekte, terensko in laboratorijsko delo ter sodelovanje z gospodarstvom. Kar nekaj \u0161tudentov se vsako leto odlo\u010di za mednarodno izmenjavo ali prakso. Tak na\u010din \u0161tudijskega procesa omogo\u010da, da so na\u0161i alumni zelo dobro zaposljivi tako doma kot v tujini.<\/p>\n","protected":false},"excerpt":{"rendered":"Naravoslovnotehni\u0161ka fakulteta je nekak\u0161en unikat znotraj Univerze v Ljubljani, saj delujemo na podro\u010dju naravoslovja, tehnike in umetnosti. Kljub raznolikosti \u0161tudijskih programov, so nam skupni imenovalec materiali, saj se ukvarjamo z obdelavo skoraj vseh vrst surovin. Po starosti se lahko pohvalimo z enim od najstarej\u0161ih \u0161tudijskih programov Geotehnologija, rudarstvo in okolje, ki je skupaj z Univerzo &#8230; <a class=\"view-article\" href=\"https:\/\/www.ntf.uni-lj.si\/ntf\/studij\/osnovne-informacije-za-studente-ul\/\">Read more<\/a>","protected":false},"author":21,"featured_media":0,"parent":2224,"menu_order":274,"comment_status":"closed","ping_status":"closed","template":"","meta":[],"acf":[],"yoast_head":"<!-- This site is optimized with the Yoast SEO plugin v17.0 - https:\/\/yoast.com\/wordpress\/plugins\/seo\/ -->\n<meta name=\"robots\" content=\"index, follow, max-snippet:-1, max-image-preview:large, max-video-preview:-1\" \/>\n<link rel=\"canonical\" href=\"https:\/\/www.ntf.uni-lj.si\/ntf\/studij\/osnovne-informacije-za-studente-ul\/\" \/>\n<meta property=\"og:locale\" content=\"en_US\" \/>\n<meta property=\"og:type\" content=\"article\" \/>\n<meta property=\"og:title\" content=\"Osnovne informacije za \u0161tudente NTF - NTF\" \/>\n<meta property=\"og:description\" content=\"Naravoslovnotehni\u0161ka fakulteta je nekak\u0161en unikat znotraj Univerze v Ljubljani, saj delujemo na podro\u010dju naravoslovja, tehnike in umetnosti. Kljub raznolikosti \u0161tudijskih programov, so nam skupni imenovalec materiali, saj se ukvarjamo z obdelavo skoraj vseh vrst surovin. Po starosti se lahko pohvalimo z enim od najstarej\u0161ih \u0161tudijskih programov Geotehnologija, rudarstvo in okolje, ki je skupaj z Univerzo ... Read more\" \/>\n<meta property=\"og:url\" content=\"https:\/\/www.ntf.uni-lj.si\/ntf\/studij\/osnovne-informacije-za-studente-ul\/\" \/>\n<meta property=\"og:site_name\" content=\"NTF\" \/>\n<meta property=\"article:modified_time\" content=\"2025-04-30T07:25:03+00:00\" \/>\n<meta name=\"twitter:label1\" content=\"Est. reading time\" \/>\n\t<meta name=\"twitter:data1\" content=\"1 minute\" \/>\n<script type=\"application\/ld+json\" class=\"yoast-schema-graph\">{\"@context\":\"https:\/\/schema.org\",\"@graph\":[{\"@type\":\"WebSite\",\"@id\":\"https:\/\/www.ntf.uni-lj.si\/ntf\/#website\",\"url\":\"https:\/\/www.ntf.uni-lj.si\/ntf\/\",\"name\":\"NTF\",\"description\":\"Naravoslovnotehni\\u0161ka fakulteta\",\"potentialAction\":[{\"@type\":\"SearchAction\",\"target\":{\"@type\":\"EntryPoint\",\"urlTemplate\":\"https:\/\/www.ntf.uni-lj.si\/ntf\/?s={search_term_string}\"},\"query-input\":\"required name=search_term_string\"}],\"inLanguage\":\"en-US\"},{\"@type\":\"WebPage\",\"@id\":\"https:\/\/www.ntf.uni-lj.si\/ntf\/studij\/osnovne-informacije-za-studente-ul\/#webpage\",\"url\":\"https:\/\/www.ntf.uni-lj.si\/ntf\/studij\/osnovne-informacije-za-studente-ul\/\",\"name\":\"Osnovne informacije za \\u0161tudente NTF - NTF\",\"isPartOf\":{\"@id\":\"https:\/\/www.ntf.uni-lj.si\/ntf\/#website\"},\"datePublished\":\"2018-05-18T09:35:01+00:00\",\"dateModified\":\"2025-04-30T07:25:03+00:00\",\"breadcrumb\":{\"@id\":\"https:\/\/www.ntf.uni-lj.si\/ntf\/studij\/osnovne-informacije-za-studente-ul\/#breadcrumb\"},\"inLanguage\":\"en-US\",\"potentialAction\":[{\"@type\":\"ReadAction\",\"target\":[\"https:\/\/www.ntf.uni-lj.si\/ntf\/studij\/osnovne-informacije-za-studente-ul\/\"]}]},{\"@type\":\"BreadcrumbList\",\"@id\":\"https:\/\/www.ntf.uni-lj.si\/ntf\/studij\/osnovne-informacije-za-studente-ul\/#breadcrumb\",\"itemListElement\":[{\"@type\":\"ListItem\",\"position\":1,\"name\":\"Domov\",\"item\":\"https:\/\/www.ntf.uni-lj.si\/ntf\/\"},{\"@type\":\"ListItem\",\"position\":2,\"name\":\"\\u0160tudij\",\"item\":\"https:\/\/www.ntf.uni-lj.si\/ntf\/studij\/\"},{\"@type\":\"ListItem\",\"position\":3,\"name\":\"Osnovne informacije za \\u0161tudente NTF\"}]}]}<\/script>\n<!-- \/ Yoast SEO plugin. -->","yoast_head_json":{"robots":{"index":"index","follow":"follow","max-snippet":"max-snippet:-1","max-image-preview":"max-image-preview:large","max-video-preview":"max-video-preview:-1"},"canonical":"https:\/\/www.ntf.uni-lj.si\/ntf\/studij\/osnovne-informacije-za-studente-ul\/","og_locale":"en_US","og_type":"article","og_title":"Osnovne informacije za \u0161tudente NTF - NTF","og_description":"Naravoslovnotehni\u0161ka fakulteta je nekak\u0161en unikat znotraj Univerze v Ljubljani, saj delujemo na podro\u010dju naravoslovja, tehnike in umetnosti. Kljub raznolikosti \u0161tudijskih programov, so nam skupni imenovalec materiali, saj se ukvarjamo z obdelavo skoraj vseh vrst surovin. Po starosti se lahko pohvalimo z enim od najstarej\u0161ih \u0161tudijskih programov Geotehnologija, rudarstvo in okolje, ki je skupaj z Univerzo ... Read more","og_url":"https:\/\/www.ntf.uni-lj.si\/ntf\/studij\/osnovne-informacije-za-studente-ul\/","og_site_name":"NTF","article_modified_time":"2025-04-30T07:25:03+00:00","twitter_misc":{"Est. reading time":"1 minute"},"schema":{"@context":"https:\/\/schema.org","@graph":[{"@type":"WebSite","@id":"https:\/\/www.ntf.uni-lj.si\/ntf\/#website","url":"https:\/\/www.ntf.uni-lj.si\/ntf\/","name":"NTF","description":"Naravoslovnotehni\u0161ka fakulteta","potentialAction":[{"@type":"SearchAction","target":{"@type":"EntryPoint","urlTemplate":"https:\/\/www.ntf.uni-lj.si\/ntf\/?s={search_term_string}"},"query-input":"required name=search_term_string"}],"inLanguage":"en-US"},{"@type":"WebPage","@id":"https:\/\/www.ntf.uni-lj.si\/ntf\/studij\/osnovne-informacije-za-studente-ul\/#webpage","url":"https:\/\/www.ntf.uni-lj.si\/ntf\/studij\/osnovne-informacije-za-studente-ul\/","name":"Osnovne informacije za \u0161tudente NTF - NTF","isPartOf":{"@id":"https:\/\/www.ntf.uni-lj.si\/ntf\/#website"},"datePublished":"2018-05-18T09:35:01+00:00","dateModified":"2025-04-30T07:25:03+00:00","breadcrumb":{"@id":"https:\/\/www.ntf.uni-lj.si\/ntf\/studij\/osnovne-informacije-za-studente-ul\/#breadcrumb"},"inLanguage":"en-US","potentialAction":[{"@type":"ReadAction","target":["https:\/\/www.ntf.uni-lj.si\/ntf\/studij\/osnovne-informacije-za-studente-ul\/"]}]},{"@type":"BreadcrumbList","@id":"https:\/\/www.ntf.uni-lj.si\/ntf\/studij\/osnovne-informacije-za-studente-ul\/#breadcrumb","itemListElement":[{"@type":"ListItem","position":1,"name":"Domov","item":"https:\/\/www.ntf.uni-lj.si\/ntf\/"},{"@type":"ListItem","position":2,"name":"\u0160tudij","item":"https:\/\/www.ntf.uni-lj.si\/ntf\/studij\/"},{"@type":"ListItem","position":3,"name":"Osnovne informacije za \u0161tudente NTF"}]}]}},"_links":{"self":[{"href":"https:\/\/www.ntf.uni-lj.si\/ntf\/wp-json\/wp\/v2\/pages\/9603"}],"collection":[{"href":"https:\/\/www.ntf.uni-lj.si\/ntf\/wp-json\/wp\/v2\/pages"}],"about":[{"href":"https:\/\/www.ntf.uni-lj.si\/ntf\/wp-json\/wp\/v2\/types\/page"}],"author":[{"embeddable":true,"href":"https:\/\/www.ntf.uni-lj.si\/ntf\/wp-json\/wp\/v2\/users\/21"}],"replies":[{"embeddable":true,"href":"https:\/\/www.ntf.uni-lj.si\/ntf\/wp-json\/wp\/v2\/comments?post=9603"}],"version-history":[{"count":15,"href":"https:\/\/www.ntf.uni-lj.si\/ntf\/wp-json\/wp\/v2\/pages\/9603\/revisions"}],"predecessor-version":[{"id":30188,"href":"https:\/\/www.ntf.uni-lj.si\/ntf\/wp-json\/wp\/v2\/pages\/9603\/revisions\/30188"}],"up":[{"embeddable":true,"href":"https:\/\/www.ntf.uni-lj.si\/ntf\/wp-json\/wp\/v2\/pages\/2224"}],"wp:attachment":[{"href":"https:\/\/www.ntf.uni-lj.si\/ntf\/wp-json\/wp\/v2\/media?parent=9603"}],"curies":[{"name":"wp","href":"https:\/\/api.w.org\/{rel}","templated":true}]}}