{"id":114,"date":"2015-05-04T11:49:26","date_gmt":"2015-05-04T11:49:26","guid":{"rendered":"http:\/\/www.ntf.uni-lj.si\/og\/?page_id=114"},"modified":"2025-04-18T13:27:14","modified_gmt":"2025-04-18T11:27:14","slug":"predstavitev","status":"publish","type":"page","link":"https:\/\/www.ntf.uni-lj.si\/og\/o-oddelku\/splosne-informacije\/predstavitev\/","title":{"rendered":"Predstavitev"},"content":{"rendered":"<p>Oddelek za geologijo izvaja visoko\u0161olski \u0161tudij geologije 1. in 2. stopnje ter \u0161tudij 3. stopnje v sodelovanju s Fakulteto za gradbeni\u0161tvo in geodezijo.<\/p>\n<p>&nbsp;<\/p>\n<p>Oddelek sestavljajo tri katedre katerih delo se medsebojno prepleta:<\/p>\n<ul>\n<li><a href=\"https:\/\/www.ntf.uni-lj.si\/og\/o-oddelku\/katedre\/kag\/\" target=\"_blank\" rel=\"noopener\">Katedra za aplikativno geologijo<\/a><\/li>\n<li><a href=\"https:\/\/www.ntf.uni-lj.si\/og\/o-oddelku\/katedre\/kmpm\/\" target=\"_blank\" rel=\"noopener\">Katedra za mineralogijo, petrologijo in materiale<\/a><\/li>\n<li><a href=\"https:\/\/www.ntf.uni-lj.si\/og\/o-oddelku\/katedre\/ksprg\/\" target=\"_blank\" rel=\"noopener\">Katedra za stratigrafijo, paleontologijo in regionalno geologijo<\/a><\/li>\n<\/ul>\n<p>\u0160tudij izvajamo na A\u0161ker\u010devi 12 v Ljubljani.<\/p>\n<p>V okviru Oddelka za geologijo delujeta tudi <a href=\"https:\/\/www.ntf.uni-lj.si\/og\/o-oddelku\/katedre\/laboratorij-og\/\" target=\"_blank\" rel=\"noopener\">laboratorij<\/a> in <a href=\"https:\/\/www.ntf.uni-lj.si\/og\/o-oddelku\/katedre\/zbirke-og\/\" target=\"_blank\" rel=\"noopener\">zbirka<\/a>.<\/p>\n<p>V\u00a0svojem pedago\u0161kem in raziskovalnem delovanju pokrivamo prakti\u010dno vse veje geologije:<\/p>\n<ul>\n<li>Hidrogeologija<\/li>\n<li>In\u017eenirska geologija<\/li>\n<li>GIS<\/li>\n<li>Geologija krasa<\/li>\n<li>Fizikalna geologija<\/li>\n<li>Geomorfologija<\/li>\n<li>Geokemija<\/li>\n<li>Statistika<\/li>\n<li>Geofizika<\/li>\n<li>Mineralogija in kristalografija<\/li>\n<li>Sedimentologija<\/li>\n<li>Petrologija<\/li>\n<li>Nekovinske mineralne surovine<\/li>\n<li>Naravni kamen v arhitekturi in restavratorstvu<\/li>\n<li>Sekundarne surovine<\/li>\n<li>Okoljska geokemija<\/li>\n<li>Geologija in geokemija rudi\u0161\u010d<\/li>\n<li>Geokemija in izotopska kemija<\/li>\n<li>Gemologija<\/li>\n<li>Geoarheologija<\/li>\n<li>Medicinska geologija<\/li>\n<li>Nahajali\u0161\u010da premoga in nafte<\/li>\n<li>Geneza kovinskih mineralnih surovin<\/li>\n<li>Stratigrafija<\/li>\n<li>Paleontologija<\/li>\n<li>Strukturna geologija<\/li>\n<li>Geomehanika<\/li>\n<li>Pedologija<\/li>\n<li>Geologija kvartarja<\/li>\n<li>Regionalna geologija<\/li>\n<li>Geolo\u0161ko kartiranje<\/li>\n<li>Vulkanologija<\/li>\n<\/ul>\n<p>&nbsp;<\/p>\n<p>&nbsp;<\/p>\n<p>Sodelovanja<\/p>\n<p>Oddelek za geologijo deluje na \u0161tevilnih nacionalnih in mednarodnih (bilateralnih, evropskih idr.) projektih. Poleg tega se aktivno povezujemo z mednarodnimi institucijami, tako v okviru raziskovalnih znanstvenih in pedago\u0161kih dejavnosti, kot tudi \u0161tudentskih izmenjav. Geolo\u0161ko znanje uspe\u0161no apliciramo\u00a0 v praksi pri re\u0161evanju razli\u010dnih\u00a0 problemov, kot so na primer raziskave okoljske problematike, sodelovanje z gospodarstvom, nadzor izvajanja meritev v okviru razli\u010dnih projektov in drugo.<\/p>\n<p>&nbsp;<\/p>\n","protected":false},"excerpt":{"rendered":"Oddelek za geologijo izvaja visoko\u0161olski \u0161tudij geologije 1. in 2. stopnje ter \u0161tudij 3. stopnje v sodelovanju s Fakulteto za gradbeni\u0161tvo in geodezijo. &nbsp; Oddelek sestavljajo tri katedre katerih delo se medsebojno prepleta: Katedra za aplikativno geologijo Katedra za mineralogijo, petrologijo in materiale Katedra za stratigrafijo, paleontologijo in regionalno geologijo \u0160tudij izvajamo na A\u0161ker\u010devi 12 &#8230; <a class=\"view-article\" href=\"https:\/\/www.ntf.uni-lj.si\/og\/o-oddelku\/splosne-informacije\/predstavitev\/\">Read more<\/a>","protected":false},"author":30,"featured_media":0,"parent":105,"menu_order":1,"comment_status":"closed","ping_status":"closed","template":"","meta":[],"acf":[],"yoast_head":"<!-- This site is optimized with the Yoast SEO plugin v17.0 - https:\/\/yoast.com\/wordpress\/plugins\/seo\/ -->\n<meta name=\"robots\" content=\"index, follow, max-snippet:-1, max-image-preview:large, max-video-preview:-1\" \/>\n<link rel=\"canonical\" href=\"https:\/\/www.ntf.uni-lj.si\/og\/o-oddelku\/splosne-informacije\/predstavitev\/\" \/>\n<meta property=\"og:locale\" content=\"en_US\" \/>\n<meta property=\"og:type\" content=\"article\" \/>\n<meta property=\"og:title\" content=\"Predstavitev - OG\" \/>\n<meta property=\"og:description\" content=\"Oddelek za geologijo izvaja visoko\u0161olski \u0161tudij geologije 1. in 2. stopnje ter \u0161tudij 3. stopnje v sodelovanju s Fakulteto za gradbeni\u0161tvo in geodezijo. &nbsp; Oddelek sestavljajo tri katedre katerih delo se medsebojno prepleta: Katedra za aplikativno geologijo Katedra za mineralogijo, petrologijo in materiale Katedra za stratigrafijo, paleontologijo in regionalno geologijo \u0160tudij izvajamo na A\u0161ker\u010devi 12 ... Read more\" \/>\n<meta property=\"og:url\" content=\"https:\/\/www.ntf.uni-lj.si\/og\/o-oddelku\/splosne-informacije\/predstavitev\/\" \/>\n<meta property=\"og:site_name\" content=\"OG\" \/>\n<meta property=\"article:modified_time\" content=\"2025-04-18T11:27:14+00:00\" \/>\n<meta name=\"twitter:label1\" content=\"Est. reading time\" \/>\n\t<meta name=\"twitter:data1\" content=\"1 minute\" \/>\n<script type=\"application\/ld+json\" class=\"yoast-schema-graph\">{\"@context\":\"https:\/\/schema.org\",\"@graph\":[{\"@type\":\"WebSite\",\"@id\":\"https:\/\/www.ntf.uni-lj.si\/og\/#website\",\"url\":\"https:\/\/www.ntf.uni-lj.si\/og\/\",\"name\":\"OG\",\"description\":\"Oddelek za geologijo\",\"potentialAction\":[{\"@type\":\"SearchAction\",\"target\":{\"@type\":\"EntryPoint\",\"urlTemplate\":\"https:\/\/www.ntf.uni-lj.si\/og\/?s={search_term_string}\"},\"query-input\":\"required name=search_term_string\"}],\"inLanguage\":\"en-US\"},{\"@type\":\"WebPage\",\"@id\":\"https:\/\/www.ntf.uni-lj.si\/og\/o-oddelku\/splosne-informacije\/predstavitev\/#webpage\",\"url\":\"https:\/\/www.ntf.uni-lj.si\/og\/o-oddelku\/splosne-informacije\/predstavitev\/\",\"name\":\"Predstavitev - OG\",\"isPartOf\":{\"@id\":\"https:\/\/www.ntf.uni-lj.si\/og\/#website\"},\"datePublished\":\"2015-05-04T11:49:26+00:00\",\"dateModified\":\"2025-04-18T11:27:14+00:00\",\"breadcrumb\":{\"@id\":\"https:\/\/www.ntf.uni-lj.si\/og\/o-oddelku\/splosne-informacije\/predstavitev\/#breadcrumb\"},\"inLanguage\":\"en-US\",\"potentialAction\":[{\"@type\":\"ReadAction\",\"target\":[\"https:\/\/www.ntf.uni-lj.si\/og\/o-oddelku\/splosne-informacije\/predstavitev\/\"]}]},{\"@type\":\"BreadcrumbList\",\"@id\":\"https:\/\/www.ntf.uni-lj.si\/og\/o-oddelku\/splosne-informacije\/predstavitev\/#breadcrumb\",\"itemListElement\":[{\"@type\":\"ListItem\",\"position\":1,\"name\":\"Home\",\"item\":\"https:\/\/www.ntf.uni-lj.si\/og\/\"},{\"@type\":\"ListItem\",\"position\":2,\"name\":\"O oddelku\",\"item\":\"https:\/\/www.ntf.uni-lj.si\/og\/o-oddelku\/\"},{\"@type\":\"ListItem\",\"position\":3,\"name\":\"Splo\\u0161ne informacije\",\"item\":\"https:\/\/www.ntf.uni-lj.si\/og\/o-oddelku\/splosne-informacije\/\"},{\"@type\":\"ListItem\",\"position\":4,\"name\":\"Predstavitev\"}]}]}<\/script>\n<!-- \/ Yoast SEO plugin. -->","yoast_head_json":{"robots":{"index":"index","follow":"follow","max-snippet":"max-snippet:-1","max-image-preview":"max-image-preview:large","max-video-preview":"max-video-preview:-1"},"canonical":"https:\/\/www.ntf.uni-lj.si\/og\/o-oddelku\/splosne-informacije\/predstavitev\/","og_locale":"en_US","og_type":"article","og_title":"Predstavitev - OG","og_description":"Oddelek za geologijo izvaja visoko\u0161olski \u0161tudij geologije 1. in 2. stopnje ter \u0161tudij 3. stopnje v sodelovanju s Fakulteto za gradbeni\u0161tvo in geodezijo. &nbsp; Oddelek sestavljajo tri katedre katerih delo se medsebojno prepleta: Katedra za aplikativno geologijo Katedra za mineralogijo, petrologijo in materiale Katedra za stratigrafijo, paleontologijo in regionalno geologijo \u0160tudij izvajamo na A\u0161ker\u010devi 12 ... Read more","og_url":"https:\/\/www.ntf.uni-lj.si\/og\/o-oddelku\/splosne-informacije\/predstavitev\/","og_site_name":"OG","article_modified_time":"2025-04-18T11:27:14+00:00","twitter_misc":{"Est. reading time":"1 minute"},"schema":{"@context":"https:\/\/schema.org","@graph":[{"@type":"WebSite","@id":"https:\/\/www.ntf.uni-lj.si\/og\/#website","url":"https:\/\/www.ntf.uni-lj.si\/og\/","name":"OG","description":"Oddelek za geologijo","potentialAction":[{"@type":"SearchAction","target":{"@type":"EntryPoint","urlTemplate":"https:\/\/www.ntf.uni-lj.si\/og\/?s={search_term_string}"},"query-input":"required name=search_term_string"}],"inLanguage":"en-US"},{"@type":"WebPage","@id":"https:\/\/www.ntf.uni-lj.si\/og\/o-oddelku\/splosne-informacije\/predstavitev\/#webpage","url":"https:\/\/www.ntf.uni-lj.si\/og\/o-oddelku\/splosne-informacije\/predstavitev\/","name":"Predstavitev - OG","isPartOf":{"@id":"https:\/\/www.ntf.uni-lj.si\/og\/#website"},"datePublished":"2015-05-04T11:49:26+00:00","dateModified":"2025-04-18T11:27:14+00:00","breadcrumb":{"@id":"https:\/\/www.ntf.uni-lj.si\/og\/o-oddelku\/splosne-informacije\/predstavitev\/#breadcrumb"},"inLanguage":"en-US","potentialAction":[{"@type":"ReadAction","target":["https:\/\/www.ntf.uni-lj.si\/og\/o-oddelku\/splosne-informacije\/predstavitev\/"]}]},{"@type":"BreadcrumbList","@id":"https:\/\/www.ntf.uni-lj.si\/og\/o-oddelku\/splosne-informacije\/predstavitev\/#breadcrumb","itemListElement":[{"@type":"ListItem","position":1,"name":"Home","item":"https:\/\/www.ntf.uni-lj.si\/og\/"},{"@type":"ListItem","position":2,"name":"O oddelku","item":"https:\/\/www.ntf.uni-lj.si\/og\/o-oddelku\/"},{"@type":"ListItem","position":3,"name":"Splo\u0161ne informacije","item":"https:\/\/www.ntf.uni-lj.si\/og\/o-oddelku\/splosne-informacije\/"},{"@type":"ListItem","position":4,"name":"Predstavitev"}]}]}},"_links":{"self":[{"href":"https:\/\/www.ntf.uni-lj.si\/og\/wp-json\/wp\/v2\/pages\/114"}],"collection":[{"href":"https:\/\/www.ntf.uni-lj.si\/og\/wp-json\/wp\/v2\/pages"}],"about":[{"href":"https:\/\/www.ntf.uni-lj.si\/og\/wp-json\/wp\/v2\/types\/page"}],"author":[{"embeddable":true,"href":"https:\/\/www.ntf.uni-lj.si\/og\/wp-json\/wp\/v2\/users\/30"}],"replies":[{"embeddable":true,"href":"https:\/\/www.ntf.uni-lj.si\/og\/wp-json\/wp\/v2\/comments?post=114"}],"version-history":[{"count":15,"href":"https:\/\/www.ntf.uni-lj.si\/og\/wp-json\/wp\/v2\/pages\/114\/revisions"}],"predecessor-version":[{"id":8885,"href":"https:\/\/www.ntf.uni-lj.si\/og\/wp-json\/wp\/v2\/pages\/114\/revisions\/8885"}],"up":[{"embeddable":true,"href":"https:\/\/www.ntf.uni-lj.si\/og\/wp-json\/wp\/v2\/pages\/105"}],"wp:attachment":[{"href":"https:\/\/www.ntf.uni-lj.si\/og\/wp-json\/wp\/v2\/media?parent=114"}],"curies":[{"name":"wp","href":"https:\/\/api.w.org\/{rel}","templated":true}]}}