{"id":131,"date":"2015-05-04T11:52:25","date_gmt":"2015-05-04T11:52:25","guid":{"rendered":"http:\/\/www.ntf.uni-lj.si\/og\/?page_id=131"},"modified":"2025-11-03T10:55:49","modified_gmt":"2025-11-03T09:55:49","slug":"kag","status":"publish","type":"page","link":"https:\/\/www.ntf.uni-lj.si\/og\/o-oddelku\/katedre\/kag\/","title":{"rendered":"Katedra za aplikativno geologijo"},"content":{"rendered":"<h2>Vizitka katedre<\/h2>\n<p>Katedra za aplikativno geologijo (KAG)<br \/>\nOddelek za geologijo<br \/>\nNaravoslovnotehni\u0161ka fakulteta<br \/>\nA\u0161ker\u010deva 12, SI-1000 Ljubljana<\/p>\n<p>Predstojnik: prof. dr. Timotej Verbov\u0161ek<br \/>\nE-po\u0161ta: <a href=\"mailto:timotej.verbovsek@ntf.uni-lj.si\">timotej.verbovsek@ntf.uni-lj.si<\/a><br \/>\nTel.: 01\/47 04 615<\/p>\n<p>&nbsp;<\/p>\n<h3><a href=\"http:\/\/www.ntf.uni-lj.si\/og\/zaposleni\/\">\u010clani katedre<\/a><\/h3>\n<ul>\n<li>prof. dr. Mihael Bren\u010di\u010d<\/li>\n<li>prof. dr. Timotej Verbov\u0161ek<\/li>\n<li>izr. prof. dr. Barbara \u010cen\u010dur Curk<\/li>\n<li>asist. dr. Anja Torkar<\/li>\n<li>asist. Ines Vidmar<\/li>\n<li>asist. Mateja Jelov\u010dan<\/li>\n<li>asist. Kaja \u0160u\u0161melj<\/li>\n<li>Primo\u017e Miklavc<\/li>\n<\/ul>\n<h3>Zunanji sodelavci:<\/h3>\n<ul>\n<li>prof. dr. Andrej Gosar (ARSO)<\/li>\n<li>doc. dr. Karmen Fifer Bizjak (ZAG)<\/li>\n<li>izr. prof. dr. Vojkan Jovi\u010di\u010d (IRGO)<\/li>\n<\/ul>\n<p>Katedra za aplikativno geologijo je katedra na Oddelku za geologijo Naravoslovnotehni\u0161ke fakultete Univerze v Ljubljani, ki pokriva dejavnosti geologije, usmerjene v re\u0161evanje \u0161tevilnih prakti\u010dnih problemov, kjer je potrebno geolo\u0161ko znanje. Katedra je bila ustanovljena zaradi zdru\u017eenja aplikativnih strokovnih podro\u010dij geologije ter potrebe po geologih, ki so in\u017eenirsko, tehni\u010dno in prakti\u010dno usmerjeni. Zaposlujejo se v geolo\u0161ko-geotehni\u010dnih podjetjih, podjetjih, ki pridobivajo mineralne in nemineralne surovine, ve\u010djih gradbenih podjetjih, na Geolo\u0161kem zavodu Slovenije, v zadnjih letih pa je bilo ustanovljenih tudi kar nekaj zasebnih podjetij. Ne ka\u017ee, da bi se v prihodnjem desetletju ta potreba zmanj\u0161ala, kve\u010djemu se bo zaradi odpiranja novih delovnih podro\u010dij, predvsem pri odpravljanju posledic posegov v okolje in varstvu narave, \u0161e pove\u010devala. Dr\u017eavna uprava Slovenije tudi v zakonodaji, ki se v zadnjem \u010dasu sprejema zaradi prilagajanja zakonodaje EU, uporabnemu geologu postavlja nove naloge. Katedra za uporabno geologijo bo pokrivala vsa podro\u010dja dela, ki so povezana s prenosom in uporabo geolo\u0161kega znanja pri re\u0161evanju vsakodnevnih prakti\u010dnih problemov, ki se pojavljajo kot posledica naravnih dogodkov (predvsem ogro\u017eajo\u010dih: erozija, potresi) in delovanja \u010dloveka. Katedra primarno pokriva podro\u010dja hidrogeologije, in\u017eenirske geologije, geokemije, geofizike, GIS-a in krasa, vsebinsko pa se navezuje na \u0161tevilna druga podro\u010dja geologije, okolja ter drugih ved (ve\u010d na strani Podro\u010dja).<\/p>\n","protected":false},"excerpt":{"rendered":"Vizitka katedre Katedra za aplikativno geologijo (KAG) Oddelek za geologijo Naravoslovnotehni\u0161ka fakulteta A\u0161ker\u010deva 12, SI-1000 Ljubljana Predstojnik: prof. dr. Timotej Verbov\u0161ek E-po\u0161ta: timotej.verbovsek@ntf.uni-lj.si Tel.: 01\/47 04 615 &nbsp; \u010clani katedre prof. dr. Mihael Bren\u010di\u010d prof. dr. Timotej Verbov\u0161ek izr. prof. dr. Barbara \u010cen\u010dur Curk asist. dr. Anja Torkar asist. Ines Vidmar asist. Mateja Jelov\u010dan asist. &#8230; <a class=\"view-article\" href=\"https:\/\/www.ntf.uni-lj.si\/og\/o-oddelku\/katedre\/kag\/\">Read more<\/a>","protected":false},"author":30,"featured_media":0,"parent":124,"menu_order":10,"comment_status":"closed","ping_status":"closed","template":"","meta":[],"acf":[],"yoast_head":"<!-- This site is optimized with the Yoast SEO plugin v17.0 - https:\/\/yoast.com\/wordpress\/plugins\/seo\/ -->\n<meta name=\"robots\" content=\"index, follow, max-snippet:-1, max-image-preview:large, max-video-preview:-1\" \/>\n<link rel=\"canonical\" href=\"https:\/\/www.ntf.uni-lj.si\/og\/o-oddelku\/katedre\/kag\/\" \/>\n<meta property=\"og:locale\" content=\"en_US\" \/>\n<meta property=\"og:type\" content=\"article\" \/>\n<meta property=\"og:title\" content=\"Katedra za aplikativno geologijo - OG\" \/>\n<meta property=\"og:description\" content=\"Vizitka katedre Katedra za aplikativno geologijo (KAG) Oddelek za geologijo Naravoslovnotehni\u0161ka fakulteta A\u0161ker\u010deva 12, SI-1000 Ljubljana Predstojnik: prof. dr. Timotej Verbov\u0161ek E-po\u0161ta: timotej.verbovsek@ntf.uni-lj.si Tel.: 01\/47 04 615 &nbsp; \u010clani katedre prof. dr. Mihael Bren\u010di\u010d prof. dr. Timotej Verbov\u0161ek izr. prof. dr. Barbara \u010cen\u010dur Curk asist. dr. Anja Torkar asist. Ines Vidmar asist. Mateja Jelov\u010dan asist. ... Read more\" \/>\n<meta property=\"og:url\" content=\"https:\/\/www.ntf.uni-lj.si\/og\/o-oddelku\/katedre\/kag\/\" \/>\n<meta property=\"og:site_name\" content=\"OG\" \/>\n<meta property=\"article:modified_time\" content=\"2025-11-03T09:55:49+00:00\" \/>\n<meta name=\"twitter:label1\" content=\"Est. reading time\" \/>\n\t<meta name=\"twitter:data1\" content=\"2 minutes\" \/>\n<script type=\"application\/ld+json\" class=\"yoast-schema-graph\">{\"@context\":\"https:\/\/schema.org\",\"@graph\":[{\"@type\":\"WebSite\",\"@id\":\"https:\/\/www.ntf.uni-lj.si\/og\/#website\",\"url\":\"https:\/\/www.ntf.uni-lj.si\/og\/\",\"name\":\"OG\",\"description\":\"Oddelek za geologijo\",\"potentialAction\":[{\"@type\":\"SearchAction\",\"target\":{\"@type\":\"EntryPoint\",\"urlTemplate\":\"https:\/\/www.ntf.uni-lj.si\/og\/?s={search_term_string}\"},\"query-input\":\"required name=search_term_string\"}],\"inLanguage\":\"en-US\"},{\"@type\":\"WebPage\",\"@id\":\"https:\/\/www.ntf.uni-lj.si\/og\/o-oddelku\/katedre\/kag\/#webpage\",\"url\":\"https:\/\/www.ntf.uni-lj.si\/og\/o-oddelku\/katedre\/kag\/\",\"name\":\"Katedra za aplikativno geologijo - OG\",\"isPartOf\":{\"@id\":\"https:\/\/www.ntf.uni-lj.si\/og\/#website\"},\"datePublished\":\"2015-05-04T11:52:25+00:00\",\"dateModified\":\"2025-11-03T09:55:49+00:00\",\"breadcrumb\":{\"@id\":\"https:\/\/www.ntf.uni-lj.si\/og\/o-oddelku\/katedre\/kag\/#breadcrumb\"},\"inLanguage\":\"en-US\",\"potentialAction\":[{\"@type\":\"ReadAction\",\"target\":[\"https:\/\/www.ntf.uni-lj.si\/og\/o-oddelku\/katedre\/kag\/\"]}]},{\"@type\":\"BreadcrumbList\",\"@id\":\"https:\/\/www.ntf.uni-lj.si\/og\/o-oddelku\/katedre\/kag\/#breadcrumb\",\"itemListElement\":[{\"@type\":\"ListItem\",\"position\":1,\"name\":\"Home\",\"item\":\"https:\/\/www.ntf.uni-lj.si\/og\/\"},{\"@type\":\"ListItem\",\"position\":2,\"name\":\"O oddelku\",\"item\":\"https:\/\/www.ntf.uni-lj.si\/og\/o-oddelku\/\"},{\"@type\":\"ListItem\",\"position\":3,\"name\":\"Katedre\",\"item\":\"https:\/\/www.ntf.uni-lj.si\/og\/o-oddelku\/katedre\/\"},{\"@type\":\"ListItem\",\"position\":4,\"name\":\"Katedra za aplikativno geologijo\"}]}]}<\/script>\n<!-- \/ Yoast SEO plugin. -->","yoast_head_json":{"robots":{"index":"index","follow":"follow","max-snippet":"max-snippet:-1","max-image-preview":"max-image-preview:large","max-video-preview":"max-video-preview:-1"},"canonical":"https:\/\/www.ntf.uni-lj.si\/og\/o-oddelku\/katedre\/kag\/","og_locale":"en_US","og_type":"article","og_title":"Katedra za aplikativno geologijo - OG","og_description":"Vizitka katedre Katedra za aplikativno geologijo (KAG) Oddelek za geologijo Naravoslovnotehni\u0161ka fakulteta A\u0161ker\u010deva 12, SI-1000 Ljubljana Predstojnik: prof. dr. Timotej Verbov\u0161ek E-po\u0161ta: timotej.verbovsek@ntf.uni-lj.si Tel.: 01\/47 04 615 &nbsp; \u010clani katedre prof. dr. Mihael Bren\u010di\u010d prof. dr. Timotej Verbov\u0161ek izr. prof. dr. Barbara \u010cen\u010dur Curk asist. dr. Anja Torkar asist. Ines Vidmar asist. Mateja Jelov\u010dan asist. ... Read more","og_url":"https:\/\/www.ntf.uni-lj.si\/og\/o-oddelku\/katedre\/kag\/","og_site_name":"OG","article_modified_time":"2025-11-03T09:55:49+00:00","twitter_misc":{"Est. reading time":"2 minutes"},"schema":{"@context":"https:\/\/schema.org","@graph":[{"@type":"WebSite","@id":"https:\/\/www.ntf.uni-lj.si\/og\/#website","url":"https:\/\/www.ntf.uni-lj.si\/og\/","name":"OG","description":"Oddelek za geologijo","potentialAction":[{"@type":"SearchAction","target":{"@type":"EntryPoint","urlTemplate":"https:\/\/www.ntf.uni-lj.si\/og\/?s={search_term_string}"},"query-input":"required name=search_term_string"}],"inLanguage":"en-US"},{"@type":"WebPage","@id":"https:\/\/www.ntf.uni-lj.si\/og\/o-oddelku\/katedre\/kag\/#webpage","url":"https:\/\/www.ntf.uni-lj.si\/og\/o-oddelku\/katedre\/kag\/","name":"Katedra za aplikativno geologijo - OG","isPartOf":{"@id":"https:\/\/www.ntf.uni-lj.si\/og\/#website"},"datePublished":"2015-05-04T11:52:25+00:00","dateModified":"2025-11-03T09:55:49+00:00","breadcrumb":{"@id":"https:\/\/www.ntf.uni-lj.si\/og\/o-oddelku\/katedre\/kag\/#breadcrumb"},"inLanguage":"en-US","potentialAction":[{"@type":"ReadAction","target":["https:\/\/www.ntf.uni-lj.si\/og\/o-oddelku\/katedre\/kag\/"]}]},{"@type":"BreadcrumbList","@id":"https:\/\/www.ntf.uni-lj.si\/og\/o-oddelku\/katedre\/kag\/#breadcrumb","itemListElement":[{"@type":"ListItem","position":1,"name":"Home","item":"https:\/\/www.ntf.uni-lj.si\/og\/"},{"@type":"ListItem","position":2,"name":"O oddelku","item":"https:\/\/www.ntf.uni-lj.si\/og\/o-oddelku\/"},{"@type":"ListItem","position":3,"name":"Katedre","item":"https:\/\/www.ntf.uni-lj.si\/og\/o-oddelku\/katedre\/"},{"@type":"ListItem","position":4,"name":"Katedra za aplikativno geologijo"}]}]}},"_links":{"self":[{"href":"https:\/\/www.ntf.uni-lj.si\/og\/wp-json\/wp\/v2\/pages\/131"}],"collection":[{"href":"https:\/\/www.ntf.uni-lj.si\/og\/wp-json\/wp\/v2\/pages"}],"about":[{"href":"https:\/\/www.ntf.uni-lj.si\/og\/wp-json\/wp\/v2\/types\/page"}],"author":[{"embeddable":true,"href":"https:\/\/www.ntf.uni-lj.si\/og\/wp-json\/wp\/v2\/users\/30"}],"replies":[{"embeddable":true,"href":"https:\/\/www.ntf.uni-lj.si\/og\/wp-json\/wp\/v2\/comments?post=131"}],"version-history":[{"count":31,"href":"https:\/\/www.ntf.uni-lj.si\/og\/wp-json\/wp\/v2\/pages\/131\/revisions"}],"predecessor-version":[{"id":9005,"href":"https:\/\/www.ntf.uni-lj.si\/og\/wp-json\/wp\/v2\/pages\/131\/revisions\/9005"}],"up":[{"embeddable":true,"href":"https:\/\/www.ntf.uni-lj.si\/og\/wp-json\/wp\/v2\/pages\/124"}],"wp:attachment":[{"href":"https:\/\/www.ntf.uni-lj.si\/og\/wp-json\/wp\/v2\/media?parent=131"}],"curies":[{"name":"wp","href":"https:\/\/api.w.org\/{rel}","templated":true}]}}