{"id":141,"date":"2015-05-04T11:54:24","date_gmt":"2015-05-04T11:54:24","guid":{"rendered":"http:\/\/www.ntf.uni-lj.si\/og\/?page_id=141"},"modified":"2023-02-06T09:15:20","modified_gmt":"2023-02-06T08:15:20","slug":"presentation","status":"publish","type":"page","link":"https:\/\/www.ntf.uni-lj.si\/og\/en\/about-deparment\/chairs\/cag\/presentation\/","title":{"rendered":"Presentation"},"content":{"rendered":"<h2>Chair Info:<\/h2>\n<p>Chair of Applied Geology<br \/>\nDepartment of Geology<br \/>\nFaculty of Natural Sciences and Engineering<br \/>\nA\u0161ker\u010deva 12, SI-1000 Ljubljana<br \/>\nHead: Prof. Timotej Verbov\u0161ek, DrSc<br \/>\nemail:\u00a0<a href=\"mailto:timotej.verbovsek@ntf.uni-lj.si\">timotej.verbovsek@ntf.uni-lj.si<\/a><br \/>\ntel.: +386 1\u00a04704 615<\/p>\n<p>&nbsp;<\/p>\n<h3>Members of chair<\/h3>\n<ul>\n<li>Prof. Mihael Bren\u010di\u010d, DrSc<\/li>\n<li>Prof. Timotej Verbov\u0161ek, DrSc<\/li>\n<li>Assoc. Prof. Barbara \u010cen\u010dur Curk, DrSc<\/li>\n<li>Assist. Anja Torkar, DrSc<\/li>\n<li>Assist. Ines Vidmar<\/li>\n<li>Assist. Mateja Jelov\u010dan<\/li>\n<li>Assist. Galena Jordanova<\/li>\n<li>Assist. Kaja \u0160u\u0161melj<\/li>\n<li>Primo\u017e Miklavc<\/li>\n<\/ul>\n<h3>External collaborators :<\/h3>\n<ul>\n<li>Prof. Andrej Gosar (ARSO), DrSc<\/li>\n<li>Assist. Prof. Karmen Fifer Bizjak (ZAG), DrSc<\/li>\n<li>Assoc. Prof. Vojkan Jovi\u010di\u010d (IRGO), DrSc<\/li>\n<\/ul>\n<p>&nbsp;<\/p>\n<p>&nbsp;<\/p>\n<p>The Chair of Applied Geology is a chair at the Department of Geology at University of Ljubljana, Faculty of Natural Sciences and Engineering, covering the applied courses of geology and focused on scientific and practical problem solving related to natural geological and anthropogenic events and hazards. It has been established as a response to the increasing demand for geologists with engineering, technical and practical knowledge. Apart from the classical applied research field, practical and research activities in applied geology have great potential for planning and remediation of recent and future environmental interventions. The primary research courses of the chair are hydrogeology, engineering geology, geochemistry, geophysics, GIS and karst, with broader fields of cooperation in the fields of &#8220;basic&#8221; geology, environment and other fields (more information available at the page Fields).<br \/>\nThe chair has nine active members working on the pedagogical and research activities &#8211; two professors, one associate professor, five assistants, and one technical assistant.<\/p>\n<p>&nbsp;<\/p>\n","protected":false},"excerpt":{"rendered":"Chair Info: Chair of Applied Geology Department of Geology Faculty of Natural Sciences and Engineering A\u0161ker\u010deva 12, SI-1000 Ljubljana Head: Prof. Timotej Verbov\u0161ek, DrSc email:\u00a0timotej.verbovsek@ntf.uni-lj.si tel.: +386 1\u00a04704 615 &nbsp; Members of chair Prof. Mihael Bren\u010di\u010d, DrSc Prof. Timotej Verbov\u0161ek, DrSc Assoc. Prof. Barbara \u010cen\u010dur Curk, DrSc Assist. Anja Torkar, DrSc Assist. Ines Vidmar Assist. &#8230; <a class=\"view-article\" href=\"https:\/\/www.ntf.uni-lj.si\/og\/en\/about-deparment\/chairs\/cag\/presentation\/\">Read more<\/a>","protected":false},"author":30,"featured_media":0,"parent":135,"menu_order":10,"comment_status":"closed","ping_status":"closed","template":"","meta":[],"acf":[],"yoast_head":"<!-- This site is optimized with the Yoast SEO plugin v17.0 - https:\/\/yoast.com\/wordpress\/plugins\/seo\/ -->\n<meta name=\"robots\" content=\"index, follow, max-snippet:-1, max-image-preview:large, max-video-preview:-1\" \/>\n<link rel=\"canonical\" href=\"https:\/\/www.ntf.uni-lj.si\/og\/en\/about-deparment\/chairs\/cag\/presentation\/\" \/>\n<meta property=\"og:locale\" content=\"en_US\" \/>\n<meta property=\"og:type\" content=\"article\" \/>\n<meta property=\"og:title\" content=\"Presentation - OG\" \/>\n<meta property=\"og:description\" content=\"Chair Info: Chair of Applied Geology Department of Geology Faculty of Natural Sciences and Engineering A\u0161ker\u010deva 12, SI-1000 Ljubljana Head: Prof. Timotej Verbov\u0161ek, DrSc email:\u00a0timotej.verbovsek@ntf.uni-lj.si tel.: +386 1\u00a04704 615 &nbsp; Members of chair Prof. Mihael Bren\u010di\u010d, DrSc Prof. Timotej Verbov\u0161ek, DrSc Assoc. Prof. Barbara \u010cen\u010dur Curk, DrSc Assist. Anja Torkar, DrSc Assist. Ines Vidmar Assist. ... Read more\" \/>\n<meta property=\"og:url\" content=\"https:\/\/www.ntf.uni-lj.si\/og\/en\/about-deparment\/chairs\/cag\/presentation\/\" \/>\n<meta property=\"og:site_name\" content=\"OG\" \/>\n<meta property=\"article:modified_time\" content=\"2023-02-06T08:15:20+00:00\" \/>\n<meta name=\"twitter:label1\" content=\"Est. reading time\" \/>\n\t<meta name=\"twitter:data1\" content=\"1 minute\" \/>\n<script type=\"application\/ld+json\" class=\"yoast-schema-graph\">{\"@context\":\"https:\/\/schema.org\",\"@graph\":[{\"@type\":\"WebSite\",\"@id\":\"https:\/\/www.ntf.uni-lj.si\/og\/#website\",\"url\":\"https:\/\/www.ntf.uni-lj.si\/og\/\",\"name\":\"OG\",\"description\":\"Oddelek za geologijo\",\"potentialAction\":[{\"@type\":\"SearchAction\",\"target\":{\"@type\":\"EntryPoint\",\"urlTemplate\":\"https:\/\/www.ntf.uni-lj.si\/og\/?s={search_term_string}\"},\"query-input\":\"required name=search_term_string\"}],\"inLanguage\":\"en-US\"},{\"@type\":\"WebPage\",\"@id\":\"https:\/\/www.ntf.uni-lj.si\/og\/en\/about-deparment\/chairs\/cag\/presentation\/#webpage\",\"url\":\"https:\/\/www.ntf.uni-lj.si\/og\/en\/about-deparment\/chairs\/cag\/presentation\/\",\"name\":\"Presentation - OG\",\"isPartOf\":{\"@id\":\"https:\/\/www.ntf.uni-lj.si\/og\/#website\"},\"datePublished\":\"2015-05-04T11:54:24+00:00\",\"dateModified\":\"2023-02-06T08:15:20+00:00\",\"breadcrumb\":{\"@id\":\"https:\/\/www.ntf.uni-lj.si\/og\/en\/about-deparment\/chairs\/cag\/presentation\/#breadcrumb\"},\"inLanguage\":\"en-US\",\"potentialAction\":[{\"@type\":\"ReadAction\",\"target\":[\"https:\/\/www.ntf.uni-lj.si\/og\/en\/about-deparment\/chairs\/cag\/presentation\/\"]}]},{\"@type\":\"BreadcrumbList\",\"@id\":\"https:\/\/www.ntf.uni-lj.si\/og\/en\/about-deparment\/chairs\/cag\/presentation\/#breadcrumb\",\"itemListElement\":[{\"@type\":\"ListItem\",\"position\":1,\"name\":\"Home\",\"item\":\"https:\/\/www.ntf.uni-lj.si\/og\/\"},{\"@type\":\"ListItem\",\"position\":2,\"name\":\"About deparment\",\"item\":\"https:\/\/www.ntf.uni-lj.si\/og\/en\/about-deparment\/\"},{\"@type\":\"ListItem\",\"position\":3,\"name\":\"Chairs\",\"item\":\"https:\/\/www.ntf.uni-lj.si\/og\/en\/about-deparment\/chairs\/\"},{\"@type\":\"ListItem\",\"position\":4,\"name\":\"Chair for Applied Geology\",\"item\":\"https:\/\/www.ntf.uni-lj.si\/og\/en\/about-deparment\/chairs\/cag\/\"},{\"@type\":\"ListItem\",\"position\":5,\"name\":\"Presentation\"}]}]}<\/script>\n<!-- \/ Yoast SEO plugin. -->","yoast_head_json":{"robots":{"index":"index","follow":"follow","max-snippet":"max-snippet:-1","max-image-preview":"max-image-preview:large","max-video-preview":"max-video-preview:-1"},"canonical":"https:\/\/www.ntf.uni-lj.si\/og\/en\/about-deparment\/chairs\/cag\/presentation\/","og_locale":"en_US","og_type":"article","og_title":"Presentation - OG","og_description":"Chair Info: Chair of Applied Geology Department of Geology Faculty of Natural Sciences and Engineering A\u0161ker\u010deva 12, SI-1000 Ljubljana Head: Prof. Timotej Verbov\u0161ek, DrSc email:\u00a0timotej.verbovsek@ntf.uni-lj.si tel.: +386 1\u00a04704 615 &nbsp; Members of chair Prof. Mihael Bren\u010di\u010d, DrSc Prof. Timotej Verbov\u0161ek, DrSc Assoc. Prof. Barbara \u010cen\u010dur Curk, DrSc Assist. Anja Torkar, DrSc Assist. Ines Vidmar Assist. ... Read more","og_url":"https:\/\/www.ntf.uni-lj.si\/og\/en\/about-deparment\/chairs\/cag\/presentation\/","og_site_name":"OG","article_modified_time":"2023-02-06T08:15:20+00:00","twitter_misc":{"Est. reading time":"1 minute"},"schema":{"@context":"https:\/\/schema.org","@graph":[{"@type":"WebSite","@id":"https:\/\/www.ntf.uni-lj.si\/og\/#website","url":"https:\/\/www.ntf.uni-lj.si\/og\/","name":"OG","description":"Oddelek za geologijo","potentialAction":[{"@type":"SearchAction","target":{"@type":"EntryPoint","urlTemplate":"https:\/\/www.ntf.uni-lj.si\/og\/?s={search_term_string}"},"query-input":"required name=search_term_string"}],"inLanguage":"en-US"},{"@type":"WebPage","@id":"https:\/\/www.ntf.uni-lj.si\/og\/en\/about-deparment\/chairs\/cag\/presentation\/#webpage","url":"https:\/\/www.ntf.uni-lj.si\/og\/en\/about-deparment\/chairs\/cag\/presentation\/","name":"Presentation - OG","isPartOf":{"@id":"https:\/\/www.ntf.uni-lj.si\/og\/#website"},"datePublished":"2015-05-04T11:54:24+00:00","dateModified":"2023-02-06T08:15:20+00:00","breadcrumb":{"@id":"https:\/\/www.ntf.uni-lj.si\/og\/en\/about-deparment\/chairs\/cag\/presentation\/#breadcrumb"},"inLanguage":"en-US","potentialAction":[{"@type":"ReadAction","target":["https:\/\/www.ntf.uni-lj.si\/og\/en\/about-deparment\/chairs\/cag\/presentation\/"]}]},{"@type":"BreadcrumbList","@id":"https:\/\/www.ntf.uni-lj.si\/og\/en\/about-deparment\/chairs\/cag\/presentation\/#breadcrumb","itemListElement":[{"@type":"ListItem","position":1,"name":"Home","item":"https:\/\/www.ntf.uni-lj.si\/og\/"},{"@type":"ListItem","position":2,"name":"About deparment","item":"https:\/\/www.ntf.uni-lj.si\/og\/en\/about-deparment\/"},{"@type":"ListItem","position":3,"name":"Chairs","item":"https:\/\/www.ntf.uni-lj.si\/og\/en\/about-deparment\/chairs\/"},{"@type":"ListItem","position":4,"name":"Chair for Applied Geology","item":"https:\/\/www.ntf.uni-lj.si\/og\/en\/about-deparment\/chairs\/cag\/"},{"@type":"ListItem","position":5,"name":"Presentation"}]}]}},"_links":{"self":[{"href":"https:\/\/www.ntf.uni-lj.si\/og\/wp-json\/wp\/v2\/pages\/141"}],"collection":[{"href":"https:\/\/www.ntf.uni-lj.si\/og\/wp-json\/wp\/v2\/pages"}],"about":[{"href":"https:\/\/www.ntf.uni-lj.si\/og\/wp-json\/wp\/v2\/types\/page"}],"author":[{"embeddable":true,"href":"https:\/\/www.ntf.uni-lj.si\/og\/wp-json\/wp\/v2\/users\/30"}],"replies":[{"embeddable":true,"href":"https:\/\/www.ntf.uni-lj.si\/og\/wp-json\/wp\/v2\/comments?post=141"}],"version-history":[{"count":27,"href":"https:\/\/www.ntf.uni-lj.si\/og\/wp-json\/wp\/v2\/pages\/141\/revisions"}],"predecessor-version":[{"id":7906,"href":"https:\/\/www.ntf.uni-lj.si\/og\/wp-json\/wp\/v2\/pages\/141\/revisions\/7906"}],"up":[{"embeddable":true,"href":"https:\/\/www.ntf.uni-lj.si\/og\/wp-json\/wp\/v2\/pages\/135"}],"wp:attachment":[{"href":"https:\/\/www.ntf.uni-lj.si\/og\/wp-json\/wp\/v2\/media?parent=141"}],"curies":[{"name":"wp","href":"https:\/\/api.w.org\/{rel}","templated":true}]}}