{"id":162,"date":"2015-05-04T11:59:20","date_gmt":"2015-05-04T11:59:20","guid":{"rendered":"http:\/\/www.ntf.uni-lj.si\/og\/?page_id=162"},"modified":"2022-05-03T16:02:10","modified_gmt":"2022-05-03T14:02:10","slug":"predstavitev","status":"publish","type":"page","link":"https:\/\/www.ntf.uni-lj.si\/og\/o-oddelku\/katedre\/kmpm\/predstavitev\/","title":{"rendered":"Predstavitev"},"content":{"rendered":"<h2>Vizitka katedre<\/h2>\n<p>Katedra za mineralogijo, petrologijo in materiale (KMPM)<br \/>\nOddelek za geologijo<br \/>\nNaravoslovnotehni\u0161ka fakulteta<br \/>\nA\u0161ker\u010deva 12, SI-1000 Ljubljana<\/p>\n<p>Predstojnica katedre: izr. prof. dr. Mirijam Vrabec<br \/>\nE-po\u0161ta: <a href=\"mailto:mirijam.vrabec@ntf.uni-lj.si\">mirijam.vrabec@ntf.uni-lj.si<\/a><br \/>\nTel.: +386 1 4704 629<\/p>\n<p>&nbsp;<\/p>\n<h3><a href=\"http:\/\/www.ntf.uni-lj.si\/og\/zaposleni\/\">\u010clani katedre<\/a><\/h3>\n<ul>\n<li>prof. dr. Nina Zupan\u010di\u010d<\/li>\n<li>izr. prof. dr. Matej Dolenec<\/li>\n<li>izr. prof. dr. Nastja Rogan \u0160muc<\/li>\n<li>dr. Uro\u0161 Herlec<\/li>\n<li>doc. dr. Simona\u00a0Jarc<\/li>\n<li>izr. prof. dr. Mirijam Vrabec<\/li>\n<li>asist. dr. Bla\u017e Miklavi\u010d<\/li>\n<\/ul>\n<ul>\n<li>Ema Hrovatin, teh. sodelav.<\/li>\n<li>Miran Udov\u010d, teh. sodelav.<\/li>\n<\/ul>\n<p>&nbsp;<\/p>\n<h2>Podro\u010dja<\/h2>\n<div id=\"gtx-trans\"><\/div>\n","protected":false},"excerpt":{"rendered":"Vizitka katedre Katedra za mineralogijo, petrologijo in materiale (KMPM) Oddelek za geologijo Naravoslovnotehni\u0161ka fakulteta A\u0161ker\u010deva 12, SI-1000 Ljubljana Predstojnica katedre: izr. prof. dr. Mirijam Vrabec E-po\u0161ta: mirijam.vrabec@ntf.uni-lj.si Tel.: +386 1 4704 629 &nbsp; \u010clani katedre prof. dr. Nina Zupan\u010di\u010d izr. prof. dr. Matej Dolenec izr. prof. dr. Nastja Rogan \u0160muc dr. Uro\u0161 Herlec doc. dr. &#8230; <a class=\"view-article\" href=\"https:\/\/www.ntf.uni-lj.si\/og\/o-oddelku\/katedre\/kmpm\/predstavitev\/\">Read more<\/a>","protected":false},"author":30,"featured_media":0,"parent":156,"menu_order":10,"comment_status":"closed","ping_status":"closed","template":"","meta":[],"acf":[],"yoast_head":"<!-- This site is optimized with the Yoast SEO plugin v17.0 - https:\/\/yoast.com\/wordpress\/plugins\/seo\/ -->\n<meta name=\"robots\" content=\"index, follow, max-snippet:-1, max-image-preview:large, max-video-preview:-1\" \/>\n<link rel=\"canonical\" href=\"https:\/\/www.ntf.uni-lj.si\/og\/o-oddelku\/katedre\/kmpm\/predstavitev\/\" \/>\n<meta property=\"og:locale\" content=\"en_US\" \/>\n<meta property=\"og:type\" content=\"article\" \/>\n<meta property=\"og:title\" content=\"Predstavitev - OG\" \/>\n<meta property=\"og:description\" content=\"Vizitka katedre Katedra za mineralogijo, petrologijo in materiale (KMPM) Oddelek za geologijo Naravoslovnotehni\u0161ka fakulteta A\u0161ker\u010deva 12, SI-1000 Ljubljana Predstojnica katedre: izr. prof. dr. Mirijam Vrabec E-po\u0161ta: mirijam.vrabec@ntf.uni-lj.si Tel.: +386 1 4704 629 &nbsp; \u010clani katedre prof. dr. Nina Zupan\u010di\u010d izr. prof. dr. Matej Dolenec izr. prof. dr. Nastja Rogan \u0160muc dr. Uro\u0161 Herlec doc. dr. ... Read more\" \/>\n<meta property=\"og:url\" content=\"https:\/\/www.ntf.uni-lj.si\/og\/o-oddelku\/katedre\/kmpm\/predstavitev\/\" \/>\n<meta property=\"og:site_name\" content=\"OG\" \/>\n<meta property=\"article:modified_time\" content=\"2022-05-03T14:02:10+00:00\" \/>\n<meta name=\"twitter:label1\" content=\"Est. reading time\" \/>\n\t<meta name=\"twitter:data1\" content=\"1 minute\" \/>\n<script type=\"application\/ld+json\" class=\"yoast-schema-graph\">{\"@context\":\"https:\/\/schema.org\",\"@graph\":[{\"@type\":\"WebSite\",\"@id\":\"https:\/\/www.ntf.uni-lj.si\/og\/#website\",\"url\":\"https:\/\/www.ntf.uni-lj.si\/og\/\",\"name\":\"OG\",\"description\":\"Oddelek za geologijo\",\"potentialAction\":[{\"@type\":\"SearchAction\",\"target\":{\"@type\":\"EntryPoint\",\"urlTemplate\":\"https:\/\/www.ntf.uni-lj.si\/og\/?s={search_term_string}\"},\"query-input\":\"required name=search_term_string\"}],\"inLanguage\":\"en-US\"},{\"@type\":\"WebPage\",\"@id\":\"https:\/\/www.ntf.uni-lj.si\/og\/o-oddelku\/katedre\/kmpm\/predstavitev\/#webpage\",\"url\":\"https:\/\/www.ntf.uni-lj.si\/og\/o-oddelku\/katedre\/kmpm\/predstavitev\/\",\"name\":\"Predstavitev - OG\",\"isPartOf\":{\"@id\":\"https:\/\/www.ntf.uni-lj.si\/og\/#website\"},\"datePublished\":\"2015-05-04T11:59:20+00:00\",\"dateModified\":\"2022-05-03T14:02:10+00:00\",\"breadcrumb\":{\"@id\":\"https:\/\/www.ntf.uni-lj.si\/og\/o-oddelku\/katedre\/kmpm\/predstavitev\/#breadcrumb\"},\"inLanguage\":\"en-US\",\"potentialAction\":[{\"@type\":\"ReadAction\",\"target\":[\"https:\/\/www.ntf.uni-lj.si\/og\/o-oddelku\/katedre\/kmpm\/predstavitev\/\"]}]},{\"@type\":\"BreadcrumbList\",\"@id\":\"https:\/\/www.ntf.uni-lj.si\/og\/o-oddelku\/katedre\/kmpm\/predstavitev\/#breadcrumb\",\"itemListElement\":[{\"@type\":\"ListItem\",\"position\":1,\"name\":\"Home\",\"item\":\"https:\/\/www.ntf.uni-lj.si\/og\/\"},{\"@type\":\"ListItem\",\"position\":2,\"name\":\"O oddelku\",\"item\":\"https:\/\/www.ntf.uni-lj.si\/og\/o-oddelku\/\"},{\"@type\":\"ListItem\",\"position\":3,\"name\":\"Katedre\",\"item\":\"https:\/\/www.ntf.uni-lj.si\/og\/o-oddelku\/katedre\/\"},{\"@type\":\"ListItem\",\"position\":4,\"name\":\"Katedra za mineralogijo, petrologijo in materiale\",\"item\":\"https:\/\/www.ntf.uni-lj.si\/og\/o-oddelku\/katedre\/kmpm\/\"},{\"@type\":\"ListItem\",\"position\":5,\"name\":\"Predstavitev\"}]}]}<\/script>\n<!-- \/ Yoast SEO plugin. -->","yoast_head_json":{"robots":{"index":"index","follow":"follow","max-snippet":"max-snippet:-1","max-image-preview":"max-image-preview:large","max-video-preview":"max-video-preview:-1"},"canonical":"https:\/\/www.ntf.uni-lj.si\/og\/o-oddelku\/katedre\/kmpm\/predstavitev\/","og_locale":"en_US","og_type":"article","og_title":"Predstavitev - OG","og_description":"Vizitka katedre Katedra za mineralogijo, petrologijo in materiale (KMPM) Oddelek za geologijo Naravoslovnotehni\u0161ka fakulteta A\u0161ker\u010deva 12, SI-1000 Ljubljana Predstojnica katedre: izr. prof. dr. Mirijam Vrabec E-po\u0161ta: mirijam.vrabec@ntf.uni-lj.si Tel.: +386 1 4704 629 &nbsp; \u010clani katedre prof. dr. Nina Zupan\u010di\u010d izr. prof. dr. Matej Dolenec izr. prof. dr. Nastja Rogan \u0160muc dr. Uro\u0161 Herlec doc. dr. ... Read more","og_url":"https:\/\/www.ntf.uni-lj.si\/og\/o-oddelku\/katedre\/kmpm\/predstavitev\/","og_site_name":"OG","article_modified_time":"2022-05-03T14:02:10+00:00","twitter_misc":{"Est. reading time":"1 minute"},"schema":{"@context":"https:\/\/schema.org","@graph":[{"@type":"WebSite","@id":"https:\/\/www.ntf.uni-lj.si\/og\/#website","url":"https:\/\/www.ntf.uni-lj.si\/og\/","name":"OG","description":"Oddelek za geologijo","potentialAction":[{"@type":"SearchAction","target":{"@type":"EntryPoint","urlTemplate":"https:\/\/www.ntf.uni-lj.si\/og\/?s={search_term_string}"},"query-input":"required name=search_term_string"}],"inLanguage":"en-US"},{"@type":"WebPage","@id":"https:\/\/www.ntf.uni-lj.si\/og\/o-oddelku\/katedre\/kmpm\/predstavitev\/#webpage","url":"https:\/\/www.ntf.uni-lj.si\/og\/o-oddelku\/katedre\/kmpm\/predstavitev\/","name":"Predstavitev - OG","isPartOf":{"@id":"https:\/\/www.ntf.uni-lj.si\/og\/#website"},"datePublished":"2015-05-04T11:59:20+00:00","dateModified":"2022-05-03T14:02:10+00:00","breadcrumb":{"@id":"https:\/\/www.ntf.uni-lj.si\/og\/o-oddelku\/katedre\/kmpm\/predstavitev\/#breadcrumb"},"inLanguage":"en-US","potentialAction":[{"@type":"ReadAction","target":["https:\/\/www.ntf.uni-lj.si\/og\/o-oddelku\/katedre\/kmpm\/predstavitev\/"]}]},{"@type":"BreadcrumbList","@id":"https:\/\/www.ntf.uni-lj.si\/og\/o-oddelku\/katedre\/kmpm\/predstavitev\/#breadcrumb","itemListElement":[{"@type":"ListItem","position":1,"name":"Home","item":"https:\/\/www.ntf.uni-lj.si\/og\/"},{"@type":"ListItem","position":2,"name":"O oddelku","item":"https:\/\/www.ntf.uni-lj.si\/og\/o-oddelku\/"},{"@type":"ListItem","position":3,"name":"Katedre","item":"https:\/\/www.ntf.uni-lj.si\/og\/o-oddelku\/katedre\/"},{"@type":"ListItem","position":4,"name":"Katedra za mineralogijo, petrologijo in materiale","item":"https:\/\/www.ntf.uni-lj.si\/og\/o-oddelku\/katedre\/kmpm\/"},{"@type":"ListItem","position":5,"name":"Predstavitev"}]}]}},"_links":{"self":[{"href":"https:\/\/www.ntf.uni-lj.si\/og\/wp-json\/wp\/v2\/pages\/162"}],"collection":[{"href":"https:\/\/www.ntf.uni-lj.si\/og\/wp-json\/wp\/v2\/pages"}],"about":[{"href":"https:\/\/www.ntf.uni-lj.si\/og\/wp-json\/wp\/v2\/types\/page"}],"author":[{"embeddable":true,"href":"https:\/\/www.ntf.uni-lj.si\/og\/wp-json\/wp\/v2\/users\/30"}],"replies":[{"embeddable":true,"href":"https:\/\/www.ntf.uni-lj.si\/og\/wp-json\/wp\/v2\/comments?post=162"}],"version-history":[{"count":29,"href":"https:\/\/www.ntf.uni-lj.si\/og\/wp-json\/wp\/v2\/pages\/162\/revisions"}],"predecessor-version":[{"id":7436,"href":"https:\/\/www.ntf.uni-lj.si\/og\/wp-json\/wp\/v2\/pages\/162\/revisions\/7436"}],"up":[{"embeddable":true,"href":"https:\/\/www.ntf.uni-lj.si\/og\/wp-json\/wp\/v2\/pages\/156"}],"wp:attachment":[{"href":"https:\/\/www.ntf.uni-lj.si\/og\/wp-json\/wp\/v2\/media?parent=162"}],"curies":[{"name":"wp","href":"https:\/\/api.w.org\/{rel}","templated":true}]}}