{"id":165,"date":"2015-05-04T11:59:59","date_gmt":"2015-05-04T11:59:59","guid":{"rendered":"http:\/\/www.ntf.uni-lj.si\/og\/?page_id=165"},"modified":"2022-05-26T11:33:47","modified_gmt":"2022-05-26T09:33:47","slug":"presentation","status":"publish","type":"page","link":"https:\/\/www.ntf.uni-lj.si\/og\/en\/about-deparment\/chairs\/cmpm\/presentation\/","title":{"rendered":"Presentation"},"content":{"rendered":"<h2>Chair info<\/h2>\n<p>Chair of Mineralogy, Petrology and Materials (CMPM)<br \/>\nDepartment of Geology<br \/>\nFaculty of Natural Sciences and Engineering<br \/>\nA\u0161ker\u010deva 12, SI-1000 Ljubljana<\/p>\n<p>Head: Assoc. Prof. Mirijam Vrabec<br \/>\nE-mail:\u00a0<a href=\"mailto:mirijam.vrabec@ntf.uni-lj.si\">mirijam.vrabec@ntf.uni-lj.si<\/a><br \/>\nTel.: +386 1 4704 620<\/p>\n<p>&nbsp;<\/p>\n<h3>Members of chair<\/h3>\n<ul>\n<li>Prof. Nina Zupan\u010di\u010d<\/li>\n<li>Assoc. Prof. Matej Dolenec<\/li>\n<li>Uro\u0161 Herlec<\/li>\n<li>Assist. Prof. Simona\u00a0Jarc<\/li>\n<li>Assoc. Prof. Nastja Rogan \u0160muc<\/li>\n<li>Assoc. Prof. Mirijam Vrabec<\/li>\n<\/ul>\n<p>Technical Assistants:<\/p>\n<ul>\n<li>Ema Hrovatin<\/li>\n<li>Miran Udov\u010d<\/li>\n<\/ul>\n<p>&nbsp;<\/p>\n<p>&nbsp;<\/p>\n<h2>Fields of work<\/h2>\n<div id=\"gtx-trans\"><\/div>\n","protected":false},"excerpt":{"rendered":"Chair info Chair of Mineralogy, Petrology and Materials (CMPM) Department of Geology Faculty of Natural Sciences and Engineering A\u0161ker\u010deva 12, SI-1000 Ljubljana Head: Assoc. Prof. Mirijam Vrabec E-mail:\u00a0mirijam.vrabec@ntf.uni-lj.si Tel.: +386 1 4704 620 &nbsp; Members of chair Prof. Nina Zupan\u010di\u010d Assoc. Prof. Matej Dolenec Uro\u0161 Herlec Assist. Prof. Simona\u00a0Jarc Assoc. Prof. Nastja Rogan \u0160muc Assoc. &#8230; <a class=\"view-article\" href=\"https:\/\/www.ntf.uni-lj.si\/og\/en\/about-deparment\/chairs\/cmpm\/presentation\/\">Read more<\/a>","protected":false},"author":30,"featured_media":0,"parent":159,"menu_order":10,"comment_status":"closed","ping_status":"closed","template":"","meta":[],"acf":[],"yoast_head":"<!-- This site is optimized with the Yoast SEO plugin v17.0 - https:\/\/yoast.com\/wordpress\/plugins\/seo\/ -->\n<meta name=\"robots\" content=\"index, follow, max-snippet:-1, max-image-preview:large, max-video-preview:-1\" \/>\n<link rel=\"canonical\" href=\"https:\/\/www.ntf.uni-lj.si\/og\/en\/about-deparment\/chairs\/cmpm\/presentation\/\" \/>\n<meta property=\"og:locale\" content=\"en_US\" \/>\n<meta property=\"og:type\" content=\"article\" \/>\n<meta property=\"og:title\" content=\"Presentation - OG\" \/>\n<meta property=\"og:description\" content=\"Chair info Chair of Mineralogy, Petrology and Materials (CMPM) Department of Geology Faculty of Natural Sciences and Engineering A\u0161ker\u010deva 12, SI-1000 Ljubljana Head: Assoc. Prof. Mirijam Vrabec E-mail:\u00a0mirijam.vrabec@ntf.uni-lj.si Tel.: +386 1 4704 620 &nbsp; Members of chair Prof. Nina Zupan\u010di\u010d Assoc. Prof. Matej Dolenec Uro\u0161 Herlec Assist. Prof. Simona\u00a0Jarc Assoc. Prof. Nastja Rogan \u0160muc Assoc. ... Read more\" \/>\n<meta property=\"og:url\" content=\"https:\/\/www.ntf.uni-lj.si\/og\/en\/about-deparment\/chairs\/cmpm\/presentation\/\" \/>\n<meta property=\"og:site_name\" content=\"OG\" \/>\n<meta property=\"article:modified_time\" content=\"2022-05-26T09:33:47+00:00\" \/>\n<meta name=\"twitter:label1\" content=\"Est. reading time\" \/>\n\t<meta name=\"twitter:data1\" content=\"1 minute\" \/>\n<script type=\"application\/ld+json\" class=\"yoast-schema-graph\">{\"@context\":\"https:\/\/schema.org\",\"@graph\":[{\"@type\":\"WebSite\",\"@id\":\"https:\/\/www.ntf.uni-lj.si\/og\/#website\",\"url\":\"https:\/\/www.ntf.uni-lj.si\/og\/\",\"name\":\"OG\",\"description\":\"Oddelek za geologijo\",\"potentialAction\":[{\"@type\":\"SearchAction\",\"target\":{\"@type\":\"EntryPoint\",\"urlTemplate\":\"https:\/\/www.ntf.uni-lj.si\/og\/?s={search_term_string}\"},\"query-input\":\"required name=search_term_string\"}],\"inLanguage\":\"en-US\"},{\"@type\":\"WebPage\",\"@id\":\"https:\/\/www.ntf.uni-lj.si\/og\/en\/about-deparment\/chairs\/cmpm\/presentation\/#webpage\",\"url\":\"https:\/\/www.ntf.uni-lj.si\/og\/en\/about-deparment\/chairs\/cmpm\/presentation\/\",\"name\":\"Presentation - OG\",\"isPartOf\":{\"@id\":\"https:\/\/www.ntf.uni-lj.si\/og\/#website\"},\"datePublished\":\"2015-05-04T11:59:59+00:00\",\"dateModified\":\"2022-05-26T09:33:47+00:00\",\"breadcrumb\":{\"@id\":\"https:\/\/www.ntf.uni-lj.si\/og\/en\/about-deparment\/chairs\/cmpm\/presentation\/#breadcrumb\"},\"inLanguage\":\"en-US\",\"potentialAction\":[{\"@type\":\"ReadAction\",\"target\":[\"https:\/\/www.ntf.uni-lj.si\/og\/en\/about-deparment\/chairs\/cmpm\/presentation\/\"]}]},{\"@type\":\"BreadcrumbList\",\"@id\":\"https:\/\/www.ntf.uni-lj.si\/og\/en\/about-deparment\/chairs\/cmpm\/presentation\/#breadcrumb\",\"itemListElement\":[{\"@type\":\"ListItem\",\"position\":1,\"name\":\"Home\",\"item\":\"https:\/\/www.ntf.uni-lj.si\/og\/\"},{\"@type\":\"ListItem\",\"position\":2,\"name\":\"About deparment\",\"item\":\"https:\/\/www.ntf.uni-lj.si\/og\/en\/about-deparment\/\"},{\"@type\":\"ListItem\",\"position\":3,\"name\":\"Chairs\",\"item\":\"https:\/\/www.ntf.uni-lj.si\/og\/en\/about-deparment\/chairs\/\"},{\"@type\":\"ListItem\",\"position\":4,\"name\":\"Chair of Mineralogy, Petrology and Materials\",\"item\":\"https:\/\/www.ntf.uni-lj.si\/og\/en\/about-deparment\/chairs\/cmpm\/\"},{\"@type\":\"ListItem\",\"position\":5,\"name\":\"Presentation\"}]}]}<\/script>\n<!-- \/ Yoast SEO plugin. -->","yoast_head_json":{"robots":{"index":"index","follow":"follow","max-snippet":"max-snippet:-1","max-image-preview":"max-image-preview:large","max-video-preview":"max-video-preview:-1"},"canonical":"https:\/\/www.ntf.uni-lj.si\/og\/en\/about-deparment\/chairs\/cmpm\/presentation\/","og_locale":"en_US","og_type":"article","og_title":"Presentation - OG","og_description":"Chair info Chair of Mineralogy, Petrology and Materials (CMPM) Department of Geology Faculty of Natural Sciences and Engineering A\u0161ker\u010deva 12, SI-1000 Ljubljana Head: Assoc. Prof. Mirijam Vrabec E-mail:\u00a0mirijam.vrabec@ntf.uni-lj.si Tel.: +386 1 4704 620 &nbsp; Members of chair Prof. Nina Zupan\u010di\u010d Assoc. Prof. Matej Dolenec Uro\u0161 Herlec Assist. Prof. Simona\u00a0Jarc Assoc. Prof. Nastja Rogan \u0160muc Assoc. ... Read more","og_url":"https:\/\/www.ntf.uni-lj.si\/og\/en\/about-deparment\/chairs\/cmpm\/presentation\/","og_site_name":"OG","article_modified_time":"2022-05-26T09:33:47+00:00","twitter_misc":{"Est. reading time":"1 minute"},"schema":{"@context":"https:\/\/schema.org","@graph":[{"@type":"WebSite","@id":"https:\/\/www.ntf.uni-lj.si\/og\/#website","url":"https:\/\/www.ntf.uni-lj.si\/og\/","name":"OG","description":"Oddelek za geologijo","potentialAction":[{"@type":"SearchAction","target":{"@type":"EntryPoint","urlTemplate":"https:\/\/www.ntf.uni-lj.si\/og\/?s={search_term_string}"},"query-input":"required name=search_term_string"}],"inLanguage":"en-US"},{"@type":"WebPage","@id":"https:\/\/www.ntf.uni-lj.si\/og\/en\/about-deparment\/chairs\/cmpm\/presentation\/#webpage","url":"https:\/\/www.ntf.uni-lj.si\/og\/en\/about-deparment\/chairs\/cmpm\/presentation\/","name":"Presentation - OG","isPartOf":{"@id":"https:\/\/www.ntf.uni-lj.si\/og\/#website"},"datePublished":"2015-05-04T11:59:59+00:00","dateModified":"2022-05-26T09:33:47+00:00","breadcrumb":{"@id":"https:\/\/www.ntf.uni-lj.si\/og\/en\/about-deparment\/chairs\/cmpm\/presentation\/#breadcrumb"},"inLanguage":"en-US","potentialAction":[{"@type":"ReadAction","target":["https:\/\/www.ntf.uni-lj.si\/og\/en\/about-deparment\/chairs\/cmpm\/presentation\/"]}]},{"@type":"BreadcrumbList","@id":"https:\/\/www.ntf.uni-lj.si\/og\/en\/about-deparment\/chairs\/cmpm\/presentation\/#breadcrumb","itemListElement":[{"@type":"ListItem","position":1,"name":"Home","item":"https:\/\/www.ntf.uni-lj.si\/og\/"},{"@type":"ListItem","position":2,"name":"About deparment","item":"https:\/\/www.ntf.uni-lj.si\/og\/en\/about-deparment\/"},{"@type":"ListItem","position":3,"name":"Chairs","item":"https:\/\/www.ntf.uni-lj.si\/og\/en\/about-deparment\/chairs\/"},{"@type":"ListItem","position":4,"name":"Chair of Mineralogy, Petrology and Materials","item":"https:\/\/www.ntf.uni-lj.si\/og\/en\/about-deparment\/chairs\/cmpm\/"},{"@type":"ListItem","position":5,"name":"Presentation"}]}]}},"_links":{"self":[{"href":"https:\/\/www.ntf.uni-lj.si\/og\/wp-json\/wp\/v2\/pages\/165"}],"collection":[{"href":"https:\/\/www.ntf.uni-lj.si\/og\/wp-json\/wp\/v2\/pages"}],"about":[{"href":"https:\/\/www.ntf.uni-lj.si\/og\/wp-json\/wp\/v2\/types\/page"}],"author":[{"embeddable":true,"href":"https:\/\/www.ntf.uni-lj.si\/og\/wp-json\/wp\/v2\/users\/30"}],"replies":[{"embeddable":true,"href":"https:\/\/www.ntf.uni-lj.si\/og\/wp-json\/wp\/v2\/comments?post=165"}],"version-history":[{"count":17,"href":"https:\/\/www.ntf.uni-lj.si\/og\/wp-json\/wp\/v2\/pages\/165\/revisions"}],"predecessor-version":[{"id":7461,"href":"https:\/\/www.ntf.uni-lj.si\/og\/wp-json\/wp\/v2\/pages\/165\/revisions\/7461"}],"up":[{"embeddable":true,"href":"https:\/\/www.ntf.uni-lj.si\/og\/wp-json\/wp\/v2\/pages\/159"}],"wp:attachment":[{"href":"https:\/\/www.ntf.uni-lj.si\/og\/wp-json\/wp\/v2\/media?parent=165"}],"curies":[{"name":"wp","href":"https:\/\/api.w.org\/{rel}","templated":true}]}}