{"id":179,"date":"2015-05-04T12:02:41","date_gmt":"2015-05-04T12:02:41","guid":{"rendered":"http:\/\/www.ntf.uni-lj.si\/og\/?page_id=179"},"modified":"2022-05-03T16:16:34","modified_gmt":"2022-05-03T14:16:34","slug":"predstavitev","status":"publish","type":"page","link":"https:\/\/www.ntf.uni-lj.si\/og\/o-oddelku\/katedre\/ksprg\/predstavitev\/","title":{"rendered":"Predstavitev"},"content":{"rendered":"<h2>Vizitka katedre<\/h2>\n<p>Katedra za stratigrafijo, paleontologijo in regionalno geologijo (KSPRG)<br \/>\nOddelek za geologijo<br \/>\nNaravoslovnotehni\u0161ka fakulteta<br \/>\nA\u0161ker\u010deva 12, SI-1000 Ljubljana<\/p>\n<h3>Predstojnik:<\/h3>\n<p>doc. dr. Luka Gale<br \/>\ne-po\u0161ta: <a href=\"mailto:luka.gale@ntf.uni-lj.si\">luka.gale@ntf.uni-lj.si<\/a><br \/>\ntel: 01\/47 04 606<\/p>\n<h3>\u010clani:<\/h3>\n<p>prof. dr. Andrej \u0160muc<br \/>\nprof. dr. Marko Vrabec<br \/>\nprof. dr. Bo\u0161tjan Ro\u017ei\u010d<br \/>\ndoc. dr. Luka Gale<br \/>\ndoc. dr. Petra \u017dvab Ro\u017ei\u010d<br \/>\ndoc. dr. Tomislav Popit<br \/>\nPrimo\u017e Miklavc, tehni\u010dni sodelavec<\/p>\n<h3>Zunanji sodelavci:<\/h3>\n<p>dr. Aleksander Horvat<br \/>\nprof. dr. Jernej Pav\u0161i\u010d (upokojen)<br \/>\nprof. dr. Marija \u0160tefan\u010di\u010d (BF)<br \/>\ndoc. dr. \u0160pela Gori\u010dan<br \/>\nasist. dr. Irena Debeljak<br \/>\nprof. dr. Vlasta \u010cosovi\u0107 (PMF Zagreb)<br \/>\ndr. Eliana Poli, Universita degli studi di Udine<br \/>\nprof. dr. Giorgio Tunis, Universita degli studi di Trieste<br \/>\nprof. dr. Franco Cucchi, Universita degli studi di Trieste<br \/>\ndr. Katica Drobne<br \/>\ndr. Polona Kovi\u010d<\/p>\n<p><strong>Katedra za stratigrafijo, paleontologijo in regionalno geologijo\u00a0<\/strong>je del Oddelka za geologijo. Ustanovljena je bila leta 2005 ob reorganizaciji Oddelka za geologijo, ko se je prej\u0161nja Katedra za geologijo in paleontologijo razdelila v dve novi katedri: Katedro za paleontologijo in stratigrafijo ter Katedro za regionalno in sedimentno geologijo.<\/p>\n<p><strong>Pedago\u0161ko delo<\/strong><br \/>\n\u010clani in sodelavci KSPRG na dodiplomskem univerzitetnem \u0161tudiju na Oddelku za geologijo in Oddelku za rudarstvo in geotehnologijo pou\u010dujejo naslednje predmete: Paleontologijo, Geolo\u0161ko kartiranje, Stratigrafijo, Regionalno geologijo, Paleoekologijo, Osnove geologije za \u0161tudente rudarstva in geotehnologije.<br \/>\n\u010clani katedre predavajo tudi razli\u010dne geolo\u0161ke vsebine na dodiplomskem univerzitetnem \u0161tudiju na drugih \u010dlanicah Univerze v Ljubljani (Fakulteta za gradbeni\u0161tvo in geodezijo (FGG), geologija za \u0161tudente gradbeni\u0161tva in vodarstva, geologija in geomorfologija za \u0161tudente geodezije).<br \/>\nNa podiplomskem \u0161tudiju pokrivajo naslednje predmete: Makrofosili paleozoika, mezozoika, kenozoika, Mikrofosili paleozoika, mezozoika, kenozoika, Paleoantropologija, Izbrana poglavja iz regionalne geologije, Izbrana poglavja iz biostratigrafije paleozoika, mezozoika, kenozoika, Izbrana poglavja iz paleobotanike, Izbrana poglavja iz paleoekologije.<\/p>\n<p>&nbsp;<\/p>\n<p>&nbsp;<\/p>\n","protected":false},"excerpt":{"rendered":"Vizitka katedre Katedra za stratigrafijo, paleontologijo in regionalno geologijo (KSPRG) Oddelek za geologijo Naravoslovnotehni\u0161ka fakulteta A\u0161ker\u010deva 12, SI-1000 Ljubljana Predstojnik: doc. dr. Luka Gale e-po\u0161ta: luka.gale@ntf.uni-lj.si tel: 01\/47 04 606 \u010clani: prof. dr. Andrej \u0160muc prof. dr. Marko Vrabec prof. dr. Bo\u0161tjan Ro\u017ei\u010d doc. dr. Luka Gale doc. dr. Petra \u017dvab Ro\u017ei\u010d doc. dr. Tomislav &#8230; <a class=\"view-article\" href=\"https:\/\/www.ntf.uni-lj.si\/og\/o-oddelku\/katedre\/ksprg\/predstavitev\/\">Read more<\/a>","protected":false},"author":30,"featured_media":0,"parent":174,"menu_order":10,"comment_status":"closed","ping_status":"closed","template":"","meta":[],"acf":[],"yoast_head":"<!-- This site is optimized with the Yoast SEO plugin v17.0 - https:\/\/yoast.com\/wordpress\/plugins\/seo\/ -->\n<meta name=\"robots\" content=\"index, follow, max-snippet:-1, max-image-preview:large, max-video-preview:-1\" \/>\n<link rel=\"canonical\" href=\"https:\/\/www.ntf.uni-lj.si\/og\/o-oddelku\/katedre\/ksprg\/predstavitev\/\" \/>\n<meta property=\"og:locale\" content=\"en_US\" \/>\n<meta property=\"og:type\" content=\"article\" \/>\n<meta property=\"og:title\" content=\"Predstavitev - OG\" \/>\n<meta property=\"og:description\" content=\"Vizitka katedre Katedra za stratigrafijo, paleontologijo in regionalno geologijo (KSPRG) Oddelek za geologijo Naravoslovnotehni\u0161ka fakulteta A\u0161ker\u010deva 12, SI-1000 Ljubljana Predstojnik: doc. dr. Luka Gale e-po\u0161ta: luka.gale@ntf.uni-lj.si tel: 01\/47 04 606 \u010clani: prof. dr. Andrej \u0160muc prof. dr. Marko Vrabec prof. dr. Bo\u0161tjan Ro\u017ei\u010d doc. dr. Luka Gale doc. dr. Petra \u017dvab Ro\u017ei\u010d doc. dr. Tomislav ... Read more\" \/>\n<meta property=\"og:url\" content=\"https:\/\/www.ntf.uni-lj.si\/og\/o-oddelku\/katedre\/ksprg\/predstavitev\/\" \/>\n<meta property=\"og:site_name\" content=\"OG\" \/>\n<meta property=\"article:modified_time\" content=\"2022-05-03T14:16:34+00:00\" \/>\n<meta name=\"twitter:label1\" content=\"Est. reading time\" \/>\n\t<meta name=\"twitter:data1\" content=\"1 minute\" \/>\n<script type=\"application\/ld+json\" class=\"yoast-schema-graph\">{\"@context\":\"https:\/\/schema.org\",\"@graph\":[{\"@type\":\"WebSite\",\"@id\":\"https:\/\/www.ntf.uni-lj.si\/og\/#website\",\"url\":\"https:\/\/www.ntf.uni-lj.si\/og\/\",\"name\":\"OG\",\"description\":\"Oddelek za geologijo\",\"potentialAction\":[{\"@type\":\"SearchAction\",\"target\":{\"@type\":\"EntryPoint\",\"urlTemplate\":\"https:\/\/www.ntf.uni-lj.si\/og\/?s={search_term_string}\"},\"query-input\":\"required name=search_term_string\"}],\"inLanguage\":\"en-US\"},{\"@type\":\"WebPage\",\"@id\":\"https:\/\/www.ntf.uni-lj.si\/og\/o-oddelku\/katedre\/ksprg\/predstavitev\/#webpage\",\"url\":\"https:\/\/www.ntf.uni-lj.si\/og\/o-oddelku\/katedre\/ksprg\/predstavitev\/\",\"name\":\"Predstavitev - OG\",\"isPartOf\":{\"@id\":\"https:\/\/www.ntf.uni-lj.si\/og\/#website\"},\"datePublished\":\"2015-05-04T12:02:41+00:00\",\"dateModified\":\"2022-05-03T14:16:34+00:00\",\"breadcrumb\":{\"@id\":\"https:\/\/www.ntf.uni-lj.si\/og\/o-oddelku\/katedre\/ksprg\/predstavitev\/#breadcrumb\"},\"inLanguage\":\"en-US\",\"potentialAction\":[{\"@type\":\"ReadAction\",\"target\":[\"https:\/\/www.ntf.uni-lj.si\/og\/o-oddelku\/katedre\/ksprg\/predstavitev\/\"]}]},{\"@type\":\"BreadcrumbList\",\"@id\":\"https:\/\/www.ntf.uni-lj.si\/og\/o-oddelku\/katedre\/ksprg\/predstavitev\/#breadcrumb\",\"itemListElement\":[{\"@type\":\"ListItem\",\"position\":1,\"name\":\"Home\",\"item\":\"https:\/\/www.ntf.uni-lj.si\/og\/\"},{\"@type\":\"ListItem\",\"position\":2,\"name\":\"O oddelku\",\"item\":\"https:\/\/www.ntf.uni-lj.si\/og\/o-oddelku\/\"},{\"@type\":\"ListItem\",\"position\":3,\"name\":\"Katedre\",\"item\":\"https:\/\/www.ntf.uni-lj.si\/og\/o-oddelku\/katedre\/\"},{\"@type\":\"ListItem\",\"position\":4,\"name\":\"Katedra za stratigrafijo, paleontologijo in regionalno geologijo\",\"item\":\"https:\/\/www.ntf.uni-lj.si\/og\/o-oddelku\/katedre\/ksprg\/\"},{\"@type\":\"ListItem\",\"position\":5,\"name\":\"Predstavitev\"}]}]}<\/script>\n<!-- \/ Yoast SEO plugin. -->","yoast_head_json":{"robots":{"index":"index","follow":"follow","max-snippet":"max-snippet:-1","max-image-preview":"max-image-preview:large","max-video-preview":"max-video-preview:-1"},"canonical":"https:\/\/www.ntf.uni-lj.si\/og\/o-oddelku\/katedre\/ksprg\/predstavitev\/","og_locale":"en_US","og_type":"article","og_title":"Predstavitev - OG","og_description":"Vizitka katedre Katedra za stratigrafijo, paleontologijo in regionalno geologijo (KSPRG) Oddelek za geologijo Naravoslovnotehni\u0161ka fakulteta A\u0161ker\u010deva 12, SI-1000 Ljubljana Predstojnik: doc. dr. Luka Gale e-po\u0161ta: luka.gale@ntf.uni-lj.si tel: 01\/47 04 606 \u010clani: prof. dr. Andrej \u0160muc prof. dr. Marko Vrabec prof. dr. Bo\u0161tjan Ro\u017ei\u010d doc. dr. Luka Gale doc. dr. Petra \u017dvab Ro\u017ei\u010d doc. dr. Tomislav ... Read more","og_url":"https:\/\/www.ntf.uni-lj.si\/og\/o-oddelku\/katedre\/ksprg\/predstavitev\/","og_site_name":"OG","article_modified_time":"2022-05-03T14:16:34+00:00","twitter_misc":{"Est. reading time":"1 minute"},"schema":{"@context":"https:\/\/schema.org","@graph":[{"@type":"WebSite","@id":"https:\/\/www.ntf.uni-lj.si\/og\/#website","url":"https:\/\/www.ntf.uni-lj.si\/og\/","name":"OG","description":"Oddelek za geologijo","potentialAction":[{"@type":"SearchAction","target":{"@type":"EntryPoint","urlTemplate":"https:\/\/www.ntf.uni-lj.si\/og\/?s={search_term_string}"},"query-input":"required name=search_term_string"}],"inLanguage":"en-US"},{"@type":"WebPage","@id":"https:\/\/www.ntf.uni-lj.si\/og\/o-oddelku\/katedre\/ksprg\/predstavitev\/#webpage","url":"https:\/\/www.ntf.uni-lj.si\/og\/o-oddelku\/katedre\/ksprg\/predstavitev\/","name":"Predstavitev - OG","isPartOf":{"@id":"https:\/\/www.ntf.uni-lj.si\/og\/#website"},"datePublished":"2015-05-04T12:02:41+00:00","dateModified":"2022-05-03T14:16:34+00:00","breadcrumb":{"@id":"https:\/\/www.ntf.uni-lj.si\/og\/o-oddelku\/katedre\/ksprg\/predstavitev\/#breadcrumb"},"inLanguage":"en-US","potentialAction":[{"@type":"ReadAction","target":["https:\/\/www.ntf.uni-lj.si\/og\/o-oddelku\/katedre\/ksprg\/predstavitev\/"]}]},{"@type":"BreadcrumbList","@id":"https:\/\/www.ntf.uni-lj.si\/og\/o-oddelku\/katedre\/ksprg\/predstavitev\/#breadcrumb","itemListElement":[{"@type":"ListItem","position":1,"name":"Home","item":"https:\/\/www.ntf.uni-lj.si\/og\/"},{"@type":"ListItem","position":2,"name":"O oddelku","item":"https:\/\/www.ntf.uni-lj.si\/og\/o-oddelku\/"},{"@type":"ListItem","position":3,"name":"Katedre","item":"https:\/\/www.ntf.uni-lj.si\/og\/o-oddelku\/katedre\/"},{"@type":"ListItem","position":4,"name":"Katedra za stratigrafijo, paleontologijo in regionalno geologijo","item":"https:\/\/www.ntf.uni-lj.si\/og\/o-oddelku\/katedre\/ksprg\/"},{"@type":"ListItem","position":5,"name":"Predstavitev"}]}]}},"_links":{"self":[{"href":"https:\/\/www.ntf.uni-lj.si\/og\/wp-json\/wp\/v2\/pages\/179"}],"collection":[{"href":"https:\/\/www.ntf.uni-lj.si\/og\/wp-json\/wp\/v2\/pages"}],"about":[{"href":"https:\/\/www.ntf.uni-lj.si\/og\/wp-json\/wp\/v2\/types\/page"}],"author":[{"embeddable":true,"href":"https:\/\/www.ntf.uni-lj.si\/og\/wp-json\/wp\/v2\/users\/30"}],"replies":[{"embeddable":true,"href":"https:\/\/www.ntf.uni-lj.si\/og\/wp-json\/wp\/v2\/comments?post=179"}],"version-history":[{"count":26,"href":"https:\/\/www.ntf.uni-lj.si\/og\/wp-json\/wp\/v2\/pages\/179\/revisions"}],"predecessor-version":[{"id":7438,"href":"https:\/\/www.ntf.uni-lj.si\/og\/wp-json\/wp\/v2\/pages\/179\/revisions\/7438"}],"up":[{"embeddable":true,"href":"https:\/\/www.ntf.uni-lj.si\/og\/wp-json\/wp\/v2\/pages\/174"}],"wp:attachment":[{"href":"https:\/\/www.ntf.uni-lj.si\/og\/wp-json\/wp\/v2\/media?parent=179"}],"curies":[{"name":"wp","href":"https:\/\/api.w.org\/{rel}","templated":true}]}}