{"id":184,"date":"2015-05-04T12:03:14","date_gmt":"2015-05-04T12:03:14","guid":{"rendered":"http:\/\/www.ntf.uni-lj.si\/og\/?page_id=184"},"modified":"2022-05-26T11:46:08","modified_gmt":"2022-05-26T09:46:08","slug":"presentation","status":"publish","type":"page","link":"https:\/\/www.ntf.uni-lj.si\/og\/en\/about-deparment\/chairs\/csprg\/presentation\/","title":{"rendered":"Presentation"},"content":{"rendered":"<h2>Vizitka katedre<\/h2>\n<p>Chair of Stratigraphy, Paleontology and Regional geology (CSPRG)<br \/>\nDepartment of Geology<br \/>\nFaculty of Natural Sciences and Engineering<br \/>\nA\u0161ker\u010deva 12, SI-1000 Ljubljana, Slovenia<\/p>\n<h3>Head:<\/h3>\n<p>assist. prof. Luka Gale, DrSc<br \/>\nemail: \u00a0<a href=\"mailto:luka.gale@ntf.uni-lj.si\">luka.gale@ntf.uni-lj.si<\/a><br \/>\ntel: +3861\/47 04 606<\/p>\n<h3>Members:<\/h3>\n<p>Prof. Andrej \u0160muc, DrSc<br \/>\nProf. Bo\u0161tjan Ro\u017ei\u010d, DrSc<br \/>\nProf. Marko Vrabec, DrSc<br \/>\nAssist. Prof. Luka Gale, DrSc<br \/>\nAssist. Prof. Petra \u017dvab Ro\u017ei\u010d, DrSc<br \/>\nAssist. Prof. Tomislav Popit, DrSc<br \/>\nPrimo\u017e Miklavc, technical assistant<\/p>\n<h3>Outside members:<\/h3>\n<p>Aleksander Horvat, DrSc<br \/>\nProf. Jernej Pav\u0161i\u010d, DrSc (ret.)<br \/>\nProf. Marija \u0160tefan\u010di\u010d, DrSc (BF)<br \/>\nAssist. Prof. \u0160pela Gori\u010dan, DrSc<br \/>\nAssist. Irena Debeljak, DrSc<br \/>\nProf. Vlasta \u010cosovi\u0107, DrSc (PMF Zagreb)<br \/>\nEliana Poli, DrSc, Universit\u00e0 degli studi di Udine<br \/>\nProf. Giorgio Tunis, DrSc, Universit\u00e0 degli studi di Trieste<br \/>\nProf. Franco Cucchi, DrSc, Universit\u00e0 degli studi di Trieste<br \/>\nKatica Drobne, DrSc<br \/>\nPolona Kovi\u010d, DrSc<\/p>\n<p><strong>Chair of Stratigraphy, Palaeontology and Regional Geology\u00a0<\/strong><strong>(CSPRG)<\/strong> is part of the Department of Geology. It was founded in 2005 with the reorganisation of the Department of Geology, when the former Department of Geology and Palaeontology split into two new departments: Department of Palaeontology and Stratigraphy and Department of Regional and Sedimentary Geology.<\/p>\n<p><strong>Pedagogical process<\/strong><br \/>\nMembers and associates of CSPRG are taking part in pedagogical processes at the Department of Geology and Department of Geotechnology and Mining, lecturing in the following courses: palaeontology, geological mapping, stratigraphy, regional geology, palaeoecology, basic geology for students of mining and geo-technology.<br \/>\nMembers of the Chair lecture on different geological content for undergraduate university studies at other faculties of the University of Ljubljana: Faculty of Civil and Geodetic Engineering (FGG), for students of engineering, geology and water management, and for students of geodesy, geology and geomorphology.<br \/>\nAt the postgraduate level, we cover the following courses: Paleozoic, Mesozoic, Cenozoic macrofossils and microfossils, Palaeoanthropology, selected topics in Regional Geology, selected topics in Paleozoic, Mesozoic, Cenozoic, selected topics in palaeobotanics, selected topics in palaeoecology.<\/p>\n<p>&nbsp;<\/p>\n","protected":false},"excerpt":{"rendered":"Vizitka katedre Chair of Stratigraphy, Paleontology and Regional geology (CSPRG) Department of Geology Faculty of Natural Sciences and Engineering A\u0161ker\u010deva 12, SI-1000 Ljubljana, Slovenia Head: assist. prof. Luka Gale, DrSc email: \u00a0luka.gale@ntf.uni-lj.si tel: +3861\/47 04 606 Members: Prof. Andrej \u0160muc, DrSc Prof. Bo\u0161tjan Ro\u017ei\u010d, DrSc Prof. Marko Vrabec, DrSc Assist. Prof. Luka Gale, DrSc Assist. &#8230; <a class=\"view-article\" href=\"https:\/\/www.ntf.uni-lj.si\/og\/en\/about-deparment\/chairs\/csprg\/presentation\/\">Read more<\/a>","protected":false},"author":30,"featured_media":0,"parent":177,"menu_order":10,"comment_status":"closed","ping_status":"closed","template":"","meta":[],"acf":[],"yoast_head":"<!-- This site is optimized with the Yoast SEO plugin v17.0 - https:\/\/yoast.com\/wordpress\/plugins\/seo\/ -->\n<meta name=\"robots\" content=\"index, follow, max-snippet:-1, max-image-preview:large, max-video-preview:-1\" \/>\n<link rel=\"canonical\" href=\"https:\/\/www.ntf.uni-lj.si\/og\/en\/about-deparment\/chairs\/csprg\/presentation\/\" \/>\n<meta property=\"og:locale\" content=\"en_US\" \/>\n<meta property=\"og:type\" content=\"article\" \/>\n<meta property=\"og:title\" content=\"Presentation - OG\" \/>\n<meta property=\"og:description\" content=\"Vizitka katedre Chair of Stratigraphy, Paleontology and Regional geology (CSPRG) Department of Geology Faculty of Natural Sciences and Engineering A\u0161ker\u010deva 12, SI-1000 Ljubljana, Slovenia Head: assist. prof. Luka Gale, DrSc email: \u00a0luka.gale@ntf.uni-lj.si tel: +3861\/47 04 606 Members: Prof. Andrej \u0160muc, DrSc Prof. Bo\u0161tjan Ro\u017ei\u010d, DrSc Prof. Marko Vrabec, DrSc Assist. Prof. Luka Gale, DrSc Assist. ... Read more\" \/>\n<meta property=\"og:url\" content=\"https:\/\/www.ntf.uni-lj.si\/og\/en\/about-deparment\/chairs\/csprg\/presentation\/\" \/>\n<meta property=\"og:site_name\" content=\"OG\" \/>\n<meta property=\"article:modified_time\" content=\"2022-05-26T09:46:08+00:00\" \/>\n<meta name=\"twitter:label1\" content=\"Est. reading time\" \/>\n\t<meta name=\"twitter:data1\" content=\"2 minutes\" \/>\n<script type=\"application\/ld+json\" class=\"yoast-schema-graph\">{\"@context\":\"https:\/\/schema.org\",\"@graph\":[{\"@type\":\"WebSite\",\"@id\":\"https:\/\/www.ntf.uni-lj.si\/og\/#website\",\"url\":\"https:\/\/www.ntf.uni-lj.si\/og\/\",\"name\":\"OG\",\"description\":\"Oddelek za geologijo\",\"potentialAction\":[{\"@type\":\"SearchAction\",\"target\":{\"@type\":\"EntryPoint\",\"urlTemplate\":\"https:\/\/www.ntf.uni-lj.si\/og\/?s={search_term_string}\"},\"query-input\":\"required name=search_term_string\"}],\"inLanguage\":\"en-US\"},{\"@type\":\"WebPage\",\"@id\":\"https:\/\/www.ntf.uni-lj.si\/og\/en\/about-deparment\/chairs\/csprg\/presentation\/#webpage\",\"url\":\"https:\/\/www.ntf.uni-lj.si\/og\/en\/about-deparment\/chairs\/csprg\/presentation\/\",\"name\":\"Presentation - OG\",\"isPartOf\":{\"@id\":\"https:\/\/www.ntf.uni-lj.si\/og\/#website\"},\"datePublished\":\"2015-05-04T12:03:14+00:00\",\"dateModified\":\"2022-05-26T09:46:08+00:00\",\"breadcrumb\":{\"@id\":\"https:\/\/www.ntf.uni-lj.si\/og\/en\/about-deparment\/chairs\/csprg\/presentation\/#breadcrumb\"},\"inLanguage\":\"en-US\",\"potentialAction\":[{\"@type\":\"ReadAction\",\"target\":[\"https:\/\/www.ntf.uni-lj.si\/og\/en\/about-deparment\/chairs\/csprg\/presentation\/\"]}]},{\"@type\":\"BreadcrumbList\",\"@id\":\"https:\/\/www.ntf.uni-lj.si\/og\/en\/about-deparment\/chairs\/csprg\/presentation\/#breadcrumb\",\"itemListElement\":[{\"@type\":\"ListItem\",\"position\":1,\"name\":\"Home\",\"item\":\"https:\/\/www.ntf.uni-lj.si\/og\/\"},{\"@type\":\"ListItem\",\"position\":2,\"name\":\"About deparment\",\"item\":\"https:\/\/www.ntf.uni-lj.si\/og\/en\/about-deparment\/\"},{\"@type\":\"ListItem\",\"position\":3,\"name\":\"Chairs\",\"item\":\"https:\/\/www.ntf.uni-lj.si\/og\/en\/about-deparment\/chairs\/\"},{\"@type\":\"ListItem\",\"position\":4,\"name\":\"Chair of Stratigraphy, Paleontology and Regional geology\",\"item\":\"https:\/\/www.ntf.uni-lj.si\/og\/en\/about-deparment\/chairs\/csprg\/\"},{\"@type\":\"ListItem\",\"position\":5,\"name\":\"Presentation\"}]}]}<\/script>\n<!-- \/ Yoast SEO plugin. -->","yoast_head_json":{"robots":{"index":"index","follow":"follow","max-snippet":"max-snippet:-1","max-image-preview":"max-image-preview:large","max-video-preview":"max-video-preview:-1"},"canonical":"https:\/\/www.ntf.uni-lj.si\/og\/en\/about-deparment\/chairs\/csprg\/presentation\/","og_locale":"en_US","og_type":"article","og_title":"Presentation - OG","og_description":"Vizitka katedre Chair of Stratigraphy, Paleontology and Regional geology (CSPRG) Department of Geology Faculty of Natural Sciences and Engineering A\u0161ker\u010deva 12, SI-1000 Ljubljana, Slovenia Head: assist. prof. Luka Gale, DrSc email: \u00a0luka.gale@ntf.uni-lj.si tel: +3861\/47 04 606 Members: Prof. Andrej \u0160muc, DrSc Prof. Bo\u0161tjan Ro\u017ei\u010d, DrSc Prof. Marko Vrabec, DrSc Assist. Prof. Luka Gale, DrSc Assist. ... Read more","og_url":"https:\/\/www.ntf.uni-lj.si\/og\/en\/about-deparment\/chairs\/csprg\/presentation\/","og_site_name":"OG","article_modified_time":"2022-05-26T09:46:08+00:00","twitter_misc":{"Est. reading time":"2 minutes"},"schema":{"@context":"https:\/\/schema.org","@graph":[{"@type":"WebSite","@id":"https:\/\/www.ntf.uni-lj.si\/og\/#website","url":"https:\/\/www.ntf.uni-lj.si\/og\/","name":"OG","description":"Oddelek za geologijo","potentialAction":[{"@type":"SearchAction","target":{"@type":"EntryPoint","urlTemplate":"https:\/\/www.ntf.uni-lj.si\/og\/?s={search_term_string}"},"query-input":"required name=search_term_string"}],"inLanguage":"en-US"},{"@type":"WebPage","@id":"https:\/\/www.ntf.uni-lj.si\/og\/en\/about-deparment\/chairs\/csprg\/presentation\/#webpage","url":"https:\/\/www.ntf.uni-lj.si\/og\/en\/about-deparment\/chairs\/csprg\/presentation\/","name":"Presentation - OG","isPartOf":{"@id":"https:\/\/www.ntf.uni-lj.si\/og\/#website"},"datePublished":"2015-05-04T12:03:14+00:00","dateModified":"2022-05-26T09:46:08+00:00","breadcrumb":{"@id":"https:\/\/www.ntf.uni-lj.si\/og\/en\/about-deparment\/chairs\/csprg\/presentation\/#breadcrumb"},"inLanguage":"en-US","potentialAction":[{"@type":"ReadAction","target":["https:\/\/www.ntf.uni-lj.si\/og\/en\/about-deparment\/chairs\/csprg\/presentation\/"]}]},{"@type":"BreadcrumbList","@id":"https:\/\/www.ntf.uni-lj.si\/og\/en\/about-deparment\/chairs\/csprg\/presentation\/#breadcrumb","itemListElement":[{"@type":"ListItem","position":1,"name":"Home","item":"https:\/\/www.ntf.uni-lj.si\/og\/"},{"@type":"ListItem","position":2,"name":"About deparment","item":"https:\/\/www.ntf.uni-lj.si\/og\/en\/about-deparment\/"},{"@type":"ListItem","position":3,"name":"Chairs","item":"https:\/\/www.ntf.uni-lj.si\/og\/en\/about-deparment\/chairs\/"},{"@type":"ListItem","position":4,"name":"Chair of Stratigraphy, Paleontology and Regional geology","item":"https:\/\/www.ntf.uni-lj.si\/og\/en\/about-deparment\/chairs\/csprg\/"},{"@type":"ListItem","position":5,"name":"Presentation"}]}]}},"_links":{"self":[{"href":"https:\/\/www.ntf.uni-lj.si\/og\/wp-json\/wp\/v2\/pages\/184"}],"collection":[{"href":"https:\/\/www.ntf.uni-lj.si\/og\/wp-json\/wp\/v2\/pages"}],"about":[{"href":"https:\/\/www.ntf.uni-lj.si\/og\/wp-json\/wp\/v2\/types\/page"}],"author":[{"embeddable":true,"href":"https:\/\/www.ntf.uni-lj.si\/og\/wp-json\/wp\/v2\/users\/30"}],"replies":[{"embeddable":true,"href":"https:\/\/www.ntf.uni-lj.si\/og\/wp-json\/wp\/v2\/comments?post=184"}],"version-history":[{"count":19,"href":"https:\/\/www.ntf.uni-lj.si\/og\/wp-json\/wp\/v2\/pages\/184\/revisions"}],"predecessor-version":[{"id":7463,"href":"https:\/\/www.ntf.uni-lj.si\/og\/wp-json\/wp\/v2\/pages\/184\/revisions\/7463"}],"up":[{"embeddable":true,"href":"https:\/\/www.ntf.uni-lj.si\/og\/wp-json\/wp\/v2\/pages\/177"}],"wp:attachment":[{"href":"https:\/\/www.ntf.uni-lj.si\/og\/wp-json\/wp\/v2\/media?parent=184"}],"curies":[{"name":"wp","href":"https:\/\/api.w.org\/{rel}","templated":true}]}}