{"id":2329,"date":"2015-07-08T19:37:52","date_gmt":"2015-07-08T17:37:52","guid":{"rendered":"http:\/\/www.ntf.uni-lj.si\/og\/?page_id=2329"},"modified":"2025-11-03T10:53:54","modified_gmt":"2025-11-03T09:53:54","slug":"vizitka","status":"publish","type":"page","link":"https:\/\/www.ntf.uni-lj.si\/og\/o-oddelku\/splosne-informacije\/vizitka\/","title":{"rendered":"Vizitka"},"content":{"rendered":"<p><strong>UNIVERZA V LJUBLJANI<br \/>\nNARAVOSLOVNOTEHNI\u0160KA FAKULTETA<br \/>\nODDELEK ZA GEOLOGIJO<\/strong><br \/>\nA\u0161ker\u010deva 12<br \/>\nSI-1000 Ljubljana<\/p>\n<p>Tel: 01\/47 04 500<br \/>\nE-po\u0161ta: <a href=\"mailto:og@ntf.uni-lj.si\">og@ntf.uni-lj.si<\/a><\/p>\n<p>&nbsp;<\/p>\n<h4>DRUGI PODATKI:<\/h4>\n<p>Dav\u010dna \u0161tevilka: SI24405388<br \/>\nMati\u010dna \u0161tevilka: 1627074<br \/>\n\u0160ifra dejavnosti: 85.422<br \/>\nPodra\u010dun pri UJP: 01100-6030708186<\/p>\n<p>&nbsp;<\/p>\n<h4>VODSTVO ODDELKA:<\/h4>\n<div class=\"col-sm-10 no-padding no-padding\">\n<strong>dr. Mirijam Vrabec<\/strong><br \/>\n<em>predstojnica OG<\/em><br \/>\nTel: 01\/47 04 629<br \/>\nE-po\u0161ta: <a href=\"mailto:mirijam.vrabec@ntf.uni-lj.si\">mirijam.vrabec@ntf.uni-lj.si<\/a>\n<\/div>\n<div class=\"col-sm-10 no-padding no-padding\">\n<strong>dr.\u00a0Barbara \u010cen\u010dur Curk<\/strong><br \/>\n<em>namestnica predstojnice OG<\/em><br \/>\nTel: 01\/47 04\u00a0607<br \/>\nE-po\u0161ta: <a href=\"mailto:barbara.cencur@ntf.uni-lj.si\">barbara.cencur@ntf.uni-lj.si<\/a><\/p>\n<p><strong>dr. Luka Gale<\/strong><br \/>\n<em>namestnik predstojnice OG<\/em><br \/>\nTel: 01\/47 04 606<br \/>\nE-po\u0161ta: <a href=\"mailto:luka.gale@ntf.uni-lj.si\">luka.gale@ntf.uni-lj.si<\/a>\n<\/div>\n<p>&nbsp;<\/p>\n<h4>TAJNI\u0160TVO<\/h4>\n<div class=\"col-sm-10 no-padding no-padding\">\n<strong>\u0160pela Turi\u0107<\/strong><br \/>\nTel: 01\/47 04 632<br \/>\nE-po\u0161ta: <a href=\"mailto:spela.turic@ntf.uni-lj.si\">spela.turic@ntf.uni-lj.si<\/a>\n<\/div>\n<div style=\"height:25px; width:100%;\"><\/div>\n","protected":false},"excerpt":{"rendered":"UNIVERZA V LJUBLJANI NARAVOSLOVNOTEHNI\u0160KA FAKULTETA ODDELEK ZA GEOLOGIJO A\u0161ker\u010deva 12 SI-1000 Ljubljana Tel: 01\/47 04 500 E-po\u0161ta: og@ntf.uni-lj.si &nbsp; DRUGI PODATKI: Dav\u010dna \u0161tevilka: SI24405388 Mati\u010dna \u0161tevilka: 1627074 \u0160ifra dejavnosti: 85.422 Podra\u010dun pri UJP: 01100-6030708186 &nbsp; VODSTVO ODDELKA: &nbsp; TAJNI\u0160TVO","protected":false},"author":30,"featured_media":0,"parent":105,"menu_order":2,"comment_status":"closed","ping_status":"closed","template":"","meta":[],"acf":[],"yoast_head":"<!-- This site is optimized with the Yoast SEO plugin v17.0 - https:\/\/yoast.com\/wordpress\/plugins\/seo\/ -->\n<meta name=\"robots\" content=\"index, follow, max-snippet:-1, max-image-preview:large, max-video-preview:-1\" \/>\n<link rel=\"canonical\" href=\"https:\/\/www.ntf.uni-lj.si\/og\/o-oddelku\/splosne-informacije\/vizitka\/\" \/>\n<meta property=\"og:locale\" content=\"en_US\" \/>\n<meta property=\"og:type\" content=\"article\" \/>\n<meta property=\"og:title\" content=\"Vizitka - OG\" \/>\n<meta property=\"og:description\" content=\"UNIVERZA V LJUBLJANI NARAVOSLOVNOTEHNI\u0160KA FAKULTETA ODDELEK ZA GEOLOGIJO A\u0161ker\u010deva 12 SI-1000 Ljubljana Tel: 01\/47 04 500 E-po\u0161ta: og@ntf.uni-lj.si &nbsp; DRUGI PODATKI: Dav\u010dna \u0161tevilka: SI24405388 Mati\u010dna \u0161tevilka: 1627074 \u0160ifra dejavnosti: 85.422 Podra\u010dun pri UJP: 01100-6030708186 &nbsp; VODSTVO ODDELKA: &nbsp; TAJNI\u0160TVO\" \/>\n<meta property=\"og:url\" content=\"https:\/\/www.ntf.uni-lj.si\/og\/o-oddelku\/splosne-informacije\/vizitka\/\" \/>\n<meta property=\"og:site_name\" content=\"OG\" \/>\n<meta property=\"article:modified_time\" content=\"2025-11-03T09:53:54+00:00\" \/>\n<meta name=\"twitter:label1\" content=\"Est. reading time\" \/>\n\t<meta name=\"twitter:data1\" content=\"1 minute\" \/>\n<script type=\"application\/ld+json\" class=\"yoast-schema-graph\">{\"@context\":\"https:\/\/schema.org\",\"@graph\":[{\"@type\":\"WebSite\",\"@id\":\"https:\/\/www.ntf.uni-lj.si\/og\/#website\",\"url\":\"https:\/\/www.ntf.uni-lj.si\/og\/\",\"name\":\"OG\",\"description\":\"Oddelek za geologijo\",\"potentialAction\":[{\"@type\":\"SearchAction\",\"target\":{\"@type\":\"EntryPoint\",\"urlTemplate\":\"https:\/\/www.ntf.uni-lj.si\/og\/?s={search_term_string}\"},\"query-input\":\"required name=search_term_string\"}],\"inLanguage\":\"en-US\"},{\"@type\":\"WebPage\",\"@id\":\"https:\/\/www.ntf.uni-lj.si\/og\/o-oddelku\/splosne-informacije\/vizitka\/#webpage\",\"url\":\"https:\/\/www.ntf.uni-lj.si\/og\/o-oddelku\/splosne-informacije\/vizitka\/\",\"name\":\"Vizitka - OG\",\"isPartOf\":{\"@id\":\"https:\/\/www.ntf.uni-lj.si\/og\/#website\"},\"datePublished\":\"2015-07-08T17:37:52+00:00\",\"dateModified\":\"2025-11-03T09:53:54+00:00\",\"breadcrumb\":{\"@id\":\"https:\/\/www.ntf.uni-lj.si\/og\/o-oddelku\/splosne-informacije\/vizitka\/#breadcrumb\"},\"inLanguage\":\"en-US\",\"potentialAction\":[{\"@type\":\"ReadAction\",\"target\":[\"https:\/\/www.ntf.uni-lj.si\/og\/o-oddelku\/splosne-informacije\/vizitka\/\"]}]},{\"@type\":\"BreadcrumbList\",\"@id\":\"https:\/\/www.ntf.uni-lj.si\/og\/o-oddelku\/splosne-informacije\/vizitka\/#breadcrumb\",\"itemListElement\":[{\"@type\":\"ListItem\",\"position\":1,\"name\":\"Home\",\"item\":\"https:\/\/www.ntf.uni-lj.si\/og\/\"},{\"@type\":\"ListItem\",\"position\":2,\"name\":\"O oddelku\",\"item\":\"https:\/\/www.ntf.uni-lj.si\/og\/o-oddelku\/\"},{\"@type\":\"ListItem\",\"position\":3,\"name\":\"Splo\\u0161ne informacije\",\"item\":\"https:\/\/www.ntf.uni-lj.si\/og\/o-oddelku\/splosne-informacije\/\"},{\"@type\":\"ListItem\",\"position\":4,\"name\":\"Vizitka\"}]}]}<\/script>\n<!-- \/ Yoast SEO plugin. -->","yoast_head_json":{"robots":{"index":"index","follow":"follow","max-snippet":"max-snippet:-1","max-image-preview":"max-image-preview:large","max-video-preview":"max-video-preview:-1"},"canonical":"https:\/\/www.ntf.uni-lj.si\/og\/o-oddelku\/splosne-informacije\/vizitka\/","og_locale":"en_US","og_type":"article","og_title":"Vizitka - OG","og_description":"UNIVERZA V LJUBLJANI NARAVOSLOVNOTEHNI\u0160KA FAKULTETA ODDELEK ZA GEOLOGIJO A\u0161ker\u010deva 12 SI-1000 Ljubljana Tel: 01\/47 04 500 E-po\u0161ta: og@ntf.uni-lj.si &nbsp; DRUGI PODATKI: Dav\u010dna \u0161tevilka: SI24405388 Mati\u010dna \u0161tevilka: 1627074 \u0160ifra dejavnosti: 85.422 Podra\u010dun pri UJP: 01100-6030708186 &nbsp; VODSTVO ODDELKA: &nbsp; TAJNI\u0160TVO","og_url":"https:\/\/www.ntf.uni-lj.si\/og\/o-oddelku\/splosne-informacije\/vizitka\/","og_site_name":"OG","article_modified_time":"2025-11-03T09:53:54+00:00","twitter_misc":{"Est. reading time":"1 minute"},"schema":{"@context":"https:\/\/schema.org","@graph":[{"@type":"WebSite","@id":"https:\/\/www.ntf.uni-lj.si\/og\/#website","url":"https:\/\/www.ntf.uni-lj.si\/og\/","name":"OG","description":"Oddelek za geologijo","potentialAction":[{"@type":"SearchAction","target":{"@type":"EntryPoint","urlTemplate":"https:\/\/www.ntf.uni-lj.si\/og\/?s={search_term_string}"},"query-input":"required name=search_term_string"}],"inLanguage":"en-US"},{"@type":"WebPage","@id":"https:\/\/www.ntf.uni-lj.si\/og\/o-oddelku\/splosne-informacije\/vizitka\/#webpage","url":"https:\/\/www.ntf.uni-lj.si\/og\/o-oddelku\/splosne-informacije\/vizitka\/","name":"Vizitka - OG","isPartOf":{"@id":"https:\/\/www.ntf.uni-lj.si\/og\/#website"},"datePublished":"2015-07-08T17:37:52+00:00","dateModified":"2025-11-03T09:53:54+00:00","breadcrumb":{"@id":"https:\/\/www.ntf.uni-lj.si\/og\/o-oddelku\/splosne-informacije\/vizitka\/#breadcrumb"},"inLanguage":"en-US","potentialAction":[{"@type":"ReadAction","target":["https:\/\/www.ntf.uni-lj.si\/og\/o-oddelku\/splosne-informacije\/vizitka\/"]}]},{"@type":"BreadcrumbList","@id":"https:\/\/www.ntf.uni-lj.si\/og\/o-oddelku\/splosne-informacije\/vizitka\/#breadcrumb","itemListElement":[{"@type":"ListItem","position":1,"name":"Home","item":"https:\/\/www.ntf.uni-lj.si\/og\/"},{"@type":"ListItem","position":2,"name":"O oddelku","item":"https:\/\/www.ntf.uni-lj.si\/og\/o-oddelku\/"},{"@type":"ListItem","position":3,"name":"Splo\u0161ne informacije","item":"https:\/\/www.ntf.uni-lj.si\/og\/o-oddelku\/splosne-informacije\/"},{"@type":"ListItem","position":4,"name":"Vizitka"}]}]}},"_links":{"self":[{"href":"https:\/\/www.ntf.uni-lj.si\/og\/wp-json\/wp\/v2\/pages\/2329"}],"collection":[{"href":"https:\/\/www.ntf.uni-lj.si\/og\/wp-json\/wp\/v2\/pages"}],"about":[{"href":"https:\/\/www.ntf.uni-lj.si\/og\/wp-json\/wp\/v2\/types\/page"}],"author":[{"embeddable":true,"href":"https:\/\/www.ntf.uni-lj.si\/og\/wp-json\/wp\/v2\/users\/30"}],"replies":[{"embeddable":true,"href":"https:\/\/www.ntf.uni-lj.si\/og\/wp-json\/wp\/v2\/comments?post=2329"}],"version-history":[{"count":27,"href":"https:\/\/www.ntf.uni-lj.si\/og\/wp-json\/wp\/v2\/pages\/2329\/revisions"}],"predecessor-version":[{"id":9004,"href":"https:\/\/www.ntf.uni-lj.si\/og\/wp-json\/wp\/v2\/pages\/2329\/revisions\/9004"}],"up":[{"embeddable":true,"href":"https:\/\/www.ntf.uni-lj.si\/og\/wp-json\/wp\/v2\/pages\/105"}],"wp:attachment":[{"href":"https:\/\/www.ntf.uni-lj.si\/og\/wp-json\/wp\/v2\/media?parent=2329"}],"curies":[{"name":"wp","href":"https:\/\/api.w.org\/{rel}","templated":true}]}}