{"id":2331,"date":"2015-07-08T19:38:24","date_gmt":"2015-07-08T17:38:24","guid":{"rendered":"http:\/\/www.ntf.uni-lj.si\/og\/?page_id=2331"},"modified":"2023-01-19T12:24:02","modified_gmt":"2023-01-19T11:24:02","slug":"card","status":"publish","type":"page","link":"https:\/\/www.ntf.uni-lj.si\/og\/en\/about-deparment\/general-information\/card\/","title":{"rendered":"Card"},"content":{"rendered":"<p><strong>UNIVERSITY OF LJUBLJANA<br \/>\nFaculty of Natural Sciences and Engineering<br \/>\nDepartment of Geology<\/strong><br \/>\nA\u0161ker\u010deva 12<br \/>\nSI-1000 Ljubljana<\/p>\n<p>Tel: +3861\/47 04 500<br \/>\nE-mail: <a href=\"mailto:og@ntf.uni-lj.si\">og@ntf.uni-lj.si<\/a><\/p>\n<p>&nbsp;<\/p>\n<h4>OTHER INFO:<\/h4>\n<p>VAT id: SI24405388<br \/>\nRegistration No.: 1627074<br \/>\nActivity code: 85.422<br \/>\nSubaccount at UJP: 01100-6030708186<\/p>\n<p>&nbsp;<\/p>\n<h4>HEAD OF THE DEPARTMENT:<\/h4>\n<div class=\"col-sm-10 no-padding no-padding\">\n<strong>dr. Barbara \u010cen\u010dur Curk<\/strong><br \/>\n<em>head of OG<\/em><br \/>\nTel: +3861\/47 04 607<br \/>\nE-mail: <a href=\"mailto:barbara.cencur@ntf.uni-lj.si\">barbara.cencur@ntf.uni-lj.si<\/a>\n<\/div>\n<div class=\"col-sm-10 no-padding no-padding\">\n<strong>dr. Simona Jarc<\/strong><br \/>\n<em>deputy head of OG<\/em><br \/>\nTel: +3861\/47 04 635<br \/>\nE-mail: <a href=\"mailto:simona.jarc@ntf.uni-lj.si\">simona.jarc@ntf.uni-lj.si<\/a><\/p>\n<p><strong>dr.\u00a0Bo\u0161tjan Ro\u017ei\u010d<\/strong><br \/>\n<em>deputy head of OG<\/em><br \/>\nTel: +3861\/47 04 603<br \/>\nE-mail: <a href=\"mailto:bostjan.rozic@ntf.uni-lj.si\">bostjan.rozic@ntf.uni-lj.si<\/a>\n<\/div>\n<p>&nbsp;<\/p>\n<h4>SECRETARIAT<\/h4>\n<div class=\"col-sm-10 no-padding no-padding\">\n<strong>\u0160pela Turi\u0107<\/strong><br \/>\nTel: +3861\/47 04 632<br \/>\nE-po\u0161ta: <a href=\"mailto:spela.turic@ntf.uni-lj.si\">spela.turic@ntf.uni-lj.si<\/a>\n<\/div>\n<div style=\"height:25px; width:100%;\"><\/div>\n<div id=\"gtx-trans\"><\/div>\n","protected":false},"excerpt":{"rendered":"UNIVERSITY OF LJUBLJANA Faculty of Natural Sciences and Engineering Department of Geology A\u0161ker\u010deva 12 SI-1000 Ljubljana Tel: +3861\/47 04 500 E-mail: og@ntf.uni-lj.si &nbsp; OTHER INFO: VAT id: SI24405388 Registration No.: 1627074 Activity code: 85.422 Subaccount at UJP: 01100-6030708186 &nbsp; HEAD OF THE DEPARTMENT: &nbsp; SECRETARIAT","protected":false},"author":30,"featured_media":0,"parent":110,"menu_order":2,"comment_status":"closed","ping_status":"closed","template":"","meta":[],"acf":[],"yoast_head":"<!-- This site is optimized with the Yoast SEO plugin v17.0 - https:\/\/yoast.com\/wordpress\/plugins\/seo\/ -->\n<meta name=\"robots\" content=\"index, follow, max-snippet:-1, max-image-preview:large, max-video-preview:-1\" \/>\n<link rel=\"canonical\" href=\"https:\/\/www.ntf.uni-lj.si\/og\/en\/about-deparment\/general-information\/card\/\" \/>\n<meta property=\"og:locale\" content=\"en_US\" \/>\n<meta property=\"og:type\" content=\"article\" \/>\n<meta property=\"og:title\" content=\"Card - OG\" \/>\n<meta property=\"og:description\" content=\"UNIVERSITY OF LJUBLJANA Faculty of Natural Sciences and Engineering Department of Geology A\u0161ker\u010deva 12 SI-1000 Ljubljana Tel: +3861\/47 04 500 E-mail: og@ntf.uni-lj.si &nbsp; OTHER INFO: VAT id: SI24405388 Registration No.: 1627074 Activity code: 85.422 Subaccount at UJP: 01100-6030708186 &nbsp; HEAD OF THE DEPARTMENT: &nbsp; SECRETARIAT\" \/>\n<meta property=\"og:url\" content=\"https:\/\/www.ntf.uni-lj.si\/og\/en\/about-deparment\/general-information\/card\/\" \/>\n<meta property=\"og:site_name\" content=\"OG\" \/>\n<meta property=\"article:modified_time\" content=\"2023-01-19T11:24:02+00:00\" \/>\n<meta name=\"twitter:label1\" content=\"Est. reading time\" \/>\n\t<meta name=\"twitter:data1\" content=\"1 minute\" \/>\n<script type=\"application\/ld+json\" class=\"yoast-schema-graph\">{\"@context\":\"https:\/\/schema.org\",\"@graph\":[{\"@type\":\"WebSite\",\"@id\":\"https:\/\/www.ntf.uni-lj.si\/og\/#website\",\"url\":\"https:\/\/www.ntf.uni-lj.si\/og\/\",\"name\":\"OG\",\"description\":\"Oddelek za geologijo\",\"potentialAction\":[{\"@type\":\"SearchAction\",\"target\":{\"@type\":\"EntryPoint\",\"urlTemplate\":\"https:\/\/www.ntf.uni-lj.si\/og\/?s={search_term_string}\"},\"query-input\":\"required name=search_term_string\"}],\"inLanguage\":\"en-US\"},{\"@type\":\"WebPage\",\"@id\":\"https:\/\/www.ntf.uni-lj.si\/og\/en\/about-deparment\/general-information\/card\/#webpage\",\"url\":\"https:\/\/www.ntf.uni-lj.si\/og\/en\/about-deparment\/general-information\/card\/\",\"name\":\"Card - OG\",\"isPartOf\":{\"@id\":\"https:\/\/www.ntf.uni-lj.si\/og\/#website\"},\"datePublished\":\"2015-07-08T17:38:24+00:00\",\"dateModified\":\"2023-01-19T11:24:02+00:00\",\"breadcrumb\":{\"@id\":\"https:\/\/www.ntf.uni-lj.si\/og\/en\/about-deparment\/general-information\/card\/#breadcrumb\"},\"inLanguage\":\"en-US\",\"potentialAction\":[{\"@type\":\"ReadAction\",\"target\":[\"https:\/\/www.ntf.uni-lj.si\/og\/en\/about-deparment\/general-information\/card\/\"]}]},{\"@type\":\"BreadcrumbList\",\"@id\":\"https:\/\/www.ntf.uni-lj.si\/og\/en\/about-deparment\/general-information\/card\/#breadcrumb\",\"itemListElement\":[{\"@type\":\"ListItem\",\"position\":1,\"name\":\"Home\",\"item\":\"https:\/\/www.ntf.uni-lj.si\/og\/\"},{\"@type\":\"ListItem\",\"position\":2,\"name\":\"About deparment\",\"item\":\"https:\/\/www.ntf.uni-lj.si\/og\/en\/about-deparment\/\"},{\"@type\":\"ListItem\",\"position\":3,\"name\":\"General information\",\"item\":\"https:\/\/www.ntf.uni-lj.si\/og\/en\/about-deparment\/general-information\/\"},{\"@type\":\"ListItem\",\"position\":4,\"name\":\"Card\"}]}]}<\/script>\n<!-- \/ Yoast SEO plugin. -->","yoast_head_json":{"robots":{"index":"index","follow":"follow","max-snippet":"max-snippet:-1","max-image-preview":"max-image-preview:large","max-video-preview":"max-video-preview:-1"},"canonical":"https:\/\/www.ntf.uni-lj.si\/og\/en\/about-deparment\/general-information\/card\/","og_locale":"en_US","og_type":"article","og_title":"Card - OG","og_description":"UNIVERSITY OF LJUBLJANA Faculty of Natural Sciences and Engineering Department of Geology A\u0161ker\u010deva 12 SI-1000 Ljubljana Tel: +3861\/47 04 500 E-mail: og@ntf.uni-lj.si &nbsp; OTHER INFO: VAT id: SI24405388 Registration No.: 1627074 Activity code: 85.422 Subaccount at UJP: 01100-6030708186 &nbsp; HEAD OF THE DEPARTMENT: &nbsp; SECRETARIAT","og_url":"https:\/\/www.ntf.uni-lj.si\/og\/en\/about-deparment\/general-information\/card\/","og_site_name":"OG","article_modified_time":"2023-01-19T11:24:02+00:00","twitter_misc":{"Est. reading time":"1 minute"},"schema":{"@context":"https:\/\/schema.org","@graph":[{"@type":"WebSite","@id":"https:\/\/www.ntf.uni-lj.si\/og\/#website","url":"https:\/\/www.ntf.uni-lj.si\/og\/","name":"OG","description":"Oddelek za geologijo","potentialAction":[{"@type":"SearchAction","target":{"@type":"EntryPoint","urlTemplate":"https:\/\/www.ntf.uni-lj.si\/og\/?s={search_term_string}"},"query-input":"required name=search_term_string"}],"inLanguage":"en-US"},{"@type":"WebPage","@id":"https:\/\/www.ntf.uni-lj.si\/og\/en\/about-deparment\/general-information\/card\/#webpage","url":"https:\/\/www.ntf.uni-lj.si\/og\/en\/about-deparment\/general-information\/card\/","name":"Card - OG","isPartOf":{"@id":"https:\/\/www.ntf.uni-lj.si\/og\/#website"},"datePublished":"2015-07-08T17:38:24+00:00","dateModified":"2023-01-19T11:24:02+00:00","breadcrumb":{"@id":"https:\/\/www.ntf.uni-lj.si\/og\/en\/about-deparment\/general-information\/card\/#breadcrumb"},"inLanguage":"en-US","potentialAction":[{"@type":"ReadAction","target":["https:\/\/www.ntf.uni-lj.si\/og\/en\/about-deparment\/general-information\/card\/"]}]},{"@type":"BreadcrumbList","@id":"https:\/\/www.ntf.uni-lj.si\/og\/en\/about-deparment\/general-information\/card\/#breadcrumb","itemListElement":[{"@type":"ListItem","position":1,"name":"Home","item":"https:\/\/www.ntf.uni-lj.si\/og\/"},{"@type":"ListItem","position":2,"name":"About deparment","item":"https:\/\/www.ntf.uni-lj.si\/og\/en\/about-deparment\/"},{"@type":"ListItem","position":3,"name":"General information","item":"https:\/\/www.ntf.uni-lj.si\/og\/en\/about-deparment\/general-information\/"},{"@type":"ListItem","position":4,"name":"Card"}]}]}},"_links":{"self":[{"href":"https:\/\/www.ntf.uni-lj.si\/og\/wp-json\/wp\/v2\/pages\/2331"}],"collection":[{"href":"https:\/\/www.ntf.uni-lj.si\/og\/wp-json\/wp\/v2\/pages"}],"about":[{"href":"https:\/\/www.ntf.uni-lj.si\/og\/wp-json\/wp\/v2\/types\/page"}],"author":[{"embeddable":true,"href":"https:\/\/www.ntf.uni-lj.si\/og\/wp-json\/wp\/v2\/users\/30"}],"replies":[{"embeddable":true,"href":"https:\/\/www.ntf.uni-lj.si\/og\/wp-json\/wp\/v2\/comments?post=2331"}],"version-history":[{"count":17,"href":"https:\/\/www.ntf.uni-lj.si\/og\/wp-json\/wp\/v2\/pages\/2331\/revisions"}],"predecessor-version":[{"id":7725,"href":"https:\/\/www.ntf.uni-lj.si\/og\/wp-json\/wp\/v2\/pages\/2331\/revisions\/7725"}],"up":[{"embeddable":true,"href":"https:\/\/www.ntf.uni-lj.si\/og\/wp-json\/wp\/v2\/pages\/110"}],"wp:attachment":[{"href":"https:\/\/www.ntf.uni-lj.si\/og\/wp-json\/wp\/v2\/media?parent=2331"}],"curies":[{"name":"wp","href":"https:\/\/api.w.org\/{rel}","templated":true}]}}