{"id":240,"date":"2015-05-04T12:11:37","date_gmt":"2015-05-04T12:11:37","guid":{"rendered":"http:\/\/www.ntf.uni-lj.si\/og\/?page_id=240"},"modified":"2020-06-02T14:18:09","modified_gmt":"2020-06-02T12:18:09","slug":"alumni","status":"publish","type":"page","link":"https:\/\/www.ntf.uni-lj.si\/og\/o-oddelku\/alumni\/","title":{"rendered":"Alumni"},"content":{"rendered":"<p style=\"text-align: center\"><strong>Alumni klub Naravoslovnotehni\u0161ke fakultete Oddelka geologijo Univerze v Ljubljani<\/strong> zdru\u017euje diplomante vseh generacij, ki so kadar koli diplomirali na tej fakulteti. Na brezpla\u010dnih strokovnih, dru\u017eabnih in \u0161portnih dogodkih ter dru\u017eenjih boste sre\u010dali uspe\u0161ne posameznike, pridobili novo znanje in nova poznanstva, preko katerih boste lahko \u0161irili svoje socialne mre\u017ee ter ustvarjali nove prilo\u017enosti za razvoj va\u0161e kariere. Vabimo vas, da ostanete v stiku s fakulteto tudi po \u0161tudiju in se nam pridru\u017eite v Alumni klubu NTF-OG.<\/p>\n<hr \/>\n<h2 style=\"text-align: left\"><\/h2>\n<div style=\"text-align: left\"><em>Spo\u0161tovana kolegica, spo\u0161tovani kolega,<\/em><\/div>\n<div style=\"text-align: left\">\n<p><em>Naravoslovnotehni\u0161ka fakulteta kot del Univerze v Ljubljani \u017eeli okrepiti odnose in sodelovanje s svojimi diplomanti, zato vas vabimo, da si ogledate krovni spletni portal Univerze v Ljubljani Alumni UL. Na portalu smo zastopani kot Naravoslovnotehni\u0161ka fakulteta, Oddelek\u00a0za\u00a0geologijo.<\/em><\/p>\n<\/div>\n<div style=\"text-align: left\">\n<p><em>Na spletnem portalu Alumni UL, ki zdru\u017euje vse klube alumnov Univerze v Ljubljani in njihove \u010dlane, lahko poi\u0161\u010dete nekdanje so\u0161olce, predate svoje znanje naslednjim generacijam, prebrskate po objavljenih prostih delovnih mestih, poi\u0161\u010dete nove poslovne prilo\u017enosti ali preverite katero od ugodnosti, ki jih lahko kot alumen Univerze v Ljubljani koristite pri na\u0161ih partnerskih organizacijah.<\/em><\/p>\n<\/div>\n<div style=\"text-align: left\">\n<p><em>Raz\u0161irite si krog poznanstev in se pridru\u017eite kolegom na novem spletnem\u00a0portalu Alumni UL:<\/em><\/p>\n<\/div>\n<div style=\"text-align: left\">\n<h2 style=\"text-align: center\"><a href=\"https:\/\/alumniul.online\/\">PRIJAVA\u00a0za v\u010dlanitev v Alumni klub NTF-OG Univerze v Ljubljani na spletnem\u00a0portalu Alumni UL<\/a><\/h2>\n<div>\n<p><em>Skupaj bomo \u0161e mo\u010dnej\u0161i.<\/em><\/p>\n<\/div>\n<\/div>\n<div style=\"text-align: left\"><em>Lep pozdrav!<\/em><\/div>\n","protected":false},"excerpt":{"rendered":"Alumni klub Naravoslovnotehni\u0161ke fakultete Oddelka geologijo Univerze v Ljubljani zdru\u017euje diplomante vseh generacij, ki so kadar koli diplomirali na tej fakulteti. Na brezpla\u010dnih strokovnih, dru\u017eabnih in \u0161portnih dogodkih ter dru\u017eenjih boste sre\u010dali uspe\u0161ne posameznike, pridobili novo znanje in nova poznanstva, preko katerih boste lahko \u0161irili svoje socialne mre\u017ee ter ustvarjali nove prilo\u017enosti za razvoj va\u0161e &#8230; <a class=\"view-article\" href=\"https:\/\/www.ntf.uni-lj.si\/og\/o-oddelku\/alumni\/\">Read more<\/a>","protected":false},"author":30,"featured_media":0,"parent":101,"menu_order":70,"comment_status":"closed","ping_status":"closed","template":"","meta":[],"acf":[],"yoast_head":"<!-- This site is optimized with the Yoast SEO plugin v17.0 - https:\/\/yoast.com\/wordpress\/plugins\/seo\/ -->\n<meta name=\"robots\" content=\"index, follow, max-snippet:-1, max-image-preview:large, max-video-preview:-1\" \/>\n<link rel=\"canonical\" href=\"https:\/\/www.ntf.uni-lj.si\/og\/o-oddelku\/alumni\/\" \/>\n<meta property=\"og:locale\" content=\"en_US\" \/>\n<meta property=\"og:type\" content=\"article\" \/>\n<meta property=\"og:title\" content=\"Alumni - OG\" \/>\n<meta property=\"og:description\" content=\"Alumni klub Naravoslovnotehni\u0161ke fakultete Oddelka geologijo Univerze v Ljubljani zdru\u017euje diplomante vseh generacij, ki so kadar koli diplomirali na tej fakulteti. Na brezpla\u010dnih strokovnih, dru\u017eabnih in \u0161portnih dogodkih ter dru\u017eenjih boste sre\u010dali uspe\u0161ne posameznike, pridobili novo znanje in nova poznanstva, preko katerih boste lahko \u0161irili svoje socialne mre\u017ee ter ustvarjali nove prilo\u017enosti za razvoj va\u0161e ... Read more\" \/>\n<meta property=\"og:url\" content=\"https:\/\/www.ntf.uni-lj.si\/og\/o-oddelku\/alumni\/\" \/>\n<meta property=\"og:site_name\" content=\"OG\" \/>\n<meta property=\"article:modified_time\" content=\"2020-06-02T12:18:09+00:00\" \/>\n<meta name=\"twitter:label1\" content=\"Est. reading time\" \/>\n\t<meta name=\"twitter:data1\" content=\"1 minute\" \/>\n<script type=\"application\/ld+json\" class=\"yoast-schema-graph\">{\"@context\":\"https:\/\/schema.org\",\"@graph\":[{\"@type\":\"WebSite\",\"@id\":\"https:\/\/www.ntf.uni-lj.si\/og\/#website\",\"url\":\"https:\/\/www.ntf.uni-lj.si\/og\/\",\"name\":\"OG\",\"description\":\"Oddelek za geologijo\",\"potentialAction\":[{\"@type\":\"SearchAction\",\"target\":{\"@type\":\"EntryPoint\",\"urlTemplate\":\"https:\/\/www.ntf.uni-lj.si\/og\/?s={search_term_string}\"},\"query-input\":\"required name=search_term_string\"}],\"inLanguage\":\"en-US\"},{\"@type\":\"WebPage\",\"@id\":\"https:\/\/www.ntf.uni-lj.si\/og\/o-oddelku\/alumni\/#webpage\",\"url\":\"https:\/\/www.ntf.uni-lj.si\/og\/o-oddelku\/alumni\/\",\"name\":\"Alumni - OG\",\"isPartOf\":{\"@id\":\"https:\/\/www.ntf.uni-lj.si\/og\/#website\"},\"datePublished\":\"2015-05-04T12:11:37+00:00\",\"dateModified\":\"2020-06-02T12:18:09+00:00\",\"breadcrumb\":{\"@id\":\"https:\/\/www.ntf.uni-lj.si\/og\/o-oddelku\/alumni\/#breadcrumb\"},\"inLanguage\":\"en-US\",\"potentialAction\":[{\"@type\":\"ReadAction\",\"target\":[\"https:\/\/www.ntf.uni-lj.si\/og\/o-oddelku\/alumni\/\"]}]},{\"@type\":\"BreadcrumbList\",\"@id\":\"https:\/\/www.ntf.uni-lj.si\/og\/o-oddelku\/alumni\/#breadcrumb\",\"itemListElement\":[{\"@type\":\"ListItem\",\"position\":1,\"name\":\"Home\",\"item\":\"https:\/\/www.ntf.uni-lj.si\/og\/\"},{\"@type\":\"ListItem\",\"position\":2,\"name\":\"O oddelku\",\"item\":\"https:\/\/www.ntf.uni-lj.si\/og\/o-oddelku\/\"},{\"@type\":\"ListItem\",\"position\":3,\"name\":\"Alumni\"}]}]}<\/script>\n<!-- \/ Yoast SEO plugin. -->","yoast_head_json":{"robots":{"index":"index","follow":"follow","max-snippet":"max-snippet:-1","max-image-preview":"max-image-preview:large","max-video-preview":"max-video-preview:-1"},"canonical":"https:\/\/www.ntf.uni-lj.si\/og\/o-oddelku\/alumni\/","og_locale":"en_US","og_type":"article","og_title":"Alumni - OG","og_description":"Alumni klub Naravoslovnotehni\u0161ke fakultete Oddelka geologijo Univerze v Ljubljani zdru\u017euje diplomante vseh generacij, ki so kadar koli diplomirali na tej fakulteti. Na brezpla\u010dnih strokovnih, dru\u017eabnih in \u0161portnih dogodkih ter dru\u017eenjih boste sre\u010dali uspe\u0161ne posameznike, pridobili novo znanje in nova poznanstva, preko katerih boste lahko \u0161irili svoje socialne mre\u017ee ter ustvarjali nove prilo\u017enosti za razvoj va\u0161e ... Read more","og_url":"https:\/\/www.ntf.uni-lj.si\/og\/o-oddelku\/alumni\/","og_site_name":"OG","article_modified_time":"2020-06-02T12:18:09+00:00","twitter_misc":{"Est. reading time":"1 minute"},"schema":{"@context":"https:\/\/schema.org","@graph":[{"@type":"WebSite","@id":"https:\/\/www.ntf.uni-lj.si\/og\/#website","url":"https:\/\/www.ntf.uni-lj.si\/og\/","name":"OG","description":"Oddelek za geologijo","potentialAction":[{"@type":"SearchAction","target":{"@type":"EntryPoint","urlTemplate":"https:\/\/www.ntf.uni-lj.si\/og\/?s={search_term_string}"},"query-input":"required name=search_term_string"}],"inLanguage":"en-US"},{"@type":"WebPage","@id":"https:\/\/www.ntf.uni-lj.si\/og\/o-oddelku\/alumni\/#webpage","url":"https:\/\/www.ntf.uni-lj.si\/og\/o-oddelku\/alumni\/","name":"Alumni - OG","isPartOf":{"@id":"https:\/\/www.ntf.uni-lj.si\/og\/#website"},"datePublished":"2015-05-04T12:11:37+00:00","dateModified":"2020-06-02T12:18:09+00:00","breadcrumb":{"@id":"https:\/\/www.ntf.uni-lj.si\/og\/o-oddelku\/alumni\/#breadcrumb"},"inLanguage":"en-US","potentialAction":[{"@type":"ReadAction","target":["https:\/\/www.ntf.uni-lj.si\/og\/o-oddelku\/alumni\/"]}]},{"@type":"BreadcrumbList","@id":"https:\/\/www.ntf.uni-lj.si\/og\/o-oddelku\/alumni\/#breadcrumb","itemListElement":[{"@type":"ListItem","position":1,"name":"Home","item":"https:\/\/www.ntf.uni-lj.si\/og\/"},{"@type":"ListItem","position":2,"name":"O oddelku","item":"https:\/\/www.ntf.uni-lj.si\/og\/o-oddelku\/"},{"@type":"ListItem","position":3,"name":"Alumni"}]}]}},"_links":{"self":[{"href":"https:\/\/www.ntf.uni-lj.si\/og\/wp-json\/wp\/v2\/pages\/240"}],"collection":[{"href":"https:\/\/www.ntf.uni-lj.si\/og\/wp-json\/wp\/v2\/pages"}],"about":[{"href":"https:\/\/www.ntf.uni-lj.si\/og\/wp-json\/wp\/v2\/types\/page"}],"author":[{"embeddable":true,"href":"https:\/\/www.ntf.uni-lj.si\/og\/wp-json\/wp\/v2\/users\/30"}],"replies":[{"embeddable":true,"href":"https:\/\/www.ntf.uni-lj.si\/og\/wp-json\/wp\/v2\/comments?post=240"}],"version-history":[{"count":7,"href":"https:\/\/www.ntf.uni-lj.si\/og\/wp-json\/wp\/v2\/pages\/240\/revisions"}],"predecessor-version":[{"id":5798,"href":"https:\/\/www.ntf.uni-lj.si\/og\/wp-json\/wp\/v2\/pages\/240\/revisions\/5798"}],"up":[{"embeddable":true,"href":"https:\/\/www.ntf.uni-lj.si\/og\/wp-json\/wp\/v2\/pages\/101"}],"wp:attachment":[{"href":"https:\/\/www.ntf.uni-lj.si\/og\/wp-json\/wp\/v2\/media?parent=240"}],"curies":[{"name":"wp","href":"https:\/\/api.w.org\/{rel}","templated":true}]}}