{"id":2943,"date":"2016-01-28T08:21:34","date_gmt":"2016-01-28T07:21:34","guid":{"rendered":"http:\/\/www.ntf.uni-lj.si\/og\/?page_id=2943"},"modified":"2016-01-28T08:38:00","modified_gmt":"2016-01-28T07:38:00","slug":"pogoji-za-vpis","status":"publish","type":"page","link":"https:\/\/www.ntf.uni-lj.si\/og\/studij\/geologija-mag\/pogoji-za-vpis\/","title":{"rendered":"Pogoji za vpis"},"content":{"rendered":"<p>V program Geologija se lahko v skladu z 38a., 38b. in 41. \u010dlenom Zakona o visokem \u0161olstvu ter 115. \u010dlenom Statuta UL vpi\u0161e, kdor je kon\u010dal:<\/p>\n<ol>\n<li>univerzitetni ali visoki strokovni \u0161tudijski program prve stopnje Geologija ali primerljiv \u0161tudijski program prve stopnje s podro\u010dja geologije, ki se izvaja na visoko\u0161olskih zavodih v Sloveniji ali tujini.<\/li>\n<li>univerzitetni ali visoko\u0161olski strokovni \u0161tudijski program prve stopnje z drugih podro\u010dij, ki se izvajajo na visoko\u0161olskih zavodih v Sloveniji ali tujini, \u010de kandidat pred vpisom opravi tiste \u0161tudijske obveznosti iz nabora predmetov univerzitetnega \u0161tudijskega programa prve stopnje Geologija, ki so bistvene za nadaljevanje \u0161tudija, v obsegu od 10 do 60 ECTS. Obveznosti se dolo\u010dijo glede na kandidatovo podro\u010dje prvostopenjskega \u0161tudija in jih za vsakega posameznika posebej dolo\u010di \u0161tudijska komisija Oddelka za geologijo.<\/li>\n<\/ol>\n<p>&nbsp;<\/p>\n<p>&nbsp;<\/p>\n","protected":false},"excerpt":{"rendered":"V program Geologija se lahko v skladu z 38a., 38b. in 41. \u010dlenom Zakona o visokem \u0161olstvu ter 115. \u010dlenom Statuta UL vpi\u0161e, kdor je kon\u010dal: univerzitetni ali visoki strokovni \u0161tudijski program prve stopnje Geologija ali primerljiv \u0161tudijski program prve stopnje s podro\u010dja geologije, ki se izvaja na visoko\u0161olskih zavodih v Sloveniji ali tujini. univerzitetni &#8230; <a class=\"view-article\" href=\"https:\/\/www.ntf.uni-lj.si\/og\/studij\/geologija-mag\/pogoji-za-vpis\/\">Read more<\/a>","protected":false},"author":37,"featured_media":0,"parent":531,"menu_order":0,"comment_status":"closed","ping_status":"closed","template":"","meta":[],"acf":[],"yoast_head":"<!-- This site is optimized with the Yoast SEO plugin v17.0 - https:\/\/yoast.com\/wordpress\/plugins\/seo\/ -->\n<meta name=\"robots\" content=\"index, follow, max-snippet:-1, max-image-preview:large, max-video-preview:-1\" \/>\n<link rel=\"canonical\" href=\"https:\/\/www.ntf.uni-lj.si\/og\/studij\/geologija-mag\/pogoji-za-vpis\/\" \/>\n<meta property=\"og:locale\" content=\"en_US\" \/>\n<meta property=\"og:type\" content=\"article\" \/>\n<meta property=\"og:title\" content=\"Pogoji za vpis - OG\" \/>\n<meta property=\"og:description\" content=\"V program Geologija se lahko v skladu z 38a., 38b. in 41. \u010dlenom Zakona o visokem \u0161olstvu ter 115. \u010dlenom Statuta UL vpi\u0161e, kdor je kon\u010dal: univerzitetni ali visoki strokovni \u0161tudijski program prve stopnje Geologija ali primerljiv \u0161tudijski program prve stopnje s podro\u010dja geologije, ki se izvaja na visoko\u0161olskih zavodih v Sloveniji ali tujini. univerzitetni ... Read more\" \/>\n<meta property=\"og:url\" content=\"https:\/\/www.ntf.uni-lj.si\/og\/studij\/geologija-mag\/pogoji-za-vpis\/\" \/>\n<meta property=\"og:site_name\" content=\"OG\" \/>\n<meta property=\"article:modified_time\" content=\"2016-01-28T07:38:00+00:00\" \/>\n<meta name=\"twitter:label1\" content=\"Est. reading time\" \/>\n\t<meta name=\"twitter:data1\" content=\"1 minute\" \/>\n<script type=\"application\/ld+json\" class=\"yoast-schema-graph\">{\"@context\":\"https:\/\/schema.org\",\"@graph\":[{\"@type\":\"WebSite\",\"@id\":\"https:\/\/www.ntf.uni-lj.si\/og\/#website\",\"url\":\"https:\/\/www.ntf.uni-lj.si\/og\/\",\"name\":\"OG\",\"description\":\"Oddelek za geologijo\",\"potentialAction\":[{\"@type\":\"SearchAction\",\"target\":{\"@type\":\"EntryPoint\",\"urlTemplate\":\"https:\/\/www.ntf.uni-lj.si\/og\/?s={search_term_string}\"},\"query-input\":\"required name=search_term_string\"}],\"inLanguage\":\"en-US\"},{\"@type\":\"WebPage\",\"@id\":\"https:\/\/www.ntf.uni-lj.si\/og\/studij\/geologija-mag\/pogoji-za-vpis\/#webpage\",\"url\":\"https:\/\/www.ntf.uni-lj.si\/og\/studij\/geologija-mag\/pogoji-za-vpis\/\",\"name\":\"Pogoji za vpis - OG\",\"isPartOf\":{\"@id\":\"https:\/\/www.ntf.uni-lj.si\/og\/#website\"},\"datePublished\":\"2016-01-28T07:21:34+00:00\",\"dateModified\":\"2016-01-28T07:38:00+00:00\",\"breadcrumb\":{\"@id\":\"https:\/\/www.ntf.uni-lj.si\/og\/studij\/geologija-mag\/pogoji-za-vpis\/#breadcrumb\"},\"inLanguage\":\"en-US\",\"potentialAction\":[{\"@type\":\"ReadAction\",\"target\":[\"https:\/\/www.ntf.uni-lj.si\/og\/studij\/geologija-mag\/pogoji-za-vpis\/\"]}]},{\"@type\":\"BreadcrumbList\",\"@id\":\"https:\/\/www.ntf.uni-lj.si\/og\/studij\/geologija-mag\/pogoji-za-vpis\/#breadcrumb\",\"itemListElement\":[{\"@type\":\"ListItem\",\"position\":1,\"name\":\"Home\",\"item\":\"https:\/\/www.ntf.uni-lj.si\/og\/\"},{\"@type\":\"ListItem\",\"position\":2,\"name\":\"\\u0160tudij\",\"item\":\"https:\/\/www.ntf.uni-lj.si\/og\/studij\/\"},{\"@type\":\"ListItem\",\"position\":3,\"name\":\"Geologija 2. stopnja (MAG)\",\"item\":\"https:\/\/www.ntf.uni-lj.si\/og\/studij\/geologija-mag\/\"},{\"@type\":\"ListItem\",\"position\":4,\"name\":\"Pogoji za vpis\"}]}]}<\/script>\n<!-- \/ Yoast SEO plugin. -->","yoast_head_json":{"robots":{"index":"index","follow":"follow","max-snippet":"max-snippet:-1","max-image-preview":"max-image-preview:large","max-video-preview":"max-video-preview:-1"},"canonical":"https:\/\/www.ntf.uni-lj.si\/og\/studij\/geologija-mag\/pogoji-za-vpis\/","og_locale":"en_US","og_type":"article","og_title":"Pogoji za vpis - OG","og_description":"V program Geologija se lahko v skladu z 38a., 38b. in 41. \u010dlenom Zakona o visokem \u0161olstvu ter 115. \u010dlenom Statuta UL vpi\u0161e, kdor je kon\u010dal: univerzitetni ali visoki strokovni \u0161tudijski program prve stopnje Geologija ali primerljiv \u0161tudijski program prve stopnje s podro\u010dja geologije, ki se izvaja na visoko\u0161olskih zavodih v Sloveniji ali tujini. univerzitetni ... Read more","og_url":"https:\/\/www.ntf.uni-lj.si\/og\/studij\/geologija-mag\/pogoji-za-vpis\/","og_site_name":"OG","article_modified_time":"2016-01-28T07:38:00+00:00","twitter_misc":{"Est. reading time":"1 minute"},"schema":{"@context":"https:\/\/schema.org","@graph":[{"@type":"WebSite","@id":"https:\/\/www.ntf.uni-lj.si\/og\/#website","url":"https:\/\/www.ntf.uni-lj.si\/og\/","name":"OG","description":"Oddelek za geologijo","potentialAction":[{"@type":"SearchAction","target":{"@type":"EntryPoint","urlTemplate":"https:\/\/www.ntf.uni-lj.si\/og\/?s={search_term_string}"},"query-input":"required name=search_term_string"}],"inLanguage":"en-US"},{"@type":"WebPage","@id":"https:\/\/www.ntf.uni-lj.si\/og\/studij\/geologija-mag\/pogoji-za-vpis\/#webpage","url":"https:\/\/www.ntf.uni-lj.si\/og\/studij\/geologija-mag\/pogoji-za-vpis\/","name":"Pogoji za vpis - OG","isPartOf":{"@id":"https:\/\/www.ntf.uni-lj.si\/og\/#website"},"datePublished":"2016-01-28T07:21:34+00:00","dateModified":"2016-01-28T07:38:00+00:00","breadcrumb":{"@id":"https:\/\/www.ntf.uni-lj.si\/og\/studij\/geologija-mag\/pogoji-za-vpis\/#breadcrumb"},"inLanguage":"en-US","potentialAction":[{"@type":"ReadAction","target":["https:\/\/www.ntf.uni-lj.si\/og\/studij\/geologija-mag\/pogoji-za-vpis\/"]}]},{"@type":"BreadcrumbList","@id":"https:\/\/www.ntf.uni-lj.si\/og\/studij\/geologija-mag\/pogoji-za-vpis\/#breadcrumb","itemListElement":[{"@type":"ListItem","position":1,"name":"Home","item":"https:\/\/www.ntf.uni-lj.si\/og\/"},{"@type":"ListItem","position":2,"name":"\u0160tudij","item":"https:\/\/www.ntf.uni-lj.si\/og\/studij\/"},{"@type":"ListItem","position":3,"name":"Geologija 2. stopnja (MAG)","item":"https:\/\/www.ntf.uni-lj.si\/og\/studij\/geologija-mag\/"},{"@type":"ListItem","position":4,"name":"Pogoji za vpis"}]}]}},"_links":{"self":[{"href":"https:\/\/www.ntf.uni-lj.si\/og\/wp-json\/wp\/v2\/pages\/2943"}],"collection":[{"href":"https:\/\/www.ntf.uni-lj.si\/og\/wp-json\/wp\/v2\/pages"}],"about":[{"href":"https:\/\/www.ntf.uni-lj.si\/og\/wp-json\/wp\/v2\/types\/page"}],"author":[{"embeddable":true,"href":"https:\/\/www.ntf.uni-lj.si\/og\/wp-json\/wp\/v2\/users\/37"}],"replies":[{"embeddable":true,"href":"https:\/\/www.ntf.uni-lj.si\/og\/wp-json\/wp\/v2\/comments?post=2943"}],"version-history":[{"count":2,"href":"https:\/\/www.ntf.uni-lj.si\/og\/wp-json\/wp\/v2\/pages\/2943\/revisions"}],"predecessor-version":[{"id":2947,"href":"https:\/\/www.ntf.uni-lj.si\/og\/wp-json\/wp\/v2\/pages\/2943\/revisions\/2947"}],"up":[{"embeddable":true,"href":"https:\/\/www.ntf.uni-lj.si\/og\/wp-json\/wp\/v2\/pages\/531"}],"wp:attachment":[{"href":"https:\/\/www.ntf.uni-lj.si\/og\/wp-json\/wp\/v2\/media?parent=2943"}],"curies":[{"name":"wp","href":"https:\/\/api.w.org\/{rel}","templated":true}]}}