{"id":2951,"date":"2016-02-01T12:56:45","date_gmt":"2016-02-01T11:56:45","guid":{"rendered":"http:\/\/www.ntf.uni-lj.si\/og\/?page_id=2951"},"modified":"2026-04-09T12:08:58","modified_gmt":"2026-04-09T10:08:58","slug":"splosne-informacije","status":"publish","type":"page","link":"https:\/\/www.ntf.uni-lj.si\/og\/studij\/geologija-mag\/splosne-informacije\/","title":{"rendered":"Splo\u0161ne informacije"},"content":{"rendered":"<h3>Podatki o \u0161tudijskem programu<\/h3>\n<p>Univerzitetni \u0161tudijski program druge stopnje geologija (magistrski \u0161tudij) traja 2 leti (4 semestre) in obsega skupno 120 ECTS. Program se deli na tri module: Aplikativna geologija, Geookolje in geomateriali ter Regionalna geologija in paleontologija.<br \/>\nVpis za vse module \u0161tudija je enoten (\u0161tudenti se prijavijo preko eV\u0160 na magistrski \u0161tudij 2. stopnje geologija in \u0161ele ob vpisu izberejo \u017eeleni modul).<\/p>\n<h3>Temeljni cilji programa<\/h3>\n<p>Diplomant drugostopenjskega \u0161tudija geologije nadgradi temeljna znanja iz vseh podro\u010dij geologije. Glede na osebni interes se \u0161ir\u0161e specializira z izbiro modula \u0161tudija, v okviru izbirnih vsebin znotraj modula pa dodatno poglobi specifi\u010dna znanja izbranih o\u017ejih podro\u010dij geolo\u0161ke stroke ali interdisciplinarnih pristopov.Temeljni cilj \u0161tudijskega programa Geologija je usposobiti strokovnjaka, ki bo sposoben re\u0161evati probleme s podro\u010dja osnovnih raziskav ve\u010dine geolo\u0161kih ved, kot tudi delo na podro\u010dju aplikacij in re\u0161evanje interdisciplinarnih problemov. Diplomant druge stopnje bo sposoben samostojno re\u0161evati zahtevne in visoko specializirane probleme in naloge na izbranih podro\u010djih geologije.<\/p>\n<h3>Strokovni naslov<\/h3>\n<p>magister in\u017eenir geologije oz. magistrica in\u017eenirka geologije, okraj\u0161ava: mag. in\u017e. geol.<\/p>\n","protected":false},"excerpt":{"rendered":"Podatki o \u0161tudijskem programu Univerzitetni \u0161tudijski program druge stopnje geologija (magistrski \u0161tudij) traja 2 leti (4 semestre) in obsega skupno 120 ECTS. Program se deli na tri module: Aplikativna geologija, Geookolje in geomateriali ter Regionalna geologija in paleontologija. Vpis za vse module \u0161tudija je enoten (\u0161tudenti se prijavijo preko eV\u0160 na magistrski \u0161tudij 2. stopnje &#8230; <a class=\"view-article\" href=\"https:\/\/www.ntf.uni-lj.si\/og\/studij\/geologija-mag\/splosne-informacije\/\">Read more<\/a>","protected":false},"author":37,"featured_media":0,"parent":531,"menu_order":0,"comment_status":"closed","ping_status":"closed","template":"","meta":[],"acf":[],"yoast_head":"<!-- This site is optimized with the Yoast SEO plugin v17.0 - https:\/\/yoast.com\/wordpress\/plugins\/seo\/ -->\n<meta name=\"robots\" content=\"index, follow, max-snippet:-1, max-image-preview:large, max-video-preview:-1\" \/>\n<link rel=\"canonical\" href=\"https:\/\/www.ntf.uni-lj.si\/og\/studij\/geologija-mag\/splosne-informacije\/\" \/>\n<meta property=\"og:locale\" content=\"en_US\" \/>\n<meta property=\"og:type\" content=\"article\" \/>\n<meta property=\"og:title\" content=\"Splo\u0161ne informacije - OG\" \/>\n<meta property=\"og:description\" content=\"Podatki o \u0161tudijskem programu Univerzitetni \u0161tudijski program druge stopnje geologija (magistrski \u0161tudij) traja 2 leti (4 semestre) in obsega skupno 120 ECTS. Program se deli na tri module: Aplikativna geologija, Geookolje in geomateriali ter Regionalna geologija in paleontologija. Vpis za vse module \u0161tudija je enoten (\u0161tudenti se prijavijo preko eV\u0160 na magistrski \u0161tudij 2. stopnje ... Read more\" \/>\n<meta property=\"og:url\" content=\"https:\/\/www.ntf.uni-lj.si\/og\/studij\/geologija-mag\/splosne-informacije\/\" \/>\n<meta property=\"og:site_name\" content=\"OG\" \/>\n<meta property=\"article:modified_time\" content=\"2026-04-09T10:08:58+00:00\" \/>\n<meta name=\"twitter:label1\" content=\"Est. reading time\" \/>\n\t<meta name=\"twitter:data1\" content=\"1 minute\" \/>\n<script type=\"application\/ld+json\" class=\"yoast-schema-graph\">{\"@context\":\"https:\/\/schema.org\",\"@graph\":[{\"@type\":\"WebSite\",\"@id\":\"https:\/\/www.ntf.uni-lj.si\/og\/#website\",\"url\":\"https:\/\/www.ntf.uni-lj.si\/og\/\",\"name\":\"OG\",\"description\":\"Oddelek za geologijo\",\"potentialAction\":[{\"@type\":\"SearchAction\",\"target\":{\"@type\":\"EntryPoint\",\"urlTemplate\":\"https:\/\/www.ntf.uni-lj.si\/og\/?s={search_term_string}\"},\"query-input\":\"required name=search_term_string\"}],\"inLanguage\":\"en-US\"},{\"@type\":\"WebPage\",\"@id\":\"https:\/\/www.ntf.uni-lj.si\/og\/studij\/geologija-mag\/splosne-informacije\/#webpage\",\"url\":\"https:\/\/www.ntf.uni-lj.si\/og\/studij\/geologija-mag\/splosne-informacije\/\",\"name\":\"Splo\\u0161ne informacije - OG\",\"isPartOf\":{\"@id\":\"https:\/\/www.ntf.uni-lj.si\/og\/#website\"},\"datePublished\":\"2016-02-01T11:56:45+00:00\",\"dateModified\":\"2026-04-09T10:08:58+00:00\",\"breadcrumb\":{\"@id\":\"https:\/\/www.ntf.uni-lj.si\/og\/studij\/geologija-mag\/splosne-informacije\/#breadcrumb\"},\"inLanguage\":\"en-US\",\"potentialAction\":[{\"@type\":\"ReadAction\",\"target\":[\"https:\/\/www.ntf.uni-lj.si\/og\/studij\/geologija-mag\/splosne-informacije\/\"]}]},{\"@type\":\"BreadcrumbList\",\"@id\":\"https:\/\/www.ntf.uni-lj.si\/og\/studij\/geologija-mag\/splosne-informacije\/#breadcrumb\",\"itemListElement\":[{\"@type\":\"ListItem\",\"position\":1,\"name\":\"Home\",\"item\":\"https:\/\/www.ntf.uni-lj.si\/og\/\"},{\"@type\":\"ListItem\",\"position\":2,\"name\":\"\\u0160tudij\",\"item\":\"https:\/\/www.ntf.uni-lj.si\/og\/studij\/\"},{\"@type\":\"ListItem\",\"position\":3,\"name\":\"Geologija 2. stopnja (MAG)\",\"item\":\"https:\/\/www.ntf.uni-lj.si\/og\/studij\/geologija-mag\/\"},{\"@type\":\"ListItem\",\"position\":4,\"name\":\"Splo\\u0161ne informacije\"}]}]}<\/script>\n<!-- \/ Yoast SEO plugin. -->","yoast_head_json":{"robots":{"index":"index","follow":"follow","max-snippet":"max-snippet:-1","max-image-preview":"max-image-preview:large","max-video-preview":"max-video-preview:-1"},"canonical":"https:\/\/www.ntf.uni-lj.si\/og\/studij\/geologija-mag\/splosne-informacije\/","og_locale":"en_US","og_type":"article","og_title":"Splo\u0161ne informacije - OG","og_description":"Podatki o \u0161tudijskem programu Univerzitetni \u0161tudijski program druge stopnje geologija (magistrski \u0161tudij) traja 2 leti (4 semestre) in obsega skupno 120 ECTS. Program se deli na tri module: Aplikativna geologija, Geookolje in geomateriali ter Regionalna geologija in paleontologija. Vpis za vse module \u0161tudija je enoten (\u0161tudenti se prijavijo preko eV\u0160 na magistrski \u0161tudij 2. stopnje ... Read more","og_url":"https:\/\/www.ntf.uni-lj.si\/og\/studij\/geologija-mag\/splosne-informacije\/","og_site_name":"OG","article_modified_time":"2026-04-09T10:08:58+00:00","twitter_misc":{"Est. reading time":"1 minute"},"schema":{"@context":"https:\/\/schema.org","@graph":[{"@type":"WebSite","@id":"https:\/\/www.ntf.uni-lj.si\/og\/#website","url":"https:\/\/www.ntf.uni-lj.si\/og\/","name":"OG","description":"Oddelek za geologijo","potentialAction":[{"@type":"SearchAction","target":{"@type":"EntryPoint","urlTemplate":"https:\/\/www.ntf.uni-lj.si\/og\/?s={search_term_string}"},"query-input":"required name=search_term_string"}],"inLanguage":"en-US"},{"@type":"WebPage","@id":"https:\/\/www.ntf.uni-lj.si\/og\/studij\/geologija-mag\/splosne-informacije\/#webpage","url":"https:\/\/www.ntf.uni-lj.si\/og\/studij\/geologija-mag\/splosne-informacije\/","name":"Splo\u0161ne informacije - OG","isPartOf":{"@id":"https:\/\/www.ntf.uni-lj.si\/og\/#website"},"datePublished":"2016-02-01T11:56:45+00:00","dateModified":"2026-04-09T10:08:58+00:00","breadcrumb":{"@id":"https:\/\/www.ntf.uni-lj.si\/og\/studij\/geologija-mag\/splosne-informacije\/#breadcrumb"},"inLanguage":"en-US","potentialAction":[{"@type":"ReadAction","target":["https:\/\/www.ntf.uni-lj.si\/og\/studij\/geologija-mag\/splosne-informacije\/"]}]},{"@type":"BreadcrumbList","@id":"https:\/\/www.ntf.uni-lj.si\/og\/studij\/geologija-mag\/splosne-informacije\/#breadcrumb","itemListElement":[{"@type":"ListItem","position":1,"name":"Home","item":"https:\/\/www.ntf.uni-lj.si\/og\/"},{"@type":"ListItem","position":2,"name":"\u0160tudij","item":"https:\/\/www.ntf.uni-lj.si\/og\/studij\/"},{"@type":"ListItem","position":3,"name":"Geologija 2. stopnja (MAG)","item":"https:\/\/www.ntf.uni-lj.si\/og\/studij\/geologija-mag\/"},{"@type":"ListItem","position":4,"name":"Splo\u0161ne informacije"}]}]}},"_links":{"self":[{"href":"https:\/\/www.ntf.uni-lj.si\/og\/wp-json\/wp\/v2\/pages\/2951"}],"collection":[{"href":"https:\/\/www.ntf.uni-lj.si\/og\/wp-json\/wp\/v2\/pages"}],"about":[{"href":"https:\/\/www.ntf.uni-lj.si\/og\/wp-json\/wp\/v2\/types\/page"}],"author":[{"embeddable":true,"href":"https:\/\/www.ntf.uni-lj.si\/og\/wp-json\/wp\/v2\/users\/37"}],"replies":[{"embeddable":true,"href":"https:\/\/www.ntf.uni-lj.si\/og\/wp-json\/wp\/v2\/comments?post=2951"}],"version-history":[{"count":15,"href":"https:\/\/www.ntf.uni-lj.si\/og\/wp-json\/wp\/v2\/pages\/2951\/revisions"}],"predecessor-version":[{"id":9109,"href":"https:\/\/www.ntf.uni-lj.si\/og\/wp-json\/wp\/v2\/pages\/2951\/revisions\/9109"}],"up":[{"embeddable":true,"href":"https:\/\/www.ntf.uni-lj.si\/og\/wp-json\/wp\/v2\/pages\/531"}],"wp:attachment":[{"href":"https:\/\/www.ntf.uni-lj.si\/og\/wp-json\/wp\/v2\/media?parent=2951"}],"curies":[{"name":"wp","href":"https:\/\/api.w.org\/{rel}","templated":true}]}}