{"id":337,"date":"2015-05-06T12:33:40","date_gmt":"2015-05-06T12:33:40","guid":{"rendered":"http:\/\/www.ntf.uni-lj.si\/og\/?page_id=337"},"modified":"2022-07-11T08:55:16","modified_gmt":"2022-07-11T06:55:16","slug":"izmenjave","status":"publish","type":"page","link":"https:\/\/www.ntf.uni-lj.si\/og\/studij\/izmenjave\/","title":{"rendered":"Izmenjave"},"content":{"rendered":"<h2>Izmenjava \u0161tudentov Erasmus<\/h2>\n<p>Erasmus+ je najbolj raz\u0161irjena in najla\u017eja mo\u017enost sodelovanja s tujimi univerzami in raziskovalnimi institucijami. Vsako leto omogo\u010da \u0161tudentom, pedago\u0161kim in strokovnim delavcem nabiranje izku\u0161enj ter znanstvenoraziskovalno in pedago\u0161ko delovanje v razli\u010dnih evropskih dr\u017eavah.<\/p>\n<p>Program Erasmus+ je namenjen:<\/p>\n<ul>\n<li>\u0161tudentom,<\/li>\n<li>pedago\u0161kemu kadru na fakulteti,<\/li>\n<li>strokovnim delavcem fakultet.<\/li>\n<\/ul>\n<p>Zakaj izkoristiti mo\u017enost pridobivanja izku\u0161enj v tujini?<\/p>\n<ul>\n<li>Pozitiven vpliv na osebni in strokovni razvoj,<\/li>\n<li>spoznavanje tuje kulture in metod dela,<\/li>\n<li>navezovanje stikov v mednarodnem okolju,<\/li>\n<li>nadgradnja jezikovnih in komunikacijskih sposobnosti.<\/li>\n<\/ul>\n<p>\u0160iroko podro\u010dje razli\u010dnih dejavnosti:<\/p>\n<ul>\n<li>za namen \u0161tudija,<\/li>\n<li>za namen prakti\u010dnega usposabljanja,<\/li>\n<li>pou\u010devanja,<\/li>\n<li>usposabljanja,<\/li>\n<li>raziskovanja,<\/li>\n<li>izmenjave \u0161tudijskih praks.<\/li>\n<\/ul>\n<p>\u0160tipendije za \u0161tudij v tujini \u2013 slovenske:<\/p>\n<ul>\n<li>Slovenska znanstvena fundacija,<\/li>\n<li>Sklad RS za razvoj kadrov in \u0161tipendije,<\/li>\n<li>Sklad dr. Otta Likarja,<\/li>\n<li>dr\u017eavne, kadrovske in Zoisove \u0161tipendije.<\/li>\n<\/ul>\n<p>\u0160tipendije, ki jih podeljujejo druge dr\u017eave:<\/p>\n<ul>\n<li>stalne \u0161tipendije (npr. DAAD \u2013 Nem\u010dija),<\/li>\n<li>\u0161tipendije, omejene na eno \u0161tudijsko leto.<\/li>\n<\/ul>\n<p>Na voljo je tudi bro\u0161urica:<a href=\"http:\/\/www2.cmepius.si\/files\/cmepius\/userfiles\/publikacije\/2013\/Student%20na%20poti.pdf\" target=\"_blank\" rel=\"noopener noreferrer\"> \u0160tudenti na poti \u2013 Izku\u0161nje\/portreti slovenskih ERASMUS \u0161tudentov.<\/a><\/p>\n<p>Ve\u010d informacij: Slu\u017eba za mednarodno sodelovanje UL: <a href=\"http:\/\/www.uni-lj.si\/mednarodno_sodelovanje_in_izmenjave\/\" target=\"_blank\" rel=\"noopener noreferrer\">http:\/\/www.uni-lj.si\/mednarodno_sodelovanje_in_izmenjave\/<\/a><br \/>\nCMEPIUS: <a href=\"http:\/\/www.erasmusplus.si\/\" target=\"_blank\" rel=\"noopener noreferrer\">http:\/\/www.erasmusplus.si\/<\/a><\/p>\n<p>Aktualne informacije vezane na Erasmus+ \u0161tudijske izmenjave in Erasmus+ prakso najdete na strani \u0161tudentskega referata (povezava:<a href=\"http:\/\/www.ntf.uni-lj.si\/ntf\/studij\/referat\/referat-mont\/izmenjave-zunanja-izbirnost\/navodila\/\"> http:\/\/www.ntf.uni-lj.si\/ntf\/studij\/referat\/referat-mont\/izmenjave-zunanja-izbirnost\/navodila\/<\/a>)<\/p>\n<p>&nbsp;<\/p>\n<p>Koordinatorka programa Erasmus+ na Naravoslovnotehni\u0161ki fakulteti:<br \/>\n<strong>Majda \u0160trakl<\/strong><br \/>\nE-po\u0161ta: <a href=\"mailto:majda.strakl@ntf.uni-lj.si\">majda.strakl@ntf.uni-lj.si<\/a><br \/>\nTel.: 01\/47 04 647<br \/>\nFaks: 01\/47 04 560<\/p>\n<p>&nbsp;<\/p>\n<h2>Izmenjava \u0161tudentov CEEPUS<\/h2>\n<p>Izobra\u017eevanje in usposabljanje v terciarnem izobra\u017eevanju v srednji in vzhodni Evropi <a href=\"https:\/\/www.ceepus.info\/content\/home\" target=\"_blank\" rel=\"noopener\">CEEPUS<\/a> (Central European Exchange Program for University Studies), je regionalni program, ki je pri\u010del delovati marca 1995. Cilj programa je vzpostaviti in spodbujati mobilnosti \u0161tudentov in profesorjev med sodelujo\u010dimi dr\u017eavami ter izkoristiti akademske povezave in mo\u017enosti za oblikovanje skupnih \u0161tudijskih programov.<\/p>\n<p>V programu CEEPUS sodelujejo visoko\u0161olske institucije iz naslednjih dr\u017eav: Albanija, Avstrija, Bolgarija, Bosna in Hercegovina, \u010ce\u0161ka, \u010crna gora, Hrva\u0161ka, Kosovo, Mad\u017earska, Severna Makedonija, Moldavija, Poljska, Romunija, Slova\u0161ka, Slovenija in Srbija.<\/p>\n<p>Spletna stran za CEEPUS skupino Earth-Science Studies in Central and South-Eastern Europe (EURO Geo-Sci): <a href=\"https:\/\/ceepus.rgf.bg.ac.rs\/\" target=\"_blank\" rel=\"noopener\">https:\/\/ceepus.rgf.bg.ac.rs\/<\/a><\/p>\n","protected":false},"excerpt":{"rendered":"Izmenjava \u0161tudentov Erasmus Erasmus+ je najbolj raz\u0161irjena in najla\u017eja mo\u017enost sodelovanja s tujimi univerzami in raziskovalnimi institucijami. Vsako leto omogo\u010da \u0161tudentom, pedago\u0161kim in strokovnim delavcem nabiranje izku\u0161enj ter znanstvenoraziskovalno in pedago\u0161ko delovanje v razli\u010dnih evropskih dr\u017eavah. Program Erasmus+ je namenjen: \u0161tudentom, pedago\u0161kemu kadru na fakulteti, strokovnim delavcem fakultet. Zakaj izkoristiti mo\u017enost pridobivanja izku\u0161enj v tujini? &#8230; <a class=\"view-article\" href=\"https:\/\/www.ntf.uni-lj.si\/og\/studij\/izmenjave\/\">Read more<\/a>","protected":false},"author":30,"featured_media":0,"parent":296,"menu_order":40,"comment_status":"closed","ping_status":"closed","template":"","meta":[],"acf":[],"yoast_head":"<!-- This site is optimized with the Yoast SEO plugin v17.0 - https:\/\/yoast.com\/wordpress\/plugins\/seo\/ -->\n<meta name=\"robots\" content=\"index, follow, max-snippet:-1, max-image-preview:large, max-video-preview:-1\" \/>\n<link rel=\"canonical\" href=\"https:\/\/www.ntf.uni-lj.si\/og\/studij\/izmenjave\/\" \/>\n<meta property=\"og:locale\" content=\"en_US\" \/>\n<meta property=\"og:type\" content=\"article\" \/>\n<meta property=\"og:title\" content=\"Izmenjave - OG\" \/>\n<meta property=\"og:description\" content=\"Izmenjava \u0161tudentov Erasmus Erasmus+ je najbolj raz\u0161irjena in najla\u017eja mo\u017enost sodelovanja s tujimi univerzami in raziskovalnimi institucijami. Vsako leto omogo\u010da \u0161tudentom, pedago\u0161kim in strokovnim delavcem nabiranje izku\u0161enj ter znanstvenoraziskovalno in pedago\u0161ko delovanje v razli\u010dnih evropskih dr\u017eavah. Program Erasmus+ je namenjen: \u0161tudentom, pedago\u0161kemu kadru na fakulteti, strokovnim delavcem fakultet. Zakaj izkoristiti mo\u017enost pridobivanja izku\u0161enj v tujini? ... Read more\" \/>\n<meta property=\"og:url\" content=\"https:\/\/www.ntf.uni-lj.si\/og\/studij\/izmenjave\/\" \/>\n<meta property=\"og:site_name\" content=\"OG\" \/>\n<meta property=\"article:modified_time\" content=\"2022-07-11T06:55:16+00:00\" \/>\n<meta name=\"twitter:label1\" content=\"Est. reading time\" \/>\n\t<meta name=\"twitter:data1\" content=\"2 minutes\" \/>\n<script type=\"application\/ld+json\" class=\"yoast-schema-graph\">{\"@context\":\"https:\/\/schema.org\",\"@graph\":[{\"@type\":\"WebSite\",\"@id\":\"https:\/\/www.ntf.uni-lj.si\/og\/#website\",\"url\":\"https:\/\/www.ntf.uni-lj.si\/og\/\",\"name\":\"OG\",\"description\":\"Oddelek za geologijo\",\"potentialAction\":[{\"@type\":\"SearchAction\",\"target\":{\"@type\":\"EntryPoint\",\"urlTemplate\":\"https:\/\/www.ntf.uni-lj.si\/og\/?s={search_term_string}\"},\"query-input\":\"required name=search_term_string\"}],\"inLanguage\":\"en-US\"},{\"@type\":\"WebPage\",\"@id\":\"https:\/\/www.ntf.uni-lj.si\/og\/studij\/izmenjave\/#webpage\",\"url\":\"https:\/\/www.ntf.uni-lj.si\/og\/studij\/izmenjave\/\",\"name\":\"Izmenjave - OG\",\"isPartOf\":{\"@id\":\"https:\/\/www.ntf.uni-lj.si\/og\/#website\"},\"datePublished\":\"2015-05-06T12:33:40+00:00\",\"dateModified\":\"2022-07-11T06:55:16+00:00\",\"breadcrumb\":{\"@id\":\"https:\/\/www.ntf.uni-lj.si\/og\/studij\/izmenjave\/#breadcrumb\"},\"inLanguage\":\"en-US\",\"potentialAction\":[{\"@type\":\"ReadAction\",\"target\":[\"https:\/\/www.ntf.uni-lj.si\/og\/studij\/izmenjave\/\"]}]},{\"@type\":\"BreadcrumbList\",\"@id\":\"https:\/\/www.ntf.uni-lj.si\/og\/studij\/izmenjave\/#breadcrumb\",\"itemListElement\":[{\"@type\":\"ListItem\",\"position\":1,\"name\":\"Home\",\"item\":\"https:\/\/www.ntf.uni-lj.si\/og\/\"},{\"@type\":\"ListItem\",\"position\":2,\"name\":\"\\u0160tudij\",\"item\":\"https:\/\/www.ntf.uni-lj.si\/og\/studij\/\"},{\"@type\":\"ListItem\",\"position\":3,\"name\":\"Izmenjave\"}]}]}<\/script>\n<!-- \/ Yoast SEO plugin. -->","yoast_head_json":{"robots":{"index":"index","follow":"follow","max-snippet":"max-snippet:-1","max-image-preview":"max-image-preview:large","max-video-preview":"max-video-preview:-1"},"canonical":"https:\/\/www.ntf.uni-lj.si\/og\/studij\/izmenjave\/","og_locale":"en_US","og_type":"article","og_title":"Izmenjave - OG","og_description":"Izmenjava \u0161tudentov Erasmus Erasmus+ je najbolj raz\u0161irjena in najla\u017eja mo\u017enost sodelovanja s tujimi univerzami in raziskovalnimi institucijami. Vsako leto omogo\u010da \u0161tudentom, pedago\u0161kim in strokovnim delavcem nabiranje izku\u0161enj ter znanstvenoraziskovalno in pedago\u0161ko delovanje v razli\u010dnih evropskih dr\u017eavah. Program Erasmus+ je namenjen: \u0161tudentom, pedago\u0161kemu kadru na fakulteti, strokovnim delavcem fakultet. Zakaj izkoristiti mo\u017enost pridobivanja izku\u0161enj v tujini? ... Read more","og_url":"https:\/\/www.ntf.uni-lj.si\/og\/studij\/izmenjave\/","og_site_name":"OG","article_modified_time":"2022-07-11T06:55:16+00:00","twitter_misc":{"Est. reading time":"2 minutes"},"schema":{"@context":"https:\/\/schema.org","@graph":[{"@type":"WebSite","@id":"https:\/\/www.ntf.uni-lj.si\/og\/#website","url":"https:\/\/www.ntf.uni-lj.si\/og\/","name":"OG","description":"Oddelek za geologijo","potentialAction":[{"@type":"SearchAction","target":{"@type":"EntryPoint","urlTemplate":"https:\/\/www.ntf.uni-lj.si\/og\/?s={search_term_string}"},"query-input":"required name=search_term_string"}],"inLanguage":"en-US"},{"@type":"WebPage","@id":"https:\/\/www.ntf.uni-lj.si\/og\/studij\/izmenjave\/#webpage","url":"https:\/\/www.ntf.uni-lj.si\/og\/studij\/izmenjave\/","name":"Izmenjave - OG","isPartOf":{"@id":"https:\/\/www.ntf.uni-lj.si\/og\/#website"},"datePublished":"2015-05-06T12:33:40+00:00","dateModified":"2022-07-11T06:55:16+00:00","breadcrumb":{"@id":"https:\/\/www.ntf.uni-lj.si\/og\/studij\/izmenjave\/#breadcrumb"},"inLanguage":"en-US","potentialAction":[{"@type":"ReadAction","target":["https:\/\/www.ntf.uni-lj.si\/og\/studij\/izmenjave\/"]}]},{"@type":"BreadcrumbList","@id":"https:\/\/www.ntf.uni-lj.si\/og\/studij\/izmenjave\/#breadcrumb","itemListElement":[{"@type":"ListItem","position":1,"name":"Home","item":"https:\/\/www.ntf.uni-lj.si\/og\/"},{"@type":"ListItem","position":2,"name":"\u0160tudij","item":"https:\/\/www.ntf.uni-lj.si\/og\/studij\/"},{"@type":"ListItem","position":3,"name":"Izmenjave"}]}]}},"_links":{"self":[{"href":"https:\/\/www.ntf.uni-lj.si\/og\/wp-json\/wp\/v2\/pages\/337"}],"collection":[{"href":"https:\/\/www.ntf.uni-lj.si\/og\/wp-json\/wp\/v2\/pages"}],"about":[{"href":"https:\/\/www.ntf.uni-lj.si\/og\/wp-json\/wp\/v2\/types\/page"}],"author":[{"embeddable":true,"href":"https:\/\/www.ntf.uni-lj.si\/og\/wp-json\/wp\/v2\/users\/30"}],"replies":[{"embeddable":true,"href":"https:\/\/www.ntf.uni-lj.si\/og\/wp-json\/wp\/v2\/comments?post=337"}],"version-history":[{"count":14,"href":"https:\/\/www.ntf.uni-lj.si\/og\/wp-json\/wp\/v2\/pages\/337\/revisions"}],"predecessor-version":[{"id":7474,"href":"https:\/\/www.ntf.uni-lj.si\/og\/wp-json\/wp\/v2\/pages\/337\/revisions\/7474"}],"up":[{"embeddable":true,"href":"https:\/\/www.ntf.uni-lj.si\/og\/wp-json\/wp\/v2\/pages\/296"}],"wp:attachment":[{"href":"https:\/\/www.ntf.uni-lj.si\/og\/wp-json\/wp\/v2\/media?parent=337"}],"curies":[{"name":"wp","href":"https:\/\/api.w.org\/{rel}","templated":true}]}}