{"id":351,"date":"2015-05-06T12:37:35","date_gmt":"2015-05-06T12:37:35","guid":{"rendered":"http:\/\/www.ntf.uni-lj.si\/og\/?page_id=351"},"modified":"2026-03-17T13:27:49","modified_gmt":"2026-03-17T12:27:49","slug":"urniki","status":"publish","type":"page","link":"https:\/\/www.ntf.uni-lj.si\/og\/studij\/urniki\/","title":{"rendered":"Urniki"},"content":{"rendered":"<p><span style=\"color: #000000;\"><iframe src=\"https:\/\/www.wise-tt.com\/wtt_ul_ntfg?codename=omm\" border=\"0\" width=\"100%\" height=\"800px\" name=\"timetableiframe\" id=\"timetableiframe\" style=\"width:100%; height:800px;border:none\"><\/iframe><\/span><\/p>\n<p><span style=\"color: #000000;\"><strong>Urniki so\u00a0dostopni na <a style=\"color: #000000;\" href=\"https:\/\/www.wise-tt.com\/wtt_ul_ntfg\">tej povezavi<\/a>.\u00a0<\/strong><\/span><\/p>\n<p>Namestite si <a href=\"https:\/\/play.google.com\/store\/apps\/details?id=com.wisetimetable.wtt\">aplikacijo za mobilni telefon<\/a>, koda za aplikacijo z urniki OG: <strong>ulntfmont<\/strong><\/p>\n<p><a href=\"https:\/\/www.ntf.uni-lj.si\/omm\/wp-content\/uploads\/sites\/5\/2022\/10\/Navodila-za-pregled-urnikov.pdf\">Navodila za pregled urnikov<\/a><\/p>\n<p>&nbsp;<\/p>\n<p>Predavalnice na A\u0161ker\u010devi 12:<\/p>\n<ul>\n<li>K04 ra\u010dunalnica (klet)<\/li>\n<li>P05 velika predavalnica (pritli\u010dje)<\/li>\n<li>P 208 (2. nadstropje)<\/li>\n<li>P 209 (2. nadstropje)<\/li>\n<li>P 210 (2. nadstropje)<\/li>\n<li>P 211 mikroskopirnica (2. nadstropje)<\/li>\n<\/ul>\n<p>Urniki odra\u017eajo trenutno stanje, kot ga pozna tajni\u0161tvo OG. Vseeno velja OPOZORILO: Do odstopanja od objavljenih urnikov prihaja tudi zaradi individualnih dogovorov nosilcev predmetov s \u0161tudenti!<\/p>\n<p>&nbsp;<\/p>\n<p>&nbsp;<\/p>\n<p>&nbsp;<\/p>\n","protected":false},"excerpt":{"rendered":"Urniki so\u00a0dostopni na tej povezavi.\u00a0 Namestite si aplikacijo za mobilni telefon, koda za aplikacijo z urniki OG: ulntfmont Navodila za pregled urnikov &nbsp; Predavalnice na A\u0161ker\u010devi 12: K04 ra\u010dunalnica (klet) P05 velika predavalnica (pritli\u010dje) P 208 (2. nadstropje) P 209 (2. nadstropje) P 210 (2. nadstropje) P 211 mikroskopirnica (2. nadstropje) Urniki odra\u017eajo trenutno stanje, &#8230; <a class=\"view-article\" href=\"https:\/\/www.ntf.uni-lj.si\/og\/studij\/urniki\/\">Read more<\/a>","protected":false},"author":30,"featured_media":0,"parent":296,"menu_order":60,"comment_status":"closed","ping_status":"closed","template":"","meta":[],"acf":[],"yoast_head":"<!-- This site is optimized with the Yoast SEO plugin v17.0 - https:\/\/yoast.com\/wordpress\/plugins\/seo\/ -->\n<meta name=\"robots\" content=\"index, follow, max-snippet:-1, max-image-preview:large, max-video-preview:-1\" \/>\n<link rel=\"canonical\" href=\"https:\/\/www.ntf.uni-lj.si\/og\/studij\/urniki\/\" \/>\n<meta property=\"og:locale\" content=\"en_US\" \/>\n<meta property=\"og:type\" content=\"article\" \/>\n<meta property=\"og:title\" content=\"Urniki - OG\" \/>\n<meta property=\"og:description\" content=\"Urniki so\u00a0dostopni na tej povezavi.\u00a0 Namestite si aplikacijo za mobilni telefon, koda za aplikacijo z urniki OG: ulntfmont Navodila za pregled urnikov &nbsp; Predavalnice na A\u0161ker\u010devi 12: K04 ra\u010dunalnica (klet) P05 velika predavalnica (pritli\u010dje) P 208 (2. nadstropje) P 209 (2. nadstropje) P 210 (2. nadstropje) P 211 mikroskopirnica (2. nadstropje) Urniki odra\u017eajo trenutno stanje, ... Read more\" \/>\n<meta property=\"og:url\" content=\"https:\/\/www.ntf.uni-lj.si\/og\/studij\/urniki\/\" \/>\n<meta property=\"og:site_name\" content=\"OG\" \/>\n<meta property=\"article:modified_time\" content=\"2026-03-17T12:27:49+00:00\" \/>\n<meta name=\"twitter:label1\" content=\"Est. reading time\" \/>\n\t<meta name=\"twitter:data1\" content=\"1 minute\" \/>\n<script type=\"application\/ld+json\" class=\"yoast-schema-graph\">{\"@context\":\"https:\/\/schema.org\",\"@graph\":[{\"@type\":\"WebSite\",\"@id\":\"https:\/\/www.ntf.uni-lj.si\/og\/#website\",\"url\":\"https:\/\/www.ntf.uni-lj.si\/og\/\",\"name\":\"OG\",\"description\":\"Oddelek za geologijo\",\"potentialAction\":[{\"@type\":\"SearchAction\",\"target\":{\"@type\":\"EntryPoint\",\"urlTemplate\":\"https:\/\/www.ntf.uni-lj.si\/og\/?s={search_term_string}\"},\"query-input\":\"required name=search_term_string\"}],\"inLanguage\":\"en-US\"},{\"@type\":\"WebPage\",\"@id\":\"https:\/\/www.ntf.uni-lj.si\/og\/studij\/urniki\/#webpage\",\"url\":\"https:\/\/www.ntf.uni-lj.si\/og\/studij\/urniki\/\",\"name\":\"Urniki - OG\",\"isPartOf\":{\"@id\":\"https:\/\/www.ntf.uni-lj.si\/og\/#website\"},\"datePublished\":\"2015-05-06T12:37:35+00:00\",\"dateModified\":\"2026-03-17T12:27:49+00:00\",\"breadcrumb\":{\"@id\":\"https:\/\/www.ntf.uni-lj.si\/og\/studij\/urniki\/#breadcrumb\"},\"inLanguage\":\"en-US\",\"potentialAction\":[{\"@type\":\"ReadAction\",\"target\":[\"https:\/\/www.ntf.uni-lj.si\/og\/studij\/urniki\/\"]}]},{\"@type\":\"BreadcrumbList\",\"@id\":\"https:\/\/www.ntf.uni-lj.si\/og\/studij\/urniki\/#breadcrumb\",\"itemListElement\":[{\"@type\":\"ListItem\",\"position\":1,\"name\":\"Home\",\"item\":\"https:\/\/www.ntf.uni-lj.si\/og\/\"},{\"@type\":\"ListItem\",\"position\":2,\"name\":\"\\u0160tudij\",\"item\":\"https:\/\/www.ntf.uni-lj.si\/og\/studij\/\"},{\"@type\":\"ListItem\",\"position\":3,\"name\":\"Urniki\"}]}]}<\/script>\n<!-- \/ Yoast SEO plugin. -->","yoast_head_json":{"robots":{"index":"index","follow":"follow","max-snippet":"max-snippet:-1","max-image-preview":"max-image-preview:large","max-video-preview":"max-video-preview:-1"},"canonical":"https:\/\/www.ntf.uni-lj.si\/og\/studij\/urniki\/","og_locale":"en_US","og_type":"article","og_title":"Urniki - OG","og_description":"Urniki so\u00a0dostopni na tej povezavi.\u00a0 Namestite si aplikacijo za mobilni telefon, koda za aplikacijo z urniki OG: ulntfmont Navodila za pregled urnikov &nbsp; Predavalnice na A\u0161ker\u010devi 12: K04 ra\u010dunalnica (klet) P05 velika predavalnica (pritli\u010dje) P 208 (2. nadstropje) P 209 (2. nadstropje) P 210 (2. nadstropje) P 211 mikroskopirnica (2. nadstropje) Urniki odra\u017eajo trenutno stanje, ... Read more","og_url":"https:\/\/www.ntf.uni-lj.si\/og\/studij\/urniki\/","og_site_name":"OG","article_modified_time":"2026-03-17T12:27:49+00:00","twitter_misc":{"Est. reading time":"1 minute"},"schema":{"@context":"https:\/\/schema.org","@graph":[{"@type":"WebSite","@id":"https:\/\/www.ntf.uni-lj.si\/og\/#website","url":"https:\/\/www.ntf.uni-lj.si\/og\/","name":"OG","description":"Oddelek za geologijo","potentialAction":[{"@type":"SearchAction","target":{"@type":"EntryPoint","urlTemplate":"https:\/\/www.ntf.uni-lj.si\/og\/?s={search_term_string}"},"query-input":"required name=search_term_string"}],"inLanguage":"en-US"},{"@type":"WebPage","@id":"https:\/\/www.ntf.uni-lj.si\/og\/studij\/urniki\/#webpage","url":"https:\/\/www.ntf.uni-lj.si\/og\/studij\/urniki\/","name":"Urniki - OG","isPartOf":{"@id":"https:\/\/www.ntf.uni-lj.si\/og\/#website"},"datePublished":"2015-05-06T12:37:35+00:00","dateModified":"2026-03-17T12:27:49+00:00","breadcrumb":{"@id":"https:\/\/www.ntf.uni-lj.si\/og\/studij\/urniki\/#breadcrumb"},"inLanguage":"en-US","potentialAction":[{"@type":"ReadAction","target":["https:\/\/www.ntf.uni-lj.si\/og\/studij\/urniki\/"]}]},{"@type":"BreadcrumbList","@id":"https:\/\/www.ntf.uni-lj.si\/og\/studij\/urniki\/#breadcrumb","itemListElement":[{"@type":"ListItem","position":1,"name":"Home","item":"https:\/\/www.ntf.uni-lj.si\/og\/"},{"@type":"ListItem","position":2,"name":"\u0160tudij","item":"https:\/\/www.ntf.uni-lj.si\/og\/studij\/"},{"@type":"ListItem","position":3,"name":"Urniki"}]}]}},"_links":{"self":[{"href":"https:\/\/www.ntf.uni-lj.si\/og\/wp-json\/wp\/v2\/pages\/351"}],"collection":[{"href":"https:\/\/www.ntf.uni-lj.si\/og\/wp-json\/wp\/v2\/pages"}],"about":[{"href":"https:\/\/www.ntf.uni-lj.si\/og\/wp-json\/wp\/v2\/types\/page"}],"author":[{"embeddable":true,"href":"https:\/\/www.ntf.uni-lj.si\/og\/wp-json\/wp\/v2\/users\/30"}],"replies":[{"embeddable":true,"href":"https:\/\/www.ntf.uni-lj.si\/og\/wp-json\/wp\/v2\/comments?post=351"}],"version-history":[{"count":105,"href":"https:\/\/www.ntf.uni-lj.si\/og\/wp-json\/wp\/v2\/pages\/351\/revisions"}],"predecessor-version":[{"id":9063,"href":"https:\/\/www.ntf.uni-lj.si\/og\/wp-json\/wp\/v2\/pages\/351\/revisions\/9063"}],"up":[{"embeddable":true,"href":"https:\/\/www.ntf.uni-lj.si\/og\/wp-json\/wp\/v2\/pages\/296"}],"wp:attachment":[{"href":"https:\/\/www.ntf.uni-lj.si\/og\/wp-json\/wp\/v2\/media?parent=351"}],"curies":[{"name":"wp","href":"https:\/\/api.w.org\/{rel}","templated":true}]}}