{"id":372,"date":"2015-05-06T12:41:59","date_gmt":"2015-05-06T12:41:59","guid":{"rendered":"http:\/\/www.ntf.uni-lj.si\/og\/?page_id=372"},"modified":"2015-07-01T14:26:58","modified_gmt":"2015-07-01T12:26:58","slug":"predbolonjski-programi","status":"publish","type":"page","link":"https:\/\/www.ntf.uni-lj.si\/og\/studij\/1-stopnja\/predbolonjski-programi\/","title":{"rendered":"Predbolonjski programi"},"content":{"rendered":"<p><strong>TESTIRANJE INDEKSOV:<\/strong> Indekse z vsemi inskripcijami in frekvencami predavateljev ter opravljenim zdravni\u0161kim pregledom v I. in IV. letniku oddajte v \u0161tudentski referat. Predhodno je treba urediti tudi obveznosti v vseh knji\u017enicah.<\/p>\n<p><strong>PAVZIRANJE:<\/strong> \u010ce ne izpolnjujete pogojev za ponavljanje oz. \u010de ste to mo\u017enost \u017ee izkoristili ali enkrat zamenjali smer, lahko pavzirate. V tem \u010dasu lahko opravljate manjkajo\u010de izpite (pla\u010dilo izpita po ceniku UL) in delate preko nekaterih \u0161tudentskih servisov, \u010deprav nimate statusa \u0161tudenta.<br \/>\nZavarovati se morate kot ob\u010dan (Zavod za zdravstveno zavarovanje)<\/p>\n<p>\u0160tudent mora pred vpisom v vi\u0161ji letnik vrniti med letom izposojeno knji\u017eni\u010dno gradivo in drugo opremo.<\/p>\n<p>Vsak predavatelj seznani \u0161tudente o predmetih, iz katerih naj opravijo izpite, preden se lotijo izpita pri njegovem predmetu.<\/p>\n<p>Med \u0161tudijem je predvidenih pribli\u017eno 70 dni terenskih vaj. Udele\u017eba na njih je obvezna. Oddelek ne nosi stro\u0161kov terenskih vaj.<\/p>\n<p>Sklepnih terenskih vaj se lahko udele\u017eijo le \u0161tudenti, ki so opravili polovico izpitov pri predpisanih predmetih.<\/p>\n<p>V \u010dasu \u0161tudija mora \u0161tudent predstaviti tri seminarske naloge. Eno seminarsko nalogo mora pripraviti na temo geolo\u0161kega kartiranja. Pri seminarskih nalogah se ocenjujeta vsebina in predstavitev z zagovorom.<\/p>\n<h2>PRAKSA<\/h2>\n<p>V 2., 3. in 4. letniku \u0161tudenti opravljajo 14-dnevno delovno prakso.<br \/>\nPrakso lahko opravljajo v podjetjih, na in\u0161titutih ali na Oddelku za geologijo. Opravljajo jo lahko tudi po delih med \u0161olskim letom.<br \/>\nZa vse dodatne informacije o opravljanju obvezne prakse se obrnite na Timoteja Verbov\u0161ka (A\u0161ker\u010deva 12, soba 210). Napotnico za opravljanje prakse dobite v tajni\u0161tvu oddelka ali pri Timoteju Verbov\u0161ku.<\/p>\n<p>Poro\u010dilo o opravljeni praksi oddajte na ustreznem obrazcu (priloge spodaj).<\/p>\n<p>\u0160tudij je zaklju\u010den z zagovorom diplomske naloge<\/p>\n","protected":false},"excerpt":{"rendered":"TESTIRANJE INDEKSOV: Indekse z vsemi inskripcijami in frekvencami predavateljev ter opravljenim zdravni\u0161kim pregledom v I. in IV. letniku oddajte v \u0161tudentski referat. Predhodno je treba urediti tudi obveznosti v vseh knji\u017enicah. PAVZIRANJE: \u010ce ne izpolnjujete pogojev za ponavljanje oz. \u010de ste to mo\u017enost \u017ee izkoristili ali enkrat zamenjali smer, lahko pavzirate. V tem \u010dasu lahko &#8230; <a class=\"view-article\" href=\"https:\/\/www.ntf.uni-lj.si\/og\/studij\/1-stopnja\/predbolonjski-programi\/\">Read more<\/a>","protected":false},"author":30,"featured_media":0,"parent":316,"menu_order":20,"comment_status":"closed","ping_status":"closed","template":"","meta":[],"acf":[],"yoast_head":"<!-- This site is optimized with the Yoast SEO plugin v17.0 - https:\/\/yoast.com\/wordpress\/plugins\/seo\/ -->\n<meta name=\"robots\" content=\"index, follow, max-snippet:-1, max-image-preview:large, max-video-preview:-1\" \/>\n<link rel=\"canonical\" href=\"https:\/\/www.ntf.uni-lj.si\/og\/studij\/1-stopnja\/predbolonjski-programi\/\" \/>\n<meta property=\"og:locale\" content=\"en_US\" \/>\n<meta property=\"og:type\" content=\"article\" \/>\n<meta property=\"og:title\" content=\"Predbolonjski programi - OG\" \/>\n<meta property=\"og:description\" content=\"TESTIRANJE INDEKSOV: Indekse z vsemi inskripcijami in frekvencami predavateljev ter opravljenim zdravni\u0161kim pregledom v I. in IV. letniku oddajte v \u0161tudentski referat. Predhodno je treba urediti tudi obveznosti v vseh knji\u017enicah. PAVZIRANJE: \u010ce ne izpolnjujete pogojev za ponavljanje oz. \u010de ste to mo\u017enost \u017ee izkoristili ali enkrat zamenjali smer, lahko pavzirate. V tem \u010dasu lahko ... Read more\" \/>\n<meta property=\"og:url\" content=\"https:\/\/www.ntf.uni-lj.si\/og\/studij\/1-stopnja\/predbolonjski-programi\/\" \/>\n<meta property=\"og:site_name\" content=\"OG\" \/>\n<meta property=\"article:modified_time\" content=\"2015-07-01T12:26:58+00:00\" \/>\n<meta name=\"twitter:label1\" content=\"Est. reading time\" \/>\n\t<meta name=\"twitter:data1\" content=\"1 minute\" \/>\n<script type=\"application\/ld+json\" class=\"yoast-schema-graph\">{\"@context\":\"https:\/\/schema.org\",\"@graph\":[{\"@type\":\"WebSite\",\"@id\":\"https:\/\/www.ntf.uni-lj.si\/og\/#website\",\"url\":\"https:\/\/www.ntf.uni-lj.si\/og\/\",\"name\":\"OG\",\"description\":\"Oddelek za geologijo\",\"potentialAction\":[{\"@type\":\"SearchAction\",\"target\":{\"@type\":\"EntryPoint\",\"urlTemplate\":\"https:\/\/www.ntf.uni-lj.si\/og\/?s={search_term_string}\"},\"query-input\":\"required name=search_term_string\"}],\"inLanguage\":\"en-US\"},{\"@type\":\"WebPage\",\"@id\":\"https:\/\/www.ntf.uni-lj.si\/og\/studij\/1-stopnja\/predbolonjski-programi\/#webpage\",\"url\":\"https:\/\/www.ntf.uni-lj.si\/og\/studij\/1-stopnja\/predbolonjski-programi\/\",\"name\":\"Predbolonjski programi - OG\",\"isPartOf\":{\"@id\":\"https:\/\/www.ntf.uni-lj.si\/og\/#website\"},\"datePublished\":\"2015-05-06T12:41:59+00:00\",\"dateModified\":\"2015-07-01T12:26:58+00:00\",\"breadcrumb\":{\"@id\":\"https:\/\/www.ntf.uni-lj.si\/og\/studij\/1-stopnja\/predbolonjski-programi\/#breadcrumb\"},\"inLanguage\":\"en-US\",\"potentialAction\":[{\"@type\":\"ReadAction\",\"target\":[\"https:\/\/www.ntf.uni-lj.si\/og\/studij\/1-stopnja\/predbolonjski-programi\/\"]}]},{\"@type\":\"BreadcrumbList\",\"@id\":\"https:\/\/www.ntf.uni-lj.si\/og\/studij\/1-stopnja\/predbolonjski-programi\/#breadcrumb\",\"itemListElement\":[{\"@type\":\"ListItem\",\"position\":1,\"name\":\"Home\",\"item\":\"https:\/\/www.ntf.uni-lj.si\/og\/\"},{\"@type\":\"ListItem\",\"position\":2,\"name\":\"\\u0160tudij\",\"item\":\"https:\/\/www.ntf.uni-lj.si\/og\/studij\/\"},{\"@type\":\"ListItem\",\"position\":3,\"name\":\"1. stopnja\",\"item\":\"https:\/\/www.ntf.uni-lj.si\/og\/?page_id=316\"},{\"@type\":\"ListItem\",\"position\":4,\"name\":\"Predbolonjski programi\"}]}]}<\/script>\n<!-- \/ Yoast SEO plugin. -->","yoast_head_json":{"robots":{"index":"index","follow":"follow","max-snippet":"max-snippet:-1","max-image-preview":"max-image-preview:large","max-video-preview":"max-video-preview:-1"},"canonical":"https:\/\/www.ntf.uni-lj.si\/og\/studij\/1-stopnja\/predbolonjski-programi\/","og_locale":"en_US","og_type":"article","og_title":"Predbolonjski programi - OG","og_description":"TESTIRANJE INDEKSOV: Indekse z vsemi inskripcijami in frekvencami predavateljev ter opravljenim zdravni\u0161kim pregledom v I. in IV. letniku oddajte v \u0161tudentski referat. Predhodno je treba urediti tudi obveznosti v vseh knji\u017enicah. PAVZIRANJE: \u010ce ne izpolnjujete pogojev za ponavljanje oz. \u010de ste to mo\u017enost \u017ee izkoristili ali enkrat zamenjali smer, lahko pavzirate. V tem \u010dasu lahko ... Read more","og_url":"https:\/\/www.ntf.uni-lj.si\/og\/studij\/1-stopnja\/predbolonjski-programi\/","og_site_name":"OG","article_modified_time":"2015-07-01T12:26:58+00:00","twitter_misc":{"Est. reading time":"1 minute"},"schema":{"@context":"https:\/\/schema.org","@graph":[{"@type":"WebSite","@id":"https:\/\/www.ntf.uni-lj.si\/og\/#website","url":"https:\/\/www.ntf.uni-lj.si\/og\/","name":"OG","description":"Oddelek za geologijo","potentialAction":[{"@type":"SearchAction","target":{"@type":"EntryPoint","urlTemplate":"https:\/\/www.ntf.uni-lj.si\/og\/?s={search_term_string}"},"query-input":"required name=search_term_string"}],"inLanguage":"en-US"},{"@type":"WebPage","@id":"https:\/\/www.ntf.uni-lj.si\/og\/studij\/1-stopnja\/predbolonjski-programi\/#webpage","url":"https:\/\/www.ntf.uni-lj.si\/og\/studij\/1-stopnja\/predbolonjski-programi\/","name":"Predbolonjski programi - OG","isPartOf":{"@id":"https:\/\/www.ntf.uni-lj.si\/og\/#website"},"datePublished":"2015-05-06T12:41:59+00:00","dateModified":"2015-07-01T12:26:58+00:00","breadcrumb":{"@id":"https:\/\/www.ntf.uni-lj.si\/og\/studij\/1-stopnja\/predbolonjski-programi\/#breadcrumb"},"inLanguage":"en-US","potentialAction":[{"@type":"ReadAction","target":["https:\/\/www.ntf.uni-lj.si\/og\/studij\/1-stopnja\/predbolonjski-programi\/"]}]},{"@type":"BreadcrumbList","@id":"https:\/\/www.ntf.uni-lj.si\/og\/studij\/1-stopnja\/predbolonjski-programi\/#breadcrumb","itemListElement":[{"@type":"ListItem","position":1,"name":"Home","item":"https:\/\/www.ntf.uni-lj.si\/og\/"},{"@type":"ListItem","position":2,"name":"\u0160tudij","item":"https:\/\/www.ntf.uni-lj.si\/og\/studij\/"},{"@type":"ListItem","position":3,"name":"1. stopnja","item":"https:\/\/www.ntf.uni-lj.si\/og\/?page_id=316"},{"@type":"ListItem","position":4,"name":"Predbolonjski programi"}]}]}},"_links":{"self":[{"href":"https:\/\/www.ntf.uni-lj.si\/og\/wp-json\/wp\/v2\/pages\/372"}],"collection":[{"href":"https:\/\/www.ntf.uni-lj.si\/og\/wp-json\/wp\/v2\/pages"}],"about":[{"href":"https:\/\/www.ntf.uni-lj.si\/og\/wp-json\/wp\/v2\/types\/page"}],"author":[{"embeddable":true,"href":"https:\/\/www.ntf.uni-lj.si\/og\/wp-json\/wp\/v2\/users\/30"}],"replies":[{"embeddable":true,"href":"https:\/\/www.ntf.uni-lj.si\/og\/wp-json\/wp\/v2\/comments?post=372"}],"version-history":[{"count":2,"href":"https:\/\/www.ntf.uni-lj.si\/og\/wp-json\/wp\/v2\/pages\/372\/revisions"}],"predecessor-version":[{"id":664,"href":"https:\/\/www.ntf.uni-lj.si\/og\/wp-json\/wp\/v2\/pages\/372\/revisions\/664"}],"up":[{"embeddable":true,"href":"https:\/\/www.ntf.uni-lj.si\/og\/wp-json\/wp\/v2\/pages\/316"}],"wp:attachment":[{"href":"https:\/\/www.ntf.uni-lj.si\/og\/wp-json\/wp\/v2\/media?parent=372"}],"curies":[{"name":"wp","href":"https:\/\/api.w.org\/{rel}","templated":true}]}}