{"id":375,"date":"2015-05-06T12:42:16","date_gmt":"2015-05-06T12:42:16","guid":{"rendered":"http:\/\/www.ntf.uni-lj.si\/og\/?page_id=375"},"modified":"2015-07-01T14:26:03","modified_gmt":"2015-07-01T12:26:03","slug":"pre-bologna-reform-programmes","status":"publish","type":"page","link":"https:\/\/www.ntf.uni-lj.si\/og\/en\/study\/bachelors-degree\/pre-bologna-reform-programmes\/","title":{"rendered":"Pre-bologna reform programmes"},"content":{"rendered":"<p><strong>TESTING THE INDEKS BOOKLETS:<\/strong> The Indeks booklets, together with all inscriptions and frequencies inscribed by teachers, as well as the medical check-up stamps from Year 1 and Year 4 need to be handed over to the Student Administration Office. All dues at the university libraries must also be paid beforehand.<\/p>\n<p><strong>PAUSING A YEAR:<\/strong> In the event you do not fulfil the conditions for repeating a year or if you have already taken advantage of this option or if you have already switched your study programme, you have the right to put the year on &#8220;pause&#8221;. During this time, you may complete the missing exams (they must be paid in accordance with the UL price list); even though you do not have student status, you may work through certain student work services.<br \/>\nYou are required to get medical insurance through the municipality (Health Insurance Institute of Slovenia)!<\/p>\n<p>Before enrolling in a higher year, students must return all library materials and other equipment borrowed during the year.<\/p>\n<p>Each lecturer informs students about the courses they need to pass before taking an exam in his or her course.<\/p>\n<p>During their studies, students must attend approximately 70 days of field work. Participation is mandatory. The Department does not cover the expenses of field work.<\/p>\n<p>The final part of the field work may only be attended by students who have completed half of the exams from the required courses.<\/p>\n<p>During their studies, students are required to present three seminar papers; one of these must be in the field of geological mapping. The seminar papers are graded based on the content and the presentation.<\/p>\n<h2>INDUSTRIAL PLACEMENT<\/h2>\n<p>In Years 2, 3 and 4, you are required to complete 14 days of industrial placement.<br \/>\nYou can perform the industrial placement at companies, institutes and the Department of Geology. You may also do it in part during the academic year.<br \/>\nPlease turn to Timotej Verbov\u0161ek (A\u0161ker\u010deva 12, Room 210) for all additional information regarding mandatory industrial placement. You can get the industrial placement referral form at the Department Secretary&#8217;s Office or from Timotej Verbov\u0161ek.<\/p>\n<p>Please submit your industrial placement report on the appropriate form (see attachments below).<\/p>\n<p>The study is completed when the student defends his or her thesis.<\/p>\n","protected":false},"excerpt":{"rendered":"TESTING THE INDEKS BOOKLETS: The Indeks booklets, together with all inscriptions and frequencies inscribed by teachers, as well as the medical check-up stamps from Year 1 and Year 4 need to be handed over to the Student Administration Office. All dues at the university libraries must also be paid beforehand. PAUSING A YEAR: In the &#8230; <a class=\"view-article\" href=\"https:\/\/www.ntf.uni-lj.si\/og\/en\/study\/bachelors-degree\/pre-bologna-reform-programmes\/\">Read more<\/a>","protected":false},"author":30,"featured_media":0,"parent":319,"menu_order":20,"comment_status":"closed","ping_status":"closed","template":"","meta":[],"acf":[],"yoast_head":"<!-- This site is optimized with the Yoast SEO plugin v17.0 - https:\/\/yoast.com\/wordpress\/plugins\/seo\/ -->\n<meta name=\"robots\" content=\"index, follow, max-snippet:-1, max-image-preview:large, max-video-preview:-1\" \/>\n<link rel=\"canonical\" href=\"https:\/\/www.ntf.uni-lj.si\/og\/en\/study\/bachelors-degree\/pre-bologna-reform-programmes\/\" \/>\n<meta property=\"og:locale\" content=\"en_US\" \/>\n<meta property=\"og:type\" content=\"article\" \/>\n<meta property=\"og:title\" content=\"Pre-bologna reform programmes - OG\" \/>\n<meta property=\"og:description\" content=\"TESTING THE INDEKS BOOKLETS: The Indeks booklets, together with all inscriptions and frequencies inscribed by teachers, as well as the medical check-up stamps from Year 1 and Year 4 need to be handed over to the Student Administration Office. All dues at the university libraries must also be paid beforehand. PAUSING A YEAR: In the ... Read more\" \/>\n<meta property=\"og:url\" content=\"https:\/\/www.ntf.uni-lj.si\/og\/en\/study\/bachelors-degree\/pre-bologna-reform-programmes\/\" \/>\n<meta property=\"og:site_name\" content=\"OG\" \/>\n<meta property=\"article:modified_time\" content=\"2015-07-01T12:26:03+00:00\" \/>\n<meta name=\"twitter:label1\" content=\"Est. reading time\" \/>\n\t<meta name=\"twitter:data1\" content=\"2 minutes\" \/>\n<script type=\"application\/ld+json\" class=\"yoast-schema-graph\">{\"@context\":\"https:\/\/schema.org\",\"@graph\":[{\"@type\":\"WebSite\",\"@id\":\"https:\/\/www.ntf.uni-lj.si\/og\/#website\",\"url\":\"https:\/\/www.ntf.uni-lj.si\/og\/\",\"name\":\"OG\",\"description\":\"Oddelek za geologijo\",\"potentialAction\":[{\"@type\":\"SearchAction\",\"target\":{\"@type\":\"EntryPoint\",\"urlTemplate\":\"https:\/\/www.ntf.uni-lj.si\/og\/?s={search_term_string}\"},\"query-input\":\"required name=search_term_string\"}],\"inLanguage\":\"en-US\"},{\"@type\":\"WebPage\",\"@id\":\"https:\/\/www.ntf.uni-lj.si\/og\/en\/study\/bachelors-degree\/pre-bologna-reform-programmes\/#webpage\",\"url\":\"https:\/\/www.ntf.uni-lj.si\/og\/en\/study\/bachelors-degree\/pre-bologna-reform-programmes\/\",\"name\":\"Pre-bologna reform programmes - OG\",\"isPartOf\":{\"@id\":\"https:\/\/www.ntf.uni-lj.si\/og\/#website\"},\"datePublished\":\"2015-05-06T12:42:16+00:00\",\"dateModified\":\"2015-07-01T12:26:03+00:00\",\"breadcrumb\":{\"@id\":\"https:\/\/www.ntf.uni-lj.si\/og\/en\/study\/bachelors-degree\/pre-bologna-reform-programmes\/#breadcrumb\"},\"inLanguage\":\"en-US\",\"potentialAction\":[{\"@type\":\"ReadAction\",\"target\":[\"https:\/\/www.ntf.uni-lj.si\/og\/en\/study\/bachelors-degree\/pre-bologna-reform-programmes\/\"]}]},{\"@type\":\"BreadcrumbList\",\"@id\":\"https:\/\/www.ntf.uni-lj.si\/og\/en\/study\/bachelors-degree\/pre-bologna-reform-programmes\/#breadcrumb\",\"itemListElement\":[{\"@type\":\"ListItem\",\"position\":1,\"name\":\"Home\",\"item\":\"https:\/\/www.ntf.uni-lj.si\/og\/\"},{\"@type\":\"ListItem\",\"position\":2,\"name\":\"Study\",\"item\":\"https:\/\/www.ntf.uni-lj.si\/og\/en\/study\/\"},{\"@type\":\"ListItem\",\"position\":3,\"name\":\"Bachelor\\u2019s degree\",\"item\":\"https:\/\/www.ntf.uni-lj.si\/og\/en\/study\/bachelors-degree\/\"},{\"@type\":\"ListItem\",\"position\":4,\"name\":\"Pre-bologna reform programmes\"}]}]}<\/script>\n<!-- \/ Yoast SEO plugin. -->","yoast_head_json":{"robots":{"index":"index","follow":"follow","max-snippet":"max-snippet:-1","max-image-preview":"max-image-preview:large","max-video-preview":"max-video-preview:-1"},"canonical":"https:\/\/www.ntf.uni-lj.si\/og\/en\/study\/bachelors-degree\/pre-bologna-reform-programmes\/","og_locale":"en_US","og_type":"article","og_title":"Pre-bologna reform programmes - OG","og_description":"TESTING THE INDEKS BOOKLETS: The Indeks booklets, together with all inscriptions and frequencies inscribed by teachers, as well as the medical check-up stamps from Year 1 and Year 4 need to be handed over to the Student Administration Office. All dues at the university libraries must also be paid beforehand. PAUSING A YEAR: In the ... Read more","og_url":"https:\/\/www.ntf.uni-lj.si\/og\/en\/study\/bachelors-degree\/pre-bologna-reform-programmes\/","og_site_name":"OG","article_modified_time":"2015-07-01T12:26:03+00:00","twitter_misc":{"Est. reading time":"2 minutes"},"schema":{"@context":"https:\/\/schema.org","@graph":[{"@type":"WebSite","@id":"https:\/\/www.ntf.uni-lj.si\/og\/#website","url":"https:\/\/www.ntf.uni-lj.si\/og\/","name":"OG","description":"Oddelek za geologijo","potentialAction":[{"@type":"SearchAction","target":{"@type":"EntryPoint","urlTemplate":"https:\/\/www.ntf.uni-lj.si\/og\/?s={search_term_string}"},"query-input":"required name=search_term_string"}],"inLanguage":"en-US"},{"@type":"WebPage","@id":"https:\/\/www.ntf.uni-lj.si\/og\/en\/study\/bachelors-degree\/pre-bologna-reform-programmes\/#webpage","url":"https:\/\/www.ntf.uni-lj.si\/og\/en\/study\/bachelors-degree\/pre-bologna-reform-programmes\/","name":"Pre-bologna reform programmes - OG","isPartOf":{"@id":"https:\/\/www.ntf.uni-lj.si\/og\/#website"},"datePublished":"2015-05-06T12:42:16+00:00","dateModified":"2015-07-01T12:26:03+00:00","breadcrumb":{"@id":"https:\/\/www.ntf.uni-lj.si\/og\/en\/study\/bachelors-degree\/pre-bologna-reform-programmes\/#breadcrumb"},"inLanguage":"en-US","potentialAction":[{"@type":"ReadAction","target":["https:\/\/www.ntf.uni-lj.si\/og\/en\/study\/bachelors-degree\/pre-bologna-reform-programmes\/"]}]},{"@type":"BreadcrumbList","@id":"https:\/\/www.ntf.uni-lj.si\/og\/en\/study\/bachelors-degree\/pre-bologna-reform-programmes\/#breadcrumb","itemListElement":[{"@type":"ListItem","position":1,"name":"Home","item":"https:\/\/www.ntf.uni-lj.si\/og\/"},{"@type":"ListItem","position":2,"name":"Study","item":"https:\/\/www.ntf.uni-lj.si\/og\/en\/study\/"},{"@type":"ListItem","position":3,"name":"Bachelor\u2019s degree","item":"https:\/\/www.ntf.uni-lj.si\/og\/en\/study\/bachelors-degree\/"},{"@type":"ListItem","position":4,"name":"Pre-bologna reform programmes"}]}]}},"_links":{"self":[{"href":"https:\/\/www.ntf.uni-lj.si\/og\/wp-json\/wp\/v2\/pages\/375"}],"collection":[{"href":"https:\/\/www.ntf.uni-lj.si\/og\/wp-json\/wp\/v2\/pages"}],"about":[{"href":"https:\/\/www.ntf.uni-lj.si\/og\/wp-json\/wp\/v2\/types\/page"}],"author":[{"embeddable":true,"href":"https:\/\/www.ntf.uni-lj.si\/og\/wp-json\/wp\/v2\/users\/30"}],"replies":[{"embeddable":true,"href":"https:\/\/www.ntf.uni-lj.si\/og\/wp-json\/wp\/v2\/comments?post=375"}],"version-history":[{"count":3,"href":"https:\/\/www.ntf.uni-lj.si\/og\/wp-json\/wp\/v2\/pages\/375\/revisions"}],"predecessor-version":[{"id":665,"href":"https:\/\/www.ntf.uni-lj.si\/og\/wp-json\/wp\/v2\/pages\/375\/revisions\/665"}],"up":[{"embeddable":true,"href":"https:\/\/www.ntf.uni-lj.si\/og\/wp-json\/wp\/v2\/pages\/319"}],"wp:attachment":[{"href":"https:\/\/www.ntf.uni-lj.si\/og\/wp-json\/wp\/v2\/media?parent=375"}],"curies":[{"name":"wp","href":"https:\/\/api.w.org\/{rel}","templated":true}]}}