{"id":423,"date":"2015-05-07T06:23:34","date_gmt":"2015-05-07T06:23:34","guid":{"rendered":"http:\/\/www.ntf.uni-lj.si\/og\/?page_id=423"},"modified":"2026-04-09T12:01:47","modified_gmt":"2026-04-09T10:01:47","slug":"splosne-informacije","status":"publish","type":"page","link":"https:\/\/www.ntf.uni-lj.si\/og\/studij\/geologija-un\/splosne-informacije\/","title":{"rendered":"Splo\u0161ne informacije"},"content":{"rendered":"<h2>GEOLOGIJA<\/h2>\n<p><strong>Stopnja in vrsta \u0161tudijskega programa:<\/strong> Dodiplomski \u2013 univerzitetni<br \/>\n<strong>Trajanje:<\/strong> 3 leta (6 semestrov), skupaj 180 kreditnih to\u010dk po sistemu ECTS<br \/>\n<strong>\u0160tudijsko podro\u010dje po ISCED klasifikaciji:<\/strong> tehnika (52), varstvo okolja (85), vede o ne\u017eivi naravi (44)<br \/>\n<strong>Strokovni naslov:<\/strong> diplomirani in\u017eenir geologije (UN) oz. diplomirana in\u017eenirka geologije (UN), okraj\u0161ava: dipl. in\u017e. geol. (UN)<\/p>\n<h2>Temeljni cilji in kompetence<\/h2>\n<p>Diplomant prvostopenjskega univerzitetnega \u0161tudija geologije pridobi pregledno temeljno znanje z vseh podro\u010dij geologije. Pridobi tudi solidno podlago s podro\u010dja temeljnih naravoslovnih ved in matematike. Spozna osnovno znanje s podro\u010dij, povezanih z geologijo, ki je potrebno pri prakti\u010dnem delu geologa in sodelovanju z drugimi sorodnimi strokami. V okviru izbirnih vsebin \u0161tudent v skladu s svojimi individualnimi interesi dodatno poglobi specifi\u010dno znanje z izbranih o\u017ejih podro\u010dij geolo\u0161ke stroke.<br \/>\nV okviru \u0161tudija bo \u0161tudent spoznal tradicionalna na\u010dela, nadgrajena s sodobnimi dognanji, posredovana na sodoben na\u010din in z moderno tehnologijo. Poseben poudarek je na prakti\u010dnem usposabljanju, zlasti na terenskem delu. Z delom v skupinah, projektnim delom in problemskimi nalogami se bo \u0161tudent privajal na delo v skupini, javno nastopanje ter poslovanje s strankami. Pridobljeno teoreti\u010dno znanje bo preizku\u0161al pri vajah in na prakti\u010dnih primerih, kar mu bo omogo\u010dalo la\u017ejo vklju\u010ditev v prakso po kon\u010danem \u0161tudiju. Hkrati je cilj tudi osvojitev zadostnega obsega temeljnih in\u017eenirskih vsebin, ki omogo\u010dajo razvoj abstraktnega mi\u0161ljenja in uspe\u0161no nadaljevanje \u0161tudija v razli\u010dnih programih druge stopnje.<\/p>\n<ul>\n<li>povezava do spletne strani z razlago kompetenc: <a href=\"https:\/\/esvetovanje.ess.gov.si\/KajZnam\/KajSoKompetence\/\" target=\"_blank\" rel=\"noopener noreferrer\" data-auth=\"NotApplicable\" data-safelink=\"true\" data-ogsc=\"\" data-linkindex=\"1\">ZRSZ &#8211; eSvetovanje &#8211; Kaj znam (gov.si)<\/a><\/li>\n<\/ul>\n<h2>Zaposlitvene mo\u017enosti<\/h2>\n<p>V razli\u010dnih ustanovah in na oddelku potekajo obse\u017ene temeljne raziskave na podro\u010djih sedimentologije, paleontologije, tektonike, petrologije, mineralogije, geomorfologije, geologije krasa in drugih geolo\u0161kih podro\u010djih, da bi geolo\u0161ko \u010dim bolje spoznali slovenski prostor.<\/p>\n<p>Med klasi\u010dna geolo\u0161ka dela, ki zahtevajo \u0161iroko strokovno znanje, spada geolo\u0161ko kartiranje oziroma izdelava geolo\u0161kih kart. Delo pri izdelavi geolo\u0161kih kart je skupinsko, poleg klasi\u010dnega terenskega geologa sodelujejo sedimentolog, paleontolog in tektonik.<\/p>\n<p>Odkrivanje novih vodnih virov je danes ena prednostnih nalog. Vse bolj prihaja v na\u0161o zavest tudi dejstvo, da so vodni viri izredno ob\u010dutljivi odprti sistemi ter je zato za njihovo za\u0161\u010dito potrebna stalna hidrogeolo\u0161ka kontrola.<\/p>\n<p>Velik del onesna\u017eenja okolja je povzro\u010dila uporaba naravnih virov, tako energetskih kot kovinskih in nekovinskih. Zato bi marsikdo mislil, da za geologa, ki je zadol\u017een za iskanje novih naravnih virov, prihajajo slabi \u010dasi. Vendar ni tako. Modernemu geologu prav to odpira nove delovne mo\u017enosti na podro\u010dju varstva okolja. Danes se ekonomski geolog ne ukvarja ve\u010d samo s pustim izra\u010dunavanjem rudnih zalog, prisiljen je nadzorovati in spremljati vplive izkori\u0161\u010danja teh zalog na okolje. Jedrski odpadki so posebno poglavje znotraj varstva okolja. Zanje je potreben niz kompleksnih raziskav, med katere spadajo tudi geolo\u0161ke.<br \/>\nVsak trenutek nam grozi nevarnost naravne katastrofe, potresa, plazu, poplave. Geolog svetuje in sodeluje pri prepre\u010devanju teh nesre\u010d ter pri sanaciji prizadetih obmo\u010dij.<\/p>\n<p>Z zavedanjem, da \u017eivimo v prelepi de\u017eeli med Jadranom, Alpami in Panonsko ni\u017eino, je zrasla na\u0161a pozornost do naravne dedi\u0161\u010dine. Ni dovolj, da to dedi\u0161\u010dino le evidentiramo, moramo jo tudi natan\u010dno spoznati in razumeti, za kar si prav tako prizadevamo geologi.<\/p>\n","protected":false},"excerpt":{"rendered":"GEOLOGIJA Stopnja in vrsta \u0161tudijskega programa: Dodiplomski \u2013 univerzitetni Trajanje: 3 leta (6 semestrov), skupaj 180 kreditnih to\u010dk po sistemu ECTS \u0160tudijsko podro\u010dje po ISCED klasifikaciji: tehnika (52), varstvo okolja (85), vede o ne\u017eivi naravi (44) Strokovni naslov: diplomirani in\u017eenir geologije (UN) oz. diplomirana in\u017eenirka geologije (UN), okraj\u0161ava: dipl. in\u017e. geol. (UN) Temeljni cilji in &#8230; <a class=\"view-article\" href=\"https:\/\/www.ntf.uni-lj.si\/og\/studij\/geologija-un\/splosne-informacije\/\">Read more<\/a>","protected":false},"author":15,"featured_media":0,"parent":364,"menu_order":10,"comment_status":"closed","ping_status":"closed","template":"","meta":[],"acf":[],"yoast_head":"<!-- This site is optimized with the Yoast SEO plugin v17.0 - https:\/\/yoast.com\/wordpress\/plugins\/seo\/ -->\n<meta name=\"robots\" content=\"index, follow, max-snippet:-1, max-image-preview:large, max-video-preview:-1\" \/>\n<link rel=\"canonical\" href=\"https:\/\/www.ntf.uni-lj.si\/og\/studij\/geologija-un\/splosne-informacije\/\" \/>\n<meta property=\"og:locale\" content=\"en_US\" \/>\n<meta property=\"og:type\" content=\"article\" \/>\n<meta property=\"og:title\" content=\"Splo\u0161ne informacije - OG\" \/>\n<meta property=\"og:description\" content=\"GEOLOGIJA Stopnja in vrsta \u0161tudijskega programa: Dodiplomski \u2013 univerzitetni Trajanje: 3 leta (6 semestrov), skupaj 180 kreditnih to\u010dk po sistemu ECTS \u0160tudijsko podro\u010dje po ISCED klasifikaciji: tehnika (52), varstvo okolja (85), vede o ne\u017eivi naravi (44) Strokovni naslov: diplomirani in\u017eenir geologije (UN) oz. diplomirana in\u017eenirka geologije (UN), okraj\u0161ava: dipl. in\u017e. geol. (UN) Temeljni cilji in ... Read more\" \/>\n<meta property=\"og:url\" content=\"https:\/\/www.ntf.uni-lj.si\/og\/studij\/geologija-un\/splosne-informacije\/\" \/>\n<meta property=\"og:site_name\" content=\"OG\" \/>\n<meta property=\"article:modified_time\" content=\"2026-04-09T10:01:47+00:00\" \/>\n<meta name=\"twitter:label1\" content=\"Est. reading time\" \/>\n\t<meta name=\"twitter:data1\" content=\"3 minutes\" \/>\n<script type=\"application\/ld+json\" class=\"yoast-schema-graph\">{\"@context\":\"https:\/\/schema.org\",\"@graph\":[{\"@type\":\"WebSite\",\"@id\":\"https:\/\/www.ntf.uni-lj.si\/og\/#website\",\"url\":\"https:\/\/www.ntf.uni-lj.si\/og\/\",\"name\":\"OG\",\"description\":\"Oddelek za geologijo\",\"potentialAction\":[{\"@type\":\"SearchAction\",\"target\":{\"@type\":\"EntryPoint\",\"urlTemplate\":\"https:\/\/www.ntf.uni-lj.si\/og\/?s={search_term_string}\"},\"query-input\":\"required name=search_term_string\"}],\"inLanguage\":\"en-US\"},{\"@type\":\"WebPage\",\"@id\":\"https:\/\/www.ntf.uni-lj.si\/og\/studij\/geologija-un\/splosne-informacije\/#webpage\",\"url\":\"https:\/\/www.ntf.uni-lj.si\/og\/studij\/geologija-un\/splosne-informacije\/\",\"name\":\"Splo\\u0161ne informacije - OG\",\"isPartOf\":{\"@id\":\"https:\/\/www.ntf.uni-lj.si\/og\/#website\"},\"datePublished\":\"2015-05-07T06:23:34+00:00\",\"dateModified\":\"2026-04-09T10:01:47+00:00\",\"breadcrumb\":{\"@id\":\"https:\/\/www.ntf.uni-lj.si\/og\/studij\/geologija-un\/splosne-informacije\/#breadcrumb\"},\"inLanguage\":\"en-US\",\"potentialAction\":[{\"@type\":\"ReadAction\",\"target\":[\"https:\/\/www.ntf.uni-lj.si\/og\/studij\/geologija-un\/splosne-informacije\/\"]}]},{\"@type\":\"BreadcrumbList\",\"@id\":\"https:\/\/www.ntf.uni-lj.si\/og\/studij\/geologija-un\/splosne-informacije\/#breadcrumb\",\"itemListElement\":[{\"@type\":\"ListItem\",\"position\":1,\"name\":\"Home\",\"item\":\"https:\/\/www.ntf.uni-lj.si\/og\/\"},{\"@type\":\"ListItem\",\"position\":2,\"name\":\"\\u0160tudij\",\"item\":\"https:\/\/www.ntf.uni-lj.si\/og\/studij\/\"},{\"@type\":\"ListItem\",\"position\":3,\"name\":\"Geologija 1. stopnja (UN)\",\"item\":\"https:\/\/www.ntf.uni-lj.si\/og\/studij\/geologija-un\/\"},{\"@type\":\"ListItem\",\"position\":4,\"name\":\"Splo\\u0161ne informacije\"}]}]}<\/script>\n<!-- \/ Yoast SEO plugin. -->","yoast_head_json":{"robots":{"index":"index","follow":"follow","max-snippet":"max-snippet:-1","max-image-preview":"max-image-preview:large","max-video-preview":"max-video-preview:-1"},"canonical":"https:\/\/www.ntf.uni-lj.si\/og\/studij\/geologija-un\/splosne-informacije\/","og_locale":"en_US","og_type":"article","og_title":"Splo\u0161ne informacije - OG","og_description":"GEOLOGIJA Stopnja in vrsta \u0161tudijskega programa: Dodiplomski \u2013 univerzitetni Trajanje: 3 leta (6 semestrov), skupaj 180 kreditnih to\u010dk po sistemu ECTS \u0160tudijsko podro\u010dje po ISCED klasifikaciji: tehnika (52), varstvo okolja (85), vede o ne\u017eivi naravi (44) Strokovni naslov: diplomirani in\u017eenir geologije (UN) oz. diplomirana in\u017eenirka geologije (UN), okraj\u0161ava: dipl. in\u017e. geol. (UN) Temeljni cilji in ... Read more","og_url":"https:\/\/www.ntf.uni-lj.si\/og\/studij\/geologija-un\/splosne-informacije\/","og_site_name":"OG","article_modified_time":"2026-04-09T10:01:47+00:00","twitter_misc":{"Est. reading time":"3 minutes"},"schema":{"@context":"https:\/\/schema.org","@graph":[{"@type":"WebSite","@id":"https:\/\/www.ntf.uni-lj.si\/og\/#website","url":"https:\/\/www.ntf.uni-lj.si\/og\/","name":"OG","description":"Oddelek za geologijo","potentialAction":[{"@type":"SearchAction","target":{"@type":"EntryPoint","urlTemplate":"https:\/\/www.ntf.uni-lj.si\/og\/?s={search_term_string}"},"query-input":"required name=search_term_string"}],"inLanguage":"en-US"},{"@type":"WebPage","@id":"https:\/\/www.ntf.uni-lj.si\/og\/studij\/geologija-un\/splosne-informacije\/#webpage","url":"https:\/\/www.ntf.uni-lj.si\/og\/studij\/geologija-un\/splosne-informacije\/","name":"Splo\u0161ne informacije - OG","isPartOf":{"@id":"https:\/\/www.ntf.uni-lj.si\/og\/#website"},"datePublished":"2015-05-07T06:23:34+00:00","dateModified":"2026-04-09T10:01:47+00:00","breadcrumb":{"@id":"https:\/\/www.ntf.uni-lj.si\/og\/studij\/geologija-un\/splosne-informacije\/#breadcrumb"},"inLanguage":"en-US","potentialAction":[{"@type":"ReadAction","target":["https:\/\/www.ntf.uni-lj.si\/og\/studij\/geologija-un\/splosne-informacije\/"]}]},{"@type":"BreadcrumbList","@id":"https:\/\/www.ntf.uni-lj.si\/og\/studij\/geologija-un\/splosne-informacije\/#breadcrumb","itemListElement":[{"@type":"ListItem","position":1,"name":"Home","item":"https:\/\/www.ntf.uni-lj.si\/og\/"},{"@type":"ListItem","position":2,"name":"\u0160tudij","item":"https:\/\/www.ntf.uni-lj.si\/og\/studij\/"},{"@type":"ListItem","position":3,"name":"Geologija 1. stopnja (UN)","item":"https:\/\/www.ntf.uni-lj.si\/og\/studij\/geologija-un\/"},{"@type":"ListItem","position":4,"name":"Splo\u0161ne informacije"}]}]}},"_links":{"self":[{"href":"https:\/\/www.ntf.uni-lj.si\/og\/wp-json\/wp\/v2\/pages\/423"}],"collection":[{"href":"https:\/\/www.ntf.uni-lj.si\/og\/wp-json\/wp\/v2\/pages"}],"about":[{"href":"https:\/\/www.ntf.uni-lj.si\/og\/wp-json\/wp\/v2\/types\/page"}],"author":[{"embeddable":true,"href":"https:\/\/www.ntf.uni-lj.si\/og\/wp-json\/wp\/v2\/users\/15"}],"replies":[{"embeddable":true,"href":"https:\/\/www.ntf.uni-lj.si\/og\/wp-json\/wp\/v2\/comments?post=423"}],"version-history":[{"count":16,"href":"https:\/\/www.ntf.uni-lj.si\/og\/wp-json\/wp\/v2\/pages\/423\/revisions"}],"predecessor-version":[{"id":9102,"href":"https:\/\/www.ntf.uni-lj.si\/og\/wp-json\/wp\/v2\/pages\/423\/revisions\/9102"}],"up":[{"embeddable":true,"href":"https:\/\/www.ntf.uni-lj.si\/og\/wp-json\/wp\/v2\/pages\/364"}],"wp:attachment":[{"href":"https:\/\/www.ntf.uni-lj.si\/og\/wp-json\/wp\/v2\/media?parent=423"}],"curies":[{"name":"wp","href":"https:\/\/api.w.org\/{rel}","templated":true}]}}