{"id":430,"date":"2015-05-07T06:25:26","date_gmt":"2015-05-07T06:25:26","guid":{"rendered":"http:\/\/www.ntf.uni-lj.si\/og\/?page_id=430"},"modified":"2023-03-23T09:08:00","modified_gmt":"2023-03-23T08:08:00","slug":"pogoji-za-vpis","status":"publish","type":"page","link":"https:\/\/www.ntf.uni-lj.si\/og\/studij\/geologija-un\/pogoji-za-vpis\/","title":{"rendered":"Pogoji za vpis"},"content":{"rendered":"<h2>Pogoji za vpis<\/h2>\n<p>V univerzitetni \u0161tudijski program Geologija se lahko vpi\u0161e:<\/p>\n<p>a) kdor je opravil splo\u0161no maturo,<\/p>\n<p>b) kdor je opravil poklicno maturo v v kateremkoli srednje\u0161olskem programu in izpit splo\u0161ne mature iz predmeta matematika ali tuj jezik, \u010de je matematiko \u017ee opravil pri poklicni maturi,<\/p>\n<p>c) kdor je pred 1. 6. 1995 kon\u010dal katerikoli \u0161tiriletni srednje\u0161olski program,<\/p>\n<p>d) kdor je kon\u010dal enakovredno izobra\u017eevanje v tujini.<\/p>\n<p>&nbsp;<\/p>\n<h2>Merila za izbiro ob omejitvi vpisa<\/h2>\n<p>V primeru omejitve vpisa bodo imeli prednost dijaki z opravljeno maturo (to\u010dki 1 in 3), in sicer bodo: kandidati iz to\u010dk 1. in 3. izbrani glede na:<\/p>\n<ul>\n<li>splo\u0161ni uspeh pri maturi oziroma zaklju\u010dnem izpitu 50% to\u010dk,<\/li>\n<li>splo\u0161ni uspeh v 3. in 4. letniku 50% to\u010dk;<\/li>\n<\/ul>\n<p>kandidati iz to\u010dke 2. izbrani glede na:<\/p>\n<ul>\n<li>splo\u0161ni uspeh pri poklicni maturi 20% to\u010dk,<\/li>\n<li>splo\u0161ni uspeh v 3. in 4. letniku 40% to\u010dk,<\/li>\n<li>uspeh pri naravoslovnih maturitetnih predmetih 40% to\u010dk.<\/li>\n<\/ul>\n<p>&nbsp;<\/p>\n<h2>Merila za priznavanje znanja in spretnosti, pridobljenih pred vpisom v program<\/h2>\n<p>\u0160tudentu se lahko priznajo znanja, ki po vsebini ustrezajo u\u010dnim vsebinam predmetov v programu Geologija. O priznavanju znanj in spretnosti pridobljenih pred vpisom odlo\u010da akademski zbor Oddelka za geologijo na podlagi mnenja \u0160tudijske komisije Oddelka za geologijo, ki ga izdela na osnovi pisne vloge \u0161tudenta, prilo\u017eenih spri\u010deval in drugih listin, ki dokazujejo uspe\u0161no pridobljeno znanje ter vsebino teh znanj ter v skladu s Pravilnikom o postopku in merilih za priznavanje neformalno pridobljenega znanja in spretnosti (sprejeto na 15. seji senata UL, 29. 5. 2007). Pri priznavanju znanja, pridobljenega pred vpisom, bo \u0160tudijska Komisija upo\u0161tevala naslednja merila:<\/p>\n<ul>\n<li>predlo\u017eena spri\u010devala in druge listine o kon\u010danih te\u010dajih in drugih oblikah izobra\u017eevanja,<\/li>\n<li>ustreznost pogojev za pristop v razli\u010dne oblike izobra\u017eevanja (zahtevana predhodna izobrazba za vklju\u010ditev v izobra\u017eevanje),<\/li>\n<li>primerljivost obsega izobra\u017eevanja (\u0161tevilo ur predhodnega izobra\u017eevanja glede na obseg predmeta, pri katerem se obveznost priznava),<\/li>\n<li>ustreznost vsebine izobra\u017eevanja glede na vsebino predmeta, pri katerem se obveznost priznava. V primeru, da komisija ugotovi, da se pridobljeno znanje lahko prizna, se to ovrednoti z enakim \u0161tevilom to\u010dk po ECTS, kot zna\u0161a \u0161tevilo kreditnih to\u010dk pri predmetu.<\/li>\n<\/ul>\n","protected":false},"excerpt":{"rendered":"Pogoji za vpis V univerzitetni \u0161tudijski program Geologija se lahko vpi\u0161e: a) kdor je opravil splo\u0161no maturo, b) kdor je opravil poklicno maturo v v kateremkoli srednje\u0161olskem programu in izpit splo\u0161ne mature iz predmeta matematika ali tuj jezik, \u010de je matematiko \u017ee opravil pri poklicni maturi, c) kdor je pred 1. 6. 1995 kon\u010dal katerikoli &#8230; <a class=\"view-article\" href=\"https:\/\/www.ntf.uni-lj.si\/og\/studij\/geologija-un\/pogoji-za-vpis\/\">Read more<\/a>","protected":false},"author":15,"featured_media":0,"parent":364,"menu_order":20,"comment_status":"closed","ping_status":"closed","template":"","meta":[],"acf":[],"yoast_head":"<!-- This site is optimized with the Yoast SEO plugin v17.0 - https:\/\/yoast.com\/wordpress\/plugins\/seo\/ -->\n<meta name=\"robots\" content=\"index, follow, max-snippet:-1, max-image-preview:large, max-video-preview:-1\" \/>\n<link rel=\"canonical\" href=\"https:\/\/www.ntf.uni-lj.si\/og\/studij\/geologija-un\/pogoji-za-vpis\/\" \/>\n<meta property=\"og:locale\" content=\"en_US\" \/>\n<meta property=\"og:type\" content=\"article\" \/>\n<meta property=\"og:title\" content=\"Pogoji za vpis - OG\" \/>\n<meta property=\"og:description\" content=\"Pogoji za vpis V univerzitetni \u0161tudijski program Geologija se lahko vpi\u0161e: a) kdor je opravil splo\u0161no maturo, b) kdor je opravil poklicno maturo v v kateremkoli srednje\u0161olskem programu in izpit splo\u0161ne mature iz predmeta matematika ali tuj jezik, \u010de je matematiko \u017ee opravil pri poklicni maturi, c) kdor je pred 1. 6. 1995 kon\u010dal katerikoli ... Read more\" \/>\n<meta property=\"og:url\" content=\"https:\/\/www.ntf.uni-lj.si\/og\/studij\/geologija-un\/pogoji-za-vpis\/\" \/>\n<meta property=\"og:site_name\" content=\"OG\" \/>\n<meta property=\"article:modified_time\" content=\"2023-03-23T08:08:00+00:00\" \/>\n<meta name=\"twitter:label1\" content=\"Est. reading time\" \/>\n\t<meta name=\"twitter:data1\" content=\"2 minutes\" \/>\n<script type=\"application\/ld+json\" class=\"yoast-schema-graph\">{\"@context\":\"https:\/\/schema.org\",\"@graph\":[{\"@type\":\"WebSite\",\"@id\":\"https:\/\/www.ntf.uni-lj.si\/og\/#website\",\"url\":\"https:\/\/www.ntf.uni-lj.si\/og\/\",\"name\":\"OG\",\"description\":\"Oddelek za geologijo\",\"potentialAction\":[{\"@type\":\"SearchAction\",\"target\":{\"@type\":\"EntryPoint\",\"urlTemplate\":\"https:\/\/www.ntf.uni-lj.si\/og\/?s={search_term_string}\"},\"query-input\":\"required name=search_term_string\"}],\"inLanguage\":\"en-US\"},{\"@type\":\"WebPage\",\"@id\":\"https:\/\/www.ntf.uni-lj.si\/og\/studij\/geologija-un\/pogoji-za-vpis\/#webpage\",\"url\":\"https:\/\/www.ntf.uni-lj.si\/og\/studij\/geologija-un\/pogoji-za-vpis\/\",\"name\":\"Pogoji za vpis - OG\",\"isPartOf\":{\"@id\":\"https:\/\/www.ntf.uni-lj.si\/og\/#website\"},\"datePublished\":\"2015-05-07T06:25:26+00:00\",\"dateModified\":\"2023-03-23T08:08:00+00:00\",\"breadcrumb\":{\"@id\":\"https:\/\/www.ntf.uni-lj.si\/og\/studij\/geologija-un\/pogoji-za-vpis\/#breadcrumb\"},\"inLanguage\":\"en-US\",\"potentialAction\":[{\"@type\":\"ReadAction\",\"target\":[\"https:\/\/www.ntf.uni-lj.si\/og\/studij\/geologija-un\/pogoji-za-vpis\/\"]}]},{\"@type\":\"BreadcrumbList\",\"@id\":\"https:\/\/www.ntf.uni-lj.si\/og\/studij\/geologija-un\/pogoji-za-vpis\/#breadcrumb\",\"itemListElement\":[{\"@type\":\"ListItem\",\"position\":1,\"name\":\"Home\",\"item\":\"https:\/\/www.ntf.uni-lj.si\/og\/\"},{\"@type\":\"ListItem\",\"position\":2,\"name\":\"\\u0160tudij\",\"item\":\"https:\/\/www.ntf.uni-lj.si\/og\/studij\/\"},{\"@type\":\"ListItem\",\"position\":3,\"name\":\"Geologija 1. stopnja (UN)\",\"item\":\"https:\/\/www.ntf.uni-lj.si\/og\/studij\/geologija-un\/\"},{\"@type\":\"ListItem\",\"position\":4,\"name\":\"Pogoji za vpis\"}]}]}<\/script>\n<!-- \/ Yoast SEO plugin. -->","yoast_head_json":{"robots":{"index":"index","follow":"follow","max-snippet":"max-snippet:-1","max-image-preview":"max-image-preview:large","max-video-preview":"max-video-preview:-1"},"canonical":"https:\/\/www.ntf.uni-lj.si\/og\/studij\/geologija-un\/pogoji-za-vpis\/","og_locale":"en_US","og_type":"article","og_title":"Pogoji za vpis - OG","og_description":"Pogoji za vpis V univerzitetni \u0161tudijski program Geologija se lahko vpi\u0161e: a) kdor je opravil splo\u0161no maturo, b) kdor je opravil poklicno maturo v v kateremkoli srednje\u0161olskem programu in izpit splo\u0161ne mature iz predmeta matematika ali tuj jezik, \u010de je matematiko \u017ee opravil pri poklicni maturi, c) kdor je pred 1. 6. 1995 kon\u010dal katerikoli ... Read more","og_url":"https:\/\/www.ntf.uni-lj.si\/og\/studij\/geologija-un\/pogoji-za-vpis\/","og_site_name":"OG","article_modified_time":"2023-03-23T08:08:00+00:00","twitter_misc":{"Est. reading time":"2 minutes"},"schema":{"@context":"https:\/\/schema.org","@graph":[{"@type":"WebSite","@id":"https:\/\/www.ntf.uni-lj.si\/og\/#website","url":"https:\/\/www.ntf.uni-lj.si\/og\/","name":"OG","description":"Oddelek za geologijo","potentialAction":[{"@type":"SearchAction","target":{"@type":"EntryPoint","urlTemplate":"https:\/\/www.ntf.uni-lj.si\/og\/?s={search_term_string}"},"query-input":"required name=search_term_string"}],"inLanguage":"en-US"},{"@type":"WebPage","@id":"https:\/\/www.ntf.uni-lj.si\/og\/studij\/geologija-un\/pogoji-za-vpis\/#webpage","url":"https:\/\/www.ntf.uni-lj.si\/og\/studij\/geologija-un\/pogoji-za-vpis\/","name":"Pogoji za vpis - OG","isPartOf":{"@id":"https:\/\/www.ntf.uni-lj.si\/og\/#website"},"datePublished":"2015-05-07T06:25:26+00:00","dateModified":"2023-03-23T08:08:00+00:00","breadcrumb":{"@id":"https:\/\/www.ntf.uni-lj.si\/og\/studij\/geologija-un\/pogoji-za-vpis\/#breadcrumb"},"inLanguage":"en-US","potentialAction":[{"@type":"ReadAction","target":["https:\/\/www.ntf.uni-lj.si\/og\/studij\/geologija-un\/pogoji-za-vpis\/"]}]},{"@type":"BreadcrumbList","@id":"https:\/\/www.ntf.uni-lj.si\/og\/studij\/geologija-un\/pogoji-za-vpis\/#breadcrumb","itemListElement":[{"@type":"ListItem","position":1,"name":"Home","item":"https:\/\/www.ntf.uni-lj.si\/og\/"},{"@type":"ListItem","position":2,"name":"\u0160tudij","item":"https:\/\/www.ntf.uni-lj.si\/og\/studij\/"},{"@type":"ListItem","position":3,"name":"Geologija 1. stopnja (UN)","item":"https:\/\/www.ntf.uni-lj.si\/og\/studij\/geologija-un\/"},{"@type":"ListItem","position":4,"name":"Pogoji za vpis"}]}]}},"_links":{"self":[{"href":"https:\/\/www.ntf.uni-lj.si\/og\/wp-json\/wp\/v2\/pages\/430"}],"collection":[{"href":"https:\/\/www.ntf.uni-lj.si\/og\/wp-json\/wp\/v2\/pages"}],"about":[{"href":"https:\/\/www.ntf.uni-lj.si\/og\/wp-json\/wp\/v2\/types\/page"}],"author":[{"embeddable":true,"href":"https:\/\/www.ntf.uni-lj.si\/og\/wp-json\/wp\/v2\/users\/15"}],"replies":[{"embeddable":true,"href":"https:\/\/www.ntf.uni-lj.si\/og\/wp-json\/wp\/v2\/comments?post=430"}],"version-history":[{"count":15,"href":"https:\/\/www.ntf.uni-lj.si\/og\/wp-json\/wp\/v2\/pages\/430\/revisions"}],"predecessor-version":[{"id":7953,"href":"https:\/\/www.ntf.uni-lj.si\/og\/wp-json\/wp\/v2\/pages\/430\/revisions\/7953"}],"up":[{"embeddable":true,"href":"https:\/\/www.ntf.uni-lj.si\/og\/wp-json\/wp\/v2\/pages\/364"}],"wp:attachment":[{"href":"https:\/\/www.ntf.uni-lj.si\/og\/wp-json\/wp\/v2\/media?parent=430"}],"curies":[{"name":"wp","href":"https:\/\/api.w.org\/{rel}","templated":true}]}}