{"id":459,"date":"2015-05-07T06:37:49","date_gmt":"2015-05-07T06:37:49","guid":{"rendered":"http:\/\/www.ntf.uni-lj.si\/og\/?page_id=459"},"modified":"2015-05-07T08:16:53","modified_gmt":"2015-05-07T08:16:53","slug":"prehodi-med-programi","status":"publish","type":"page","link":"https:\/\/www.ntf.uni-lj.si\/og\/studij\/geologija-un\/ostale-informacije\/prehodi-med-programi\/","title":{"rendered":"Prehodi med programi"},"content":{"rendered":"<p>Za prehod med \u0161tudijskimi programi \u0161teje prenehanje \u0161tudentovega izobra\u017eevanja v \u0161tudijskem programu, v katerega se je vpisal, in nadaljevanje izobra\u017eevanja v novem \u0161tudijskem programu. <\/p>\n<p>Mo\u017een je prehod iz katerega koli univerzitetnega programa, \u010de so izpolnjeni pogoji za vpis v program.<\/p>\n<p>Pri odobritvi in dolo\u010ditvi potrebnih obveznosti \u0160tudijska komisija Oddelka za geologijo dolo\u010di, kateri predmeti se priznajo oz. v kak\u0161nem obsegu se priznajo \u017ee opravljene \u0161tudijske obveznosti, in opredeli dodatno zahtevane kreditne to\u010dke. Na podlagi tega komisija dolo\u010di, v kateri letnik se lahko \u0161tudent vpi\u0161e.<\/p>\n<p>Mo\u017een je tudi prehod iz sedanjega univerzitetnega \u0161tudijskega programa geologije. Pri prehodu se upo\u0161tevajo kreditne to\u010dke ECTS, dose\u017eene v predhodnem programu; na podlagi tega se dolo\u010di, v kateri letnik se lahko \u0161tudent vpi\u0161e. Mo\u017een je tudi prehod iz vseh univerzitetnih \u0161tudijskih programov s podro\u010dja geologije na univerzah, ki imajo verificirane \u0161tudijske programe. Pri prehodu se upo\u0161tevajo kreditne to\u010dke ECTS, dose\u017eene v predhodnem programu. Na podlagi dose\u017eenih kreditnih to\u010dk v predhodnem programu se dolo\u010di, v kateri letnik se lahko \u0161tudent vpi\u0161e.<br \/>\n\u2003<\/p>\n","protected":false},"excerpt":{"rendered":"Za prehod med \u0161tudijskimi programi \u0161teje prenehanje \u0161tudentovega izobra\u017eevanja v \u0161tudijskem programu, v katerega se je vpisal, in nadaljevanje izobra\u017eevanja v novem \u0161tudijskem programu. Mo\u017een je prehod iz katerega koli univerzitetnega programa, \u010de so izpolnjeni pogoji za vpis v program. Pri odobritvi in dolo\u010ditvi potrebnih obveznosti \u0160tudijska komisija Oddelka za geologijo dolo\u010di, kateri predmeti se &#8230; <a class=\"view-article\" href=\"https:\/\/www.ntf.uni-lj.si\/og\/studij\/geologija-un\/ostale-informacije\/prehodi-med-programi\/\">Read more<\/a>","protected":false},"author":15,"featured_media":0,"parent":438,"menu_order":30,"comment_status":"closed","ping_status":"closed","template":"","meta":[],"acf":[],"yoast_head":"<!-- This site is optimized with the Yoast SEO plugin v17.0 - https:\/\/yoast.com\/wordpress\/plugins\/seo\/ -->\n<meta name=\"robots\" content=\"index, follow, max-snippet:-1, max-image-preview:large, max-video-preview:-1\" \/>\n<link rel=\"canonical\" href=\"https:\/\/www.ntf.uni-lj.si\/og\/studij\/geologija-un\/ostale-informacije\/prehodi-med-programi\/\" \/>\n<meta property=\"og:locale\" content=\"en_US\" \/>\n<meta property=\"og:type\" content=\"article\" \/>\n<meta property=\"og:title\" content=\"Prehodi med programi - OG\" \/>\n<meta property=\"og:description\" content=\"Za prehod med \u0161tudijskimi programi \u0161teje prenehanje \u0161tudentovega izobra\u017eevanja v \u0161tudijskem programu, v katerega se je vpisal, in nadaljevanje izobra\u017eevanja v novem \u0161tudijskem programu. Mo\u017een je prehod iz katerega koli univerzitetnega programa, \u010de so izpolnjeni pogoji za vpis v program. Pri odobritvi in dolo\u010ditvi potrebnih obveznosti \u0160tudijska komisija Oddelka za geologijo dolo\u010di, kateri predmeti se ... Read more\" \/>\n<meta property=\"og:url\" content=\"https:\/\/www.ntf.uni-lj.si\/og\/studij\/geologija-un\/ostale-informacije\/prehodi-med-programi\/\" \/>\n<meta property=\"og:site_name\" content=\"OG\" \/>\n<meta property=\"article:modified_time\" content=\"2015-05-07T08:16:53+00:00\" \/>\n<meta name=\"twitter:label1\" content=\"Est. reading time\" \/>\n\t<meta name=\"twitter:data1\" content=\"1 minute\" \/>\n<script type=\"application\/ld+json\" class=\"yoast-schema-graph\">{\"@context\":\"https:\/\/schema.org\",\"@graph\":[{\"@type\":\"WebSite\",\"@id\":\"https:\/\/www.ntf.uni-lj.si\/og\/#website\",\"url\":\"https:\/\/www.ntf.uni-lj.si\/og\/\",\"name\":\"OG\",\"description\":\"Oddelek za geologijo\",\"potentialAction\":[{\"@type\":\"SearchAction\",\"target\":{\"@type\":\"EntryPoint\",\"urlTemplate\":\"https:\/\/www.ntf.uni-lj.si\/og\/?s={search_term_string}\"},\"query-input\":\"required name=search_term_string\"}],\"inLanguage\":\"en-US\"},{\"@type\":\"WebPage\",\"@id\":\"https:\/\/www.ntf.uni-lj.si\/og\/studij\/geologija-un\/ostale-informacije\/prehodi-med-programi\/#webpage\",\"url\":\"https:\/\/www.ntf.uni-lj.si\/og\/studij\/geologija-un\/ostale-informacije\/prehodi-med-programi\/\",\"name\":\"Prehodi med programi - OG\",\"isPartOf\":{\"@id\":\"https:\/\/www.ntf.uni-lj.si\/og\/#website\"},\"datePublished\":\"2015-05-07T06:37:49+00:00\",\"dateModified\":\"2015-05-07T08:16:53+00:00\",\"breadcrumb\":{\"@id\":\"https:\/\/www.ntf.uni-lj.si\/og\/studij\/geologija-un\/ostale-informacije\/prehodi-med-programi\/#breadcrumb\"},\"inLanguage\":\"en-US\",\"potentialAction\":[{\"@type\":\"ReadAction\",\"target\":[\"https:\/\/www.ntf.uni-lj.si\/og\/studij\/geologija-un\/ostale-informacije\/prehodi-med-programi\/\"]}]},{\"@type\":\"BreadcrumbList\",\"@id\":\"https:\/\/www.ntf.uni-lj.si\/og\/studij\/geologija-un\/ostale-informacije\/prehodi-med-programi\/#breadcrumb\",\"itemListElement\":[{\"@type\":\"ListItem\",\"position\":1,\"name\":\"Home\",\"item\":\"https:\/\/www.ntf.uni-lj.si\/og\/\"},{\"@type\":\"ListItem\",\"position\":2,\"name\":\"\\u0160tudij\",\"item\":\"https:\/\/www.ntf.uni-lj.si\/og\/studij\/\"},{\"@type\":\"ListItem\",\"position\":3,\"name\":\"Geologija 1. stopnja (UN)\",\"item\":\"https:\/\/www.ntf.uni-lj.si\/og\/studij\/geologija-un\/\"},{\"@type\":\"ListItem\",\"position\":4,\"name\":\"Ostale informacije\",\"item\":\"https:\/\/www.ntf.uni-lj.si\/og\/studij\/geologija-un\/ostale-informacije\/\"},{\"@type\":\"ListItem\",\"position\":5,\"name\":\"Prehodi med programi\"}]}]}<\/script>\n<!-- \/ Yoast SEO plugin. -->","yoast_head_json":{"robots":{"index":"index","follow":"follow","max-snippet":"max-snippet:-1","max-image-preview":"max-image-preview:large","max-video-preview":"max-video-preview:-1"},"canonical":"https:\/\/www.ntf.uni-lj.si\/og\/studij\/geologija-un\/ostale-informacije\/prehodi-med-programi\/","og_locale":"en_US","og_type":"article","og_title":"Prehodi med programi - OG","og_description":"Za prehod med \u0161tudijskimi programi \u0161teje prenehanje \u0161tudentovega izobra\u017eevanja v \u0161tudijskem programu, v katerega se je vpisal, in nadaljevanje izobra\u017eevanja v novem \u0161tudijskem programu. Mo\u017een je prehod iz katerega koli univerzitetnega programa, \u010de so izpolnjeni pogoji za vpis v program. Pri odobritvi in dolo\u010ditvi potrebnih obveznosti \u0160tudijska komisija Oddelka za geologijo dolo\u010di, kateri predmeti se ... Read more","og_url":"https:\/\/www.ntf.uni-lj.si\/og\/studij\/geologija-un\/ostale-informacije\/prehodi-med-programi\/","og_site_name":"OG","article_modified_time":"2015-05-07T08:16:53+00:00","twitter_misc":{"Est. reading time":"1 minute"},"schema":{"@context":"https:\/\/schema.org","@graph":[{"@type":"WebSite","@id":"https:\/\/www.ntf.uni-lj.si\/og\/#website","url":"https:\/\/www.ntf.uni-lj.si\/og\/","name":"OG","description":"Oddelek za geologijo","potentialAction":[{"@type":"SearchAction","target":{"@type":"EntryPoint","urlTemplate":"https:\/\/www.ntf.uni-lj.si\/og\/?s={search_term_string}"},"query-input":"required name=search_term_string"}],"inLanguage":"en-US"},{"@type":"WebPage","@id":"https:\/\/www.ntf.uni-lj.si\/og\/studij\/geologija-un\/ostale-informacije\/prehodi-med-programi\/#webpage","url":"https:\/\/www.ntf.uni-lj.si\/og\/studij\/geologija-un\/ostale-informacije\/prehodi-med-programi\/","name":"Prehodi med programi - OG","isPartOf":{"@id":"https:\/\/www.ntf.uni-lj.si\/og\/#website"},"datePublished":"2015-05-07T06:37:49+00:00","dateModified":"2015-05-07T08:16:53+00:00","breadcrumb":{"@id":"https:\/\/www.ntf.uni-lj.si\/og\/studij\/geologija-un\/ostale-informacije\/prehodi-med-programi\/#breadcrumb"},"inLanguage":"en-US","potentialAction":[{"@type":"ReadAction","target":["https:\/\/www.ntf.uni-lj.si\/og\/studij\/geologija-un\/ostale-informacije\/prehodi-med-programi\/"]}]},{"@type":"BreadcrumbList","@id":"https:\/\/www.ntf.uni-lj.si\/og\/studij\/geologija-un\/ostale-informacije\/prehodi-med-programi\/#breadcrumb","itemListElement":[{"@type":"ListItem","position":1,"name":"Home","item":"https:\/\/www.ntf.uni-lj.si\/og\/"},{"@type":"ListItem","position":2,"name":"\u0160tudij","item":"https:\/\/www.ntf.uni-lj.si\/og\/studij\/"},{"@type":"ListItem","position":3,"name":"Geologija 1. stopnja (UN)","item":"https:\/\/www.ntf.uni-lj.si\/og\/studij\/geologija-un\/"},{"@type":"ListItem","position":4,"name":"Ostale informacije","item":"https:\/\/www.ntf.uni-lj.si\/og\/studij\/geologija-un\/ostale-informacije\/"},{"@type":"ListItem","position":5,"name":"Prehodi med programi"}]}]}},"_links":{"self":[{"href":"https:\/\/www.ntf.uni-lj.si\/og\/wp-json\/wp\/v2\/pages\/459"}],"collection":[{"href":"https:\/\/www.ntf.uni-lj.si\/og\/wp-json\/wp\/v2\/pages"}],"about":[{"href":"https:\/\/www.ntf.uni-lj.si\/og\/wp-json\/wp\/v2\/types\/page"}],"author":[{"embeddable":true,"href":"https:\/\/www.ntf.uni-lj.si\/og\/wp-json\/wp\/v2\/users\/15"}],"replies":[{"embeddable":true,"href":"https:\/\/www.ntf.uni-lj.si\/og\/wp-json\/wp\/v2\/comments?post=459"}],"version-history":[{"count":2,"href":"https:\/\/www.ntf.uni-lj.si\/og\/wp-json\/wp\/v2\/pages\/459\/revisions"}],"predecessor-version":[{"id":626,"href":"https:\/\/www.ntf.uni-lj.si\/og\/wp-json\/wp\/v2\/pages\/459\/revisions\/626"}],"up":[{"embeddable":true,"href":"https:\/\/www.ntf.uni-lj.si\/og\/wp-json\/wp\/v2\/pages\/438"}],"wp:attachment":[{"href":"https:\/\/www.ntf.uni-lj.si\/og\/wp-json\/wp\/v2\/media?parent=459"}],"curies":[{"name":"wp","href":"https:\/\/api.w.org\/{rel}","templated":true}]}}