{"id":501,"date":"2015-05-07T06:54:45","date_gmt":"2015-05-07T06:54:45","guid":{"rendered":"http:\/\/www.ntf.uni-lj.si\/og\/?page_id=501"},"modified":"2019-06-04T10:02:19","modified_gmt":"2019-06-04T08:02:19","slug":"mednarodna-primerljivost","status":"publish","type":"page","link":"https:\/\/www.ntf.uni-lj.si\/og\/studij\/geologija-un\/mednarodna-primerljivost\/","title":{"rendered":"Mednarodna primerljivost"},"content":{"rendered":"<h2>Mednarodna primerljivost programa<\/h2>\n<p>Tuji sorodni \u0161tudijski programi (ime programa, zavod, dr\u017eava):<\/p>\n<ul>\n<li>Geologie, Masarykova univerzita, Prirodovedecka fakulteta, Brno, \u010ce\u0161ka\n<ul>\n<li><a href=\"http:\/\/www.muni.cz\/sci\/study\/programmes\/bachelor_degree\">http:\/\/www.muni.cz\/sci\/study\/programmes\/bachelor_degree<\/a><\/li>\n<li><a href=\"http:\/\/www.sci.muni.cz\/katalog\/\">http:\/\/www.sci.muni.cz\/katalog\/<\/a><\/li>\n<\/ul>\n<\/li>\n<li>Earth Sciences, NAWI Graz (joint programme of Graz University of Technology and the Karl-Franzens University), Avstrija\n<ul>\n<li><a href=\"http:\/\/portal.tugraz.at\/portal\/page?_pageid=75,1740050&amp;_dad=portal&amp;_schema=PORTAL\">http:\/\/portal.tugraz.at\/portal\/page?_pageid=75,1740050&amp;_dad=portal&amp;_schema=PORTAL<\/a><\/li>\n<\/ul>\n<\/li>\n<li>Laurea in Geological Sciences, Universita degli studi di Modena e Reggio Emilia, Italija\n<ul>\n<li><a href=\"http:\/\/www.esse3.casa.unimore.it\/CorsoDiStudio.do?cds_id=213&amp;cod_lingua=eng\">http:\/\/www.esse3.casa.unimore.it\/CorsoDiStudio.do?cds_id=213&amp;cod_lingua=eng<\/a><\/li>\n<\/ul>\n<\/li>\n<\/ul>\n<p>Vsi trije programi so prvostopenjski programi, ki se tematsko nana\u0161ajo na podro\u010dje geologije. Zasnovani so po principu 3 + 2, kjer na prvi stopnji \u0161tudenti dobijo dobro temeljno znanje, ki ga v nadaljevanju \u0161tudija lahko specialisti\u010dno nadgradijo. V prvih treh letih \u0161tudenti absolvirajo 180 ECTS. V prvem letniku \u0161tudenti v vseh programih absolvirajo temeljno geolo\u0161ko znanje, ki je podano v predmetih Osnove geologije, Paleontologija in Mineralogija. Obseg in vsebina predmetov sta primerljiva, \u010deprav vsi referen\u010dni programi ne vklju\u010dujejo vsega temeljnega naravoslovnega znanja, npr. matematike, fizike in kemije v Brnu. V vi\u0161jih letnikih sledijo strokovna nadgradnja ter uporabni predmeti. Predmeti v referen\u010dnih programih so pogosto zdru\u017eeni v razli\u010dne kombinacije. Le \u010de\u0161ki program predvideva izbirnost \u017ee v prvih treh semestrih \u0161tudija (vendar je to pogosto angle\u0161\u010dina, ki je dejansko obvezni predmet, saj jo je za dokon\u010danje \u0161tudija treba absolvirati). V predlaganem in avstrijskem programu se izbirnost za\u010dne v \u010detrtem, v italijanskem pa \u0161ele v petem semestru.<\/p>\n<p>Predlo\u017eeni program je zaradi \u0161irine profila geologa v obveznem delu ohranil vse osnovno naravoslovno znanje, poglobljene in posebne vsebine pa omogo\u010da v izbirnih vsebinah. Podobno kot referen\u010dni programi v naboru izbirnih vsebin v okviru fakultete in mati\u010dne univerze ponuja tudi osnovno dru\u017eboslovno znanje. Pogoji za vpis v \u0161tudijske programe prve stopnje so predpisani z nacionalno zakonodajo s podro\u010dja visokega \u0161olstva. Enako kot pri referen\u010dnih programih je za vpis potrebna opravljena matura oz. z diferencialnimi izpiti dose\u017een ekvivalent mature. Italijanski program predvideva tudi preizkus znanja iz matematike ter omogo\u010da te\u010daj, kjer \u0161tudenti pridobijo manjkajo\u010de osnove.<\/p>\n<p>V vseh primerih \u0161tudij traja 6 semestrov oz. 180 ECTS. Na semester je predpisanih 30 ECTS, razen v Gradcu, kjer je dovoljeno odstopanje za 0,5 ECTS na semester, ter v Modeni, kjer je obseg semestra od 26 do 34 ECTS. \u0160tevilo kontaktnih ur, ki jih predvideva predlagani program, je ve\u010dje kot v referen\u010dnih programih, in sicer se za pribli\u017eno 1000 ur razlikuje od \u010de\u0161kega, 500 od avstrijskega in 400 od italijanskega programa. Vzrok je ve\u010dji obseg terenskega dela in laboratorijskih vaj, ki \u0161tudentu omogo\u010dajo pridobitev prakti\u010dnega znanja. \u010ce\u0161ki in avstrijski programi predvidevajo sproten \u0161tudij, saj je za prehod v vi\u0161ji letnik treba opraviti vse obveznosti, predlagani program pa omogo\u010da, da \u0161tudent v vi\u0161ji letnik napreduje s 54 ECTS. Manjkajo\u010de kredite prej\u0161njega letnika mora obvezno opraviti v vpisanem letniku. Italijanski program je pri prehajanju v drugi letnik s 24 ECTS in v tretji letnik s 70 ECTS \u0161e bolj popustljiv. Tudi referen\u010dni programi za zaklju\u010dek \u0161tudija predvidevajo diplomsko delo, vendar mu v primerjavi s predlaganim programom (8 ECTS) namenjajo ve\u010d ECTS (12 \u010de\u0161ki in 15 avstrijski) oz. manj ECTS (5 italijanski). Po zaklju\u010denem prvostopenjskem \u0161tudiju \u0161tudent pridobi naziv bsc geologije ali ved o zemlji oz. laureato in scienze geologiche.<\/p>\n<p>Predlagani in referen\u010dni programi se izvajajo kot redni \u0161tudij v 6 semestrih. Tako predlagani kot \u010de\u0161ki in avstrijski program formalno ne predvidevajo smeri oz. modulov, \u010deprav so predmeti v predstavitveni bro\u0161uri pogosto urejeni po tematskih sklopih (v Gradcu npr. Paleontologija, Mineralogija in Uporabne vede o Zemlji). Italijanski program predvideva tri usmeritve: Uporaba geologije in paleontologije za re\u0161evanje okoljskih in prostorskih problemov, Uporaba geomorfologije in geologije pri prou\u010devanju okoljskih nevarnosti in vplivov ter Naravni materiali: razpolo\u017eljivost, karakterizacija in uporaba. \u0160tevilo predmetov v vseh \u0161tirih programih je primerljivo, izstopa le avstrijski program, kjer je predmetov skoraj dvakrat ve\u010d kot v drugih programih. Izbirnost v predlaganem programu je 10 %; 10 ECTS je popolnoma izbirnih in jih \u0161tudent lahko realizira v katerem koli programu Univerze v Ljubljani ali drugih evropskih univerz. Predlagani program je tako po izbirnosti med avstrijskim (6,7 %) in \u010de\u0161kim (pribli\u017eno 30 %, vendar je tu upo\u0161tevana tudi izbirnost med predpisanimi predmeti, kar dejansko izbirnost precej zmanj\u0161a). Po naboru in obsegu predmetov so vsi \u0161tirje programi vsebinsko primerljivi, posebnost slovenskega predloga je nekoliko bolj tehni\u0161ka usmerjenost programa. V vseh programih pedago\u0161ki proces obsega klasi\u010dna predavanja ter prakti\u010dne in terenske vaje, katerih dele\u017e je v razli\u010dnih usmeritvah razli\u010den.<\/p>\n<p>Predlagani program sku\u0161a upo\u0161tevati problemsko utemeljeno u\u010denje ter projektno delo v obliki praktikumov in prakse. \u0160tudent v vseh \u0161tirih programih sposobnost samostojnega re\u0161evanja problema potrdi z diplomskim delom.<\/p>\n<p>Predlagani in referen\u010dni programi predvidevajo mobilnost \u0161tudentov in profesorjev v okviru razli\u010dnih mre\u017e (CEEPUS) in programov (SOCRATES, ERASMUS) ter sodelovanje s partnerskimi univerzami. Dejansko so bile tak\u0161ne izmenjave \u017ee realizirane, in sicer s \u010ce\u0161ko, \u0160panijo, Hrva\u0161ko in Albanijo. Predvideni jezik izvajanja programa je sloven\u0161\u010dina, vendar je velik del literature pri posameznih predmetih na voljo tudi v angle\u0161kem jeziku, kar olaj\u0161uje mobilnost \u0161tudentov in u\u010diteljev. Po potrebi je dele programa mogo\u010de izvajati tudi v angle\u0161\u010dini.<br \/>\nNajo\u010ditnej\u0161a razlika med \u010de\u0161kim in predlaganim slovenskim programom je, da \u010de\u0161ki program sploh ne vsebuje osnovnih naravoslovnih predmetov \u2013 matematike, fizike in kemije. Dodaten obvezni predmet, za katerega \u0161tudent ne dobi kreditnih to\u010dk, je varstvo pri delu. S po 1 ECTS to\u010dkujejo tudi obvezno \u0161portno vzgojo ter z 2 ECTS tuj jezik. Nabor drugih predmetov je po naslovu, obsegu in teoreti\u010dni vsebini oblikovan dokaj podobno kot na\u0161. Bistvena razlika je tudi, da so v bolonjskem \u0161tudijskem programu v Brnu opustili terenske vaje ter veliko laboratorijskih vaj. Poleg tega je na Masarykovi univerzi geologijo mogo\u010de \u0161tudirati tudi v kombinaciji z arheologijo in muzeologijo. Avstrijski program sicer predvideva 180 ECTS, vendar pa ni strogo predpisana vsota 30 ECTS na semester. Predmeti so to\u010dkovani tudi s polovi\u010dnimi ECTS in pogosto z manj kot 3 ECTS. Predmeti so zato veliko bolj razdrobljeni kot pri nas, tako da so vsebine, ki pri nas zajemajo zgolj en predmet, tam porazdeljene med ve\u010d predmetov in semestrov \u0161tudija. V gra\u0161kem programu je ve\u010d naravoslovnih vsebin (mineralogija, petrologija, paleontologija, stratigrafija \u2026) in manj in\u017eenirskih vsebin (mehanika, geomehanika, in\u017eenirska geologija, geofizika &#8230;) ter temeljnih naravoslovnih vsebin (matematika, kemija, fizika). \u0160tudij na univerzi v Modeni predvideva tri smeri programa, in sicer: Uporaba geologije in paleontologije pri re\u0161evanju okoljskih in prostorskih problemov, Uporaba geomorfologije in geologije pri prou\u010devanju okoljskih nevarnosti in vplivov ter Naravni materiali: razpolo\u017eljivost, karakterizacija in uporaba. Nabor in obseg obveznih predmetov je na vseh treh smereh enak, izbirnost je mo\u017ena \u0161ele v tretjem letniku, in sicer v obsegu 30 ECTS. \u0160tudij predvideva kon\u010dni izpit (ital. tesi, angl. final exam), ki ga sestavljajo prakti\u010dni del, zagovor in obvezna praksa. \u0160tevilo kreditov na semester se giblje od 26 do 34 ECTS. Vsekakor je treba ponovno poudariti, da pri nas geologija ni zajeta v nobenem srednje\u0161olskem programu ter da \u0161tudij geologije poteka na eni sami fakulteti z enim samim programom, kar je slovenska posebnost. Ker je pri nas potreba po geologih razmeroma majhna (manj kot 30 na leto) oblikovanje dveh ali celo treh smeri na prvostopenjskem \u0161tudiju ne bi bilo smiselno. Program je zato oblikovan tako, da v prvih treh letih poda \u0161iroko temeljno znanje z vseh podro\u010dij geologije, ki ga je v nadaljevanju \u0161tudija mogo\u010de nadgraditi s specialisti\u010dnim znanjem.<\/p>\n","protected":false},"excerpt":{"rendered":"Mednarodna primerljivost programa Tuji sorodni \u0161tudijski programi (ime programa, zavod, dr\u017eava): Geologie, Masarykova univerzita, Prirodovedecka fakulteta, Brno, \u010ce\u0161ka http:\/\/www.muni.cz\/sci\/study\/programmes\/bachelor_degree http:\/\/www.sci.muni.cz\/katalog\/ Earth Sciences, NAWI Graz (joint programme of Graz University of Technology and the Karl-Franzens University), Avstrija http:\/\/portal.tugraz.at\/portal\/page?_pageid=75,1740050&amp;_dad=portal&amp;_schema=PORTAL Laurea in Geological Sciences, Universita degli studi di Modena e Reggio Emilia, Italija http:\/\/www.esse3.casa.unimore.it\/CorsoDiStudio.do?cds_id=213&amp;cod_lingua=eng Vsi trije programi so &#8230; <a class=\"view-article\" href=\"https:\/\/www.ntf.uni-lj.si\/og\/studij\/geologija-un\/mednarodna-primerljivost\/\">Read more<\/a>","protected":false},"author":15,"featured_media":0,"parent":364,"menu_order":50,"comment_status":"closed","ping_status":"closed","template":"","meta":[],"acf":[],"yoast_head":"<!-- This site is optimized with the Yoast SEO plugin v17.0 - https:\/\/yoast.com\/wordpress\/plugins\/seo\/ -->\n<meta name=\"robots\" content=\"index, follow, max-snippet:-1, max-image-preview:large, max-video-preview:-1\" \/>\n<link rel=\"canonical\" href=\"https:\/\/www.ntf.uni-lj.si\/og\/studij\/geologija-un\/mednarodna-primerljivost\/\" \/>\n<meta property=\"og:locale\" content=\"en_US\" \/>\n<meta property=\"og:type\" content=\"article\" \/>\n<meta property=\"og:title\" content=\"Mednarodna primerljivost - OG\" \/>\n<meta property=\"og:description\" content=\"Mednarodna primerljivost programa Tuji sorodni \u0161tudijski programi (ime programa, zavod, dr\u017eava): Geologie, Masarykova univerzita, Prirodovedecka fakulteta, Brno, \u010ce\u0161ka http:\/\/www.muni.cz\/sci\/study\/programmes\/bachelor_degree http:\/\/www.sci.muni.cz\/katalog\/ Earth Sciences, NAWI Graz (joint programme of Graz University of Technology and the Karl-Franzens University), Avstrija http:\/\/portal.tugraz.at\/portal\/page?_pageid=75,1740050&amp;_dad=portal&amp;_schema=PORTAL Laurea in Geological Sciences, Universita degli studi di Modena e Reggio Emilia, Italija http:\/\/www.esse3.casa.unimore.it\/CorsoDiStudio.do?cds_id=213&amp;cod_lingua=eng Vsi trije programi so ... Read more\" \/>\n<meta property=\"og:url\" content=\"https:\/\/www.ntf.uni-lj.si\/og\/studij\/geologija-un\/mednarodna-primerljivost\/\" \/>\n<meta property=\"og:site_name\" content=\"OG\" \/>\n<meta property=\"article:modified_time\" content=\"2019-06-04T08:02:19+00:00\" \/>\n<meta name=\"twitter:label1\" content=\"Est. reading time\" \/>\n\t<meta name=\"twitter:data1\" content=\"6 minutes\" \/>\n<script type=\"application\/ld+json\" class=\"yoast-schema-graph\">{\"@context\":\"https:\/\/schema.org\",\"@graph\":[{\"@type\":\"WebSite\",\"@id\":\"https:\/\/www.ntf.uni-lj.si\/og\/#website\",\"url\":\"https:\/\/www.ntf.uni-lj.si\/og\/\",\"name\":\"OG\",\"description\":\"Oddelek za geologijo\",\"potentialAction\":[{\"@type\":\"SearchAction\",\"target\":{\"@type\":\"EntryPoint\",\"urlTemplate\":\"https:\/\/www.ntf.uni-lj.si\/og\/?s={search_term_string}\"},\"query-input\":\"required name=search_term_string\"}],\"inLanguage\":\"en-US\"},{\"@type\":\"WebPage\",\"@id\":\"https:\/\/www.ntf.uni-lj.si\/og\/studij\/geologija-un\/mednarodna-primerljivost\/#webpage\",\"url\":\"https:\/\/www.ntf.uni-lj.si\/og\/studij\/geologija-un\/mednarodna-primerljivost\/\",\"name\":\"Mednarodna primerljivost - OG\",\"isPartOf\":{\"@id\":\"https:\/\/www.ntf.uni-lj.si\/og\/#website\"},\"datePublished\":\"2015-05-07T06:54:45+00:00\",\"dateModified\":\"2019-06-04T08:02:19+00:00\",\"breadcrumb\":{\"@id\":\"https:\/\/www.ntf.uni-lj.si\/og\/studij\/geologija-un\/mednarodna-primerljivost\/#breadcrumb\"},\"inLanguage\":\"en-US\",\"potentialAction\":[{\"@type\":\"ReadAction\",\"target\":[\"https:\/\/www.ntf.uni-lj.si\/og\/studij\/geologija-un\/mednarodna-primerljivost\/\"]}]},{\"@type\":\"BreadcrumbList\",\"@id\":\"https:\/\/www.ntf.uni-lj.si\/og\/studij\/geologija-un\/mednarodna-primerljivost\/#breadcrumb\",\"itemListElement\":[{\"@type\":\"ListItem\",\"position\":1,\"name\":\"Home\",\"item\":\"https:\/\/www.ntf.uni-lj.si\/og\/\"},{\"@type\":\"ListItem\",\"position\":2,\"name\":\"\\u0160tudij\",\"item\":\"https:\/\/www.ntf.uni-lj.si\/og\/studij\/\"},{\"@type\":\"ListItem\",\"position\":3,\"name\":\"Geologija 1. stopnja (UN)\",\"item\":\"https:\/\/www.ntf.uni-lj.si\/og\/studij\/geologija-un\/\"},{\"@type\":\"ListItem\",\"position\":4,\"name\":\"Mednarodna primerljivost\"}]}]}<\/script>\n<!-- \/ Yoast SEO plugin. -->","yoast_head_json":{"robots":{"index":"index","follow":"follow","max-snippet":"max-snippet:-1","max-image-preview":"max-image-preview:large","max-video-preview":"max-video-preview:-1"},"canonical":"https:\/\/www.ntf.uni-lj.si\/og\/studij\/geologija-un\/mednarodna-primerljivost\/","og_locale":"en_US","og_type":"article","og_title":"Mednarodna primerljivost - OG","og_description":"Mednarodna primerljivost programa Tuji sorodni \u0161tudijski programi (ime programa, zavod, dr\u017eava): Geologie, Masarykova univerzita, Prirodovedecka fakulteta, Brno, \u010ce\u0161ka http:\/\/www.muni.cz\/sci\/study\/programmes\/bachelor_degree http:\/\/www.sci.muni.cz\/katalog\/ Earth Sciences, NAWI Graz (joint programme of Graz University of Technology and the Karl-Franzens University), Avstrija http:\/\/portal.tugraz.at\/portal\/page?_pageid=75,1740050&amp;_dad=portal&amp;_schema=PORTAL Laurea in Geological Sciences, Universita degli studi di Modena e Reggio Emilia, Italija http:\/\/www.esse3.casa.unimore.it\/CorsoDiStudio.do?cds_id=213&amp;cod_lingua=eng Vsi trije programi so ... Read more","og_url":"https:\/\/www.ntf.uni-lj.si\/og\/studij\/geologija-un\/mednarodna-primerljivost\/","og_site_name":"OG","article_modified_time":"2019-06-04T08:02:19+00:00","twitter_misc":{"Est. reading time":"6 minutes"},"schema":{"@context":"https:\/\/schema.org","@graph":[{"@type":"WebSite","@id":"https:\/\/www.ntf.uni-lj.si\/og\/#website","url":"https:\/\/www.ntf.uni-lj.si\/og\/","name":"OG","description":"Oddelek za geologijo","potentialAction":[{"@type":"SearchAction","target":{"@type":"EntryPoint","urlTemplate":"https:\/\/www.ntf.uni-lj.si\/og\/?s={search_term_string}"},"query-input":"required name=search_term_string"}],"inLanguage":"en-US"},{"@type":"WebPage","@id":"https:\/\/www.ntf.uni-lj.si\/og\/studij\/geologija-un\/mednarodna-primerljivost\/#webpage","url":"https:\/\/www.ntf.uni-lj.si\/og\/studij\/geologija-un\/mednarodna-primerljivost\/","name":"Mednarodna primerljivost - OG","isPartOf":{"@id":"https:\/\/www.ntf.uni-lj.si\/og\/#website"},"datePublished":"2015-05-07T06:54:45+00:00","dateModified":"2019-06-04T08:02:19+00:00","breadcrumb":{"@id":"https:\/\/www.ntf.uni-lj.si\/og\/studij\/geologija-un\/mednarodna-primerljivost\/#breadcrumb"},"inLanguage":"en-US","potentialAction":[{"@type":"ReadAction","target":["https:\/\/www.ntf.uni-lj.si\/og\/studij\/geologija-un\/mednarodna-primerljivost\/"]}]},{"@type":"BreadcrumbList","@id":"https:\/\/www.ntf.uni-lj.si\/og\/studij\/geologija-un\/mednarodna-primerljivost\/#breadcrumb","itemListElement":[{"@type":"ListItem","position":1,"name":"Home","item":"https:\/\/www.ntf.uni-lj.si\/og\/"},{"@type":"ListItem","position":2,"name":"\u0160tudij","item":"https:\/\/www.ntf.uni-lj.si\/og\/studij\/"},{"@type":"ListItem","position":3,"name":"Geologija 1. stopnja (UN)","item":"https:\/\/www.ntf.uni-lj.si\/og\/studij\/geologija-un\/"},{"@type":"ListItem","position":4,"name":"Mednarodna primerljivost"}]}]}},"_links":{"self":[{"href":"https:\/\/www.ntf.uni-lj.si\/og\/wp-json\/wp\/v2\/pages\/501"}],"collection":[{"href":"https:\/\/www.ntf.uni-lj.si\/og\/wp-json\/wp\/v2\/pages"}],"about":[{"href":"https:\/\/www.ntf.uni-lj.si\/og\/wp-json\/wp\/v2\/types\/page"}],"author":[{"embeddable":true,"href":"https:\/\/www.ntf.uni-lj.si\/og\/wp-json\/wp\/v2\/users\/15"}],"replies":[{"embeddable":true,"href":"https:\/\/www.ntf.uni-lj.si\/og\/wp-json\/wp\/v2\/comments?post=501"}],"version-history":[{"count":3,"href":"https:\/\/www.ntf.uni-lj.si\/og\/wp-json\/wp\/v2\/pages\/501\/revisions"}],"predecessor-version":[{"id":5209,"href":"https:\/\/www.ntf.uni-lj.si\/og\/wp-json\/wp\/v2\/pages\/501\/revisions\/5209"}],"up":[{"embeddable":true,"href":"https:\/\/www.ntf.uni-lj.si\/og\/wp-json\/wp\/v2\/pages\/364"}],"wp:attachment":[{"href":"https:\/\/www.ntf.uni-lj.si\/og\/wp-json\/wp\/v2\/media?parent=501"}],"curies":[{"name":"wp","href":"https:\/\/api.w.org\/{rel}","templated":true}]}}