{"id":5304,"date":"2019-07-09T13:58:09","date_gmt":"2019-07-09T11:58:09","guid":{"rendered":"http:\/\/www.ntf.uni-lj.si\/og\/?page_id=5304"},"modified":"2019-07-12T11:48:26","modified_gmt":"2019-07-12T09:48:26","slug":"trzaski-zaliv","status":"publish","type":"page","link":"https:\/\/www.ntf.uni-lj.si\/og\/o-oddelku\/raziskovalno-delo\/raziskovalni-projekti\/trzaski-zaliv\/","title":{"rendered":"ARRS projekt J1-1712: Zapis okoljskih sprememb in \u010dlovekovega vpliva v holocenskih sedimentih Tr\u017ea\u0161kega  zaliva"},"content":{"rendered":"<p>Morski sedimenti predstavljajo edinstven arhiv v katerem nam fosilni ostanki, organska snov, ter avtigeni in detriti\u010dni minerali pri\u010dajo o podnebnih in okoljskih razmerah v preteklosti. Tr\u017ea\u0161ki zaliv kot najbolj severni del Sredozemskega bazena hrani klju\u010dne podatke, tako o lokalnih kot globalnih okoljskih spremembah, ki jih povzro\u010dajo astronomski in tektonski dejavniki, kot tudi o dodatnih pritiskih antropogenih vplivov. Raziskave holocenskega sedimentnega zapisa v morskem dnu zaliva nam bodo omogo\u010dile rekonstrukcijo medsebojnega delovanje podnebja, tektonike in \u010dlove\u0161kega vpliva v \u010dasovnih merilih od stoletij do tiso\u010dletij.<\/p>\n<p>Kljub o\u010ditni primernosti sedimentov Tr\u017ea\u0161kega zaliva za paleoekolo\u0161ke \u0161tudije, ki so zaradi majhne globine morja in prete\u017eno mirnih vremenskih razmer v zalivu tudi dokaj dostopni za jedrovanje, je bilo doslej narejenih le nekaj raziskav okoljskih sprememb in sprememb v rabi tal v zadnjih nekaj tiso\u010dletjih. Geomorfologija morskega dna in velika spremenljivost debeline holocenskih sedimentov v Tr\u017ea\u0161kem zalivu ka\u017eeta na kompleksno prepletanje navedenih dejavnikov med sedimentacijo po zadnji ledeni dobi. Jasno je razviden mo\u010dan vpliv kontinentalnih do prehodnih parali\u010dnih sedimentacijskih okolij in z njimi povezanih geomorfnih oblik na sedimentacijo med holocensko morsko transgresijo. Kasneje je bilo odlaganje sedimentov odvisno od vnosov terigenega materiala s kopnega in od morskih tokov, ki so sedimente erodirali in preme\u0161\u010dali. Stratigrafska arhitektura je zato zlasti v priobalnem obmo\u010dju precej kompleksna. Razumevanje te sedimentarne dinamike in iz nje izhajajo\u010de geometrije plasti je klju\u010dno za pravilno interpretacijo geokemijskih in drugih indikatorjev, ki jih bomo pridobili iz sedimentnega zaporedja, nujno pa je tudi potrebno za optimalno na\u010drtovanje jedrovanja in vzor\u010devanja.<\/p>\n<p>Predvidevamo, da so spremembe v tipu in hitrosti poznoglacialne in holocenske sedimentacije kontinentalnih in plitvovodnih morskih klasti\u010dnih sedimentov Tr\u017ea\u0161kega zaliva posledica podnebnih sprememb, tektonskih procesov in nara\u0161\u010dajo\u010dega vpliva \u010dlovekovih dejavnosti. Rekonstrukcija dinamike sedimentacije bo dala informacije o spremembah padavinskega re\u017eima v \u010dasu holocenskih podnebnih sprememb, o \u010dasu in jakosti tektonskih dogodkov v regiji in omogo\u010dila prepoznati kje, kdaj in zakaj je \u010dlovek postal geolo\u0161ki dejavnik. V tem kontekstu je bistveno prepoznati in lo\u010diti spremembe v sedimentaciji, ki so pogojene s podnebnimi vplivi in tektoniko od tistih, ki so povezane z nara\u0161\u010dajo\u010dim vplivom \u010dlovekove dejavnosti.<\/p>\n<p>V predlaganem projektu bomo uporabili \u00bbsource-to-sink\u00ab pristop, ki bo temeljil na interdisciplinarnem naboru panog recentne geologije, sedimentologije, geokemije, geofizike, pedologije in paleoekologije. V tem pogledu predstavlja na\u0161e raziskovalno obmo\u010dje izjemen naravni laboratorij, saj je kontinentalno zaledje zaliva s pripadajo\u010dimi pore\u010dji relativno majhno, geolo\u0161ko in hidrolo\u0161ko homogeno in je geografsko ostro omejeno z mejo med fli\u0161nimi kamninami in zakraselimi karbonatnimi kamninami. Raziskava bo vklju\u010devala podrobne analize kamnin in na njih razvitih tal v pore\u010dju Dragonje in Bada\u0161evice ter v \u0161ir\u0161i regiji severnega Jadrana, priobre\u017ena morsko\u2010kontinentalna naravna in antropogena sedimentacijska okolja in raziskave sedimentov na dnu Tr\u017ea\u0161kega zaliva. Posebna pozornost bo usmerjena na erozijske tokove in prepoznavanje podvodnih plazov in drugih na\u010dinov preme\u0161\u010danja pobo\u010dnih sedimentov.<\/p>\n<p>&nbsp;<\/p>\n<p>Projekt financira Javna agencija za raziskovalno dejavnost Republike Slovenije (<a href=\"http:\/\/www.arrs.si\/sl\/index.asp\">ARRS<\/a>).<\/p>\n<p>Projekt traja od 1.7.2019 do 30.6.2022.<\/p>\n<p>&nbsp;<\/p>\n<p><a class=\"test\" style=\"float: right\" href=\"http:\/\/www.arrs.si\/sl\/index.asp\" target=\"_blank\" rel=\"noopener noreferrer\"><img loading=\"lazy\" class=\"alignright\" src=\"https:\/\/www.ntf.uni-lj.si\/og\/wp-content\/uploads\/sites\/3\/2019\/07\/arrsslo.png\" alt=\"\" width=\"255\" height=\"110\" \/><\/a><\/p>\n","protected":false},"excerpt":{"rendered":"Morski sedimenti predstavljajo edinstven arhiv v katerem nam fosilni ostanki, organska snov, ter avtigeni in detriti\u010dni minerali pri\u010dajo o podnebnih in okoljskih razmerah v preteklosti. Tr\u017ea\u0161ki zaliv kot najbolj severni del Sredozemskega bazena hrani klju\u010dne podatke, tako o lokalnih kot globalnih okoljskih spremembah, ki jih povzro\u010dajo astronomski in tektonski dejavniki, kot tudi o dodatnih pritiskih &#8230; <a class=\"view-article\" href=\"https:\/\/www.ntf.uni-lj.si\/og\/o-oddelku\/raziskovalno-delo\/raziskovalni-projekti\/trzaski-zaliv\/\">Read more<\/a>","protected":false},"author":37,"featured_media":0,"parent":5300,"menu_order":0,"comment_status":"closed","ping_status":"closed","template":"","meta":[],"acf":[],"yoast_head":"<!-- This site is optimized with the Yoast SEO plugin v17.0 - https:\/\/yoast.com\/wordpress\/plugins\/seo\/ -->\n<meta name=\"robots\" content=\"index, follow, max-snippet:-1, max-image-preview:large, max-video-preview:-1\" \/>\n<link rel=\"canonical\" href=\"https:\/\/www.ntf.uni-lj.si\/og\/o-oddelku\/raziskovalno-delo\/raziskovalni-projekti\/trzaski-zaliv\/\" \/>\n<meta property=\"og:locale\" content=\"en_US\" \/>\n<meta property=\"og:type\" content=\"article\" \/>\n<meta property=\"og:title\" content=\"okoljske spremembe \u010dlovekov vpliv v sedimentih tr\u017ea\u0161kega zaliva\" \/>\n<meta property=\"og:description\" content=\"Morski sedimenti predstavljajo edinstven arhiv v katerem nam fosilni ostanki, organska snov, ter avtigeni in detriti\u010dni minerali pri\u010dajo o podnebnih in okoljskih razmerah v preteklosti. Tr\u017ea\u0161ki zaliv kot najbolj severni del Sredozemskega bazena hrani klju\u010dne podatke, tako o lokalnih kot globalnih okoljskih spremembah, ki jih povzro\u010dajo astronomski in tektonski dejavniki, kot tudi o dodatnih pritiskih ... Read more\" \/>\n<meta property=\"og:url\" content=\"https:\/\/www.ntf.uni-lj.si\/og\/o-oddelku\/raziskovalno-delo\/raziskovalni-projekti\/trzaski-zaliv\/\" \/>\n<meta property=\"og:site_name\" content=\"OG\" \/>\n<meta property=\"article:modified_time\" content=\"2019-07-12T09:48:26+00:00\" \/>\n<meta property=\"og:image\" content=\"https:\/\/www.ntf.uni-lj.si\/og\/wp-content\/uploads\/sites\/3\/2019\/07\/arrsslo.png\" \/>\n<meta name=\"twitter:label1\" content=\"Est. reading time\" \/>\n\t<meta name=\"twitter:data1\" content=\"3 minutes\" \/>\n<script type=\"application\/ld+json\" class=\"yoast-schema-graph\">{\"@context\":\"https:\/\/schema.org\",\"@graph\":[{\"@type\":\"WebSite\",\"@id\":\"https:\/\/www.ntf.uni-lj.si\/og\/#website\",\"url\":\"https:\/\/www.ntf.uni-lj.si\/og\/\",\"name\":\"OG\",\"description\":\"Oddelek za geologijo\",\"potentialAction\":[{\"@type\":\"SearchAction\",\"target\":{\"@type\":\"EntryPoint\",\"urlTemplate\":\"https:\/\/www.ntf.uni-lj.si\/og\/?s={search_term_string}\"},\"query-input\":\"required name=search_term_string\"}],\"inLanguage\":\"en-US\"},{\"@type\":\"ImageObject\",\"@id\":\"https:\/\/www.ntf.uni-lj.si\/og\/o-oddelku\/raziskovalno-delo\/raziskovalni-projekti\/trzaski-zaliv\/#primaryimage\",\"inLanguage\":\"en-US\",\"url\":\"https:\/\/www.ntf.uni-lj.si\/og\/wp-content\/uploads\/sites\/3\/2019\/07\/arrsslo.png\",\"contentUrl\":\"https:\/\/www.ntf.uni-lj.si\/og\/wp-content\/uploads\/sites\/3\/2019\/07\/arrsslo.png\",\"width\":255,\"height\":110},{\"@type\":\"WebPage\",\"@id\":\"https:\/\/www.ntf.uni-lj.si\/og\/o-oddelku\/raziskovalno-delo\/raziskovalni-projekti\/trzaski-zaliv\/#webpage\",\"url\":\"https:\/\/www.ntf.uni-lj.si\/og\/o-oddelku\/raziskovalno-delo\/raziskovalni-projekti\/trzaski-zaliv\/\",\"name\":\"okoljske spremembe \\u010dlovekov vpliv v sedimentih tr\\u017ea\\u0161kega zaliva\",\"isPartOf\":{\"@id\":\"https:\/\/www.ntf.uni-lj.si\/og\/#website\"},\"primaryImageOfPage\":{\"@id\":\"https:\/\/www.ntf.uni-lj.si\/og\/o-oddelku\/raziskovalno-delo\/raziskovalni-projekti\/trzaski-zaliv\/#primaryimage\"},\"datePublished\":\"2019-07-09T11:58:09+00:00\",\"dateModified\":\"2019-07-12T09:48:26+00:00\",\"breadcrumb\":{\"@id\":\"https:\/\/www.ntf.uni-lj.si\/og\/o-oddelku\/raziskovalno-delo\/raziskovalni-projekti\/trzaski-zaliv\/#breadcrumb\"},\"inLanguage\":\"en-US\",\"potentialAction\":[{\"@type\":\"ReadAction\",\"target\":[\"https:\/\/www.ntf.uni-lj.si\/og\/o-oddelku\/raziskovalno-delo\/raziskovalni-projekti\/trzaski-zaliv\/\"]}]},{\"@type\":\"BreadcrumbList\",\"@id\":\"https:\/\/www.ntf.uni-lj.si\/og\/o-oddelku\/raziskovalno-delo\/raziskovalni-projekti\/trzaski-zaliv\/#breadcrumb\",\"itemListElement\":[{\"@type\":\"ListItem\",\"position\":1,\"name\":\"Home\",\"item\":\"https:\/\/www.ntf.uni-lj.si\/og\/\"},{\"@type\":\"ListItem\",\"position\":2,\"name\":\"O oddelku\",\"item\":\"https:\/\/www.ntf.uni-lj.si\/og\/o-oddelku\/\"},{\"@type\":\"ListItem\",\"position\":3,\"name\":\"Raziskovalno delo\",\"item\":\"https:\/\/www.ntf.uni-lj.si\/og\/o-oddelku\/raziskovalno-delo\/\"},{\"@type\":\"ListItem\",\"position\":4,\"name\":\"Raziskovalni projekti\",\"item\":\"https:\/\/www.ntf.uni-lj.si\/og\/o-oddelku\/raziskovalno-delo\/raziskovalni-projekti\/\"},{\"@type\":\"ListItem\",\"position\":5,\"name\":\"ARRS projekt J1-1712: Zapis okoljskih sprememb in \\u010dlovekovega vpliva v holocenskih sedimentih Tr\\u017ea\\u0161kega zaliva\"}]}]}<\/script>\n<!-- \/ Yoast SEO plugin. -->","yoast_head_json":{"robots":{"index":"index","follow":"follow","max-snippet":"max-snippet:-1","max-image-preview":"max-image-preview:large","max-video-preview":"max-video-preview:-1"},"canonical":"https:\/\/www.ntf.uni-lj.si\/og\/o-oddelku\/raziskovalno-delo\/raziskovalni-projekti\/trzaski-zaliv\/","og_locale":"en_US","og_type":"article","og_title":"okoljske spremembe \u010dlovekov vpliv v sedimentih tr\u017ea\u0161kega zaliva","og_description":"Morski sedimenti predstavljajo edinstven arhiv v katerem nam fosilni ostanki, organska snov, ter avtigeni in detriti\u010dni minerali pri\u010dajo o podnebnih in okoljskih razmerah v preteklosti. Tr\u017ea\u0161ki zaliv kot najbolj severni del Sredozemskega bazena hrani klju\u010dne podatke, tako o lokalnih kot globalnih okoljskih spremembah, ki jih povzro\u010dajo astronomski in tektonski dejavniki, kot tudi o dodatnih pritiskih ... Read more","og_url":"https:\/\/www.ntf.uni-lj.si\/og\/o-oddelku\/raziskovalno-delo\/raziskovalni-projekti\/trzaski-zaliv\/","og_site_name":"OG","article_modified_time":"2019-07-12T09:48:26+00:00","og_image":[{"url":"https:\/\/www.ntf.uni-lj.si\/og\/wp-content\/uploads\/sites\/3\/2019\/07\/arrsslo.png"}],"twitter_misc":{"Est. reading time":"3 minutes"},"schema":{"@context":"https:\/\/schema.org","@graph":[{"@type":"WebSite","@id":"https:\/\/www.ntf.uni-lj.si\/og\/#website","url":"https:\/\/www.ntf.uni-lj.si\/og\/","name":"OG","description":"Oddelek za geologijo","potentialAction":[{"@type":"SearchAction","target":{"@type":"EntryPoint","urlTemplate":"https:\/\/www.ntf.uni-lj.si\/og\/?s={search_term_string}"},"query-input":"required name=search_term_string"}],"inLanguage":"en-US"},{"@type":"ImageObject","@id":"https:\/\/www.ntf.uni-lj.si\/og\/o-oddelku\/raziskovalno-delo\/raziskovalni-projekti\/trzaski-zaliv\/#primaryimage","inLanguage":"en-US","url":"https:\/\/www.ntf.uni-lj.si\/og\/wp-content\/uploads\/sites\/3\/2019\/07\/arrsslo.png","contentUrl":"https:\/\/www.ntf.uni-lj.si\/og\/wp-content\/uploads\/sites\/3\/2019\/07\/arrsslo.png","width":255,"height":110},{"@type":"WebPage","@id":"https:\/\/www.ntf.uni-lj.si\/og\/o-oddelku\/raziskovalno-delo\/raziskovalni-projekti\/trzaski-zaliv\/#webpage","url":"https:\/\/www.ntf.uni-lj.si\/og\/o-oddelku\/raziskovalno-delo\/raziskovalni-projekti\/trzaski-zaliv\/","name":"okoljske spremembe \u010dlovekov vpliv v sedimentih tr\u017ea\u0161kega zaliva","isPartOf":{"@id":"https:\/\/www.ntf.uni-lj.si\/og\/#website"},"primaryImageOfPage":{"@id":"https:\/\/www.ntf.uni-lj.si\/og\/o-oddelku\/raziskovalno-delo\/raziskovalni-projekti\/trzaski-zaliv\/#primaryimage"},"datePublished":"2019-07-09T11:58:09+00:00","dateModified":"2019-07-12T09:48:26+00:00","breadcrumb":{"@id":"https:\/\/www.ntf.uni-lj.si\/og\/o-oddelku\/raziskovalno-delo\/raziskovalni-projekti\/trzaski-zaliv\/#breadcrumb"},"inLanguage":"en-US","potentialAction":[{"@type":"ReadAction","target":["https:\/\/www.ntf.uni-lj.si\/og\/o-oddelku\/raziskovalno-delo\/raziskovalni-projekti\/trzaski-zaliv\/"]}]},{"@type":"BreadcrumbList","@id":"https:\/\/www.ntf.uni-lj.si\/og\/o-oddelku\/raziskovalno-delo\/raziskovalni-projekti\/trzaski-zaliv\/#breadcrumb","itemListElement":[{"@type":"ListItem","position":1,"name":"Home","item":"https:\/\/www.ntf.uni-lj.si\/og\/"},{"@type":"ListItem","position":2,"name":"O oddelku","item":"https:\/\/www.ntf.uni-lj.si\/og\/o-oddelku\/"},{"@type":"ListItem","position":3,"name":"Raziskovalno delo","item":"https:\/\/www.ntf.uni-lj.si\/og\/o-oddelku\/raziskovalno-delo\/"},{"@type":"ListItem","position":4,"name":"Raziskovalni projekti","item":"https:\/\/www.ntf.uni-lj.si\/og\/o-oddelku\/raziskovalno-delo\/raziskovalni-projekti\/"},{"@type":"ListItem","position":5,"name":"ARRS projekt J1-1712: Zapis okoljskih sprememb in \u010dlovekovega vpliva v holocenskih sedimentih Tr\u017ea\u0161kega zaliva"}]}]}},"_links":{"self":[{"href":"https:\/\/www.ntf.uni-lj.si\/og\/wp-json\/wp\/v2\/pages\/5304"}],"collection":[{"href":"https:\/\/www.ntf.uni-lj.si\/og\/wp-json\/wp\/v2\/pages"}],"about":[{"href":"https:\/\/www.ntf.uni-lj.si\/og\/wp-json\/wp\/v2\/types\/page"}],"author":[{"embeddable":true,"href":"https:\/\/www.ntf.uni-lj.si\/og\/wp-json\/wp\/v2\/users\/37"}],"replies":[{"embeddable":true,"href":"https:\/\/www.ntf.uni-lj.si\/og\/wp-json\/wp\/v2\/comments?post=5304"}],"version-history":[{"count":42,"href":"https:\/\/www.ntf.uni-lj.si\/og\/wp-json\/wp\/v2\/pages\/5304\/revisions"}],"predecessor-version":[{"id":5404,"href":"https:\/\/www.ntf.uni-lj.si\/og\/wp-json\/wp\/v2\/pages\/5304\/revisions\/5404"}],"up":[{"embeddable":true,"href":"https:\/\/www.ntf.uni-lj.si\/og\/wp-json\/wp\/v2\/pages\/5300"}],"wp:attachment":[{"href":"https:\/\/www.ntf.uni-lj.si\/og\/wp-json\/wp\/v2\/media?parent=5304"}],"curies":[{"name":"wp","href":"https:\/\/api.w.org\/{rel}","templated":true}]}}