{"id":5327,"date":"2019-07-10T08:50:23","date_gmt":"2019-07-10T06:50:23","guid":{"rendered":"http:\/\/www.ntf.uni-lj.si\/og\/?page_id=5327"},"modified":"2019-07-12T11:50:23","modified_gmt":"2019-07-12T09:50:23","slug":"gulf-of-trieste","status":"publish","type":"page","link":"https:\/\/www.ntf.uni-lj.si\/og\/en\/about-deparment\/research\/research-projects\/gulf-of-trieste\/","title":{"rendered":"ARRS project J1-1712: Record of environmental change and human impact in Holocene sediments, Gulf of Trieste"},"content":{"rendered":"<p>Sea\u2010bottom sediments represent a unique repository of information on past climate, atmosphere and physical environment, which is preserved in fossils, sedimentary organic matter, and in authigenic and detrital minerals, but also in sedimentary structures and stratal architecture. The Gulf of Trieste, representing the northernmost part of the Mediterranean basin, thus holds the key environmental archives recording both local and global astronomically\u2010 and tectonically\u2010driven environmental changes, as well as the superimposed anthropogenic footprint. Studying the Holocene sedimentary record in sea\u2010bottom sediments would permit the reconstruction of the interplay between climatic, tectonic and human forcing factors over timescales from centuries to millennia.<\/p>\n<p>Despite the obvious suitability of the Gulf of Trieste sea\u2010bottom sediments for paleoenvironmental studies, facilitated also by shallow water and generally calm weather conditions in the Gulf which make acquisition of sediment cores relatively easy, only a few studies so far were aimed at reconstructing past climate, tectonic and land\u2010use changes in the timescales over several millennia. Both the sea\u2010bottom geomorphology and the distribution of Holocene sediment thickness in the Gulf imply a complex interplay of factors affecting post\u2010Glacial sedimentation. The spatial distribution of continental to transitional paralic sedimentary environments and geomorphic features during the Holocene marine transgression clearly influenced sediment dispersal, which was then further controlled by the rate of terrigenous influx and by marine currents eroding and redistributing the sediment. Stratigraphic architecture in the coastal area is therefore quite complex. Unravelling this sedimentary dynamic is essential for properly interpreting geochemical proxies and other indicators recorded in the sedimentary column, and is also crucial for optimal planning of sampling and coring campaigns.<\/p>\n<p><em>\u00a0<\/em>We postulate that changes in sedimentation rates and in sedimentation type of continental and shallow\u2010water marine clastic sediments of Late Glacial to Holocene age are controlled by climate fluctuations, tectonic forcing, and the growing influence of human society. The reconstruction of sedimentary dynamics will provide data on how precipitation patterns evolved throughout Holocene climate changes, on timing and magnitude of tectonic events in the region, and about where, when and why human societies became a geological agent. In this context, it is essential to identify and distinguish changes in sedimentation that are related to the regional climate signal and tectonics, and the ones that are related to the increasing human activity.<\/p>\n<p>In the proposed project, we will use a source\u2010to\u2010sink approach that will rely on an interdisciplinary toolbox combining recent geology, sedimentology, geochemistry, geophysics, soil science and paleoecology. In this respect, our research area represents a unique natural laboratory, since the continental hinterland of the Gulf with associated catchment areas is relatively small, geologically and hydrologically homogeneous, and narrowly limited in extent by the contact of coastal flysch with karstified carbonate rocks in the hinterland. Our research will include detailed study of soils and rocks in the catchment area (e.g., Dragonja and Bada\u0161evica rivers), of the marginal sea\u2010land natural and anthropogenic environments, and of sea\u2010bottom sediments from the Gulf of Trieste. A particular focus will be put to erosion fluxes and to recognition of mass\u2010movement deposits.<\/p>\n<p>&nbsp;<\/p>\n<p>The project is funded by the <a href=\"http:\/\/www.arrs.si\/en\/\">Slovenian Research Agency<\/a>.<\/p>\n<p>Project duration: 1.7.2019-30.6.2022<\/p>\n<p><a class=\"test\" style=\"float: right\" href=\"http:\/\/www.arrs.si\/sl\/index.asp\" target=\"_blank\" rel=\"noopener noreferrer\"><img loading=\"lazy\" class=\"alignright\" src=\"https:\/\/www.ntf.uni-lj.si\/og\/wp-content\/uploads\/sites\/3\/2019\/07\/arrsslo.png\" alt=\"\" width=\"255\" height=\"110\" \/><\/a><\/p>\n","protected":false},"excerpt":{"rendered":"Sea\u2010bottom sediments represent a unique repository of information on past climate, atmosphere and physical environment, which is preserved in fossils, sedimentary organic matter, and in authigenic and detrital minerals, but also in sedimentary structures and stratal architecture. The Gulf of Trieste, representing the northernmost part of the Mediterranean basin, thus holds the key environmental archives &#8230; <a class=\"view-article\" href=\"https:\/\/www.ntf.uni-lj.si\/og\/en\/about-deparment\/research\/research-projects\/gulf-of-trieste\/\">Read more<\/a>","protected":false},"author":37,"featured_media":0,"parent":5302,"menu_order":0,"comment_status":"closed","ping_status":"closed","template":"","meta":[],"acf":[],"yoast_head":"<!-- This site is optimized with the Yoast SEO plugin v17.0 - https:\/\/yoast.com\/wordpress\/plugins\/seo\/ -->\n<meta name=\"robots\" content=\"index, follow, max-snippet:-1, max-image-preview:large, max-video-preview:-1\" \/>\n<link rel=\"canonical\" href=\"https:\/\/www.ntf.uni-lj.si\/og\/en\/about-deparment\/research\/research-projects\/gulf-of-trieste\/\" \/>\n<meta property=\"og:locale\" content=\"en_US\" \/>\n<meta property=\"og:type\" content=\"article\" \/>\n<meta property=\"og:title\" content=\"okoljske spremembe \u010dlovekov vpliv v sedimentih tr\u017ea\u0161kega zaliva\" \/>\n<meta property=\"og:description\" content=\"Sea\u2010bottom sediments represent a unique repository of information on past climate, atmosphere and physical environment, which is preserved in fossils, sedimentary organic matter, and in authigenic and detrital minerals, but also in sedimentary structures and stratal architecture. The Gulf of Trieste, representing the northernmost part of the Mediterranean basin, thus holds the key environmental archives ... Read more\" \/>\n<meta property=\"og:url\" content=\"https:\/\/www.ntf.uni-lj.si\/og\/en\/about-deparment\/research\/research-projects\/gulf-of-trieste\/\" \/>\n<meta property=\"og:site_name\" content=\"OG\" \/>\n<meta property=\"article:modified_time\" content=\"2019-07-12T09:50:23+00:00\" \/>\n<meta property=\"og:image\" content=\"https:\/\/www.ntf.uni-lj.si\/og\/wp-content\/uploads\/sites\/3\/2019\/07\/arrsslo.png\" \/>\n<meta name=\"twitter:label1\" content=\"Est. reading time\" \/>\n\t<meta name=\"twitter:data1\" content=\"3 minutes\" \/>\n<script type=\"application\/ld+json\" class=\"yoast-schema-graph\">{\"@context\":\"https:\/\/schema.org\",\"@graph\":[{\"@type\":\"WebSite\",\"@id\":\"https:\/\/www.ntf.uni-lj.si\/og\/#website\",\"url\":\"https:\/\/www.ntf.uni-lj.si\/og\/\",\"name\":\"OG\",\"description\":\"Oddelek za geologijo\",\"potentialAction\":[{\"@type\":\"SearchAction\",\"target\":{\"@type\":\"EntryPoint\",\"urlTemplate\":\"https:\/\/www.ntf.uni-lj.si\/og\/?s={search_term_string}\"},\"query-input\":\"required name=search_term_string\"}],\"inLanguage\":\"en-US\"},{\"@type\":\"ImageObject\",\"@id\":\"https:\/\/www.ntf.uni-lj.si\/og\/en\/about-deparment\/research\/research-projects\/gulf-of-trieste\/#primaryimage\",\"inLanguage\":\"en-US\",\"url\":\"https:\/\/www.ntf.uni-lj.si\/og\/wp-content\/uploads\/sites\/3\/2019\/07\/arrsslo.png\",\"contentUrl\":\"https:\/\/www.ntf.uni-lj.si\/og\/wp-content\/uploads\/sites\/3\/2019\/07\/arrsslo.png\",\"width\":255,\"height\":110},{\"@type\":\"WebPage\",\"@id\":\"https:\/\/www.ntf.uni-lj.si\/og\/en\/about-deparment\/research\/research-projects\/gulf-of-trieste\/#webpage\",\"url\":\"https:\/\/www.ntf.uni-lj.si\/og\/en\/about-deparment\/research\/research-projects\/gulf-of-trieste\/\",\"name\":\"okoljske spremembe \\u010dlovekov vpliv v sedimentih tr\\u017ea\\u0161kega zaliva\",\"isPartOf\":{\"@id\":\"https:\/\/www.ntf.uni-lj.si\/og\/#website\"},\"primaryImageOfPage\":{\"@id\":\"https:\/\/www.ntf.uni-lj.si\/og\/en\/about-deparment\/research\/research-projects\/gulf-of-trieste\/#primaryimage\"},\"datePublished\":\"2019-07-10T06:50:23+00:00\",\"dateModified\":\"2019-07-12T09:50:23+00:00\",\"breadcrumb\":{\"@id\":\"https:\/\/www.ntf.uni-lj.si\/og\/en\/about-deparment\/research\/research-projects\/gulf-of-trieste\/#breadcrumb\"},\"inLanguage\":\"en-US\",\"potentialAction\":[{\"@type\":\"ReadAction\",\"target\":[\"https:\/\/www.ntf.uni-lj.si\/og\/en\/about-deparment\/research\/research-projects\/gulf-of-trieste\/\"]}]},{\"@type\":\"BreadcrumbList\",\"@id\":\"https:\/\/www.ntf.uni-lj.si\/og\/en\/about-deparment\/research\/research-projects\/gulf-of-trieste\/#breadcrumb\",\"itemListElement\":[{\"@type\":\"ListItem\",\"position\":1,\"name\":\"Home\",\"item\":\"https:\/\/www.ntf.uni-lj.si\/og\/\"},{\"@type\":\"ListItem\",\"position\":2,\"name\":\"About deparment\",\"item\":\"https:\/\/www.ntf.uni-lj.si\/og\/en\/about-deparment\/\"},{\"@type\":\"ListItem\",\"position\":3,\"name\":\"Research\",\"item\":\"https:\/\/www.ntf.uni-lj.si\/og\/en\/about-deparment\/research\/\"},{\"@type\":\"ListItem\",\"position\":4,\"name\":\"Research Projects\",\"item\":\"https:\/\/www.ntf.uni-lj.si\/og\/en\/about-deparment\/research\/research-projects\/\"},{\"@type\":\"ListItem\",\"position\":5,\"name\":\"ARRS project J1-1712: Record of environmental change and human impact in Holocene sediments, Gulf of Trieste\"}]}]}<\/script>\n<!-- \/ Yoast SEO plugin. -->","yoast_head_json":{"robots":{"index":"index","follow":"follow","max-snippet":"max-snippet:-1","max-image-preview":"max-image-preview:large","max-video-preview":"max-video-preview:-1"},"canonical":"https:\/\/www.ntf.uni-lj.si\/og\/en\/about-deparment\/research\/research-projects\/gulf-of-trieste\/","og_locale":"en_US","og_type":"article","og_title":"okoljske spremembe \u010dlovekov vpliv v sedimentih tr\u017ea\u0161kega zaliva","og_description":"Sea\u2010bottom sediments represent a unique repository of information on past climate, atmosphere and physical environment, which is preserved in fossils, sedimentary organic matter, and in authigenic and detrital minerals, but also in sedimentary structures and stratal architecture. The Gulf of Trieste, representing the northernmost part of the Mediterranean basin, thus holds the key environmental archives ... Read more","og_url":"https:\/\/www.ntf.uni-lj.si\/og\/en\/about-deparment\/research\/research-projects\/gulf-of-trieste\/","og_site_name":"OG","article_modified_time":"2019-07-12T09:50:23+00:00","og_image":[{"url":"https:\/\/www.ntf.uni-lj.si\/og\/wp-content\/uploads\/sites\/3\/2019\/07\/arrsslo.png"}],"twitter_misc":{"Est. reading time":"3 minutes"},"schema":{"@context":"https:\/\/schema.org","@graph":[{"@type":"WebSite","@id":"https:\/\/www.ntf.uni-lj.si\/og\/#website","url":"https:\/\/www.ntf.uni-lj.si\/og\/","name":"OG","description":"Oddelek za geologijo","potentialAction":[{"@type":"SearchAction","target":{"@type":"EntryPoint","urlTemplate":"https:\/\/www.ntf.uni-lj.si\/og\/?s={search_term_string}"},"query-input":"required name=search_term_string"}],"inLanguage":"en-US"},{"@type":"ImageObject","@id":"https:\/\/www.ntf.uni-lj.si\/og\/en\/about-deparment\/research\/research-projects\/gulf-of-trieste\/#primaryimage","inLanguage":"en-US","url":"https:\/\/www.ntf.uni-lj.si\/og\/wp-content\/uploads\/sites\/3\/2019\/07\/arrsslo.png","contentUrl":"https:\/\/www.ntf.uni-lj.si\/og\/wp-content\/uploads\/sites\/3\/2019\/07\/arrsslo.png","width":255,"height":110},{"@type":"WebPage","@id":"https:\/\/www.ntf.uni-lj.si\/og\/en\/about-deparment\/research\/research-projects\/gulf-of-trieste\/#webpage","url":"https:\/\/www.ntf.uni-lj.si\/og\/en\/about-deparment\/research\/research-projects\/gulf-of-trieste\/","name":"okoljske spremembe \u010dlovekov vpliv v sedimentih tr\u017ea\u0161kega zaliva","isPartOf":{"@id":"https:\/\/www.ntf.uni-lj.si\/og\/#website"},"primaryImageOfPage":{"@id":"https:\/\/www.ntf.uni-lj.si\/og\/en\/about-deparment\/research\/research-projects\/gulf-of-trieste\/#primaryimage"},"datePublished":"2019-07-10T06:50:23+00:00","dateModified":"2019-07-12T09:50:23+00:00","breadcrumb":{"@id":"https:\/\/www.ntf.uni-lj.si\/og\/en\/about-deparment\/research\/research-projects\/gulf-of-trieste\/#breadcrumb"},"inLanguage":"en-US","potentialAction":[{"@type":"ReadAction","target":["https:\/\/www.ntf.uni-lj.si\/og\/en\/about-deparment\/research\/research-projects\/gulf-of-trieste\/"]}]},{"@type":"BreadcrumbList","@id":"https:\/\/www.ntf.uni-lj.si\/og\/en\/about-deparment\/research\/research-projects\/gulf-of-trieste\/#breadcrumb","itemListElement":[{"@type":"ListItem","position":1,"name":"Home","item":"https:\/\/www.ntf.uni-lj.si\/og\/"},{"@type":"ListItem","position":2,"name":"About deparment","item":"https:\/\/www.ntf.uni-lj.si\/og\/en\/about-deparment\/"},{"@type":"ListItem","position":3,"name":"Research","item":"https:\/\/www.ntf.uni-lj.si\/og\/en\/about-deparment\/research\/"},{"@type":"ListItem","position":4,"name":"Research Projects","item":"https:\/\/www.ntf.uni-lj.si\/og\/en\/about-deparment\/research\/research-projects\/"},{"@type":"ListItem","position":5,"name":"ARRS project J1-1712: Record of environmental change and human impact in Holocene sediments, Gulf of Trieste"}]}]}},"_links":{"self":[{"href":"https:\/\/www.ntf.uni-lj.si\/og\/wp-json\/wp\/v2\/pages\/5327"}],"collection":[{"href":"https:\/\/www.ntf.uni-lj.si\/og\/wp-json\/wp\/v2\/pages"}],"about":[{"href":"https:\/\/www.ntf.uni-lj.si\/og\/wp-json\/wp\/v2\/types\/page"}],"author":[{"embeddable":true,"href":"https:\/\/www.ntf.uni-lj.si\/og\/wp-json\/wp\/v2\/users\/37"}],"replies":[{"embeddable":true,"href":"https:\/\/www.ntf.uni-lj.si\/og\/wp-json\/wp\/v2\/comments?post=5327"}],"version-history":[{"count":5,"href":"https:\/\/www.ntf.uni-lj.si\/og\/wp-json\/wp\/v2\/pages\/5327\/revisions"}],"predecessor-version":[{"id":5406,"href":"https:\/\/www.ntf.uni-lj.si\/og\/wp-json\/wp\/v2\/pages\/5327\/revisions\/5406"}],"up":[{"embeddable":true,"href":"https:\/\/www.ntf.uni-lj.si\/og\/wp-json\/wp\/v2\/pages\/5302"}],"wp:attachment":[{"href":"https:\/\/www.ntf.uni-lj.si\/og\/wp-json\/wp\/v2\/media?parent=5327"}],"curies":[{"name":"wp","href":"https:\/\/api.w.org\/{rel}","templated":true}]}}