{"id":6351,"date":"2020-10-02T14:12:05","date_gmt":"2020-10-02T12:12:05","guid":{"rendered":"http:\/\/www.ntf.uni-lj.si\/og\/?page_id=6351"},"modified":"2020-10-02T14:13:19","modified_gmt":"2020-10-02T12:13:19","slug":"arrs-erc-komplementarna-shema-n1-0164-geobiokemijski-cikel-molibdena-v-kamninah-in-sedimentih","status":"publish","type":"page","link":"https:\/\/www.ntf.uni-lj.si\/og\/o-oddelku\/raziskovalno-delo\/raziskovalni-projekti\/arrs-erc-komplementarna-shema-n1-0164-geobiokemijski-cikel-molibdena-v-kamninah-in-sedimentih\/","title":{"rendered":"ARRS ERC komplementarna shema N1-0164: Geobiokemijski cikel molibdena v kamninah in sedimentih"},"content":{"rendered":"<p><strong>Akronim: MoRocks<\/strong><\/p>\n<p><strong>\u0160ifra<\/strong><strong> ARRS<\/strong>: N1-0164<\/p>\n<p><strong>Vrsta projekta<\/strong>: ERC (European Research Council) komplementarna shema<\/p>\n<p><strong>Vodja:<\/strong>\u00a0doc. dr. Nastja Rogan \u0160muc<\/p>\n<p><strong>Obdobje trajanja projekta<\/strong>: 1.10.2020 \u2013 30.9.2022<\/p>\n<p>Navkljub pomembni zapu\u0161\u010dini znanstvenih raziskav o prisotnosti molibdena (Mo) v okolju je v\u00e9denje o molibdenovem geobiokemijskem odtisu ter kro\u017eenju v sodobnih naravnih in antropogenih okoljih zelo okrnjeno. Vsebnosti molibdena, ki vstopajo v rastline, \u017eivali in ljudi, so tesno povezane z njegovim kro\u017eenjem po razli\u010dnih okoljskih ni\u0161ah ter kopenskih materialih, kot so kamnine, sedimenti in tla. Molibdenovi mineralo\u0161ki gostitelji in fiksacija molibdena v sedimentih \u0161e vedno niso natan\u010dno opredeljeni, nadalje pa so predhodni rezultati vodje projekta prvi\u010d dokazali, da je molibden v biolo\u0161kem sistemu tla-rastline veliko bolj biodostopen, kot so elementi kadmij, baker, nikelj, svinec in cink. Poleg navedenega, so nedavne \u0161tudije pokazale, da je koncentracijsko neravnovesje molibdena v \u010dlove\u0161kem telesu tesno povezano s tveganjem smrti pri majhnih otrocih in dojen\u010dkih.<\/p>\n<p>S projektom MoRocks bomo prepoznali in dolo\u010dili kako molibden kro\u017ei preko primarnih geolo\u0161kih vse do biolo\u0161kih materialov in kateri dejavniki spodbujajo biolo\u0161ko dostopnost obravnavanega elementa v sodobnih naravnih okoljih. Predstavljene cilje bomo dosegli tako, da bomo 1) prepoznali procese mobilnosti in molibdenove transferne poti v razli\u010dnih kamninah, 2) raziskovali dinamiko in razli\u010dne interakcije molibdena v specifi\u010dnem okolju sediment-voda in 3) ocenili molibdenove potencialne okoljske poti do razli\u010dnih biolo\u0161kih materialov.<\/p>\n<p>V raziskavi bomo zdru\u017eili uporabo naprednih analiti\u010dnih orodij in interdisciplinarnih znanstvenih dognanj iz mineralogije, petrologije, geokemije, okoljske geologije in geobiokemije, ki bodo pomagali pri de\u0161ifriranju molibdenovih transfernih poti znotraj primarnih geolo\u0161kih in biolo\u0161kih materialov vse od makro pa do nano velikostnih dimenzij.<\/p>\n<p>Rezultati projekta bodo korenito spremenili na\u0161e znanstveno razumevanje o molibdenovih mehanizmih mobilnosti in prenosa znotraj razli\u010dnih okoljskih sistemov. Projekt bo doprinesel tudi izredno pomembne rezultate za oblikovanje predhodnih celovitih modelov kro\u017eenja molibdena v razli\u010dnih naravnih okoljih za \u0161ir\u0161o uporabo v okoljskih znanstvenih podro\u010djih.<\/p>\n<p style=\"padding-left: 150px\"><a href=\"https:\/\/www.ntf.uni-lj.si\/og\/wp-content\/uploads\/sites\/3\/2020\/10\/Molibden-1.png\"><img loading=\"lazy\" width=\"228\" height=\"300\" class=\"alignnone size-medium wp-image-6354\" src=\"https:\/\/www.ntf.uni-lj.si\/og\/wp-content\/uploads\/sites\/3\/2020\/10\/Molibden-1-228x300.png\" alt=\"\" srcset=\"https:\/\/www.ntf.uni-lj.si\/og\/wp-content\/uploads\/sites\/3\/2020\/10\/Molibden-1-228x300.png 228w, https:\/\/www.ntf.uni-lj.si\/og\/wp-content\/uploads\/sites\/3\/2020\/10\/Molibden-1.png 343w\" sizes=\"(max-width: 228px) 100vw, 228px\" \/><\/a><\/p>\n<p><strong>Mo<\/strong><strong>libdenove transferne poti<\/strong><strong>, ki jih bomo raziskovali o okviru makro in vse do nano dimenzij.<\/strong><\/p>\n<p>(<strong>A<\/strong>) Prisotnost molibdena v kamninah in mineralih. Kro\u017eenje oziroma nadaljevanje transferne poti<br \/>\n(<strong>B<\/strong>) Vezava in izlu\u017eevanje molibdena v morskih sedimentih.<\/p>\n","protected":false},"excerpt":{"rendered":"Akronim: MoRocks \u0160ifra ARRS: N1-0164 Vrsta projekta: ERC (European Research Council) komplementarna shema Vodja:\u00a0doc. dr. Nastja Rogan \u0160muc Obdobje trajanja projekta: 1.10.2020 \u2013 30.9.2022 Navkljub pomembni zapu\u0161\u010dini znanstvenih raziskav o prisotnosti molibdena (Mo) v okolju je v\u00e9denje o molibdenovem geobiokemijskem odtisu ter kro\u017eenju v sodobnih naravnih in antropogenih okoljih zelo okrnjeno. Vsebnosti molibdena, ki vstopajo &#8230; <a class=\"view-article\" href=\"https:\/\/www.ntf.uni-lj.si\/og\/o-oddelku\/raziskovalno-delo\/raziskovalni-projekti\/arrs-erc-komplementarna-shema-n1-0164-geobiokemijski-cikel-molibdena-v-kamninah-in-sedimentih\/\">Read more<\/a>","protected":false},"author":259,"featured_media":0,"parent":5300,"menu_order":0,"comment_status":"closed","ping_status":"closed","template":"","meta":[],"acf":[],"yoast_head":"<!-- This site is optimized with the Yoast SEO plugin v17.0 - https:\/\/yoast.com\/wordpress\/plugins\/seo\/ -->\n<meta name=\"robots\" content=\"index, follow, max-snippet:-1, max-image-preview:large, max-video-preview:-1\" \/>\n<link rel=\"canonical\" href=\"https:\/\/www.ntf.uni-lj.si\/og\/o-oddelku\/raziskovalno-delo\/raziskovalni-projekti\/arrs-erc-komplementarna-shema-n1-0164-geobiokemijski-cikel-molibdena-v-kamninah-in-sedimentih\/\" \/>\n<meta property=\"og:locale\" content=\"en_US\" \/>\n<meta property=\"og:type\" content=\"article\" \/>\n<meta property=\"og:title\" content=\"ARRS ERC komplementarna shema N1-0164: Geobiokemijski cikel molibdena v kamninah in sedimentih - OG\" \/>\n<meta property=\"og:description\" content=\"Akronim: MoRocks \u0160ifra ARRS: N1-0164 Vrsta projekta: ERC (European Research Council) komplementarna shema Vodja:\u00a0doc. dr. Nastja Rogan \u0160muc Obdobje trajanja projekta: 1.10.2020 \u2013 30.9.2022 Navkljub pomembni zapu\u0161\u010dini znanstvenih raziskav o prisotnosti molibdena (Mo) v okolju je v\u00e9denje o molibdenovem geobiokemijskem odtisu ter kro\u017eenju v sodobnih naravnih in antropogenih okoljih zelo okrnjeno. Vsebnosti molibdena, ki vstopajo ... Read more\" \/>\n<meta property=\"og:url\" content=\"https:\/\/www.ntf.uni-lj.si\/og\/o-oddelku\/raziskovalno-delo\/raziskovalni-projekti\/arrs-erc-komplementarna-shema-n1-0164-geobiokemijski-cikel-molibdena-v-kamninah-in-sedimentih\/\" \/>\n<meta property=\"og:site_name\" content=\"OG\" \/>\n<meta property=\"article:modified_time\" content=\"2020-10-02T12:13:19+00:00\" \/>\n<meta property=\"og:image\" content=\"https:\/\/www.ntf.uni-lj.si\/og\/wp-content\/uploads\/sites\/3\/2020\/10\/Molibden-1-228x300.png\" \/>\n<meta name=\"twitter:label1\" content=\"Est. reading time\" \/>\n\t<meta name=\"twitter:data1\" content=\"2 minutes\" \/>\n<script type=\"application\/ld+json\" class=\"yoast-schema-graph\">{\"@context\":\"https:\/\/schema.org\",\"@graph\":[{\"@type\":\"WebSite\",\"@id\":\"https:\/\/www.ntf.uni-lj.si\/og\/#website\",\"url\":\"https:\/\/www.ntf.uni-lj.si\/og\/\",\"name\":\"OG\",\"description\":\"Oddelek za geologijo\",\"potentialAction\":[{\"@type\":\"SearchAction\",\"target\":{\"@type\":\"EntryPoint\",\"urlTemplate\":\"https:\/\/www.ntf.uni-lj.si\/og\/?s={search_term_string}\"},\"query-input\":\"required name=search_term_string\"}],\"inLanguage\":\"en-US\"},{\"@type\":\"ImageObject\",\"@id\":\"https:\/\/www.ntf.uni-lj.si\/og\/o-oddelku\/raziskovalno-delo\/raziskovalni-projekti\/arrs-erc-komplementarna-shema-n1-0164-geobiokemijski-cikel-molibdena-v-kamninah-in-sedimentih\/#primaryimage\",\"inLanguage\":\"en-US\",\"url\":\"https:\/\/www.ntf.uni-lj.si\/og\/wp-content\/uploads\/sites\/3\/2020\/10\/Molibden-1.png\",\"contentUrl\":\"https:\/\/www.ntf.uni-lj.si\/og\/wp-content\/uploads\/sites\/3\/2020\/10\/Molibden-1.png\",\"width\":343,\"height\":451},{\"@type\":\"WebPage\",\"@id\":\"https:\/\/www.ntf.uni-lj.si\/og\/o-oddelku\/raziskovalno-delo\/raziskovalni-projekti\/arrs-erc-komplementarna-shema-n1-0164-geobiokemijski-cikel-molibdena-v-kamninah-in-sedimentih\/#webpage\",\"url\":\"https:\/\/www.ntf.uni-lj.si\/og\/o-oddelku\/raziskovalno-delo\/raziskovalni-projekti\/arrs-erc-komplementarna-shema-n1-0164-geobiokemijski-cikel-molibdena-v-kamninah-in-sedimentih\/\",\"name\":\"ARRS ERC komplementarna shema N1-0164: Geobiokemijski cikel molibdena v kamninah in sedimentih - OG\",\"isPartOf\":{\"@id\":\"https:\/\/www.ntf.uni-lj.si\/og\/#website\"},\"primaryImageOfPage\":{\"@id\":\"https:\/\/www.ntf.uni-lj.si\/og\/o-oddelku\/raziskovalno-delo\/raziskovalni-projekti\/arrs-erc-komplementarna-shema-n1-0164-geobiokemijski-cikel-molibdena-v-kamninah-in-sedimentih\/#primaryimage\"},\"datePublished\":\"2020-10-02T12:12:05+00:00\",\"dateModified\":\"2020-10-02T12:13:19+00:00\",\"breadcrumb\":{\"@id\":\"https:\/\/www.ntf.uni-lj.si\/og\/o-oddelku\/raziskovalno-delo\/raziskovalni-projekti\/arrs-erc-komplementarna-shema-n1-0164-geobiokemijski-cikel-molibdena-v-kamninah-in-sedimentih\/#breadcrumb\"},\"inLanguage\":\"en-US\",\"potentialAction\":[{\"@type\":\"ReadAction\",\"target\":[\"https:\/\/www.ntf.uni-lj.si\/og\/o-oddelku\/raziskovalno-delo\/raziskovalni-projekti\/arrs-erc-komplementarna-shema-n1-0164-geobiokemijski-cikel-molibdena-v-kamninah-in-sedimentih\/\"]}]},{\"@type\":\"BreadcrumbList\",\"@id\":\"https:\/\/www.ntf.uni-lj.si\/og\/o-oddelku\/raziskovalno-delo\/raziskovalni-projekti\/arrs-erc-komplementarna-shema-n1-0164-geobiokemijski-cikel-molibdena-v-kamninah-in-sedimentih\/#breadcrumb\",\"itemListElement\":[{\"@type\":\"ListItem\",\"position\":1,\"name\":\"Home\",\"item\":\"https:\/\/www.ntf.uni-lj.si\/og\/\"},{\"@type\":\"ListItem\",\"position\":2,\"name\":\"O oddelku\",\"item\":\"https:\/\/www.ntf.uni-lj.si\/og\/o-oddelku\/\"},{\"@type\":\"ListItem\",\"position\":3,\"name\":\"Raziskovalno delo\",\"item\":\"https:\/\/www.ntf.uni-lj.si\/og\/o-oddelku\/raziskovalno-delo\/\"},{\"@type\":\"ListItem\",\"position\":4,\"name\":\"Raziskovalni projekti\",\"item\":\"https:\/\/www.ntf.uni-lj.si\/og\/o-oddelku\/raziskovalno-delo\/raziskovalni-projekti\/\"},{\"@type\":\"ListItem\",\"position\":5,\"name\":\"ARRS ERC komplementarna shema N1-0164: Geobiokemijski cikel molibdena v kamninah in sedimentih\"}]}]}<\/script>\n<!-- \/ Yoast SEO plugin. -->","yoast_head_json":{"robots":{"index":"index","follow":"follow","max-snippet":"max-snippet:-1","max-image-preview":"max-image-preview:large","max-video-preview":"max-video-preview:-1"},"canonical":"https:\/\/www.ntf.uni-lj.si\/og\/o-oddelku\/raziskovalno-delo\/raziskovalni-projekti\/arrs-erc-komplementarna-shema-n1-0164-geobiokemijski-cikel-molibdena-v-kamninah-in-sedimentih\/","og_locale":"en_US","og_type":"article","og_title":"ARRS ERC komplementarna shema N1-0164: Geobiokemijski cikel molibdena v kamninah in sedimentih - OG","og_description":"Akronim: MoRocks \u0160ifra ARRS: N1-0164 Vrsta projekta: ERC (European Research Council) komplementarna shema Vodja:\u00a0doc. dr. Nastja Rogan \u0160muc Obdobje trajanja projekta: 1.10.2020 \u2013 30.9.2022 Navkljub pomembni zapu\u0161\u010dini znanstvenih raziskav o prisotnosti molibdena (Mo) v okolju je v\u00e9denje o molibdenovem geobiokemijskem odtisu ter kro\u017eenju v sodobnih naravnih in antropogenih okoljih zelo okrnjeno. Vsebnosti molibdena, ki vstopajo ... Read more","og_url":"https:\/\/www.ntf.uni-lj.si\/og\/o-oddelku\/raziskovalno-delo\/raziskovalni-projekti\/arrs-erc-komplementarna-shema-n1-0164-geobiokemijski-cikel-molibdena-v-kamninah-in-sedimentih\/","og_site_name":"OG","article_modified_time":"2020-10-02T12:13:19+00:00","og_image":[{"url":"https:\/\/www.ntf.uni-lj.si\/og\/wp-content\/uploads\/sites\/3\/2020\/10\/Molibden-1-228x300.png"}],"twitter_misc":{"Est. reading time":"2 minutes"},"schema":{"@context":"https:\/\/schema.org","@graph":[{"@type":"WebSite","@id":"https:\/\/www.ntf.uni-lj.si\/og\/#website","url":"https:\/\/www.ntf.uni-lj.si\/og\/","name":"OG","description":"Oddelek za geologijo","potentialAction":[{"@type":"SearchAction","target":{"@type":"EntryPoint","urlTemplate":"https:\/\/www.ntf.uni-lj.si\/og\/?s={search_term_string}"},"query-input":"required name=search_term_string"}],"inLanguage":"en-US"},{"@type":"ImageObject","@id":"https:\/\/www.ntf.uni-lj.si\/og\/o-oddelku\/raziskovalno-delo\/raziskovalni-projekti\/arrs-erc-komplementarna-shema-n1-0164-geobiokemijski-cikel-molibdena-v-kamninah-in-sedimentih\/#primaryimage","inLanguage":"en-US","url":"https:\/\/www.ntf.uni-lj.si\/og\/wp-content\/uploads\/sites\/3\/2020\/10\/Molibden-1.png","contentUrl":"https:\/\/www.ntf.uni-lj.si\/og\/wp-content\/uploads\/sites\/3\/2020\/10\/Molibden-1.png","width":343,"height":451},{"@type":"WebPage","@id":"https:\/\/www.ntf.uni-lj.si\/og\/o-oddelku\/raziskovalno-delo\/raziskovalni-projekti\/arrs-erc-komplementarna-shema-n1-0164-geobiokemijski-cikel-molibdena-v-kamninah-in-sedimentih\/#webpage","url":"https:\/\/www.ntf.uni-lj.si\/og\/o-oddelku\/raziskovalno-delo\/raziskovalni-projekti\/arrs-erc-komplementarna-shema-n1-0164-geobiokemijski-cikel-molibdena-v-kamninah-in-sedimentih\/","name":"ARRS ERC komplementarna shema N1-0164: Geobiokemijski cikel molibdena v kamninah in sedimentih - OG","isPartOf":{"@id":"https:\/\/www.ntf.uni-lj.si\/og\/#website"},"primaryImageOfPage":{"@id":"https:\/\/www.ntf.uni-lj.si\/og\/o-oddelku\/raziskovalno-delo\/raziskovalni-projekti\/arrs-erc-komplementarna-shema-n1-0164-geobiokemijski-cikel-molibdena-v-kamninah-in-sedimentih\/#primaryimage"},"datePublished":"2020-10-02T12:12:05+00:00","dateModified":"2020-10-02T12:13:19+00:00","breadcrumb":{"@id":"https:\/\/www.ntf.uni-lj.si\/og\/o-oddelku\/raziskovalno-delo\/raziskovalni-projekti\/arrs-erc-komplementarna-shema-n1-0164-geobiokemijski-cikel-molibdena-v-kamninah-in-sedimentih\/#breadcrumb"},"inLanguage":"en-US","potentialAction":[{"@type":"ReadAction","target":["https:\/\/www.ntf.uni-lj.si\/og\/o-oddelku\/raziskovalno-delo\/raziskovalni-projekti\/arrs-erc-komplementarna-shema-n1-0164-geobiokemijski-cikel-molibdena-v-kamninah-in-sedimentih\/"]}]},{"@type":"BreadcrumbList","@id":"https:\/\/www.ntf.uni-lj.si\/og\/o-oddelku\/raziskovalno-delo\/raziskovalni-projekti\/arrs-erc-komplementarna-shema-n1-0164-geobiokemijski-cikel-molibdena-v-kamninah-in-sedimentih\/#breadcrumb","itemListElement":[{"@type":"ListItem","position":1,"name":"Home","item":"https:\/\/www.ntf.uni-lj.si\/og\/"},{"@type":"ListItem","position":2,"name":"O oddelku","item":"https:\/\/www.ntf.uni-lj.si\/og\/o-oddelku\/"},{"@type":"ListItem","position":3,"name":"Raziskovalno delo","item":"https:\/\/www.ntf.uni-lj.si\/og\/o-oddelku\/raziskovalno-delo\/"},{"@type":"ListItem","position":4,"name":"Raziskovalni projekti","item":"https:\/\/www.ntf.uni-lj.si\/og\/o-oddelku\/raziskovalno-delo\/raziskovalni-projekti\/"},{"@type":"ListItem","position":5,"name":"ARRS ERC komplementarna shema N1-0164: Geobiokemijski cikel molibdena v kamninah in sedimentih"}]}]}},"_links":{"self":[{"href":"https:\/\/www.ntf.uni-lj.si\/og\/wp-json\/wp\/v2\/pages\/6351"}],"collection":[{"href":"https:\/\/www.ntf.uni-lj.si\/og\/wp-json\/wp\/v2\/pages"}],"about":[{"href":"https:\/\/www.ntf.uni-lj.si\/og\/wp-json\/wp\/v2\/types\/page"}],"author":[{"embeddable":true,"href":"https:\/\/www.ntf.uni-lj.si\/og\/wp-json\/wp\/v2\/users\/259"}],"replies":[{"embeddable":true,"href":"https:\/\/www.ntf.uni-lj.si\/og\/wp-json\/wp\/v2\/comments?post=6351"}],"version-history":[{"count":7,"href":"https:\/\/www.ntf.uni-lj.si\/og\/wp-json\/wp\/v2\/pages\/6351\/revisions"}],"predecessor-version":[{"id":6360,"href":"https:\/\/www.ntf.uni-lj.si\/og\/wp-json\/wp\/v2\/pages\/6351\/revisions\/6360"}],"up":[{"embeddable":true,"href":"https:\/\/www.ntf.uni-lj.si\/og\/wp-json\/wp\/v2\/pages\/5300"}],"wp:attachment":[{"href":"https:\/\/www.ntf.uni-lj.si\/og\/wp-json\/wp\/v2\/media?parent=6351"}],"curies":[{"name":"wp","href":"https:\/\/api.w.org\/{rel}","templated":true}]}}