{"id":7727,"date":"2023-01-24T10:26:03","date_gmt":"2023-01-24T09:26:03","guid":{"rendered":"https:\/\/www.ntf.uni-lj.si\/og\/?page_id=7727"},"modified":"2023-01-24T10:56:18","modified_gmt":"2023-01-24T09:56:18","slug":"sestava-projektne-skupine","status":"publish","type":"page","link":"https:\/\/www.ntf.uni-lj.si\/og\/o-oddelku\/raziskovalno-delo\/raziskovalni-projekti\/arrs-projekt-erozijski-procesi-na-obalnih-flisnih-klifih-z-oceno-tveganja\/sestava-projektne-skupine\/","title":{"rendered":"Sestava projektne skupine"},"content":{"rendered":"<h3><a href=\"https:\/\/www.ntf.uni-lj.si\/\" target=\"_blank\" rel=\"noopener\">Naravoslovnotehni\u0161ka fakulteta Univerze v Ljubljani (UL NTF)<\/a><\/h3>\n<ul>\n<li>Timotej Verbov\u0161ek<\/li>\n<li>Bo\u0161tjan Ro\u017ei\u010d<\/li>\n<li>Marko Vrabec<\/li>\n<li>Galena Jordanova<\/li>\n<li>Matej Dolenec<\/li>\n<li>Petra \u017dvab Ro\u017ei\u010d<\/li>\n<li>Primo\u017e Miklavc<\/li>\n<li>Ema Hrovatin<\/li>\n<\/ul>\n<h3><\/h3>\n<h3><a href=\"https:\/\/www.fgg.uni-lj.si\/\" target=\"_blank\" rel=\"noopener\">Fakulteta za gradbeni\u0161tvo in geodezijo Univerze v Ljubljani (UL FGG)<\/a><\/h3>\n<ul>\n<li>Klemen Kregar<\/li>\n<li>Klemen Kozmus Trajkovski<\/li>\n<li>Matja\u017e Miko\u0161<\/li>\n<li>Nejc Bezak<\/li>\n<li>Tamara Kuzmani\u0107<\/li>\n<\/ul>\n<h3><\/h3>\n<h3><a href=\"https:\/\/www.zag.si\/\" target=\"_blank\" rel=\"noopener\">Zavod za gradbeni\u0161tvo (ZAG)<\/a><\/h3>\n<ul>\n<li>Karmen Fifer Bizjak<\/li>\n<li>Andra\u017e Ger\u0161ak<\/li>\n<li>Jelka Helena Cronin<\/li>\n<\/ul>\n","protected":false},"excerpt":{"rendered":"Naravoslovnotehni\u0161ka fakulteta Univerze v Ljubljani (UL NTF) Timotej Verbov\u0161ek Bo\u0161tjan Ro\u017ei\u010d Marko Vrabec Galena Jordanova Matej Dolenec Petra \u017dvab Ro\u017ei\u010d Primo\u017e Miklavc Ema Hrovatin Fakulteta za gradbeni\u0161tvo in geodezijo Univerze v Ljubljani (UL FGG) Klemen Kregar Klemen Kozmus Trajkovski Matja\u017e Miko\u0161 Nejc Bezak Tamara Kuzmani\u0107 Zavod za gradbeni\u0161tvo (ZAG) Karmen Fifer Bizjak Andra\u017e Ger\u0161ak Jelka &#8230; <a class=\"view-article\" href=\"https:\/\/www.ntf.uni-lj.si\/og\/o-oddelku\/raziskovalno-delo\/raziskovalni-projekti\/arrs-projekt-erozijski-procesi-na-obalnih-flisnih-klifih-z-oceno-tveganja\/sestava-projektne-skupine\/\">Read more<\/a>","protected":false},"author":259,"featured_media":0,"parent":5936,"menu_order":1,"comment_status":"closed","ping_status":"closed","template":"","meta":[],"acf":[],"yoast_head":"<!-- This site is optimized with the Yoast SEO plugin v17.0 - https:\/\/yoast.com\/wordpress\/plugins\/seo\/ -->\n<meta name=\"robots\" content=\"index, follow, max-snippet:-1, max-image-preview:large, max-video-preview:-1\" \/>\n<link rel=\"canonical\" href=\"https:\/\/www.ntf.uni-lj.si\/og\/o-oddelku\/raziskovalno-delo\/raziskovalni-projekti\/arrs-projekt-erozijski-procesi-na-obalnih-flisnih-klifih-z-oceno-tveganja\/sestava-projektne-skupine\/\" \/>\n<meta property=\"og:locale\" content=\"en_US\" \/>\n<meta property=\"og:type\" content=\"article\" \/>\n<meta property=\"og:title\" content=\"Sestava projektne skupine - OG\" \/>\n<meta property=\"og:description\" content=\"Naravoslovnotehni\u0161ka fakulteta Univerze v Ljubljani (UL NTF) Timotej Verbov\u0161ek Bo\u0161tjan Ro\u017ei\u010d Marko Vrabec Galena Jordanova Matej Dolenec Petra \u017dvab Ro\u017ei\u010d Primo\u017e Miklavc Ema Hrovatin Fakulteta za gradbeni\u0161tvo in geodezijo Univerze v Ljubljani (UL FGG) Klemen Kregar Klemen Kozmus Trajkovski Matja\u017e Miko\u0161 Nejc Bezak Tamara Kuzmani\u0107 Zavod za gradbeni\u0161tvo (ZAG) Karmen Fifer Bizjak Andra\u017e Ger\u0161ak Jelka ... Read more\" \/>\n<meta property=\"og:url\" content=\"https:\/\/www.ntf.uni-lj.si\/og\/o-oddelku\/raziskovalno-delo\/raziskovalni-projekti\/arrs-projekt-erozijski-procesi-na-obalnih-flisnih-klifih-z-oceno-tveganja\/sestava-projektne-skupine\/\" \/>\n<meta property=\"og:site_name\" content=\"OG\" \/>\n<meta property=\"article:modified_time\" content=\"2023-01-24T09:56:18+00:00\" \/>\n<script type=\"application\/ld+json\" class=\"yoast-schema-graph\">{\"@context\":\"https:\/\/schema.org\",\"@graph\":[{\"@type\":\"WebSite\",\"@id\":\"https:\/\/www.ntf.uni-lj.si\/og\/#website\",\"url\":\"https:\/\/www.ntf.uni-lj.si\/og\/\",\"name\":\"OG\",\"description\":\"Oddelek za geologijo\",\"potentialAction\":[{\"@type\":\"SearchAction\",\"target\":{\"@type\":\"EntryPoint\",\"urlTemplate\":\"https:\/\/www.ntf.uni-lj.si\/og\/?s={search_term_string}\"},\"query-input\":\"required name=search_term_string\"}],\"inLanguage\":\"en-US\"},{\"@type\":\"WebPage\",\"@id\":\"https:\/\/www.ntf.uni-lj.si\/og\/o-oddelku\/raziskovalno-delo\/raziskovalni-projekti\/arrs-projekt-erozijski-procesi-na-obalnih-flisnih-klifih-z-oceno-tveganja\/sestava-projektne-skupine\/#webpage\",\"url\":\"https:\/\/www.ntf.uni-lj.si\/og\/o-oddelku\/raziskovalno-delo\/raziskovalni-projekti\/arrs-projekt-erozijski-procesi-na-obalnih-flisnih-klifih-z-oceno-tveganja\/sestava-projektne-skupine\/\",\"name\":\"Sestava projektne skupine - OG\",\"isPartOf\":{\"@id\":\"https:\/\/www.ntf.uni-lj.si\/og\/#website\"},\"datePublished\":\"2023-01-24T09:26:03+00:00\",\"dateModified\":\"2023-01-24T09:56:18+00:00\",\"breadcrumb\":{\"@id\":\"https:\/\/www.ntf.uni-lj.si\/og\/o-oddelku\/raziskovalno-delo\/raziskovalni-projekti\/arrs-projekt-erozijski-procesi-na-obalnih-flisnih-klifih-z-oceno-tveganja\/sestava-projektne-skupine\/#breadcrumb\"},\"inLanguage\":\"en-US\",\"potentialAction\":[{\"@type\":\"ReadAction\",\"target\":[\"https:\/\/www.ntf.uni-lj.si\/og\/o-oddelku\/raziskovalno-delo\/raziskovalni-projekti\/arrs-projekt-erozijski-procesi-na-obalnih-flisnih-klifih-z-oceno-tveganja\/sestava-projektne-skupine\/\"]}]},{\"@type\":\"BreadcrumbList\",\"@id\":\"https:\/\/www.ntf.uni-lj.si\/og\/o-oddelku\/raziskovalno-delo\/raziskovalni-projekti\/arrs-projekt-erozijski-procesi-na-obalnih-flisnih-klifih-z-oceno-tveganja\/sestava-projektne-skupine\/#breadcrumb\",\"itemListElement\":[{\"@type\":\"ListItem\",\"position\":1,\"name\":\"Home\",\"item\":\"https:\/\/www.ntf.uni-lj.si\/og\/\"},{\"@type\":\"ListItem\",\"position\":2,\"name\":\"O oddelku\",\"item\":\"https:\/\/www.ntf.uni-lj.si\/og\/o-oddelku\/\"},{\"@type\":\"ListItem\",\"position\":3,\"name\":\"Raziskovalno delo\",\"item\":\"https:\/\/www.ntf.uni-lj.si\/og\/o-oddelku\/raziskovalno-delo\/\"},{\"@type\":\"ListItem\",\"position\":4,\"name\":\"Raziskovalni projekti\",\"item\":\"https:\/\/www.ntf.uni-lj.si\/og\/o-oddelku\/raziskovalno-delo\/raziskovalni-projekti\/\"},{\"@type\":\"ListItem\",\"position\":5,\"name\":\"ARRS\/ARIS projekt J1-2477: Erozijski procesi na obalnih fli\\u0161nih klifih z oceno tveganja\",\"item\":\"https:\/\/www.ntf.uni-lj.si\/og\/o-oddelku\/raziskovalno-delo\/raziskovalni-projekti\/arrs-projekt-erozijski-procesi-na-obalnih-flisnih-klifih-z-oceno-tveganja\/\"},{\"@type\":\"ListItem\",\"position\":6,\"name\":\"Sestava projektne skupine\"}]}]}<\/script>\n<!-- \/ Yoast SEO plugin. -->","yoast_head_json":{"robots":{"index":"index","follow":"follow","max-snippet":"max-snippet:-1","max-image-preview":"max-image-preview:large","max-video-preview":"max-video-preview:-1"},"canonical":"https:\/\/www.ntf.uni-lj.si\/og\/o-oddelku\/raziskovalno-delo\/raziskovalni-projekti\/arrs-projekt-erozijski-procesi-na-obalnih-flisnih-klifih-z-oceno-tveganja\/sestava-projektne-skupine\/","og_locale":"en_US","og_type":"article","og_title":"Sestava projektne skupine - OG","og_description":"Naravoslovnotehni\u0161ka fakulteta Univerze v Ljubljani (UL NTF) Timotej Verbov\u0161ek Bo\u0161tjan Ro\u017ei\u010d Marko Vrabec Galena Jordanova Matej Dolenec Petra \u017dvab Ro\u017ei\u010d Primo\u017e Miklavc Ema Hrovatin Fakulteta za gradbeni\u0161tvo in geodezijo Univerze v Ljubljani (UL FGG) Klemen Kregar Klemen Kozmus Trajkovski Matja\u017e Miko\u0161 Nejc Bezak Tamara Kuzmani\u0107 Zavod za gradbeni\u0161tvo (ZAG) Karmen Fifer Bizjak Andra\u017e Ger\u0161ak Jelka ... Read more","og_url":"https:\/\/www.ntf.uni-lj.si\/og\/o-oddelku\/raziskovalno-delo\/raziskovalni-projekti\/arrs-projekt-erozijski-procesi-na-obalnih-flisnih-klifih-z-oceno-tveganja\/sestava-projektne-skupine\/","og_site_name":"OG","article_modified_time":"2023-01-24T09:56:18+00:00","schema":{"@context":"https:\/\/schema.org","@graph":[{"@type":"WebSite","@id":"https:\/\/www.ntf.uni-lj.si\/og\/#website","url":"https:\/\/www.ntf.uni-lj.si\/og\/","name":"OG","description":"Oddelek za geologijo","potentialAction":[{"@type":"SearchAction","target":{"@type":"EntryPoint","urlTemplate":"https:\/\/www.ntf.uni-lj.si\/og\/?s={search_term_string}"},"query-input":"required name=search_term_string"}],"inLanguage":"en-US"},{"@type":"WebPage","@id":"https:\/\/www.ntf.uni-lj.si\/og\/o-oddelku\/raziskovalno-delo\/raziskovalni-projekti\/arrs-projekt-erozijski-procesi-na-obalnih-flisnih-klifih-z-oceno-tveganja\/sestava-projektne-skupine\/#webpage","url":"https:\/\/www.ntf.uni-lj.si\/og\/o-oddelku\/raziskovalno-delo\/raziskovalni-projekti\/arrs-projekt-erozijski-procesi-na-obalnih-flisnih-klifih-z-oceno-tveganja\/sestava-projektne-skupine\/","name":"Sestava projektne skupine - OG","isPartOf":{"@id":"https:\/\/www.ntf.uni-lj.si\/og\/#website"},"datePublished":"2023-01-24T09:26:03+00:00","dateModified":"2023-01-24T09:56:18+00:00","breadcrumb":{"@id":"https:\/\/www.ntf.uni-lj.si\/og\/o-oddelku\/raziskovalno-delo\/raziskovalni-projekti\/arrs-projekt-erozijski-procesi-na-obalnih-flisnih-klifih-z-oceno-tveganja\/sestava-projektne-skupine\/#breadcrumb"},"inLanguage":"en-US","potentialAction":[{"@type":"ReadAction","target":["https:\/\/www.ntf.uni-lj.si\/og\/o-oddelku\/raziskovalno-delo\/raziskovalni-projekti\/arrs-projekt-erozijski-procesi-na-obalnih-flisnih-klifih-z-oceno-tveganja\/sestava-projektne-skupine\/"]}]},{"@type":"BreadcrumbList","@id":"https:\/\/www.ntf.uni-lj.si\/og\/o-oddelku\/raziskovalno-delo\/raziskovalni-projekti\/arrs-projekt-erozijski-procesi-na-obalnih-flisnih-klifih-z-oceno-tveganja\/sestava-projektne-skupine\/#breadcrumb","itemListElement":[{"@type":"ListItem","position":1,"name":"Home","item":"https:\/\/www.ntf.uni-lj.si\/og\/"},{"@type":"ListItem","position":2,"name":"O oddelku","item":"https:\/\/www.ntf.uni-lj.si\/og\/o-oddelku\/"},{"@type":"ListItem","position":3,"name":"Raziskovalno delo","item":"https:\/\/www.ntf.uni-lj.si\/og\/o-oddelku\/raziskovalno-delo\/"},{"@type":"ListItem","position":4,"name":"Raziskovalni projekti","item":"https:\/\/www.ntf.uni-lj.si\/og\/o-oddelku\/raziskovalno-delo\/raziskovalni-projekti\/"},{"@type":"ListItem","position":5,"name":"ARRS\/ARIS projekt J1-2477: Erozijski procesi na obalnih fli\u0161nih klifih z oceno tveganja","item":"https:\/\/www.ntf.uni-lj.si\/og\/o-oddelku\/raziskovalno-delo\/raziskovalni-projekti\/arrs-projekt-erozijski-procesi-na-obalnih-flisnih-klifih-z-oceno-tveganja\/"},{"@type":"ListItem","position":6,"name":"Sestava projektne skupine"}]}]}},"_links":{"self":[{"href":"https:\/\/www.ntf.uni-lj.si\/og\/wp-json\/wp\/v2\/pages\/7727"}],"collection":[{"href":"https:\/\/www.ntf.uni-lj.si\/og\/wp-json\/wp\/v2\/pages"}],"about":[{"href":"https:\/\/www.ntf.uni-lj.si\/og\/wp-json\/wp\/v2\/types\/page"}],"author":[{"embeddable":true,"href":"https:\/\/www.ntf.uni-lj.si\/og\/wp-json\/wp\/v2\/users\/259"}],"replies":[{"embeddable":true,"href":"https:\/\/www.ntf.uni-lj.si\/og\/wp-json\/wp\/v2\/comments?post=7727"}],"version-history":[{"count":5,"href":"https:\/\/www.ntf.uni-lj.si\/og\/wp-json\/wp\/v2\/pages\/7727\/revisions"}],"predecessor-version":[{"id":7736,"href":"https:\/\/www.ntf.uni-lj.si\/og\/wp-json\/wp\/v2\/pages\/7727\/revisions\/7736"}],"up":[{"embeddable":true,"href":"https:\/\/www.ntf.uni-lj.si\/og\/wp-json\/wp\/v2\/pages\/5936"}],"wp:attachment":[{"href":"https:\/\/www.ntf.uni-lj.si\/og\/wp-json\/wp\/v2\/media?parent=7727"}],"curies":[{"name":"wp","href":"https:\/\/api.w.org\/{rel}","templated":true}]}}