{"id":7874,"date":"2023-01-24T16:08:15","date_gmt":"2023-01-24T15:08:15","guid":{"rendered":"https:\/\/www.ntf.uni-lj.si\/og\/?page_id=7874"},"modified":"2023-01-24T16:08:15","modified_gmt":"2023-01-24T15:08:15","slug":"project-team","status":"publish","type":"page","link":"https:\/\/www.ntf.uni-lj.si\/og\/en\/about-deparment\/research\/research-projects\/arrs-project-erosional-processes-on-coastal-flysch-cliffs-and-their-risk-assessment\/project-team\/","title":{"rendered":"Project team"},"content":{"rendered":"<h3><a href=\"https:\/\/www.ntf.uni-lj.si\/\" target=\"_blank\" rel=\"noopener\">Faculty of Natural Sciences and Engineering, University of Ljubljana (UL NTF)<\/a><\/h3>\n<ul>\n<li>Timotej Verbov\u0161ek<\/li>\n<li>Bo\u0161tjan Ro\u017ei\u010d<\/li>\n<li>Marko Vrabec<\/li>\n<li>Galena Jordanova<\/li>\n<li>Matej Dolenec<\/li>\n<li>Petra \u017dvab Ro\u017ei\u010d<\/li>\n<li>Primo\u017e Miklavc<\/li>\n<li>Ema Hrovatin<\/li>\n<\/ul>\n<h3><\/h3>\n<h3><a href=\"https:\/\/www.fgg.uni-lj.si\/\" target=\"_blank\" rel=\"noopener\">Faculty of Civil and Geodetic Engineering, University of Ljubljana (UL FGG)<\/a><\/h3>\n<ul>\n<li>Klemen Kregar<\/li>\n<li>Klemen Kozmus Trajkovski<\/li>\n<li>Matja\u017e Miko\u0161<\/li>\n<li>Nejc Bezak<\/li>\n<li>Tamara Kuzmani\u0107<\/li>\n<\/ul>\n<h3><\/h3>\n<h3><a href=\"https:\/\/www.zag.si\/\" target=\"_blank\" rel=\"noopener\">Slovenian National Building and Civil Engineering Institute (ZAG)<\/a><\/h3>\n<ul>\n<li>Karmen Fifer Bizjak<\/li>\n<li>Andra\u017e Ger\u0161ak<\/li>\n<li>Jelka Helena Cronin<\/li>\n<\/ul>\n","protected":false},"excerpt":{"rendered":"Faculty of Natural Sciences and Engineering, University of Ljubljana (UL NTF) Timotej Verbov\u0161ek Bo\u0161tjan Ro\u017ei\u010d Marko Vrabec Galena Jordanova Matej Dolenec Petra \u017dvab Ro\u017ei\u010d Primo\u017e Miklavc Ema Hrovatin Faculty of Civil and Geodetic Engineering, University of Ljubljana (UL FGG) Klemen Kregar Klemen Kozmus Trajkovski Matja\u017e Miko\u0161 Nejc Bezak Tamara Kuzmani\u0107 Slovenian National Building and Civil &#8230; <a class=\"view-article\" href=\"https:\/\/www.ntf.uni-lj.si\/og\/en\/about-deparment\/research\/research-projects\/arrs-project-erosional-processes-on-coastal-flysch-cliffs-and-their-risk-assessment\/project-team\/\">Read more<\/a>","protected":false},"author":259,"featured_media":0,"parent":5941,"menu_order":1,"comment_status":"closed","ping_status":"closed","template":"","meta":[],"acf":[],"yoast_head":"<!-- This site is optimized with the Yoast SEO plugin v17.0 - https:\/\/yoast.com\/wordpress\/plugins\/seo\/ -->\n<meta name=\"robots\" content=\"index, follow, max-snippet:-1, max-image-preview:large, max-video-preview:-1\" \/>\n<link rel=\"canonical\" href=\"https:\/\/www.ntf.uni-lj.si\/og\/en\/about-deparment\/research\/research-projects\/arrs-project-erosional-processes-on-coastal-flysch-cliffs-and-their-risk-assessment\/project-team\/\" \/>\n<meta property=\"og:locale\" content=\"en_US\" \/>\n<meta property=\"og:type\" content=\"article\" \/>\n<meta property=\"og:title\" content=\"Project team - OG\" \/>\n<meta property=\"og:description\" content=\"Faculty of Natural Sciences and Engineering, University of Ljubljana (UL NTF) Timotej Verbov\u0161ek Bo\u0161tjan Ro\u017ei\u010d Marko Vrabec Galena Jordanova Matej Dolenec Petra \u017dvab Ro\u017ei\u010d Primo\u017e Miklavc Ema Hrovatin Faculty of Civil and Geodetic Engineering, University of Ljubljana (UL FGG) Klemen Kregar Klemen Kozmus Trajkovski Matja\u017e Miko\u0161 Nejc Bezak Tamara Kuzmani\u0107 Slovenian National Building and Civil ... Read more\" \/>\n<meta property=\"og:url\" content=\"https:\/\/www.ntf.uni-lj.si\/og\/en\/about-deparment\/research\/research-projects\/arrs-project-erosional-processes-on-coastal-flysch-cliffs-and-their-risk-assessment\/project-team\/\" \/>\n<meta property=\"og:site_name\" content=\"OG\" \/>\n<script type=\"application\/ld+json\" class=\"yoast-schema-graph\">{\"@context\":\"https:\/\/schema.org\",\"@graph\":[{\"@type\":\"WebSite\",\"@id\":\"https:\/\/www.ntf.uni-lj.si\/og\/#website\",\"url\":\"https:\/\/www.ntf.uni-lj.si\/og\/\",\"name\":\"OG\",\"description\":\"Oddelek za geologijo\",\"potentialAction\":[{\"@type\":\"SearchAction\",\"target\":{\"@type\":\"EntryPoint\",\"urlTemplate\":\"https:\/\/www.ntf.uni-lj.si\/og\/?s={search_term_string}\"},\"query-input\":\"required name=search_term_string\"}],\"inLanguage\":\"en-US\"},{\"@type\":\"WebPage\",\"@id\":\"https:\/\/www.ntf.uni-lj.si\/og\/en\/about-deparment\/research\/research-projects\/arrs-project-erosional-processes-on-coastal-flysch-cliffs-and-their-risk-assessment\/project-team\/#webpage\",\"url\":\"https:\/\/www.ntf.uni-lj.si\/og\/en\/about-deparment\/research\/research-projects\/arrs-project-erosional-processes-on-coastal-flysch-cliffs-and-their-risk-assessment\/project-team\/\",\"name\":\"Project team - OG\",\"isPartOf\":{\"@id\":\"https:\/\/www.ntf.uni-lj.si\/og\/#website\"},\"datePublished\":\"2023-01-24T15:08:15+00:00\",\"dateModified\":\"2023-01-24T15:08:15+00:00\",\"breadcrumb\":{\"@id\":\"https:\/\/www.ntf.uni-lj.si\/og\/en\/about-deparment\/research\/research-projects\/arrs-project-erosional-processes-on-coastal-flysch-cliffs-and-their-risk-assessment\/project-team\/#breadcrumb\"},\"inLanguage\":\"en-US\",\"potentialAction\":[{\"@type\":\"ReadAction\",\"target\":[\"https:\/\/www.ntf.uni-lj.si\/og\/en\/about-deparment\/research\/research-projects\/arrs-project-erosional-processes-on-coastal-flysch-cliffs-and-their-risk-assessment\/project-team\/\"]}]},{\"@type\":\"BreadcrumbList\",\"@id\":\"https:\/\/www.ntf.uni-lj.si\/og\/en\/about-deparment\/research\/research-projects\/arrs-project-erosional-processes-on-coastal-flysch-cliffs-and-their-risk-assessment\/project-team\/#breadcrumb\",\"itemListElement\":[{\"@type\":\"ListItem\",\"position\":1,\"name\":\"Home\",\"item\":\"https:\/\/www.ntf.uni-lj.si\/og\/\"},{\"@type\":\"ListItem\",\"position\":2,\"name\":\"About deparment\",\"item\":\"https:\/\/www.ntf.uni-lj.si\/og\/en\/about-deparment\/\"},{\"@type\":\"ListItem\",\"position\":3,\"name\":\"Research\",\"item\":\"https:\/\/www.ntf.uni-lj.si\/og\/en\/about-deparment\/research\/\"},{\"@type\":\"ListItem\",\"position\":4,\"name\":\"Research Projects\",\"item\":\"https:\/\/www.ntf.uni-lj.si\/og\/en\/about-deparment\/research\/research-projects\/\"},{\"@type\":\"ListItem\",\"position\":5,\"name\":\"ARRS\/ARIS project J1-2477: Erosional processes on coastal flysch cliffs and their risk assessment\",\"item\":\"https:\/\/www.ntf.uni-lj.si\/og\/en\/about-deparment\/research\/research-projects\/arrs-project-erosional-processes-on-coastal-flysch-cliffs-and-their-risk-assessment\/\"},{\"@type\":\"ListItem\",\"position\":6,\"name\":\"Project team\"}]}]}<\/script>\n<!-- \/ Yoast SEO plugin. -->","yoast_head_json":{"robots":{"index":"index","follow":"follow","max-snippet":"max-snippet:-1","max-image-preview":"max-image-preview:large","max-video-preview":"max-video-preview:-1"},"canonical":"https:\/\/www.ntf.uni-lj.si\/og\/en\/about-deparment\/research\/research-projects\/arrs-project-erosional-processes-on-coastal-flysch-cliffs-and-their-risk-assessment\/project-team\/","og_locale":"en_US","og_type":"article","og_title":"Project team - OG","og_description":"Faculty of Natural Sciences and Engineering, University of Ljubljana (UL NTF) Timotej Verbov\u0161ek Bo\u0161tjan Ro\u017ei\u010d Marko Vrabec Galena Jordanova Matej Dolenec Petra \u017dvab Ro\u017ei\u010d Primo\u017e Miklavc Ema Hrovatin Faculty of Civil and Geodetic Engineering, University of Ljubljana (UL FGG) Klemen Kregar Klemen Kozmus Trajkovski Matja\u017e Miko\u0161 Nejc Bezak Tamara Kuzmani\u0107 Slovenian National Building and Civil ... Read more","og_url":"https:\/\/www.ntf.uni-lj.si\/og\/en\/about-deparment\/research\/research-projects\/arrs-project-erosional-processes-on-coastal-flysch-cliffs-and-their-risk-assessment\/project-team\/","og_site_name":"OG","schema":{"@context":"https:\/\/schema.org","@graph":[{"@type":"WebSite","@id":"https:\/\/www.ntf.uni-lj.si\/og\/#website","url":"https:\/\/www.ntf.uni-lj.si\/og\/","name":"OG","description":"Oddelek za geologijo","potentialAction":[{"@type":"SearchAction","target":{"@type":"EntryPoint","urlTemplate":"https:\/\/www.ntf.uni-lj.si\/og\/?s={search_term_string}"},"query-input":"required name=search_term_string"}],"inLanguage":"en-US"},{"@type":"WebPage","@id":"https:\/\/www.ntf.uni-lj.si\/og\/en\/about-deparment\/research\/research-projects\/arrs-project-erosional-processes-on-coastal-flysch-cliffs-and-their-risk-assessment\/project-team\/#webpage","url":"https:\/\/www.ntf.uni-lj.si\/og\/en\/about-deparment\/research\/research-projects\/arrs-project-erosional-processes-on-coastal-flysch-cliffs-and-their-risk-assessment\/project-team\/","name":"Project team - OG","isPartOf":{"@id":"https:\/\/www.ntf.uni-lj.si\/og\/#website"},"datePublished":"2023-01-24T15:08:15+00:00","dateModified":"2023-01-24T15:08:15+00:00","breadcrumb":{"@id":"https:\/\/www.ntf.uni-lj.si\/og\/en\/about-deparment\/research\/research-projects\/arrs-project-erosional-processes-on-coastal-flysch-cliffs-and-their-risk-assessment\/project-team\/#breadcrumb"},"inLanguage":"en-US","potentialAction":[{"@type":"ReadAction","target":["https:\/\/www.ntf.uni-lj.si\/og\/en\/about-deparment\/research\/research-projects\/arrs-project-erosional-processes-on-coastal-flysch-cliffs-and-their-risk-assessment\/project-team\/"]}]},{"@type":"BreadcrumbList","@id":"https:\/\/www.ntf.uni-lj.si\/og\/en\/about-deparment\/research\/research-projects\/arrs-project-erosional-processes-on-coastal-flysch-cliffs-and-their-risk-assessment\/project-team\/#breadcrumb","itemListElement":[{"@type":"ListItem","position":1,"name":"Home","item":"https:\/\/www.ntf.uni-lj.si\/og\/"},{"@type":"ListItem","position":2,"name":"About deparment","item":"https:\/\/www.ntf.uni-lj.si\/og\/en\/about-deparment\/"},{"@type":"ListItem","position":3,"name":"Research","item":"https:\/\/www.ntf.uni-lj.si\/og\/en\/about-deparment\/research\/"},{"@type":"ListItem","position":4,"name":"Research Projects","item":"https:\/\/www.ntf.uni-lj.si\/og\/en\/about-deparment\/research\/research-projects\/"},{"@type":"ListItem","position":5,"name":"ARRS\/ARIS project J1-2477: Erosional processes on coastal flysch cliffs and their risk assessment","item":"https:\/\/www.ntf.uni-lj.si\/og\/en\/about-deparment\/research\/research-projects\/arrs-project-erosional-processes-on-coastal-flysch-cliffs-and-their-risk-assessment\/"},{"@type":"ListItem","position":6,"name":"Project team"}]}]}},"_links":{"self":[{"href":"https:\/\/www.ntf.uni-lj.si\/og\/wp-json\/wp\/v2\/pages\/7874"}],"collection":[{"href":"https:\/\/www.ntf.uni-lj.si\/og\/wp-json\/wp\/v2\/pages"}],"about":[{"href":"https:\/\/www.ntf.uni-lj.si\/og\/wp-json\/wp\/v2\/types\/page"}],"author":[{"embeddable":true,"href":"https:\/\/www.ntf.uni-lj.si\/og\/wp-json\/wp\/v2\/users\/259"}],"replies":[{"embeddable":true,"href":"https:\/\/www.ntf.uni-lj.si\/og\/wp-json\/wp\/v2\/comments?post=7874"}],"version-history":[{"count":1,"href":"https:\/\/www.ntf.uni-lj.si\/og\/wp-json\/wp\/v2\/pages\/7874\/revisions"}],"predecessor-version":[{"id":7875,"href":"https:\/\/www.ntf.uni-lj.si\/og\/wp-json\/wp\/v2\/pages\/7874\/revisions\/7875"}],"up":[{"embeddable":true,"href":"https:\/\/www.ntf.uni-lj.si\/og\/wp-json\/wp\/v2\/pages\/5941"}],"wp:attachment":[{"href":"https:\/\/www.ntf.uni-lj.si\/og\/wp-json\/wp\/v2\/media?parent=7874"}],"curies":[{"name":"wp","href":"https:\/\/api.w.org\/{rel}","templated":true}]}}