{"id":8132,"date":"2024-05-14T10:18:51","date_gmt":"2024-05-14T08:18:51","guid":{"rendered":"https:\/\/www.ntf.uni-lj.si\/og\/?page_id=8132"},"modified":"2024-06-06T15:49:25","modified_gmt":"2024-06-06T13:49:25","slug":"robominers","status":"publish","type":"page","link":"https:\/\/www.ntf.uni-lj.si\/og\/o-oddelku\/raziskovalno-delo\/mednarodni-raziskovalni-projekti\/robominers\/","title":{"rendered":"ROBOMINERS"},"content":{"rendered":"<p><strong>Projekt: ROBOMINERS <\/strong><\/p>\n<p><strong>Program: <\/strong>EU H2020<\/p>\n<p><strong>Obdobje trajanja projekta<\/strong>: 01.06.2019-31.05.2023<\/p>\n<p><strong>Internetna stran<\/strong>: <a href=\"https:\/\/robominers.eu\/\">https:\/\/robominers.eu\/<\/a><\/p>\n<p><strong>Kratek opis projekta:\u00a0<\/strong><\/p>\n<p>Projekt ROBOMINERS je namenjen izbolj\u0161avi dostopa do surovin v Evropi z razvojem bio-navdihnjenega modularnega in sestavljivega robota-rudarja, ki bo lahko raziskoval te\u017eko dostopna mineralna nahajali\u0161\u010da. Projekt ROBOMINERS je financiran s strani Okvirnega programa za raziskave in inovacije Evropske unije Obzorje 2020. Traja 48 mesecev (01.06.2019-31.05.2023).<\/p>\n","protected":false},"excerpt":{"rendered":"Projekt: ROBOMINERS Program: EU H2020 Obdobje trajanja projekta: 01.06.2019-31.05.2023 Internetna stran: https:\/\/robominers.eu\/ Kratek opis projekta:\u00a0 Projekt ROBOMINERS je namenjen izbolj\u0161avi dostopa do surovin v Evropi z razvojem bio-navdihnjenega modularnega in sestavljivega robota-rudarja, ki bo lahko raziskoval te\u017eko dostopna mineralna nahajali\u0161\u010da. Projekt ROBOMINERS je financiran s strani Okvirnega programa za raziskave in inovacije Evropske unije Obzorje &#8230; <a class=\"view-article\" href=\"https:\/\/www.ntf.uni-lj.si\/og\/o-oddelku\/raziskovalno-delo\/mednarodni-raziskovalni-projekti\/robominers\/\">Read more<\/a>","protected":false},"author":259,"featured_media":0,"parent":8129,"menu_order":-1,"comment_status":"closed","ping_status":"closed","template":"","meta":[],"acf":[],"yoast_head":"<!-- This site is optimized with the Yoast SEO plugin v17.0 - https:\/\/yoast.com\/wordpress\/plugins\/seo\/ -->\n<meta name=\"robots\" content=\"index, follow, max-snippet:-1, max-image-preview:large, max-video-preview:-1\" \/>\n<link rel=\"canonical\" href=\"https:\/\/www.ntf.uni-lj.si\/og\/o-oddelku\/raziskovalno-delo\/mednarodni-raziskovalni-projekti\/robominers\/\" \/>\n<meta property=\"og:locale\" content=\"en_US\" \/>\n<meta property=\"og:type\" content=\"article\" \/>\n<meta property=\"og:title\" content=\"ROBOMINERS - OG\" \/>\n<meta property=\"og:description\" content=\"Projekt: ROBOMINERS Program: EU H2020 Obdobje trajanja projekta: 01.06.2019-31.05.2023 Internetna stran: https:\/\/robominers.eu\/ Kratek opis projekta:\u00a0 Projekt ROBOMINERS je namenjen izbolj\u0161avi dostopa do surovin v Evropi z razvojem bio-navdihnjenega modularnega in sestavljivega robota-rudarja, ki bo lahko raziskoval te\u017eko dostopna mineralna nahajali\u0161\u010da. Projekt ROBOMINERS je financiran s strani Okvirnega programa za raziskave in inovacije Evropske unije Obzorje ... Read more\" \/>\n<meta property=\"og:url\" content=\"https:\/\/www.ntf.uni-lj.si\/og\/o-oddelku\/raziskovalno-delo\/mednarodni-raziskovalni-projekti\/robominers\/\" \/>\n<meta property=\"og:site_name\" content=\"OG\" \/>\n<meta property=\"article:modified_time\" content=\"2024-06-06T13:49:25+00:00\" \/>\n<script type=\"application\/ld+json\" class=\"yoast-schema-graph\">{\"@context\":\"https:\/\/schema.org\",\"@graph\":[{\"@type\":\"WebSite\",\"@id\":\"https:\/\/www.ntf.uni-lj.si\/og\/#website\",\"url\":\"https:\/\/www.ntf.uni-lj.si\/og\/\",\"name\":\"OG\",\"description\":\"Oddelek za geologijo\",\"potentialAction\":[{\"@type\":\"SearchAction\",\"target\":{\"@type\":\"EntryPoint\",\"urlTemplate\":\"https:\/\/www.ntf.uni-lj.si\/og\/?s={search_term_string}\"},\"query-input\":\"required name=search_term_string\"}],\"inLanguage\":\"en-US\"},{\"@type\":\"WebPage\",\"@id\":\"https:\/\/www.ntf.uni-lj.si\/og\/o-oddelku\/raziskovalno-delo\/mednarodni-raziskovalni-projekti\/robominers\/#webpage\",\"url\":\"https:\/\/www.ntf.uni-lj.si\/og\/o-oddelku\/raziskovalno-delo\/mednarodni-raziskovalni-projekti\/robominers\/\",\"name\":\"ROBOMINERS - OG\",\"isPartOf\":{\"@id\":\"https:\/\/www.ntf.uni-lj.si\/og\/#website\"},\"datePublished\":\"2024-05-14T08:18:51+00:00\",\"dateModified\":\"2024-06-06T13:49:25+00:00\",\"breadcrumb\":{\"@id\":\"https:\/\/www.ntf.uni-lj.si\/og\/o-oddelku\/raziskovalno-delo\/mednarodni-raziskovalni-projekti\/robominers\/#breadcrumb\"},\"inLanguage\":\"en-US\",\"potentialAction\":[{\"@type\":\"ReadAction\",\"target\":[\"https:\/\/www.ntf.uni-lj.si\/og\/o-oddelku\/raziskovalno-delo\/mednarodni-raziskovalni-projekti\/robominers\/\"]}]},{\"@type\":\"BreadcrumbList\",\"@id\":\"https:\/\/www.ntf.uni-lj.si\/og\/o-oddelku\/raziskovalno-delo\/mednarodni-raziskovalni-projekti\/robominers\/#breadcrumb\",\"itemListElement\":[{\"@type\":\"ListItem\",\"position\":1,\"name\":\"Home\",\"item\":\"https:\/\/www.ntf.uni-lj.si\/og\/\"},{\"@type\":\"ListItem\",\"position\":2,\"name\":\"O oddelku\",\"item\":\"https:\/\/www.ntf.uni-lj.si\/og\/o-oddelku\/\"},{\"@type\":\"ListItem\",\"position\":3,\"name\":\"Raziskovalno delo\",\"item\":\"https:\/\/www.ntf.uni-lj.si\/og\/o-oddelku\/raziskovalno-delo\/\"},{\"@type\":\"ListItem\",\"position\":4,\"name\":\"Mednarodni raziskovalni projekti\",\"item\":\"https:\/\/www.ntf.uni-lj.si\/og\/o-oddelku\/raziskovalno-delo\/mednarodni-raziskovalni-projekti\/\"},{\"@type\":\"ListItem\",\"position\":5,\"name\":\"ROBOMINERS\"}]}]}<\/script>\n<!-- \/ Yoast SEO plugin. -->","yoast_head_json":{"robots":{"index":"index","follow":"follow","max-snippet":"max-snippet:-1","max-image-preview":"max-image-preview:large","max-video-preview":"max-video-preview:-1"},"canonical":"https:\/\/www.ntf.uni-lj.si\/og\/o-oddelku\/raziskovalno-delo\/mednarodni-raziskovalni-projekti\/robominers\/","og_locale":"en_US","og_type":"article","og_title":"ROBOMINERS - OG","og_description":"Projekt: ROBOMINERS Program: EU H2020 Obdobje trajanja projekta: 01.06.2019-31.05.2023 Internetna stran: https:\/\/robominers.eu\/ Kratek opis projekta:\u00a0 Projekt ROBOMINERS je namenjen izbolj\u0161avi dostopa do surovin v Evropi z razvojem bio-navdihnjenega modularnega in sestavljivega robota-rudarja, ki bo lahko raziskoval te\u017eko dostopna mineralna nahajali\u0161\u010da. Projekt ROBOMINERS je financiran s strani Okvirnega programa za raziskave in inovacije Evropske unije Obzorje ... Read more","og_url":"https:\/\/www.ntf.uni-lj.si\/og\/o-oddelku\/raziskovalno-delo\/mednarodni-raziskovalni-projekti\/robominers\/","og_site_name":"OG","article_modified_time":"2024-06-06T13:49:25+00:00","schema":{"@context":"https:\/\/schema.org","@graph":[{"@type":"WebSite","@id":"https:\/\/www.ntf.uni-lj.si\/og\/#website","url":"https:\/\/www.ntf.uni-lj.si\/og\/","name":"OG","description":"Oddelek za geologijo","potentialAction":[{"@type":"SearchAction","target":{"@type":"EntryPoint","urlTemplate":"https:\/\/www.ntf.uni-lj.si\/og\/?s={search_term_string}"},"query-input":"required name=search_term_string"}],"inLanguage":"en-US"},{"@type":"WebPage","@id":"https:\/\/www.ntf.uni-lj.si\/og\/o-oddelku\/raziskovalno-delo\/mednarodni-raziskovalni-projekti\/robominers\/#webpage","url":"https:\/\/www.ntf.uni-lj.si\/og\/o-oddelku\/raziskovalno-delo\/mednarodni-raziskovalni-projekti\/robominers\/","name":"ROBOMINERS - OG","isPartOf":{"@id":"https:\/\/www.ntf.uni-lj.si\/og\/#website"},"datePublished":"2024-05-14T08:18:51+00:00","dateModified":"2024-06-06T13:49:25+00:00","breadcrumb":{"@id":"https:\/\/www.ntf.uni-lj.si\/og\/o-oddelku\/raziskovalno-delo\/mednarodni-raziskovalni-projekti\/robominers\/#breadcrumb"},"inLanguage":"en-US","potentialAction":[{"@type":"ReadAction","target":["https:\/\/www.ntf.uni-lj.si\/og\/o-oddelku\/raziskovalno-delo\/mednarodni-raziskovalni-projekti\/robominers\/"]}]},{"@type":"BreadcrumbList","@id":"https:\/\/www.ntf.uni-lj.si\/og\/o-oddelku\/raziskovalno-delo\/mednarodni-raziskovalni-projekti\/robominers\/#breadcrumb","itemListElement":[{"@type":"ListItem","position":1,"name":"Home","item":"https:\/\/www.ntf.uni-lj.si\/og\/"},{"@type":"ListItem","position":2,"name":"O oddelku","item":"https:\/\/www.ntf.uni-lj.si\/og\/o-oddelku\/"},{"@type":"ListItem","position":3,"name":"Raziskovalno delo","item":"https:\/\/www.ntf.uni-lj.si\/og\/o-oddelku\/raziskovalno-delo\/"},{"@type":"ListItem","position":4,"name":"Mednarodni raziskovalni projekti","item":"https:\/\/www.ntf.uni-lj.si\/og\/o-oddelku\/raziskovalno-delo\/mednarodni-raziskovalni-projekti\/"},{"@type":"ListItem","position":5,"name":"ROBOMINERS"}]}]}},"_links":{"self":[{"href":"https:\/\/www.ntf.uni-lj.si\/og\/wp-json\/wp\/v2\/pages\/8132"}],"collection":[{"href":"https:\/\/www.ntf.uni-lj.si\/og\/wp-json\/wp\/v2\/pages"}],"about":[{"href":"https:\/\/www.ntf.uni-lj.si\/og\/wp-json\/wp\/v2\/types\/page"}],"author":[{"embeddable":true,"href":"https:\/\/www.ntf.uni-lj.si\/og\/wp-json\/wp\/v2\/users\/259"}],"replies":[{"embeddable":true,"href":"https:\/\/www.ntf.uni-lj.si\/og\/wp-json\/wp\/v2\/comments?post=8132"}],"version-history":[{"count":3,"href":"https:\/\/www.ntf.uni-lj.si\/og\/wp-json\/wp\/v2\/pages\/8132\/revisions"}],"predecessor-version":[{"id":8219,"href":"https:\/\/www.ntf.uni-lj.si\/og\/wp-json\/wp\/v2\/pages\/8132\/revisions\/8219"}],"up":[{"embeddable":true,"href":"https:\/\/www.ntf.uni-lj.si\/og\/wp-json\/wp\/v2\/pages\/8129"}],"wp:attachment":[{"href":"https:\/\/www.ntf.uni-lj.si\/og\/wp-json\/wp\/v2\/media?parent=8132"}],"curies":[{"name":"wp","href":"https:\/\/api.w.org\/{rel}","templated":true}]}}