{"id":8134,"date":"2024-05-14T10:21:08","date_gmt":"2024-05-14T08:21:08","guid":{"rendered":"https:\/\/www.ntf.uni-lj.si\/og\/?page_id=8134"},"modified":"2024-06-06T12:41:01","modified_gmt":"2024-06-06T10:41:01","slug":"teacher-ce","status":"publish","type":"page","link":"https:\/\/www.ntf.uni-lj.si\/og\/o-oddelku\/raziskovalno-delo\/mednarodni-raziskovalni-projekti\/teacher-ce\/","title":{"rendered":"TEACHER-CE"},"content":{"rendered":"<p><img loading=\"lazy\" class=\"\" src=\"https:\/\/www.ntf.uni-lj.si\/og\/wp-content\/uploads\/sites\/3\/2015\/05\/TEACHER-CE_CMYK.png\" width=\"331\" height=\"143\" \/><\/p>\n<p><strong>Akronim: TEACHER-CE<\/strong><\/p>\n<p><strong>Naslov (ANG): <\/strong><strong>Joint efforts to increase water management adaptation to climate changes in Central Europe<\/strong><\/p>\n<p><strong>Naslov (SLO):\u00a0 <\/strong><strong>Skupna prizadevanja za prilagajanje sistema upravljanja voda podnebnim spremembam v Srednji Evropi<\/strong><\/p>\n<p><strong>\u0160ifra\u00a0projekta<\/strong>: CE1670<\/p>\n<p><strong>Vrsta projekta<\/strong>: Interreg CENTRAL EUROPE<\/p>\n<p><strong>Vodja:<\/strong>\u00a0izr. prof. dr. Barbara \u010cen\u010dur Curk<\/p>\n<p><strong>Obdobje trajanja projekta<\/strong>: 1.3.2020 \u2013 28.2.2022<\/p>\n<p><strong>Odobrena sredstva:<\/strong> 1.316.180,00 \u20ac<\/p>\n<p><strong>Vloga UL NTF v projektu:<\/strong> Vodilni partner<\/p>\n<p><strong>Internetna stran: <\/strong><a href=\"https:\/\/www.interreg-central.eu\/Content.Node\/TEACHER-CE.html\">https:\/\/www.interreg-central.eu\/Content.Node\/TEACHER-CE.html<\/a><\/p>\n<p>&nbsp;<\/p>\n<p><strong>Vsebinski opis projekta: <\/strong><\/p>\n<p>Posledice podnebnih sprememb so v Srednji Evropi \u017ee opazne in zahtevajo bolj\u0161e usklajevanje glede tveganj povezanih z upravljanjem voda. Projekt TEACHER-CE (Joint efforts to increase water management adaptation to climate changes in Central Europe &#8211; Skupna prizadevanja za prilagajanje sistema upravljanja voda podnebnim spremembam v Srednji Evropi) obravnava to tematiko z vklju\u010devanjem in usklajevanjem rezultatov predhodno financiranih projektov, ki se osredoto\u010dajo na upravljanje in varovanje vodnih virov prek trajnostnega upravljanja rabe prostora, vklju\u010dno s prilagajanjem podnebnim spremembam in tveganji, povezanimi z vodo, kot so poplave in intenzivne padavine, su\u0161a in pomanjkanje vode. Glavni izzivi na tem podro\u010dju so bili obravnavani \u017ee v projektih, ki so obravnavali zmanj\u0161evanje tveganj obilnih padavin (RAINMAN), za\u0161\u010dita pred poplavami (FRAMWAT) in bla\u017eenje su\u0161 (DRIDANUBE) s celostnim upravljanjem vodnih virov in ustreznim upravljanjem rabe tal (PROLINE-CE, FRAMWAT, FAiRWAY) ter prilagajanje praks gospodarjenja z gozdovi na podnebne spremembe (SUSTREE).<\/p>\n<p>Partnerstvo sestavlja 12 projektnih partnerjev iz 8 dr\u017eav (Slovenije, Nem\u010dije, Avstrije, Poljske, Italije, Slova\u0161ke, \u010ce\u0161ke in Mad\u017earske) z razli\u010dnimi strokovnimi znanji s podro\u010dja upravljanja voda, okolja, gozdarstva, kmetijstva, podnebnih sprememb in prostorskega na\u010drtovanja. V okviru projekta TEACHER-CE se je partnerstvo osredoto\u010dilo na razvoj integriranega orodja TEACHER-CE (CC-ARP-CE). To je spletna platforma, ki nacionalnim in lokalnim dele\u017enikom zagotavlja uporabne informacije za celostno obravnavo razli\u010dnih podro\u010dij ukrepanja pri upravljanju voda, na katere vplivajo podnebne spremembe.<\/p>\n<p>Kon\u010dni cilj projekta TEACHER-CE je razviti celostno in skupno strategijo za promocijo in spodbujanje vklju\u010devanja orodja pri na\u010drtovanju in odlo\u010danju na podro\u010dju na\u010drtovanja upravljanja voda. Glede na negotovost prihodnjega podnebja stremimo k vsakodnevni in raz\u0161irjeni uporabi spletnega orodja za u\u010dinkovito in zanesljivo vklju\u010devanje prilagajanja podnebnim spremembam v sektorske na\u010drte, kot so na\u010drti upravljanja poplav, pore\u010dij in su\u0161e, pa tudi v regionalne ali lokalne prostorske na\u010drte.<\/p>\n","protected":false},"excerpt":{"rendered":"Akronim: TEACHER-CE Naslov (ANG): Joint efforts to increase water management adaptation to climate changes in Central Europe Naslov (SLO):\u00a0 Skupna prizadevanja za prilagajanje sistema upravljanja voda podnebnim spremembam v Srednji Evropi \u0160ifra\u00a0projekta: CE1670 Vrsta projekta: Interreg CENTRAL EUROPE Vodja:\u00a0izr. prof. dr. Barbara \u010cen\u010dur Curk Obdobje trajanja projekta: 1.3.2020 \u2013 28.2.2022 Odobrena sredstva: 1.316.180,00 \u20ac Vloga &#8230; <a class=\"view-article\" href=\"https:\/\/www.ntf.uni-lj.si\/og\/o-oddelku\/raziskovalno-delo\/mednarodni-raziskovalni-projekti\/teacher-ce\/\">Read more<\/a>","protected":false},"author":259,"featured_media":0,"parent":8129,"menu_order":0,"comment_status":"closed","ping_status":"closed","template":"","meta":[],"acf":[],"yoast_head":"<!-- This site is optimized with the Yoast SEO plugin v17.0 - https:\/\/yoast.com\/wordpress\/plugins\/seo\/ -->\n<meta name=\"robots\" content=\"index, follow, max-snippet:-1, max-image-preview:large, max-video-preview:-1\" \/>\n<link rel=\"canonical\" href=\"https:\/\/www.ntf.uni-lj.si\/og\/o-oddelku\/raziskovalno-delo\/mednarodni-raziskovalni-projekti\/teacher-ce\/\" \/>\n<meta property=\"og:locale\" content=\"en_US\" \/>\n<meta property=\"og:type\" content=\"article\" \/>\n<meta property=\"og:title\" content=\"TEACHER-CE - OG\" \/>\n<meta property=\"og:description\" content=\"Akronim: TEACHER-CE Naslov (ANG): Joint efforts to increase water management adaptation to climate changes in Central Europe Naslov (SLO):\u00a0 Skupna prizadevanja za prilagajanje sistema upravljanja voda podnebnim spremembam v Srednji Evropi \u0160ifra\u00a0projekta: CE1670 Vrsta projekta: Interreg CENTRAL EUROPE Vodja:\u00a0izr. prof. dr. Barbara \u010cen\u010dur Curk Obdobje trajanja projekta: 1.3.2020 \u2013 28.2.2022 Odobrena sredstva: 1.316.180,00 \u20ac Vloga ... Read more\" \/>\n<meta property=\"og:url\" content=\"https:\/\/www.ntf.uni-lj.si\/og\/o-oddelku\/raziskovalno-delo\/mednarodni-raziskovalni-projekti\/teacher-ce\/\" \/>\n<meta property=\"og:site_name\" content=\"OG\" \/>\n<meta property=\"article:modified_time\" content=\"2024-06-06T10:41:01+00:00\" \/>\n<meta property=\"og:image\" content=\"https:\/\/www.ntf.uni-lj.si\/og\/wp-content\/uploads\/sites\/3\/2015\/05\/TEACHER-CE_CMYK.png\" \/>\n<meta name=\"twitter:label1\" content=\"Est. reading time\" \/>\n\t<meta name=\"twitter:data1\" content=\"2 minutes\" \/>\n<script type=\"application\/ld+json\" class=\"yoast-schema-graph\">{\"@context\":\"https:\/\/schema.org\",\"@graph\":[{\"@type\":\"WebSite\",\"@id\":\"https:\/\/www.ntf.uni-lj.si\/og\/#website\",\"url\":\"https:\/\/www.ntf.uni-lj.si\/og\/\",\"name\":\"OG\",\"description\":\"Oddelek za geologijo\",\"potentialAction\":[{\"@type\":\"SearchAction\",\"target\":{\"@type\":\"EntryPoint\",\"urlTemplate\":\"https:\/\/www.ntf.uni-lj.si\/og\/?s={search_term_string}\"},\"query-input\":\"required name=search_term_string\"}],\"inLanguage\":\"en-US\"},{\"@type\":\"ImageObject\",\"@id\":\"https:\/\/www.ntf.uni-lj.si\/og\/o-oddelku\/raziskovalno-delo\/mednarodni-raziskovalni-projekti\/teacher-ce\/#primaryimage\",\"inLanguage\":\"en-US\",\"url\":\"https:\/\/www.ntf.uni-lj.si\/og\/wp-content\/uploads\/sites\/3\/2015\/05\/TEACHER-CE_CMYK.png\",\"contentUrl\":\"https:\/\/www.ntf.uni-lj.si\/og\/wp-content\/uploads\/sites\/3\/2015\/05\/TEACHER-CE_CMYK.png\",\"width\":692,\"height\":299},{\"@type\":\"WebPage\",\"@id\":\"https:\/\/www.ntf.uni-lj.si\/og\/o-oddelku\/raziskovalno-delo\/mednarodni-raziskovalni-projekti\/teacher-ce\/#webpage\",\"url\":\"https:\/\/www.ntf.uni-lj.si\/og\/o-oddelku\/raziskovalno-delo\/mednarodni-raziskovalni-projekti\/teacher-ce\/\",\"name\":\"TEACHER-CE - OG\",\"isPartOf\":{\"@id\":\"https:\/\/www.ntf.uni-lj.si\/og\/#website\"},\"primaryImageOfPage\":{\"@id\":\"https:\/\/www.ntf.uni-lj.si\/og\/o-oddelku\/raziskovalno-delo\/mednarodni-raziskovalni-projekti\/teacher-ce\/#primaryimage\"},\"datePublished\":\"2024-05-14T08:21:08+00:00\",\"dateModified\":\"2024-06-06T10:41:01+00:00\",\"breadcrumb\":{\"@id\":\"https:\/\/www.ntf.uni-lj.si\/og\/o-oddelku\/raziskovalno-delo\/mednarodni-raziskovalni-projekti\/teacher-ce\/#breadcrumb\"},\"inLanguage\":\"en-US\",\"potentialAction\":[{\"@type\":\"ReadAction\",\"target\":[\"https:\/\/www.ntf.uni-lj.si\/og\/o-oddelku\/raziskovalno-delo\/mednarodni-raziskovalni-projekti\/teacher-ce\/\"]}]},{\"@type\":\"BreadcrumbList\",\"@id\":\"https:\/\/www.ntf.uni-lj.si\/og\/o-oddelku\/raziskovalno-delo\/mednarodni-raziskovalni-projekti\/teacher-ce\/#breadcrumb\",\"itemListElement\":[{\"@type\":\"ListItem\",\"position\":1,\"name\":\"Home\",\"item\":\"https:\/\/www.ntf.uni-lj.si\/og\/\"},{\"@type\":\"ListItem\",\"position\":2,\"name\":\"O oddelku\",\"item\":\"https:\/\/www.ntf.uni-lj.si\/og\/o-oddelku\/\"},{\"@type\":\"ListItem\",\"position\":3,\"name\":\"Raziskovalno delo\",\"item\":\"https:\/\/www.ntf.uni-lj.si\/og\/o-oddelku\/raziskovalno-delo\/\"},{\"@type\":\"ListItem\",\"position\":4,\"name\":\"Mednarodni raziskovalni projekti\",\"item\":\"https:\/\/www.ntf.uni-lj.si\/og\/o-oddelku\/raziskovalno-delo\/mednarodni-raziskovalni-projekti\/\"},{\"@type\":\"ListItem\",\"position\":5,\"name\":\"TEACHER-CE\"}]}]}<\/script>\n<!-- \/ Yoast SEO plugin. -->","yoast_head_json":{"robots":{"index":"index","follow":"follow","max-snippet":"max-snippet:-1","max-image-preview":"max-image-preview:large","max-video-preview":"max-video-preview:-1"},"canonical":"https:\/\/www.ntf.uni-lj.si\/og\/o-oddelku\/raziskovalno-delo\/mednarodni-raziskovalni-projekti\/teacher-ce\/","og_locale":"en_US","og_type":"article","og_title":"TEACHER-CE - OG","og_description":"Akronim: TEACHER-CE Naslov (ANG): Joint efforts to increase water management adaptation to climate changes in Central Europe Naslov (SLO):\u00a0 Skupna prizadevanja za prilagajanje sistema upravljanja voda podnebnim spremembam v Srednji Evropi \u0160ifra\u00a0projekta: CE1670 Vrsta projekta: Interreg CENTRAL EUROPE Vodja:\u00a0izr. prof. dr. Barbara \u010cen\u010dur Curk Obdobje trajanja projekta: 1.3.2020 \u2013 28.2.2022 Odobrena sredstva: 1.316.180,00 \u20ac Vloga ... Read more","og_url":"https:\/\/www.ntf.uni-lj.si\/og\/o-oddelku\/raziskovalno-delo\/mednarodni-raziskovalni-projekti\/teacher-ce\/","og_site_name":"OG","article_modified_time":"2024-06-06T10:41:01+00:00","og_image":[{"url":"https:\/\/www.ntf.uni-lj.si\/og\/wp-content\/uploads\/sites\/3\/2015\/05\/TEACHER-CE_CMYK.png"}],"twitter_misc":{"Est. reading time":"2 minutes"},"schema":{"@context":"https:\/\/schema.org","@graph":[{"@type":"WebSite","@id":"https:\/\/www.ntf.uni-lj.si\/og\/#website","url":"https:\/\/www.ntf.uni-lj.si\/og\/","name":"OG","description":"Oddelek za geologijo","potentialAction":[{"@type":"SearchAction","target":{"@type":"EntryPoint","urlTemplate":"https:\/\/www.ntf.uni-lj.si\/og\/?s={search_term_string}"},"query-input":"required name=search_term_string"}],"inLanguage":"en-US"},{"@type":"ImageObject","@id":"https:\/\/www.ntf.uni-lj.si\/og\/o-oddelku\/raziskovalno-delo\/mednarodni-raziskovalni-projekti\/teacher-ce\/#primaryimage","inLanguage":"en-US","url":"https:\/\/www.ntf.uni-lj.si\/og\/wp-content\/uploads\/sites\/3\/2015\/05\/TEACHER-CE_CMYK.png","contentUrl":"https:\/\/www.ntf.uni-lj.si\/og\/wp-content\/uploads\/sites\/3\/2015\/05\/TEACHER-CE_CMYK.png","width":692,"height":299},{"@type":"WebPage","@id":"https:\/\/www.ntf.uni-lj.si\/og\/o-oddelku\/raziskovalno-delo\/mednarodni-raziskovalni-projekti\/teacher-ce\/#webpage","url":"https:\/\/www.ntf.uni-lj.si\/og\/o-oddelku\/raziskovalno-delo\/mednarodni-raziskovalni-projekti\/teacher-ce\/","name":"TEACHER-CE - OG","isPartOf":{"@id":"https:\/\/www.ntf.uni-lj.si\/og\/#website"},"primaryImageOfPage":{"@id":"https:\/\/www.ntf.uni-lj.si\/og\/o-oddelku\/raziskovalno-delo\/mednarodni-raziskovalni-projekti\/teacher-ce\/#primaryimage"},"datePublished":"2024-05-14T08:21:08+00:00","dateModified":"2024-06-06T10:41:01+00:00","breadcrumb":{"@id":"https:\/\/www.ntf.uni-lj.si\/og\/o-oddelku\/raziskovalno-delo\/mednarodni-raziskovalni-projekti\/teacher-ce\/#breadcrumb"},"inLanguage":"en-US","potentialAction":[{"@type":"ReadAction","target":["https:\/\/www.ntf.uni-lj.si\/og\/o-oddelku\/raziskovalno-delo\/mednarodni-raziskovalni-projekti\/teacher-ce\/"]}]},{"@type":"BreadcrumbList","@id":"https:\/\/www.ntf.uni-lj.si\/og\/o-oddelku\/raziskovalno-delo\/mednarodni-raziskovalni-projekti\/teacher-ce\/#breadcrumb","itemListElement":[{"@type":"ListItem","position":1,"name":"Home","item":"https:\/\/www.ntf.uni-lj.si\/og\/"},{"@type":"ListItem","position":2,"name":"O oddelku","item":"https:\/\/www.ntf.uni-lj.si\/og\/o-oddelku\/"},{"@type":"ListItem","position":3,"name":"Raziskovalno delo","item":"https:\/\/www.ntf.uni-lj.si\/og\/o-oddelku\/raziskovalno-delo\/"},{"@type":"ListItem","position":4,"name":"Mednarodni raziskovalni projekti","item":"https:\/\/www.ntf.uni-lj.si\/og\/o-oddelku\/raziskovalno-delo\/mednarodni-raziskovalni-projekti\/"},{"@type":"ListItem","position":5,"name":"TEACHER-CE"}]}]}},"_links":{"self":[{"href":"https:\/\/www.ntf.uni-lj.si\/og\/wp-json\/wp\/v2\/pages\/8134"}],"collection":[{"href":"https:\/\/www.ntf.uni-lj.si\/og\/wp-json\/wp\/v2\/pages"}],"about":[{"href":"https:\/\/www.ntf.uni-lj.si\/og\/wp-json\/wp\/v2\/types\/page"}],"author":[{"embeddable":true,"href":"https:\/\/www.ntf.uni-lj.si\/og\/wp-json\/wp\/v2\/users\/259"}],"replies":[{"embeddable":true,"href":"https:\/\/www.ntf.uni-lj.si\/og\/wp-json\/wp\/v2\/comments?post=8134"}],"version-history":[{"count":3,"href":"https:\/\/www.ntf.uni-lj.si\/og\/wp-json\/wp\/v2\/pages\/8134\/revisions"}],"predecessor-version":[{"id":8188,"href":"https:\/\/www.ntf.uni-lj.si\/og\/wp-json\/wp\/v2\/pages\/8134\/revisions\/8188"}],"up":[{"embeddable":true,"href":"https:\/\/www.ntf.uni-lj.si\/og\/wp-json\/wp\/v2\/pages\/8129"}],"wp:attachment":[{"href":"https:\/\/www.ntf.uni-lj.si\/og\/wp-json\/wp\/v2\/media?parent=8134"}],"curies":[{"name":"wp","href":"https:\/\/api.w.org\/{rel}","templated":true}]}}